{"id":1602,"date":"2015-05-08T10:42:45","date_gmt":"2015-05-08T08:42:45","guid":{"rendered":"https:\/\/horseridingforyou.eu\/?page_id=1602"},"modified":"2026-04-06T22:07:43","modified_gmt":"2026-04-06T20:07:43","slug":"booking","status":"publish","type":"page","link":"https:\/\/horseridingforyou.eu\/de\/booking","title":{"rendered":"Buchung"},"content":{"rendered":"<p><!--:hr--><\/p>\n<h1 style=\"text-align: left;\"><span style=\"color: #ff0000; font-size: revert;\">Willkommen auf der KKV Buchungsseite.<\/span><\/h1>\n<p>WICHTIG! Nach Absenden des Formulars wird Ihnen eine Buchungsbest\u00e4tigung (in E-mail oder an WhatsApp) geschickt.<\/p>\n<p><span style=\"color: #ff0000;\"><strong>Nur best\u00e4tigte Reservierungen sind g\u00fcltig! <\/strong><\/span><\/p>\n<p>Ausserhalb der Buchungsinformation, lesen Sie bitte KKV Politik und andere Informationen \u00fcber die Zahlung im Menu.<\/p>\n<p>Zur schnelleren Eingabe, lesen Sie das Men\u00fc Wichtig und f\u00fcllen Sie den Haftungserkl\u00e4rung aus und bringen Sie Ihre ausgef\u00fcllte und unterzeichnete Kopie zu uns!<\/p>\n<p><span style=\"color: #ff0000;\"><strong>Wenn Sie einen Termin innerhalb von drei Tagen buchen m\u00f6chten, kontaktieren Sie uns bitte telefonisch!<\/strong><\/span><\/p>\n<h4><span style=\"color: #ff0000;\"><a style=\"color: #ff0000;\" href=\"https:\/\/horseridingforyou.eu\/Haftungserkl\u00e4rung des Reiters.pdf\" target=\"_blank\" rel=\"noopener\">Haftungserkl\u00e4rung des Reiters<\/a><\/span><\/h4>\n<h4><span style=\"color: #ff0000;\"><a style=\"color: #ff0000;\" href=\"https:\/\/horseridingforyou.eu\/Hausregeln.pdf\" target=\"_blank\" rel=\"noopener\">Hausregeln<\/a><\/span><\/h4>\n<p style=\"text-align: center;\"><div class=\"forminator-ui forminator-custom-form forminator-custom-form-4259 forminator-design--bold forminator-enclosed forminator_ajax\" data-forminator-render=\"0\" data-form=\"forminator-module-4259\" data-uid=\"69e4d480baf23\"><br\/><\/div><form\n\t\t\t\tid=\"forminator-module-4259\"\n\t\t\t\tclass=\"forminator-ui forminator-custom-form forminator-custom-form-4259 forminator-design--bold forminator-enclosed forminator_ajax\"\n\t\t\t\tmethod=\"post\"\n\t\t\t\tdata-forminator-render=\"0\"\n\t\t\t\tdata-form-id=\"4259\"\n\t\t\t\t data-color-option=\"default\" data-design=\"bold\" data-grid=\"enclosed\" style=\"display: none;\"\n\t\t\t\tdata-uid=\"69e4d480baf23\"\n\t\t\t><div role=\"alert\" aria-live=\"polite\" class=\"forminator-response-message forminator-error\" aria-hidden=\"true\"><\/div><div class=\"forminator-row\"><div id=\"name-1\" class=\"forminator-field-name forminator-col forminator-col-12 \"><div class=\"forminator-field\"><label for=\"forminator-field-name-1_69e4d480baf23\" id=\"forminator-field-name-1_69e4d480baf23-label\" class=\"forminator-label\">Name <span class=\"forminator-required\">*<\/span><\/label><input type=\"text\" name=\"name-1\" value=\"\" placeholder=\"\" id=\"forminator-field-name-1_69e4d480baf23\" class=\"forminator-input forminator-name--field\" aria-required=\"true\" autocomplete=\"name\" \/><\/div><\/div><\/div><div class=\"forminator-row\"><div id=\"name-2\" class=\"forminator-field-name forminator-col forminator-col-12 \"><div class=\"forminator-field\"><label for=\"forminator-field-name-2_69e4d480baf23\" id=\"forminator-field-name-2_69e4d480baf23-label\" class=\"forminator-label\">Geburtsort <span class=\"forminator-required\">*<\/span><\/label><input type=\"text\" name=\"name-2\" value=\"\" placeholder=\"\" id=\"forminator-field-name-2_69e4d480baf23\" class=\"forminator-input forminator-name--field\" aria-required=\"true\" autocomplete=\"name\" \/><\/div><\/div><\/div><div class=\"forminator-row\"><div id=\"date-1\" class=\"forminator-field-date forminator-col forminator-col-12 \"><div class=\"forminator-field\"><label for=\"forminator-field-date-1-picker_69e4d480baf23\" id=\"forminator-field-date-1-picker_69e4d480baf23-label\" class=\"forminator-label\">Geburtsdatum <span class=\"forminator-required\">*<\/span><\/label><div class=\"forminator-input-with-icon\"><span class=\"forminator-icon-calendar\" aria-hidden=\"true\"><\/span><input autocomplete=\"off\" type=\"text\" size=\"1\" name=\"date-1\" value=\"\" placeholder=\"Bitte geben Sie das Datum ein.\" id=\"forminator-field-date-1-picker_69e4d480baf23\" class=\"forminator-input forminator-datepicker\" data-required=\"1\" data-format=\"yy\/mm\/dd\" data-restrict-type=\"\" data-restrict=\"\" data-start-year=\"1926\" data-end-year=\"2126\" data-past-dates=\"enable\" data-start-of-week=\"1\" data-start-date=\"\" data-end-date=\"\" data-start-field=\"\" data-end-field=\"\" data-start-offset=\"\" data-end-offset=\"\" data-disable-date=\"\" data-disable-range=\"\" \/><\/div><\/div><\/div><\/div><div class=\"forminator-row\"><div id=\"name-3\" class=\"forminator-field-name forminator-col forminator-col-12 \"><div class=\"forminator-field\"><label for=\"forminator-field-name-3_69e4d480baf23\" id=\"forminator-field-name-3_69e4d480baf23-label\" class=\"forminator-label\">Ausweis Nummer <span class=\"forminator-required\">*<\/span><\/label><input type=\"text\" name=\"name-3\" value=\"\" placeholder=\"\" id=\"forminator-field-name-3_69e4d480baf23\" class=\"forminator-input forminator-name--field\" aria-required=\"true\" autocomplete=\"name\" \/><\/div><\/div><\/div><div class=\"forminator-row\"><div id=\"email-1\" class=\"forminator-field-email forminator-col forminator-col-12 \"><div class=\"forminator-field\"><label for=\"forminator-field-email-1_69e4d480baf23\" id=\"forminator-field-email-1_69e4d480baf23-label\" class=\"forminator-label\">E-mail Adresse <span class=\"forminator-required\">*<\/span><\/label><input type=\"email\" name=\"email-1\" value=\"\" placeholder=\"\" id=\"forminator-field-email-1_69e4d480baf23\" class=\"forminator-input forminator-email--field\" data-required=\"1\" aria-required=\"true\" autocomplete=\"email\" \/><\/div><\/div><\/div><div class=\"forminator-row\"><div id=\"phone-1\" class=\"forminator-field-phone forminator-col forminator-col-12 \"><div class=\"forminator-field\"><label for=\"forminator-field-phone-1_69e4d480baf23\" id=\"forminator-field-phone-1_69e4d480baf23-label\" class=\"forminator-label\">Telefon <span class=\"forminator-required\">*<\/span><\/label><input type=\"text\" name=\"phone-1\" value=\"\" placeholder=\"\" id=\"forminator-field-phone-1_69e4d480baf23\" class=\"forminator-input forminator-field--phone\" data-required=\"1\" aria-required=\"true\" autocomplete=\"off\" data-national_mode=\"disabled\" data-country=\"de\" data-validation=\"international\" \/><\/div><\/div><\/div><div class=\"forminator-row\"><div id=\"date-2\" class=\"forminator-field-date forminator-col forminator-col-12 \"><div class=\"forminator-field\"><label for=\"forminator-field-date-2-picker_69e4d480baf23\" id=\"forminator-field-date-2-picker_69e4d480baf23-label\" class=\"forminator-label\">Datum <span class=\"forminator-required\">*<\/span><\/label><div class=\"forminator-input-with-icon\"><span class=\"forminator-icon-calendar\" aria-hidden=\"true\"><\/span><input autocomplete=\"off\" type=\"text\" size=\"1\" name=\"date-2\" value=\"\" placeholder=\"Bitte geben Sie das Datum ein.\" id=\"forminator-field-date-2-picker_69e4d480baf23\" class=\"forminator-input forminator-datepicker\" data-required=\"1\" data-format=\"dd-mm-yy\" data-restrict-type=\"\" data-restrict=\"\" data-start-year=\"1926\" data-end-year=\"2126\" data-past-dates=\"enable\" data-start-of-week=\"1\" data-start-date=\"\" data-end-date=\"\" data-start-field=\"\" data-end-field=\"\" data-start-offset=\"\" data-end-offset=\"\" data-disable-date=\"\" data-disable-range=\"\" \/><\/div><\/div><\/div><\/div><div class=\"forminator-row\"><div id=\"time-1\" class=\"forminator-field-time forminator-col forminator-col-12 \"><label for=\"forminator-field-time-1\" id=\"forminator-field-time-1-label\" class=\"forminator-label\">Zeit <span class=\"forminator-required\">*<\/span><\/label><div class=\"forminator-timepicker\" ><div class=\"forminator-row\" data-multiple=\"true\"><div id=\"time-1-hours\" class=\"forminator-col forminator-col-6\"><div class=\"forminator-field\"><label for=\"forminator-field-time-1-hours_69e4d480baf23\" id=\"forminator-field-time-1-hours_69e4d480baf23-label\" class=\"forminator-label\">Stunde<\/label><input type=\"number\" name=\"time-1-hours\" min=\"0\" max=\"23\" placeholder=\"\" id=\"forminator-field-time-1-hours_69e4d480baf23\" class=\"forminator-input time-hours \" data-field=\"hours\" value=\"\" \/><\/div><\/div><div id=\"time-1-minutes\" class=\"forminator-col forminator-col-6\"><div class=\"forminator-field\"><label for=\"forminator-field-time-1-minutes_69e4d480baf23\" id=\"forminator-field-time-1-minutes_69e4d480baf23-label\" class=\"forminator-label\">Minute<\/label><input type=\"number\" min=\"0\" max=\"59\" name=\"time-1-minutes\" placeholder=\"\" id=\"forminator-field-time-1-minutes_69e4d480baf23\" class=\"forminator-input time-minutes \" data-field=\"minutes\" value=\"\" \/><\/div><\/div><\/div><\/div><\/div><\/div><div class=\"forminator-row\"><div id=\"phone-2\" class=\"forminator-field-phone forminator-col forminator-col-12 \"><div class=\"forminator-field\"><label for=\"forminator-field-phone-2_69e4d480baf23\" id=\"forminator-field-phone-2_69e4d480baf23-label\" class=\"forminator-label\">Telefonnummer des Elternteils, Erziehungsberechtigten oder nahen<\/label><input type=\"text\" name=\"phone-2\" value=\"\" placeholder=\"\" id=\"forminator-field-phone-2_69e4d480baf23\" class=\"forminator-input forminator-field--phone\" data-required=\"\" aria-required=\"false\" autocomplete=\"off\" data-national_mode=\"disabled\" data-country=\"de\" data-validation=\"international\" \/><\/div><\/div><\/div><div class=\"forminator-row\"><div id=\"number-1\" class=\"forminator-field-number forminator-col forminator-col-12 \"><div class=\"forminator-field\"><label for=\"forminator-field-number-1_69e4d480baf23\" id=\"forminator-field-number-1_69e4d480baf23-label\" class=\"forminator-label\">M\u00f6chten Sie die Programme f\u00fcr wieviele Stunden? <span class=\"forminator-required\">*<\/span><\/label><input name=\"number-1\" value=\"\" placeholder=\"\" id=\"forminator-field-number-1_69e4d480baf23\" class=\"forminator-input forminator-number--field\" inputmode=\"decimal\" data-required=\"1\" data-decimals=\"0\" aria-required=\"true\" data-inputmask=\"&#039;groupSeparator&#039;: &#039;&#039;, &#039;radixPoint&#039;: &#039;&#039;, &#039;digits&#039;: &#039;0&#039;\" data-hidden-behavior=\"zero\" type=\"number\" step=\"any\" min=\"1\" max=\"24\" \/><\/div><\/div><\/div><div class=\"forminator-row\"><div id=\"date-3\" class=\"forminator-field-date forminator-col forminator-col-12 \"><div class=\"forminator-field\"><label for=\"forminator-field-date-3-picker_69e4d480baf23\" id=\"forminator-field-date-3-picker_69e4d480baf23-label\" class=\"forminator-label\">Wenn es regnet, welcher andere Tag ist m\u00f6glich?<\/label><div class=\"forminator-input-with-icon\"><span class=\"forminator-icon-calendar\" aria-hidden=\"true\"><\/span><input autocomplete=\"off\" type=\"text\" size=\"1\" name=\"date-3\" value=\"\" placeholder=\"Bitte geben Sie das Datum ein.\" id=\"forminator-field-date-3-picker_69e4d480baf23\" class=\"forminator-input forminator-datepicker\" data-required=\"\" data-format=\"yy-mm-dd\" data-restrict-type=\"\" data-restrict=\"\" data-start-year=\"1926\" data-end-year=\"2126\" data-past-dates=\"enable\" data-start-of-week=\"1\" data-start-date=\"\" data-end-date=\"\" data-start-field=\"\" data-end-field=\"\" data-start-offset=\"\" data-end-offset=\"\" data-disable-date=\"\" data-disable-range=\"\" \/><\/div><\/div><\/div><\/div><div class=\"forminator-row\"><div id=\"select-1\" class=\"forminator-field-select forminator-col forminator-col-12 \"><div class=\"forminator-field\"><label for=\"forminator-form-4259__field--select-1_69e4d480baf23\" id=\"forminator-form-4259__field--select-1_69e4d480baf23-label\" class=\"forminator-label\">M\u00f6chten Sie Familie Rabatt?<\/label><select  id=\"forminator-form-4259__field--select-1_69e4d480baf23\" class=\"forminator-select--field forminator-select2 forminator-select2-multiple\" data-required=\"\" name=\"select-1\" data-default-value=\"\" data-hidden-behavior=\"zero\" data-placeholder=\"\" data-search=\"false\" data-search-placeholder=\"\" data-checkbox=\"false\" data-allow-clear=\"false\" aria-labelledby=\"forminator-form-4259__field--select-1_69e4d480baf23-label\"><option value=\"one\"  data-calculation=\"0\">Ja<\/option><option value=\"two\"  data-calculation=\"0\">Nein<\/option><\/select><\/div><\/div><\/div><div class=\"forminator-row\"><div id=\"select-2\" class=\"forminator-field-select forminator-col forminator-col-12 \"><div class=\"forminator-field\"><label for=\"forminator-form-4259__field--select-2_69e4d480baf23\" id=\"forminator-form-4259__field--select-2_69e4d480baf23-label\" class=\"forminator-label\">M\u00f6chten Sie Gruppe Rabatt?<\/label><select  id=\"forminator-form-4259__field--select-2_69e4d480baf23\" class=\"forminator-select--field forminator-select2 forminator-select2-multiple\" data-required=\"\" name=\"select-2\" data-default-value=\"\" data-hidden-behavior=\"zero\" data-placeholder=\"\" data-search=\"false\" data-search-placeholder=\"\" data-checkbox=\"false\" data-allow-clear=\"false\" aria-labelledby=\"forminator-form-4259__field--select-2_69e4d480baf23-label\"><option value=\"one\"  data-calculation=\"0\">Ja<\/option><option value=\"two\"  data-calculation=\"0\">Nein<\/option><\/select><\/div><\/div><\/div><div class=\"forminator-row\"><div id=\"number-2\" class=\"forminator-field-number forminator-col forminator-col-12 \"><div class=\"forminator-field\"><label for=\"forminator-field-number-2_69e4d480baf23\" id=\"forminator-field-number-2_69e4d480baf23-label\" class=\"forminator-label\">Reservierung ist f\u00fcr wieviele Reiter? <span class=\"forminator-required\">*<\/span><\/label><input name=\"number-2\" value=\"\" placeholder=\"\" id=\"forminator-field-number-2_69e4d480baf23\" class=\"forminator-input forminator-number--field\" inputmode=\"decimal\" data-required=\"1\" data-decimals=\"0\" aria-required=\"true\" data-inputmask=\"&#039;groupSeparator&#039;: &#039;&#039;, &#039;radixPoint&#039;: &#039;&#039;, &#039;digits&#039;: &#039;0&#039;\" data-hidden-behavior=\"zero\" type=\"number\" step=\"any\" min=\"1\" max=\"150\" \/><\/div><\/div><\/div><div class=\"forminator-row\"><div id=\"textarea-1\" class=\"forminator-field-textarea forminator-col forminator-col-12 \"><div class=\"forminator-field\"><label for=\"forminator-field-textarea-1_69e4d480baf23\" id=\"forminator-field-textarea-1_69e4d480baf23-label\" class=\"forminator-label\">Einer nach dem anderen, geben Sie die Reitergewicht an <span class=\"forminator-required\">*<\/span><\/label><textarea name=\"textarea-1\" placeholder=\"(kg)\" id=\"forminator-field-textarea-1_69e4d480baf23\" class=\"forminator-textarea\" rows=\"6\" style=\"min-height:140px;\" ><\/textarea><\/div><\/div><\/div><div class=\"forminator-row\"><div id=\"textarea-2\" class=\"forminator-field-textarea forminator-col forminator-col-12 \"><div class=\"forminator-field\"><label for=\"forminator-field-textarea-2_69e4d480baf23\" id=\"forminator-field-textarea-2_69e4d480baf23-label\" class=\"forminator-label\">Einer nach dem anderen, geben Sie bitte Reiter Schwierigkeitsstufen! (Anf\u00e4nger\/Fortgeschritten\/Hoch fortgeschritten) <span class=\"forminator-required\">*<\/span><\/label><textarea name=\"textarea-2\" placeholder=\"Anfaenger: wie oft auf einem Pferd sitzend?\nFortgeschritten: wieviel auf einem Pferd sitzend und wieviel ist galoppiert?\" id=\"forminator-field-textarea-2_69e4d480baf23\" class=\"forminator-textarea\" rows=\"6\" style=\"min-height:140px;\" ><\/textarea><\/div><\/div><\/div><div class=\"forminator-row\"><div id=\"textarea-3\" class=\"forminator-field-textarea forminator-col forminator-col-12 \"><div class=\"forminator-field\"><label for=\"forminator-field-textarea-3_69e4d480baf23\" id=\"forminator-field-textarea-3_69e4d480baf23-label\" class=\"forminator-label\">Sonstiges<\/label><textarea name=\"textarea-3\" placeholder=\"\" id=\"forminator-field-textarea-3_69e4d480baf23\" class=\"forminator-textarea\" rows=\"6\" style=\"min-height:140px;\" ><\/textarea><\/div><\/div><\/div><div class=\"forminator-row\"><div id=\"checkbox-1\" class=\"forminator-field-checkbox forminator-col forminator-col-12 \"><div role=\"group\" class=\"forminator-field required\" aria-labelledby=\"forminator-checkbox-group-forminator-field-checkbox-1-69e4d480baf23-label\"><span id=\"forminator-checkbox-group-forminator-field-checkbox-1-69e4d480baf23-label\" class=\"forminator-label\">Mit dem Absenden der Anmeldung akzeptiere ich den Haftungserkl\u00e4rung des Reiter in KKV. <span class=\"forminator-required\">*<\/span><\/span><label id=\"forminator-field-checkbox-1-1-69e4d480baf23-label\" for=\"forminator-field-checkbox-1-1-69e4d480baf23\" class=\"forminator-checkbox\" title=\"Akzeptiere\"><input type=\"checkbox\" name=\"checkbox-1[]\" value=\"one\" id=\"forminator-field-checkbox-1-1-69e4d480baf23\" aria-labelledby=\"forminator-field-checkbox-1-1-69e4d480baf23-label\" data-calculation=\"0\"   data-hidden-behavior=\"zero\"\/><span class=\"forminator-checkbox-box\" aria-hidden=\"true\"><\/span><span class=\"forminator-checkbox-label\">Akzeptiere<\/span><\/label><\/div><\/div><\/div><div class=\"forminator-row\"><div id=\"checkbox-2\" class=\"forminator-field-checkbox forminator-col forminator-col-12 \"><div role=\"group\" class=\"forminator-field required\" aria-labelledby=\"forminator-checkbox-group-forminator-field-checkbox-2-69e4d480baf23-label\"><span id=\"forminator-checkbox-group-forminator-field-checkbox-2-69e4d480baf23-label\" class=\"forminator-label\">Mit dem Absenden der Anmeldung akzeptiere ich die Hausordnung des KKV. <span class=\"forminator-required\">*<\/span><\/span><label id=\"forminator-field-checkbox-2-1-69e4d480baf23-label\" for=\"forminator-field-checkbox-2-1-69e4d480baf23\" class=\"forminator-checkbox\" title=\"Akzeptiere\"><input type=\"checkbox\" name=\"checkbox-2[]\" value=\"one\" id=\"forminator-field-checkbox-2-1-69e4d480baf23\" aria-labelledby=\"forminator-field-checkbox-2-1-69e4d480baf23-label\" data-calculation=\"0\"   data-hidden-behavior=\"zero\"\/><span class=\"forminator-checkbox-box\" aria-hidden=\"true\"><\/span><span class=\"forminator-checkbox-label\">Akzeptiere<\/span><\/label><\/div><\/div><\/div><input type=\"hidden\" name=\"referer_url\" value=\"\" \/><div class=\"forminator-row forminator-row-last\"><div class=\"forminator-col\"><div class=\"forminator-field\"><button class=\"forminator-button forminator-button-submit\">Absenden<\/button><\/div><\/div><\/div><input type=\"hidden\" id=\"forminator_nonce\" name=\"forminator_nonce\" value=\"e8e922b7bf\" \/><input type=\"hidden\" name=\"_wp_http_referer\" value=\"\/de\/wp-json\/wp\/v2\/pages\/1602\" \/><input type=\"hidden\" name=\"form_id\" value=\"4259\"><input type=\"hidden\" name=\"page_id\" value=\"1602\"><input type=\"hidden\" name=\"form_type\" value=\"default\"><input type=\"hidden\" name=\"current_url\" value=\"https:\/\/horseridingforyou.eu\/de\/booking\"><input type=\"hidden\" name=\"render_id\" value=\"0\"><input type=\"hidden\" name=\"action\" value=\"forminator_submit_form_custom-forms\"><\/form><\/p>\n<!-- Facebook Members Plugin by Crunchify: http:\/\/Crunchify.com\/facebook-members\/ -->\n\t\t<div class=\"fb-recommendations-bar\" data-href=\"https:\/\/horseridingforyou.eu\/de\/booking\" data-read-time=\"5\" data-side=\"\" data-action=\"like\"><\/div>","protected":false},"excerpt":{"rendered":"<p>Willkommen auf der KKV Buchungsseite. WICHTIG! Nach Absenden des Formulars wird Ihnen eine Buchungsbest\u00e4tigung (in E-mail oder an WhatsApp) geschickt. Nur best\u00e4tigte Reservierungen sind g\u00fcltig! Ausserhalb der Buchungsinformation, lesen Sie bitte KKV Politik und andere Informationen \u00fcber die Zahlung im &hellip; <a href=\"https:\/\/horseridingforyou.eu\/de\/booking\">Weiterlesen <span class=\"meta-nav\">&rarr;<\/span><\/a><\/p>\n","protected":false},"author":1,"featured_media":0,"parent":0,"menu_order":0,"comment_status":"closed","ping_status":"closed","template":"","meta":{"footnotes":""},"class_list":["post-1602","page","type-page","status-publish","hentry"],"_links":{"self":[{"href":"https:\/\/horseridingforyou.eu\/de\/wp-json\/wp\/v2\/pages\/1602","targetHints":{"allow":["GET"]}}],"collection":[{"href":"https:\/\/horseridingforyou.eu\/de\/wp-json\/wp\/v2\/pages"}],"about":[{"href":"https:\/\/horseridingforyou.eu\/de\/wp-json\/wp\/v2\/types\/page"}],"author":[{"embeddable":true,"href":"https:\/\/horseridingforyou.eu\/de\/wp-json\/wp\/v2\/users\/1"}],"replies":[{"embeddable":true,"href":"https:\/\/horseridingforyou.eu\/de\/wp-json\/wp\/v2\/comments?post=1602"}],"version-history":[{"count":49,"href":"https:\/\/horseridingforyou.eu\/de\/wp-json\/wp\/v2\/pages\/1602\/revisions"}],"predecessor-version":[{"id":4260,"href":"https:\/\/horseridingforyou.eu\/de\/wp-json\/wp\/v2\/pages\/1602\/revisions\/4260"}],"wp:attachment":[{"href":"https:\/\/horseridingforyou.eu\/de\/wp-json\/wp\/v2\/media?parent=1602"}],"curies":[{"name":"wp","href":"https:\/\/api.w.org\/{rel}","templated":true}]}}