{"id":198,"date":"2012-04-01T14:17:10","date_gmt":"2012-04-01T12:17:10","guid":{"rendered":"http:\/\/localhost\/wordpress\/?page_id=198"},"modified":"2026-04-08T11:35:46","modified_gmt":"2026-04-08T09:35:46","slug":"order-programs","status":"publish","type":"page","link":"https:\/\/horseridingforyou.eu\/de\/order-programs","title":{"rendered":"Feiern mit Pferden"},"content":{"rendered":"<p><a href=\"http:\/\/horseridingforyou.eu\/wp-content\/uploads\/2026\/03\/kep12.jpg\" data-rel=\"lightbox-image-0\" data-rl_title=\"\" data-rl_caption=\"\" title=\"\"><img loading=\"lazy\" decoding=\"async\" class=\"aligncenter size-medium wp-image-4149\" src=\"http:\/\/horseridingforyou.eu\/wp-content\/uploads\/2026\/03\/kep12-300x225.jpg\" alt=\"Reni\" width=\"300\" height=\"225\" srcset=\"https:\/\/horseridingforyou.eu\/wp-content\/uploads\/2026\/03\/kep12-300x225.jpg 300w, https:\/\/horseridingforyou.eu\/wp-content\/uploads\/2026\/03\/kep12.jpg 720w\" sizes=\"auto, (max-width: 300px) 100vw, 300px\" \/><\/a><\/p>\n<p style=\"text-align: center;\"><strong><span style=\"color: #ffff00;\">BESTELLEN UNS, DASS WIR GEHEN AUF IHREN GEBURTSTAG, DASS SIE REITEN K\u00d6NNEN ODER AN IHRE HOCHZEIT ODER ANDERE FESTE ZU PFERDE HABEN<\/span><\/strong><\/p>\n<p style=\"text-align: justify;\">Sie k\u00f6nnen EINE FEIER PARTY haben bei uns, BIO-ranch<\/p>\n<p style=\"text-align: justify;\">Von Mai bis August: Reiten, Grill und Spa\u00df in der Natur. Dalmatinal Spezialit\u00e4ten. Anmeldung und Bezahlung im Voraus erforderlich.<\/p>\n<p style=\"text-align: justify;\">SIE K\u00d6NNEN UNS BESTELLEN AUF IHREN PLATZ ZU GEHEN, dass Sie mit PFERDE FEIERN (zum Beispiel: touristische Programme,Geburtstag &#8230;)<\/p>\n<ul style=\"text-align: justify;\">\n<li>Fotografieren<\/li>\n<li>Reiten<\/li>\n<\/ul>\n<p style=\"text-align: justify;\">Sie k\u00f6nnen uns bestellen, dass Sie Bilder an marvellious Orten machen k\u00f6nnten ( zum Beispiel an der K\u00fcste oder in der N\u00e4he des Sees Vrana oder einem anderen attraktiven Ort) Wir brauchen Vorbereitungszeit f\u00fcr Pferd und Verkehr, und wir gew\u00e4hrleisten Ausr\u00fcstungen. Auch sorgen wir daf\u00fcr, Helfer f\u00fcr Sie w\u00e4hrend des Programms.<\/p>\n<p style=\"text-align: justify;\">K\u00d6NNEN SIE UNS BESTELLEN, DASS WIR f\u00fcr Kinder oder Erwachsene an anderen Orten GEHEN.<\/p>\n<p><!--:--><\/p>\n<!-- Facebook Members Plugin by Crunchify: http:\/\/Crunchify.com\/facebook-members\/ -->\n\t\t<div class=\"fb-recommendations-bar\" data-href=\"https:\/\/horseridingforyou.eu\/de\/order-programs\" data-read-time=\"5\" data-side=\"\" data-action=\"like\"><\/div>","protected":false},"excerpt":{"rendered":"<p>BESTELLEN UNS, DASS WIR GEHEN AUF IHREN GEBURTSTAG, DASS SIE REITEN K\u00d6NNEN ODER AN IHRE HOCHZEIT ODER ANDERE FESTE ZU PFERDE HABEN Sie k\u00f6nnen EINE FEIER PARTY haben bei uns, BIO-ranch Von Mai bis August: Reiten, Grill und Spa\u00df in &hellip; <a href=\"https:\/\/horseridingforyou.eu\/de\/order-programs\">Weiterlesen <span class=\"meta-nav\">&rarr;<\/span><\/a><\/p>\n","protected":false},"author":1,"featured_media":0,"parent":0,"menu_order":0,"comment_status":"closed","ping_status":"closed","template":"","meta":{"footnotes":""},"class_list":["post-198","page","type-page","status-publish","hentry"],"_links":{"self":[{"href":"https:\/\/horseridingforyou.eu\/de\/wp-json\/wp\/v2\/pages\/198","targetHints":{"allow":["GET"]}}],"collection":[{"href":"https:\/\/horseridingforyou.eu\/de\/wp-json\/wp\/v2\/pages"}],"about":[{"href":"https:\/\/horseridingforyou.eu\/de\/wp-json\/wp\/v2\/types\/page"}],"author":[{"embeddable":true,"href":"https:\/\/horseridingforyou.eu\/de\/wp-json\/wp\/v2\/users\/1"}],"replies":[{"embeddable":true,"href":"https:\/\/horseridingforyou.eu\/de\/wp-json\/wp\/v2\/comments?post=198"}],"version-history":[{"count":30,"href":"https:\/\/horseridingforyou.eu\/de\/wp-json\/wp\/v2\/pages\/198\/revisions"}],"predecessor-version":[{"id":4540,"href":"https:\/\/horseridingforyou.eu\/de\/wp-json\/wp\/v2\/pages\/198\/revisions\/4540"}],"wp:attachment":[{"href":"https:\/\/horseridingforyou.eu\/de\/wp-json\/wp\/v2\/media?parent=198"}],"curies":[{"name":"wp","href":"https:\/\/api.w.org\/{rel}","templated":true}]}}