{"id":1264,"date":"2013-10-17T17:13:25","date_gmt":"2013-10-17T15:13:25","guid":{"rendered":"https:\/\/horseridingforyou.eu\/?page_id=1264"},"modified":"2026-04-08T13:05:47","modified_gmt":"2026-04-08T11:05:47","slug":"what-is-therapeutic-riding","status":"publish","type":"page","link":"https:\/\/horseridingforyou.eu\/hr\/what-is-therapeutic-riding","title":{"rendered":"\u0160to je terapijsko jahanje?"},"content":{"rendered":"<p><!--:hr--><\/p>\n<p style=\"text-align: justify;\">Terapijsko jahanje je oblik konjani\u0161tva namjenjen i prilago\u0111en osobama s posebnim potrebama u cilju pobolj\u0161anja njihovog \u017eivljenja, a time i postizanja razli\u010ditih terapijskih ciljeva (fizioterapijskih, psihoterapijskih, socioterapijskih) koje ova aktivnost nudi (prema HSTJ, 2010.). Kao metoda priznata\u00a0 je i ra\u0161irena po cijelom svijetu, a o njenim pozitivnim u\u010dincima na psihofizi\u010dkom planu korisnika\u00a0svjedo\u010de brojne znanstvene studije i istra\u017eivanja.<\/p>\n<p style=\"text-align: justify;\">Korist od terapijskog jahanja mogu imati osobe svih dobnih skupina, s razli\u010ditim oblicima fizi\u010dkih, mentalnih i\/ili emocionalnih te\u0161ko\u0107a. Terapijsko jahanje je oblik medicinskog lije\u010denja gdje se za postizanje terapijskog cilja koriste trodimenzionalni pokreti konja. Konjski hod stvara osjetni podra\u017eaj koji se mijenja, ritmi\u010dan je i ponavljan. Jaha\u010d odgovara pokretima tijela sli\u010dnim pokretima zdjelice pri hodanju. Razne mogu\u0107nosti konjskog hoda omogu\u0107uju terapeutu stupnjevanje osjetnih podra\u017eaja te uporabu pokreta u kombinaciji s drugim oblicima lije\u010denja za postizanje cilja.\u00a0Terapijski ciljevi postavljaju se individualno za svaku osobu na temelju poznavanja njenih mogu\u0107nosti i ograni\u010denja.<\/p>\n<p style=\"text-align: justify;\">Djelovanje terapijskog jahanja je mnogobrojno, a u\u010dinke mo\u017eemo podijeliti na:<\/p>\n<ul style=\"text-align: justify;\">\n<li><b>FIZIKALNE:<\/b>\u00a0razvoj balansa i posturalne kontrole, pobolj\u0161anje stabilnosti (dinami\u010dke, stati\u010dke), pobolj\u0161anje orijentacije, pobolj\u0161anje koordinacije, normaliziranje mi\u0161i\u0107nog tonusa, pove\u0107anje snage mi\u0161i\u0107a, istezanje skra\u0107enih skupina mi\u0161i\u0107a, pove\u0107anje mobilnosti zglobova (zdjelica, kralje\u017enica), pobolj\u0161anje respiracije i cirkulacije, pobolj\u0161anje apetita i probave.<\/li>\n<li><b>PSIHOLO\u0160KE:<\/b>\u00a0op\u0107enito dobro raspolo\u017eenje, pove\u0107anje motivacije, razvoj strpljenja, pa\u017enje i ve\u0107i nivo uzbu\u0111enja, pove\u0107anje samopouzdanja, pove\u0107ano zanimanje za vanjski svijet, za vlastiti \u017eivot.<\/li>\n<li><b>SOCIJALNE:<\/b>\u00a0stvaranje prijateljstva, razvoj po\u0161tovanja i ljubavi prema ljudima i \u017eivotinjama.<\/li>\n<li><b>EDUKACIJSKE:<\/b>\u00a0razvoj i pobolj\u0161anje govora\/jezika, pobolj\u0161anje vidne i prostorne percepcije.<\/li>\n<\/ul>\n<p style=\"text-align: justify;\">Ovakav \u0161irok raspon djelovanja uvelike pospje\u0161uje napredak, a samim time pove\u0107ava i motivaciju koja je klju\u010dna, jer korisnik aktivno mora sudjelovati u jahanju.<\/p>\n<p><!--:--><\/p>\n<!-- Facebook Members Plugin by Crunchify: http:\/\/Crunchify.com\/facebook-members\/ -->\n\t\t<div class=\"fb-recommendations-bar\" data-href=\"https:\/\/horseridingforyou.eu\/hr\/what-is-therapeutic-riding\" data-read-time=\"5\" data-side=\"\" data-action=\"like\"><\/div>","protected":false},"excerpt":{"rendered":"<p>Terapijsko jahanje je oblik konjani\u0161tva namjenjen i prilago\u0111en osobama s posebnim potrebama u cilju pobolj\u0161anja njihovog \u017eivljenja, a time i postizanja razli\u010ditih terapijskih ciljeva (fizioterapijskih, psihoterapijskih, socioterapijskih) koje ova aktivnost nudi (prema HSTJ, 2010.). Kao metoda priznata\u00a0 je i ra\u0161irena &hellip; <a href=\"https:\/\/horseridingforyou.eu\/hr\/what-is-therapeutic-riding\">Continue reading <span class=\"meta-nav\">&rarr;<\/span><\/a><\/p>\n","protected":false},"author":1,"featured_media":0,"parent":0,"menu_order":0,"comment_status":"closed","ping_status":"closed","template":"","meta":{"footnotes":""},"class_list":["post-1264","page","type-page","status-publish","hentry"],"_links":{"self":[{"href":"https:\/\/horseridingforyou.eu\/hr\/wp-json\/wp\/v2\/pages\/1264","targetHints":{"allow":["GET"]}}],"collection":[{"href":"https:\/\/horseridingforyou.eu\/hr\/wp-json\/wp\/v2\/pages"}],"about":[{"href":"https:\/\/horseridingforyou.eu\/hr\/wp-json\/wp\/v2\/types\/page"}],"author":[{"embeddable":true,"href":"https:\/\/horseridingforyou.eu\/hr\/wp-json\/wp\/v2\/users\/1"}],"replies":[{"embeddable":true,"href":"https:\/\/horseridingforyou.eu\/hr\/wp-json\/wp\/v2\/comments?post=1264"}],"version-history":[{"count":19,"href":"https:\/\/horseridingforyou.eu\/hr\/wp-json\/wp\/v2\/pages\/1264\/revisions"}],"predecessor-version":[{"id":4606,"href":"https:\/\/horseridingforyou.eu\/hr\/wp-json\/wp\/v2\/pages\/1264\/revisions\/4606"}],"wp:attachment":[{"href":"https:\/\/horseridingforyou.eu\/hr\/wp-json\/wp\/v2\/media?parent=1264"}],"curies":[{"name":"wp","href":"https:\/\/api.w.org\/{rel}","templated":true}]}}