{"id":1274,"date":"2013-10-17T19:45:46","date_gmt":"2013-10-17T17:45:46","guid":{"rendered":"https:\/\/horseridingforyou.eu\/?page_id=1274"},"modified":"2026-04-08T22:52:20","modified_gmt":"2026-04-08T20:52:20","slug":"competitions","status":"publish","type":"page","link":"https:\/\/horseridingforyou.eu\/hr\/competitions","title":{"rendered":"Natjecanje"},"content":{"rendered":"<p><!--:hr--><\/p>\n<p style=\"text-align: center;\"><strong>POZIVNICA ZA SUDJELOVANJE NA JAVNOM TRENINGU I ZADARSKO-\u0160IBENSKOM REGIONALNOM KUPU ZA MLADE JAHA\u010cE I JAHA\u010cE PO\u010cETNIKE<\/strong><\/p>\n<p style=\"text-align: justify;\">Po\u0161tovani,<br \/>\nzadovoljstvo nam je obavijestiti Vas o odr\u017eavanju Javnog treninga i Zadarsko-\u0161ibenskog regionalnog kupa za mlade jaha\u010de i jaha\u010de po\u010detnike  u organizaciji Konji\u010dkog kluba Vencel, Jankolovica dana 20. travnja (petak) 2017. godine te<br \/>\nVas pozivamo da svojim dolaskom podr\u017eite ovaj sportski doga\u0111aj.<\/p>\n<p>Program doga\u0111anja:<\/p>\n<p style=\"text-align: center;\">Treninzi: 17., 18. i 19. travnja 2017. godine <\/p>\n<h1 style=\"text-align: center;\"><a href=\"https:\/\/horseridingforyou.eu\/Javni trening Pravilnik 2017.doc\"><span style=\"color: #ff0000;\"><strong>Pravilnik<\/strong><\/span><\/a><\/h1>\n<p><!--:--><\/p>\n<!-- Facebook Members Plugin by Crunchify: http:\/\/Crunchify.com\/facebook-members\/ -->\n\t\t<div class=\"fb-recommendations-bar\" data-href=\"https:\/\/horseridingforyou.eu\/hr\/competitions\" data-read-time=\"5\" data-side=\"\" data-action=\"like\"><\/div>","protected":false},"excerpt":{"rendered":"<p>POZIVNICA ZA SUDJELOVANJE NA JAVNOM TRENINGU I ZADARSKO-\u0160IBENSKOM REGIONALNOM KUPU ZA MLADE JAHA\u010cE I JAHA\u010cE PO\u010cETNIKE Po\u0161tovani, zadovoljstvo nam je obavijestiti Vas o odr\u017eavanju Javnog treninga i Zadarsko-\u0161ibenskog regionalnog kupa za mlade jaha\u010de i jaha\u010de po\u010detnike u organizaciji Konji\u010dkog kluba &hellip; <a href=\"https:\/\/horseridingforyou.eu\/hr\/competitions\">Continue reading <span class=\"meta-nav\">&rarr;<\/span><\/a><\/p>\n","protected":false},"author":1,"featured_media":0,"parent":0,"menu_order":0,"comment_status":"closed","ping_status":"closed","template":"","meta":{"footnotes":""},"class_list":["post-1274","page","type-page","status-publish","hentry"],"_links":{"self":[{"href":"https:\/\/horseridingforyou.eu\/hr\/wp-json\/wp\/v2\/pages\/1274","targetHints":{"allow":["GET"]}}],"collection":[{"href":"https:\/\/horseridingforyou.eu\/hr\/wp-json\/wp\/v2\/pages"}],"about":[{"href":"https:\/\/horseridingforyou.eu\/hr\/wp-json\/wp\/v2\/types\/page"}],"author":[{"embeddable":true,"href":"https:\/\/horseridingforyou.eu\/hr\/wp-json\/wp\/v2\/users\/1"}],"replies":[{"embeddable":true,"href":"https:\/\/horseridingforyou.eu\/hr\/wp-json\/wp\/v2\/comments?post=1274"}],"version-history":[{"count":20,"href":"https:\/\/horseridingforyou.eu\/hr\/wp-json\/wp\/v2\/pages\/1274\/revisions"}],"predecessor-version":[{"id":4694,"href":"https:\/\/horseridingforyou.eu\/hr\/wp-json\/wp\/v2\/pages\/1274\/revisions\/4694"}],"wp:attachment":[{"href":"https:\/\/horseridingforyou.eu\/hr\/wp-json\/wp\/v2\/media?parent=1274"}],"curies":[{"name":"wp","href":"https:\/\/api.w.org\/{rel}","templated":true}]}}