{"id":1286,"date":"2013-10-17T20:06:35","date_gmt":"2013-10-17T18:06:35","guid":{"rendered":"https:\/\/horseridingforyou.eu\/?page_id=1286"},"modified":"2026-04-08T13:02:11","modified_gmt":"2026-04-08T11:02:11","slug":"for-other-riding-clubs","status":"publish","type":"page","link":"https:\/\/horseridingforyou.eu\/hr\/for-other-riding-clubs","title":{"rendered":"Za druge klubove"},"content":{"rendered":"<p><!--:hr-->JAVNI TRENINZI I NATJECANJA SU OTVORENI ZA DRUGE KLUBOVE.<\/p>\n<p>O\u010dekivamo prijave od novih mladih i odrasli jaha\u0107a koji su zainteresirani.<\/p>\n<p>Intenzivni treninzi za jaha\u0107e i konje<\/p>\n<p><a href=\"https:\/\/horseridingforyou.eu\/wp-content\/uploads\/2026\/04\/kep7.jpg\" data-rel=\"lightbox-image-0\" data-rl_title=\"\" data-rl_caption=\"\" title=\"\"><img loading=\"lazy\" decoding=\"async\" class=\"aligncenter size-medium wp-image-4545\" src=\"https:\/\/horseridingforyou.eu\/wp-content\/uploads\/2026\/04\/kep7-300x200.jpg\" alt=\"\" width=\"300\" height=\"200\" srcset=\"https:\/\/horseridingforyou.eu\/wp-content\/uploads\/2026\/04\/kep7-300x200.jpg 300w, https:\/\/horseridingforyou.eu\/wp-content\/uploads\/2026\/04\/kep7.jpg 309w\" sizes=\"auto, (max-width: 300px) 100vw, 300px\" \/><\/a><\/p>\n<p>2 dana trening za druge klubove Ciljevi: pobolj\u0161anje jaha\u010de pozicije, znanja i stila Trener: Renata Bare\u0161ic-Tabori Trening \u0107e biti prema znanju jahanja pojedinca, jaha\u010di dobiju osobno vje\u017ebe (od stupnja lon\u017ee do prepona). Trening je za jaha\u010de s konjima ili trener trenira samo konje. Raspored: 1sat prijepodne, 1 sat popodne Cijena: 600Kn \/2\u00a0\u00a0days Te\u010daj po\u010dinje samo ako ima 5 kandidata!<!--:--><\/p>\n<!-- Facebook Members Plugin by Crunchify: http:\/\/Crunchify.com\/facebook-members\/ -->\n\t\t<div class=\"fb-recommendations-bar\" data-href=\"https:\/\/horseridingforyou.eu\/hr\/for-other-riding-clubs\" data-read-time=\"5\" data-side=\"\" data-action=\"like\"><\/div>","protected":false},"excerpt":{"rendered":"<p>JAVNI TRENINZI I NATJECANJA SU OTVORENI ZA DRUGE KLUBOVE. O\u010dekivamo prijave od novih mladih i odrasli jaha\u0107a koji su zainteresirani. Intenzivni treninzi za jaha\u0107e i konje 2 dana trening za druge klubove Ciljevi: pobolj\u0161anje jaha\u010de pozicije, znanja i stila Trener: &hellip; <a href=\"https:\/\/horseridingforyou.eu\/hr\/for-other-riding-clubs\">Continue reading <span class=\"meta-nav\">&rarr;<\/span><\/a><\/p>\n","protected":false},"author":1,"featured_media":0,"parent":0,"menu_order":0,"comment_status":"closed","ping_status":"closed","template":"","meta":{"footnotes":""},"class_list":["post-1286","page","type-page","status-publish","hentry"],"_links":{"self":[{"href":"https:\/\/horseridingforyou.eu\/hr\/wp-json\/wp\/v2\/pages\/1286","targetHints":{"allow":["GET"]}}],"collection":[{"href":"https:\/\/horseridingforyou.eu\/hr\/wp-json\/wp\/v2\/pages"}],"about":[{"href":"https:\/\/horseridingforyou.eu\/hr\/wp-json\/wp\/v2\/types\/page"}],"author":[{"embeddable":true,"href":"https:\/\/horseridingforyou.eu\/hr\/wp-json\/wp\/v2\/users\/1"}],"replies":[{"embeddable":true,"href":"https:\/\/horseridingforyou.eu\/hr\/wp-json\/wp\/v2\/comments?post=1286"}],"version-history":[{"count":17,"href":"https:\/\/horseridingforyou.eu\/hr\/wp-json\/wp\/v2\/pages\/1286\/revisions"}],"predecessor-version":[{"id":4603,"href":"https:\/\/horseridingforyou.eu\/hr\/wp-json\/wp\/v2\/pages\/1286\/revisions\/4603"}],"wp:attachment":[{"href":"https:\/\/horseridingforyou.eu\/hr\/wp-json\/wp\/v2\/media?parent=1286"}],"curies":[{"name":"wp","href":"https:\/\/api.w.org\/{rel}","templated":true}]}}