{"id":1291,"date":"2013-10-17T20:09:29","date_gmt":"2013-10-17T18:09:29","guid":{"rendered":"https:\/\/horseridingforyou.eu\/?page_id=1291"},"modified":"2026-04-08T12:56:59","modified_gmt":"2026-04-08T10:56:59","slug":"open-days","status":"publish","type":"page","link":"https:\/\/horseridingforyou.eu\/hr\/open-days","title":{"rendered":"Otvoreni dani"},"content":{"rendered":"<p><a href=\"https:\/\/horseridingforyou.eu\/wp-content\/uploads\/2026\/04\/kep1-2.jpg\" data-rel=\"lightbox-image-0\" data-rl_title=\"\" data-rl_caption=\"\" title=\"\"><img loading=\"lazy\" decoding=\"async\" class=\"aligncenter size-medium wp-image-4327\" src=\"https:\/\/horseridingforyou.eu\/wp-content\/uploads\/2026\/04\/kep1-2-300x200.jpg\" alt=\"\" width=\"300\" height=\"200\" srcset=\"https:\/\/horseridingforyou.eu\/wp-content\/uploads\/2026\/04\/kep1-2-300x200.jpg 300w, https:\/\/horseridingforyou.eu\/wp-content\/uploads\/2026\/04\/kep1-2.jpg 309w\" sizes=\"auto, (max-width: 300px) 100vw, 300px\" \/><\/a><\/p>\n<p>Konji\u010dki klub Vencel poziva svu zainteresiranu djecu na besplatno dru\u017eenje s konjima u \u00a0nedjelju, 13.04.2014. od 14 do 16 sati u Jankolovici. Sva djeca su pozvana da pogledaju konje, do\u0111u s njima u izravan kontakt te isprobaju jahanje.<\/p>\n<p>Iz kluba poru\u010duju da se ponese prikladna odje\u0107a. \u2013 Odjenite se toplo, obujte udobne zatvorene cipele i udobne hla\u010de. Ako imate biciklisti\u010dku kacigu, bilo bi dobro da je ponesete, ako ne, u klubu \u0107ete dobiti kacigu na kori\u0161tenje, stoji u pozivu.<!--:--><\/p>\n<!-- Facebook Members Plugin by Crunchify: http:\/\/Crunchify.com\/facebook-members\/ -->\n\t\t<div class=\"fb-recommendations-bar\" data-href=\"https:\/\/horseridingforyou.eu\/hr\/open-days\" data-read-time=\"5\" data-side=\"\" data-action=\"like\"><\/div>","protected":false},"excerpt":{"rendered":"<p>Konji\u010dki klub Vencel poziva svu zainteresiranu djecu na besplatno dru\u017eenje s konjima u \u00a0nedjelju, 13.04.2014. od 14 do 16 sati u Jankolovici. Sva djeca su pozvana da pogledaju konje, do\u0111u s njima u izravan kontakt te isprobaju jahanje. Iz kluba &hellip; <a href=\"https:\/\/horseridingforyou.eu\/hr\/open-days\">Continue reading <span class=\"meta-nav\">&rarr;<\/span><\/a><\/p>\n","protected":false},"author":1,"featured_media":0,"parent":0,"menu_order":0,"comment_status":"closed","ping_status":"closed","template":"","meta":{"footnotes":""},"class_list":["post-1291","page","type-page","status-publish","hentry"],"_links":{"self":[{"href":"https:\/\/horseridingforyou.eu\/hr\/wp-json\/wp\/v2\/pages\/1291","targetHints":{"allow":["GET"]}}],"collection":[{"href":"https:\/\/horseridingforyou.eu\/hr\/wp-json\/wp\/v2\/pages"}],"about":[{"href":"https:\/\/horseridingforyou.eu\/hr\/wp-json\/wp\/v2\/types\/page"}],"author":[{"embeddable":true,"href":"https:\/\/horseridingforyou.eu\/hr\/wp-json\/wp\/v2\/users\/1"}],"replies":[{"embeddable":true,"href":"https:\/\/horseridingforyou.eu\/hr\/wp-json\/wp\/v2\/comments?post=1291"}],"version-history":[{"count":19,"href":"https:\/\/horseridingforyou.eu\/hr\/wp-json\/wp\/v2\/pages\/1291\/revisions"}],"predecessor-version":[{"id":4599,"href":"https:\/\/horseridingforyou.eu\/hr\/wp-json\/wp\/v2\/pages\/1291\/revisions\/4599"}],"wp:attachment":[{"href":"https:\/\/horseridingforyou.eu\/hr\/wp-json\/wp\/v2\/media?parent=1291"}],"curies":[{"name":"wp","href":"https:\/\/api.w.org\/{rel}","templated":true}]}}