{"id":1295,"date":"2013-10-17T20:17:05","date_gmt":"2013-10-17T18:17:05","guid":{"rendered":"https:\/\/horseridingforyou.eu\/?page_id=1295"},"modified":"2026-04-08T18:48:29","modified_gmt":"2026-04-08T16:48:29","slug":"competitions-for-youth","status":"publish","type":"page","link":"https:\/\/horseridingforyou.eu\/hr\/competitions-for-youth","title":{"rendered":"Natjecanja za mlade"},"content":{"rendered":"<p><!--:hr--><\/p>\n<h1 style=\"text-align: center;\"><a href=\"https:\/\/horseridingforyou.eu\/rezultate jesen 2017.docx\"><span style=\"color: #ff0000;\"><strong>Rezultate Jesen 2017<\/strong><\/span><\/a><\/h1>\n<p align=\"CENTER\"><strong><a href=\"https:\/\/www.facebook.com\/renata.baresictabori\/videos\/10156593258524112\/\" target=\"_blank\" rel=\"noopener\">Venci Zagreb<\/a><\/strong><\/p>\n\r\n\t\t\n\t\t<div id='gallery-1' class='gallery galleryid-1295 gallery-columns-1 gallery-size-medium'><dl class='gallery-item'>\r\n\t\t\t<dt class='gallery-icon landscape'>\r\n\t\t\t\t<a href='https:\/\/horseridingforyou.eu\/wp-content\/uploads\/2026\/04\/2017-ujsag-1-1.jpg' title=\"\" data-rl_title=\"\" class=\"rl-gallery-link\" data-rl_caption=\"\" data-rel=\"lightbox-gallery-0\"><img loading=\"lazy\" decoding=\"async\" width=\"300\" height=\"174\" src=\"https:\/\/horseridingforyou.eu\/wp-content\/uploads\/2026\/04\/2017-ujsag-1-1-300x174.jpg\" class=\"attachment-medium size-medium\" alt=\"\" srcset=\"https:\/\/horseridingforyou.eu\/wp-content\/uploads\/2026\/04\/2017-ujsag-1-1-300x174.jpg 300w, https:\/\/horseridingforyou.eu\/wp-content\/uploads\/2026\/04\/2017-ujsag-1-1-768x446.jpg 768w, https:\/\/horseridingforyou.eu\/wp-content\/uploads\/2026\/04\/2017-ujsag-1-1-800x464.jpg 800w, https:\/\/horseridingforyou.eu\/wp-content\/uploads\/2026\/04\/2017-ujsag-1-1.jpg 960w\" sizes=\"auto, (max-width: 300px) 100vw, 300px\" \/><\/a>\r\n\t\t\t<\/dt><\/dl><br style=\"clear: both\" \/><dl class='gallery-item'>\r\n\t\t\t<dt class='gallery-icon portrait'>\r\n\t\t\t\t<a href='https:\/\/horseridingforyou.eu\/wp-content\/uploads\/2026\/04\/2017-ujsag2-1-scaled.jpg' title=\"\" data-rl_title=\"\" class=\"rl-gallery-link\" data-rl_caption=\"\" data-rel=\"lightbox-gallery-0\"><img loading=\"lazy\" decoding=\"async\" width=\"225\" height=\"300\" src=\"https:\/\/horseridingforyou.eu\/wp-content\/uploads\/2026\/04\/2017-ujsag2-1-225x300.jpg\" class=\"attachment-medium size-medium\" alt=\"\" srcset=\"https:\/\/horseridingforyou.eu\/wp-content\/uploads\/2026\/04\/2017-ujsag2-1-225x300.jpg 225w, https:\/\/horseridingforyou.eu\/wp-content\/uploads\/2026\/04\/2017-ujsag2-1-768x1024.jpg 768w, https:\/\/horseridingforyou.eu\/wp-content\/uploads\/2026\/04\/2017-ujsag2-1-1152x1536.jpg 1152w, https:\/\/horseridingforyou.eu\/wp-content\/uploads\/2026\/04\/2017-ujsag2-1-1536x2048.jpg 1536w, https:\/\/horseridingforyou.eu\/wp-content\/uploads\/2026\/04\/2017-ujsag2-1-600x800.jpg 600w, https:\/\/horseridingforyou.eu\/wp-content\/uploads\/2026\/04\/2017-ujsag2-1-scaled.jpg 1920w\" sizes=\"auto, (max-width: 225px) 100vw, 225px\" \/><\/a>\r\n\t\t\t<\/dt><\/dl><br style=\"clear: both\" \/><dl class='gallery-item'>\r\n\t\t\t<dt class='gallery-icon portrait'>\r\n\t\t\t\t<a href='https:\/\/horseridingforyou.eu\/wp-content\/uploads\/2026\/04\/Renata-EVENTING-ZAGREB-1-1.jpg' title=\"\" data-rl_title=\"\" class=\"rl-gallery-link\" data-rl_caption=\"\" data-rel=\"lightbox-gallery-0\"><img loading=\"lazy\" decoding=\"async\" width=\"225\" height=\"300\" src=\"https:\/\/horseridingforyou.eu\/wp-content\/uploads\/2026\/04\/Renata-EVENTING-ZAGREB-1-1-225x300.jpg\" class=\"attachment-medium size-medium\" alt=\"\" srcset=\"https:\/\/horseridingforyou.eu\/wp-content\/uploads\/2026\/04\/Renata-EVENTING-ZAGREB-1-1-225x300.jpg 225w, https:\/\/horseridingforyou.eu\/wp-content\/uploads\/2026\/04\/Renata-EVENTING-ZAGREB-1-1-768x1024.jpg 768w, https:\/\/horseridingforyou.eu\/wp-content\/uploads\/2026\/04\/Renata-EVENTING-ZAGREB-1-1-1152x1536.jpg 1152w, https:\/\/horseridingforyou.eu\/wp-content\/uploads\/2026\/04\/Renata-EVENTING-ZAGREB-1-1-600x800.jpg 600w, https:\/\/horseridingforyou.eu\/wp-content\/uploads\/2026\/04\/Renata-EVENTING-ZAGREB-1-1.jpg 1536w\" sizes=\"auto, (max-width: 225px) 100vw, 225px\" \/><\/a>\r\n\t\t\t<\/dt><\/dl><br style=\"clear: both\" \/><dl class='gallery-item'>\r\n\t\t\t<dt class='gallery-icon landscape'>\r\n\t\t\t\t<a href='https:\/\/horseridingforyou.eu\/wp-content\/uploads\/2026\/04\/Tibi-1.jpg' title=\"\" data-rl_title=\"\" class=\"rl-gallery-link\" data-rl_caption=\"\" data-rel=\"lightbox-gallery-0\"><img loading=\"lazy\" decoding=\"async\" width=\"300\" height=\"225\" src=\"https:\/\/horseridingforyou.eu\/wp-content\/uploads\/2026\/04\/Tibi-1-300x225.jpg\" class=\"attachment-medium size-medium\" alt=\"\" srcset=\"https:\/\/horseridingforyou.eu\/wp-content\/uploads\/2026\/04\/Tibi-1-300x225.jpg 300w, https:\/\/horseridingforyou.eu\/wp-content\/uploads\/2026\/04\/Tibi-1-1024x768.jpg 1024w, https:\/\/horseridingforyou.eu\/wp-content\/uploads\/2026\/04\/Tibi-1-768x576.jpg 768w, https:\/\/horseridingforyou.eu\/wp-content\/uploads\/2026\/04\/Tibi-1-1536x1152.jpg 1536w, https:\/\/horseridingforyou.eu\/wp-content\/uploads\/2026\/04\/Tibi-1-800x600.jpg 800w, https:\/\/horseridingforyou.eu\/wp-content\/uploads\/2026\/04\/Tibi-1.jpg 2048w\" sizes=\"auto, (max-width: 300px) 100vw, 300px\" \/><\/a>\r\n\t\t\t<\/dt><\/dl><br style=\"clear: both\" \/><dl class='gallery-item'>\r\n\t\t\t<dt class='gallery-icon portrait'>\r\n\t\t\t\t<a href='https:\/\/horseridingforyou.eu\/wp-content\/uploads\/2026\/04\/Tibor-prvo-mjesto-1.jpg' title=\"\" data-rl_title=\"\" class=\"rl-gallery-link\" data-rl_caption=\"\" data-rel=\"lightbox-gallery-0\"><img loading=\"lazy\" decoding=\"async\" width=\"225\" height=\"300\" src=\"https:\/\/horseridingforyou.eu\/wp-content\/uploads\/2026\/04\/Tibor-prvo-mjesto-1-225x300.jpg\" class=\"attachment-medium size-medium\" alt=\"\" srcset=\"https:\/\/horseridingforyou.eu\/wp-content\/uploads\/2026\/04\/Tibor-prvo-mjesto-1-225x300.jpg 225w, https:\/\/horseridingforyou.eu\/wp-content\/uploads\/2026\/04\/Tibor-prvo-mjesto-1-600x800.jpg 600w, https:\/\/horseridingforyou.eu\/wp-content\/uploads\/2026\/04\/Tibor-prvo-mjesto-1.jpg 720w\" sizes=\"auto, (max-width: 225px) 100vw, 225px\" \/><\/a>\r\n\t\t\t<\/dt><\/dl><br style=\"clear: both\" \/><dl class='gallery-item'>\r\n\t\t\t<dt class='gallery-icon landscape'>\r\n\t\t\t\t<a href='https:\/\/horseridingforyou.eu\/wp-content\/uploads\/2026\/04\/Venci-Samobor-1.jpg' title=\"\" data-rl_title=\"\" class=\"rl-gallery-link\" data-rl_caption=\"\" data-rel=\"lightbox-gallery-0\"><img loading=\"lazy\" decoding=\"async\" width=\"300\" height=\"225\" src=\"https:\/\/horseridingforyou.eu\/wp-content\/uploads\/2026\/04\/Venci-Samobor-1-300x225.jpg\" class=\"attachment-medium size-medium\" alt=\"\" srcset=\"https:\/\/horseridingforyou.eu\/wp-content\/uploads\/2026\/04\/Venci-Samobor-1-300x225.jpg 300w, https:\/\/horseridingforyou.eu\/wp-content\/uploads\/2026\/04\/Venci-Samobor-1-768x576.jpg 768w, https:\/\/horseridingforyou.eu\/wp-content\/uploads\/2026\/04\/Venci-Samobor-1-800x600.jpg 800w, https:\/\/horseridingforyou.eu\/wp-content\/uploads\/2026\/04\/Venci-Samobor-1.jpg 960w\" sizes=\"auto, (max-width: 300px) 100vw, 300px\" \/><\/a>\r\n\t\t\t<\/dt><\/dl><br style=\"clear: both\" \/><dl class='gallery-item'>\r\n\t\t\t<dt class='gallery-icon landscape'>\r\n\t\t\t\t<a href='https:\/\/horseridingforyou.eu\/wp-content\/uploads\/2026\/04\/jelena-kiss-me.jpg' title=\"\" data-rl_title=\"\" class=\"rl-gallery-link\" data-rl_caption=\"\" data-rel=\"lightbox-gallery-0\"><img loading=\"lazy\" decoding=\"async\" width=\"300\" height=\"169\" src=\"https:\/\/horseridingforyou.eu\/wp-content\/uploads\/2026\/04\/jelena-kiss-me-300x169.jpg\" class=\"attachment-medium size-medium\" alt=\"\" srcset=\"https:\/\/horseridingforyou.eu\/wp-content\/uploads\/2026\/04\/jelena-kiss-me-300x169.jpg 300w, https:\/\/horseridingforyou.eu\/wp-content\/uploads\/2026\/04\/jelena-kiss-me-768x432.jpg 768w, https:\/\/horseridingforyou.eu\/wp-content\/uploads\/2026\/04\/jelena-kiss-me-800x450.jpg 800w, https:\/\/horseridingforyou.eu\/wp-content\/uploads\/2026\/04\/jelena-kiss-me.jpg 960w\" sizes=\"auto, (max-width: 300px) 100vw, 300px\" \/><\/a>\r\n\t\t\t<\/dt><\/dl><br style=\"clear: both\" \/><\/div>\n\n<p>Debrecen, Ma\u0111arska, 14.09.2014<span style=\"color: #ff0000;\"> <strong>jaha\u010dko natjecanje za mlade<\/strong><\/span><\/p>\n<p>Na turnire smo putovali za 2200 km na 9 dana.<\/p>\n<p>Tibor Bare\u0161i\u0107 ,najmla\u0111i jaha\u010d (4 god.) natjecao se po prvi put u \u017eivotu. Na vje\u017ebi vo\u0111enje gje se trebao pokazati sjede\u0107i, laki kas i polusjede\u0107i u kasu, dobio je 85 stilskih bodova. Osvojio je prvo mjesto sa Shyenn u kategoriji za jaha\u010de od 4-6 godina. Tibor se tako\u0111er natjecao u Lon\u017ea 1.<\/p>\n<p>Vencel Bare\u0161i\u0107 se natjecao na Lon\u017ea 2. (te\u017ea vje\u017eba od one pro\u0161le godine), gdje je osvojio 3. mjesto. U dresurnom 1 program, osvojio je 7. mjesto. On i Shyenne su lijepo rije\u0161ili vje\u017ebu samo su se jednom zabunili oko smjera pa su skrenuli lijevo kad je trebalo i\u0107i desno. Ovo je natjecanje tako\u0111er bilo dobra vje\u017eba za prvenstvo tjedan dana kasnije. Tjedan dana smo jahali u Piliscsabi gdje smo trenirali stilsko svaki dan.<\/p>\n<ol start=\"2014\">\n<li><span style=\"color: #ff0000;\"><strong> Prvenstvo za mlade<\/strong><\/span>, 19-21.09.2014, Ma\u0111arska, Budapest<\/li>\n<\/ol>\n<p>Vencel Bare\u0161i\u0107 7. mjesto (68,33%), lon\u017ea 1. stilsko natjecanje<\/p>\n<p>Moricz Emma 13.mjesto (77%), lon\u017ea 2.\u00a0 stilsko natjecanje<\/p>\n<p>Za prevenstvo su bili kvalificirani jo\u0161 na\u0161ih jaha\u010da: Vedrana Br\u010di\u0107-Igi\u0107, Jelena Boromisa, Ivana Boromisa. Na\u017ealost nisu mogli sudjelovati zbog \u0161kole, obaveza i drugih te\u0161ko\u0107a oko organiziranja puta.<\/p>\n<p>Naravno i\u0107i \u0107emo se natjecati 2015 godine i trenirat \u0107emo dalje.<\/p>\n<p>Jahanje u na\u0161em klubu mogu\u0107e je cijele godine, imamo 16 konja. Veselimo se novim \u010dlanovima.<\/p>\n<p><a href=\"https:\/\/horseridingforyou.eu\/wp-content\/uploads\/2026\/04\/venci-prvenstvo-1.jpg\" data-rel=\"lightbox-image-7\" data-rl_title=\"\" data-rl_caption=\"\" title=\"\"><img loading=\"lazy\" decoding=\"async\" class=\"aligncenter size-medium wp-image-4663\" src=\"https:\/\/horseridingforyou.eu\/wp-content\/uploads\/2026\/04\/venci-prvenstvo-1-300x169.jpg\" alt=\"\" width=\"300\" height=\"169\" srcset=\"https:\/\/horseridingforyou.eu\/wp-content\/uploads\/2026\/04\/venci-prvenstvo-1-300x169.jpg 300w, https:\/\/horseridingforyou.eu\/wp-content\/uploads\/2026\/04\/venci-prvenstvo-1-768x432.jpg 768w, https:\/\/horseridingforyou.eu\/wp-content\/uploads\/2026\/04\/venci-prvenstvo-1-800x450.jpg 800w, https:\/\/horseridingforyou.eu\/wp-content\/uploads\/2026\/04\/venci-prvenstvo-1.jpg 960w\" sizes=\"auto, (max-width: 300px) 100vw, 300px\" \/><\/a><\/p>\n<p style=\"text-align: justify;\"><b>Natjecali smo se s mladim jaha\u010dima Poni klub Vencela u Ma\u0111arskoj<\/b>\u00a023. lipnja, 2014. godine u Pilisj\u00e1szfalu Diahorse kup 2., trenirali smo 5 dana u Piliscsaba blizu Budimpe\u0161ta.\u00a0<b>Turnir za mlade jaha\u0107e s velikim konjem i ponijem<\/b>\u00a0organiziran je od strane Ma\u0111arske Poni Udruge.<\/p>\n<p style=\"text-align: justify;\">Ivana Boromisa je osvoila prvo mjesto (68,6%), Jelena Boromisa drugo mjesto (66,5%) i Vedrana Br\u010di\u0107 Igi\u0107 tre\u0107e mjesto (64% djelila je mjesto s jednom jaha\u010dicom iz Ma\u0111arske) na stilskom natjecanju lon\u017ea 2.\u00a0<b>Natjecatelji vratili su se s kupom<\/b>\u00a0\u0161to su dobili za nagradu.<\/p>\n<p style=\"text-align: justify;\">Vencel Bare\u0161i\u0107 (7 godina) osvoijo je na turniru sedmo mjesto 66 % na stislkom natjecanju lon\u017ea2.<\/p>\n<p style=\"text-align: justify;\">U dresurnom jahanju bez galopa, Ivana Boromisa s Lijenom je osvojila\u00a0<b>drugo mjesto<\/b>\u00a0(64%), Vedrana Br\u010di\u0107 s Lijenom jedanaesto mjesto (64%) Vencel Bare\u0161i\u0107 sa 7 godina je bilo najmla\u0111i jaha\u010d u kategoriji, jahao je Shayennne i osvojio je sedamnaesto mjesto (58%).<\/p>\n<p style=\"text-align: justify;\">U dresurnom jahanju C2, Jelena Boromisa je jahala Shayenne, osvojila je trinaesto mjesto sa 60,63% jahanje, u B2 programu 4.mjesto.<\/p>\n<p style=\"text-align: justify;\">Na\u0161i jaha\u010di su jahali kvalitetno, bolje nego pro\u0161le godine, nau\u010dili su puno stilsko i dobili su bolje bodove. Natjecatelji ma\u0111ari su bili ja\u010di ovaj put, najbolji iz zemlje. Zadovoljna sam s rezultatima, da su na\u0161i jahali 58-68% \u0161to zna\u010di visoke bodove. Natjecanje je bilo veliki korak u u\u010denje europskih mjerenja.<\/p>\n<p style=\"text-align: justify;\">\u017delimo se natjecati dalje da nau\u010dimo vi\u0161e i da idemo naprijed.<\/p>\n<p style=\"text-align: justify;\"><img decoding=\"async\" class=\"ngg_displayed_gallery mceItem\" src=\"https:\/\/horseridingforyou.eu\/nextgen-attach_to_post\/preview\/id--1573\" alt=\"\" \/><\/p>\n\r\n\t\t\n\t\t<div id='gallery-2' class='gallery galleryid-1295 gallery-columns-3 gallery-size-thumbnail'><dl class='gallery-item'>\r\n\t\t\t<dt class='gallery-icon portrait'>\r\n\t\t\t\t<a href='https:\/\/horseridingforyou.eu\/wp-content\/uploads\/2026\/04\/nat1.jpg' title=\"\" data-rl_title=\"\" class=\"rl-gallery-link\" data-rl_caption=\"\" data-rel=\"lightbox-gallery-1\"><img loading=\"lazy\" decoding=\"async\" width=\"150\" height=\"150\" src=\"https:\/\/horseridingforyou.eu\/wp-content\/uploads\/2026\/04\/nat1-150x150.jpg\" class=\"attachment-thumbnail size-thumbnail\" alt=\"\" \/><\/a>\r\n\t\t\t<\/dt><\/dl><dl class='gallery-item'>\r\n\t\t\t<dt class='gallery-icon landscape'>\r\n\t\t\t\t<a href='https:\/\/horseridingforyou.eu\/wp-content\/uploads\/2026\/04\/nat2.jpg' title=\"\" data-rl_title=\"\" class=\"rl-gallery-link\" data-rl_caption=\"\" data-rel=\"lightbox-gallery-1\"><img loading=\"lazy\" decoding=\"async\" width=\"150\" height=\"150\" src=\"https:\/\/horseridingforyou.eu\/wp-content\/uploads\/2026\/04\/nat2-150x150.jpg\" class=\"attachment-thumbnail size-thumbnail\" alt=\"\" \/><\/a>\r\n\t\t\t<\/dt><\/dl><dl class='gallery-item'>\r\n\t\t\t<dt class='gallery-icon landscape'>\r\n\t\t\t\t<a href='https:\/\/horseridingforyou.eu\/wp-content\/uploads\/2026\/04\/nat3-scaled.jpg' title=\"\" data-rl_title=\"\" class=\"rl-gallery-link\" data-rl_caption=\"\" data-rel=\"lightbox-gallery-1\"><img loading=\"lazy\" decoding=\"async\" width=\"150\" height=\"150\" src=\"https:\/\/horseridingforyou.eu\/wp-content\/uploads\/2026\/04\/nat3-150x150.jpg\" class=\"attachment-thumbnail size-thumbnail\" alt=\"\" \/><\/a>\r\n\t\t\t<\/dt><\/dl><br style=\"clear: both\" \/><\/div>\n\n<p style=\"text-align: justify;\"><strong><span style=\"color: #ff0000;\">Intenzivni trening 22-23.03.2014<\/span><\/strong><\/p>\n<p style=\"text-align: justify;\">Intenzivni trening &#8211; 22. i 23. o\u017eujka 2014. godine<br \/>\nJelena i Ivana Boromisa do\u0161le su na intenzivni trening iz Zagreba.<br \/>\nTrening je zapo\u010deo vje\u017ebom u krugu &#8211; bending horse. Nakon toga smo vje\u017ebali u manje\u017eu, i to galop. Fokus treninga bio je na gimnastici i skakanju malih prepona. Svaka jaha\u010dica jahala je na vi\u0161e konja (5-6 konja dnevno), a vje\u017ebali smo na konjima s kojima planiramo i\u0107i na natjecanje.<br \/>\nOti\u0161li smo na pizzu u ve\u010dernjim satima.<br \/>\nU program intenzivnog treninga uklju\u010dila se i Vedrana Br\u010di\u0107 Igi\u0107 iz Biograda.<br \/>\nOvog vikenda (22. i 23. o\u017eujka) limitirali smo sve druge treninge izvan intenzivnog treninga.<\/p>\n<p style=\"text-align: justify;\"><img decoding=\"async\" class=\"ngg_displayed_gallery mceItem\" src=\"https:\/\/horseridingforyou.eu\/nextgen-attach_to_post\/preview\/id--1549\" alt=\"\" \/><\/p>\n\r\n\t\t\n\t\t<div id='gallery-3' class='gallery galleryid-1295 gallery-columns-3 gallery-size-medium'><dl class='gallery-item'>\r\n\t\t\t<dt class='gallery-icon landscape'>\r\n\t\t\t\t<a href='https:\/\/horseridingforyou.eu\/wp-content\/uploads\/2026\/04\/intenzivni-trening-1.png' title=\"\" data-rl_title=\"\" class=\"rl-gallery-link\" data-rl_caption=\"\" data-rel=\"lightbox-gallery-2\"><img loading=\"lazy\" decoding=\"async\" width=\"283\" height=\"161\" src=\"https:\/\/horseridingforyou.eu\/wp-content\/uploads\/2026\/04\/intenzivni-trening-1.png\" class=\"attachment-medium size-medium\" alt=\"\" \/><\/a>\r\n\t\t\t<\/dt><\/dl><dl class='gallery-item'>\r\n\t\t\t<dt class='gallery-icon landscape'>\r\n\t\t\t\t<a href='https:\/\/horseridingforyou.eu\/wp-content\/uploads\/2026\/04\/intenzivni-trening-2.png' title=\"\" data-rl_title=\"\" class=\"rl-gallery-link\" data-rl_caption=\"\" data-rel=\"lightbox-gallery-2\"><img loading=\"lazy\" decoding=\"async\" width=\"271\" height=\"154\" src=\"https:\/\/horseridingforyou.eu\/wp-content\/uploads\/2026\/04\/intenzivni-trening-2.png\" class=\"attachment-medium size-medium\" alt=\"\" \/><\/a>\r\n\t\t\t<\/dt><\/dl><dl class='gallery-item'>\r\n\t\t\t<dt class='gallery-icon landscape'>\r\n\t\t\t\t<a href='https:\/\/horseridingforyou.eu\/wp-content\/uploads\/2026\/04\/intenzivni-trening-3.png' title=\"\" data-rl_title=\"\" class=\"rl-gallery-link\" data-rl_caption=\"\" data-rel=\"lightbox-gallery-2\"><img loading=\"lazy\" decoding=\"async\" width=\"273\" height=\"155\" src=\"https:\/\/horseridingforyou.eu\/wp-content\/uploads\/2026\/04\/intenzivni-trening-3.png\" class=\"attachment-medium size-medium\" alt=\"\" \/><\/a>\r\n\t\t\t<\/dt><\/dl><br style=\"clear: both\" \/><\/div>\n\n<p style=\"text-align: justify;\"><span style=\"line-height: 1.7; color: #ff0000;\"><strong>Javni treninzi<\/strong><br \/>\n<\/span><strong><span style=\"color: #ff0000;\">Timski zadatak 23.03.2014<\/span><\/strong><\/p>\n<p style=\"text-align: justify;\">Timski zadatak koji nismo odr\u017eali na javnom treningu 01.12.2013. godine radi jake bure, odr\u017eali smo 23.03.2014.godine u 9 sati. Program je bio besplatan. Sudjelovalo je 11 jaha\u010da koji su se jako zabavili: 5 djece, 5 odraslih i 1 mladi jaha\u010d. Hvala na sudjelovanju, ba\u0161 je bilo zabavno!<\/p>\n<p><a href=\"https:\/\/horseridingforyou.eu\/wp-content\/uploads\/2026\/04\/javni-trening.png\" data-rel=\"lightbox-image-14\" data-rl_title=\"\" data-rl_caption=\"\" title=\"\"><img loading=\"lazy\" decoding=\"async\" class=\"aligncenter size-medium wp-image-4670\" src=\"https:\/\/horseridingforyou.eu\/wp-content\/uploads\/2026\/04\/javni-trening-300x170.png\" alt=\"\" width=\"300\" height=\"170\" srcset=\"https:\/\/horseridingforyou.eu\/wp-content\/uploads\/2026\/04\/javni-trening-300x170.png 300w, https:\/\/horseridingforyou.eu\/wp-content\/uploads\/2026\/04\/javni-trening.png 406w\" sizes=\"auto, (max-width: 300px) 100vw, 300px\" \/><\/a><\/p>\n<p style=\"text-align: justify;\">An\u0111ela Filipovi\u0107, Ivana Boromisa, Jelena Boromisa, Iskra Br\u010di\u0107 Igi\u0107, Mirta Igi\u0107, Vencel Bare\u0161i\u0107, Tajana Zub\u010di\u0107, Anamaria Longin, Mia Longin, Sara Longin, Tibor Bare\u0161i\u0107<\/p>\n<p style=\"text-align: justify;\"><strong><span style=\"color: #ff0000;\">Intenzivni trenining &#8211; 8-9, velja\u010da<\/span><\/strong><\/p>\n<p>Jelena i Ivana Boromisa su do\u0161li iz Zagreba, imali smo intenzivni trenininzi.<br \/>\nU subotu smo po\u010deli radtiti u krugu, da nau\u010dimo savijanje konja korektno. Vedrana Br\u010dic Igi\u0107 druga jaha\u010dica iz Biograda isto trenirala malo s nama. Onda smo i\u0161li u manje\u017eu, da kod ulaza je bilo puno blato, vje\u017ebali smo u zadnji manje\u017e, \u0161to je bilo odli\u010dno suho nema veze koliko ki\u0161a je padala zadnje vrijeme:) Vje\u017ebali smo savijanje konja, onda smo galopirali, i vje\u017ebali smo D1 i D2 dresurne programe. Svaki jaha\u010d je jahao 4 konje, promjenili smo konje, mi smo radili s konjima s kojim planiramo i\u0107i na natjecanje.<br \/>\nNave\u010der smo i\u0161li po pizze i imali smo zabavu.<br \/>\nU nedjelju smo po\u010deli trenirati prije ru\u010dka odmah u manje\u017eu, zagrijali smo se i gimnastika je bila u planu. Jaha\u0107i su bili po\u010detnici u tome, nakon toga, trenerica je rekla da su jako dobro radili. Vedrana je imala jedan trening, Ivana i Jelena 2-2. treninga. Trenerica je htjela dati 2-2 extra trening za njih, ali ki\u0161a je po\u010dela padati&#8230;\u00a0 bio je prekrasan vikend, hvala svima, vidimo se najvjerovatnije 22-23, o\u017eujka opet na intenzivnom treningu.<br \/>\nKonji\u010dki klub Vencel<\/p>\n<p>Natjecali smo se s mladim jaha\u0107ima u Ma\u0111arskoj 25. kolovoza, 2013. godine u Pilisjaszfalu, 31. kolovoza, 2013. u Tiszakurt i 1. rujna, 2013. u Budimpe\u0161ti. EU otvorio je granicu i perspektivu za nas i natjecanje u drugim zemljama.<br \/>\nBili smo 9 dana u Ma\u0111arskoj i sudjovali smo na 3 natjecanja. Vencel Bare\u0161i\u0107 ( 6 godina) osvoijo je na turniru prvo mjesto dva puta i drugo mjesto jedan put. U \u010dast pobjedniku na turniru svirala je Hrvatska himna. Drugi mladi jaha\u0107i su bili Jelena, Ivana i Juraj Boromisa i Keana Nadj Lou koja \u017eivi u Njema\u010dkoj i Ema Moricz i Zoi Sztefanu tko \u017eive u Ma\u0111arskoj ali su na\u0161i \u010dlanovi. Postigli smo vi\u0161e dobrih rezultata: prvo, drugo i tre\u0107e mjesto. Molim Vas pogledajte film (gdje pi\u0161e kategorije, discipline i sve detalje):<\/p>\n<p><iframe loading=\"lazy\" title=\"Ma\u0111arska natjecanje\" width=\"500\" height=\"281\" src=\"https:\/\/www.youtube.com\/embed\/LTji8sLh0o4?feature=oembed\" frameborder=\"0\" allow=\"accelerometer; autoplay; clipboard-write; encrypted-media; gyroscope; picture-in-picture; web-share\" referrerpolicy=\"strict-origin-when-cross-origin\" allowfullscreen><\/iframe><\/p>\n<p>Turnir za mlade jaha\u0107e s velikim konjem i ponijem organiziran je od strane Ma\u0111arske Poni Udruge.<br \/>\nSudjelovali smo se na natjecanje u Ma\u0111arsku, Budimpe\u0161ta, gdje je bilo 2013. godine odr\u017eati prvenstvo za mlade jaha\u0107e pro\u0161li vikend (20-22.09.2013, Nacionalni Hipodrom). Iz na\u0161eg tima su se bili kvalificirali tri jaha\u0107a: Vencel Bare\u0161i\u0107, Jelena i Ivana Boromisa. Vencel osvoijo je na prvenstvo 4. mjesto.<br \/>\nNa\u0161i planovi su natjecati dalje s jaha\u0107ima. Drugi put u petom mjesecu. O\u010dekivamo prijave od novih mladih i odrasli jaha\u0107a koji su zainteresirani.<\/p>\n<p><strong><span style=\"color: #ff0000;\">Na\u0161i rezultati na natjecanja u Ma\u0111arskoj:<\/span><\/strong><br \/>\n<strong>Pilisj\u00e1szfalu, 24.08.2013:<\/strong><br \/>\nVencel Bare\u0161i\u0107 i Forr\u00e1s, L1, 1. mjesto 85%<br \/>\nEmma M\u00f3ricz i Forr\u00e1s, L2, 7. mjesto<br \/>\nZoi Sztefanu i Forr\u00e1s, L2, 11. mjesto<\/p>\n<p><strong>Tiszak\u00fcrt, 31.08.2013:<\/strong><br \/>\nIvana Boromisa i Forr\u00e1s, D1, 2. mjesto 66,67%<br \/>\nIvana Boromisa i Kiss Me, D1, 2. mjesto, 62,67%<br \/>\nJelena Boromisa i Kiss Me, D1, 1. mjesto63,33%<br \/>\nJelena Boromisa i Forr\u00e1s, D1 4. mjesto 57,33%<br \/>\nIvana Boromisa i Forr\u00e1s, C2, 9. mjesto, 48,75%<br \/>\nJelena Boromisa i Forr\u00e1s, C2, 4. mjesto, 50%<br \/>\nVencel Bare\u0161i\u0107, L1, 2. mjesto, 63,33%<br \/>\nKeana Lou Nadj, L1, 5. mjesto 60%<br \/>\nJuraj Boromisa, L1, 5. mjesto 60%<\/p>\n<p><strong>Budapest, 1.9.2013:<\/strong><br \/>\nIvana Boromisa i Forr\u00e1s, D1, 9. mjesto, 59,33%<br \/>\nIvana Boromisa i Kiss Me, D1, 4. mjesto 62%<br \/>\nJelena Boromisa i Forr\u00e1s, D1, 3. mjesto, 63,33%<br \/>\nJelana Boromisa i Kiss Me, D1, 7. mjesto 60,67%<br \/>\nIvana Boromisa i Forr\u00e1s, C2, 9. mjesto, 48,75%<br \/>\nJelena Boromisa i Forr\u00e1s, C2, 4. mjesto, 50%<br \/>\nVencel Bare\u0161i\u0107 i Forr\u00e1s, L1, 1. mjesto 76,67%<br \/>\nJuraj Boromisa i Forr\u00e1s, L1, 4. mjesto 46,67%<br \/>\nKeana Lou Nadj i Forr\u00e1s, L2, 5. mjesto, 62%<\/p>\n<p><strong>NOVO:<\/strong><br \/>\nNa Prvenstvu za Mlade Jaha\u0107e 20013, iz na\u0161eg tima su se kvalificirali tri jaha\u0107a: Vencel Bare\u0161i\u0107, Jelena i Ivana Boromisa.<br \/>\nRezultati:<br \/>\nBudapest, Nacionalni Hipodrom, 20-22.09.2013<br \/>\nVencel Bare\u0161i\u0107 4. mjesto, 73,33%<br \/>\nJelena Boromisa 58,67% 10. mjesto<br \/>\nIvana Boromisa 55,63% 30. mjesto<br \/>\n<strong>\u010cESTITAMO SVIM JAHA\u0106IMA!<\/strong><!--:--><\/p>\n<!-- Facebook Members Plugin by Crunchify: http:\/\/Crunchify.com\/facebook-members\/ -->\n\t\t<div class=\"fb-recommendations-bar\" data-href=\"https:\/\/horseridingforyou.eu\/hr\/competitions-for-youth\" data-read-time=\"5\" data-side=\"\" data-action=\"like\"><\/div>","protected":false},"excerpt":{"rendered":"<p>Rezultate Jesen 2017 Venci Zagreb Debrecen, Ma\u0111arska, 14.09.2014 jaha\u010dko natjecanje za mlade Na turnire smo putovali za 2200 km na 9 dana. Tibor Bare\u0161i\u0107 ,najmla\u0111i jaha\u010d (4 god.) natjecao se po prvi put u \u017eivotu. Na vje\u017ebi vo\u0111enje gje se &hellip; <a href=\"https:\/\/horseridingforyou.eu\/hr\/competitions-for-youth\">Continue reading <span class=\"meta-nav\">&rarr;<\/span><\/a><\/p>\n","protected":false},"author":1,"featured_media":0,"parent":0,"menu_order":0,"comment_status":"closed","ping_status":"closed","template":"","meta":{"footnotes":""},"class_list":["post-1295","page","type-page","status-publish","hentry"],"_links":{"self":[{"href":"https:\/\/horseridingforyou.eu\/hr\/wp-json\/wp\/v2\/pages\/1295","targetHints":{"allow":["GET"]}}],"collection":[{"href":"https:\/\/horseridingforyou.eu\/hr\/wp-json\/wp\/v2\/pages"}],"about":[{"href":"https:\/\/horseridingforyou.eu\/hr\/wp-json\/wp\/v2\/types\/page"}],"author":[{"embeddable":true,"href":"https:\/\/horseridingforyou.eu\/hr\/wp-json\/wp\/v2\/users\/1"}],"replies":[{"embeddable":true,"href":"https:\/\/horseridingforyou.eu\/hr\/wp-json\/wp\/v2\/comments?post=1295"}],"version-history":[{"count":45,"href":"https:\/\/horseridingforyou.eu\/hr\/wp-json\/wp\/v2\/pages\/1295\/revisions"}],"predecessor-version":[{"id":4685,"href":"https:\/\/horseridingforyou.eu\/hr\/wp-json\/wp\/v2\/pages\/1295\/revisions\/4685"}],"wp:attachment":[{"href":"https:\/\/horseridingforyou.eu\/hr\/wp-json\/wp\/v2\/media?parent=1295"}],"curies":[{"name":"wp","href":"https:\/\/api.w.org\/{rel}","templated":true}]}}