{"id":1298,"date":"2013-10-17T21:25:26","date_gmt":"2013-10-17T19:25:26","guid":{"rendered":"https:\/\/horseridingforyou.eu\/?page_id=1298"},"modified":"2026-04-07T18:09:04","modified_gmt":"2026-04-07T16:09:04","slug":"therapeutic-effect","status":"publish","type":"page","link":"https:\/\/horseridingforyou.eu\/hr\/therapeutic-effect","title":{"rendered":"Terapijski u\u010dinak na svakom od nas"},"content":{"rendered":"<p><!--:hr--><\/p>\n<p style=\"text-align: center;\"><a href=\"https:\/\/www.facebook.com\/media\/set\/?set=a.1617358628544457&#038;type=3\" target=\"_blank\" rel=\"noopener\">Pogledaj slike u Galeriji!<\/a><\/p>\n<p style=\"text-align: center;\"><a href=\"https:\/\/horseridingforyou.eu\/wp-content\/uploads\/2026\/04\/kep11.jpg\" data-rel=\"lightbox-image-0\" data-rl_title=\"\" data-rl_caption=\"\" title=\"\"><img loading=\"lazy\" decoding=\"async\" class=\"aligncenter size-medium wp-image-4496\" src=\"https:\/\/horseridingforyou.eu\/wp-content\/uploads\/2026\/04\/kep11-225x300.jpg\" alt=\"\" width=\"225\" height=\"300\" srcset=\"https:\/\/horseridingforyou.eu\/wp-content\/uploads\/2026\/04\/kep11-225x300.jpg 225w, https:\/\/horseridingforyou.eu\/wp-content\/uploads\/2026\/04\/kep11.jpg 540w\" sizes=\"auto, (max-width: 225px) 100vw, 225px\" \/><\/a><\/p>\n<p><b>Vrednovanje i priznavanje cjelo\u017eivotnog u\u010denja u na\u0161oj organizaciji i procjena iskustva u\u010denja i razvoj konjani\u0161tva i svih aktivnosti vezanih uz konje<\/b><\/p>\n<p>Na prvi pogled, jahanje mo\u017ee izgledati samo kao sjedenje na konju i da je sve \u0161to jaha\u010d treba raditi davati konju jednostavne upute, kao \u0161to su kreni ili skreni. Tako misle i neki volonteri. Za vrijeme jahanja konj radi sav posao, zar ne? Pogre\u0161no. Za vrijeme jahanja odvija se mnogo vi\u0161e od onoga \u0161to mo\u017ee primijetiti opu\u0161teni promatra\u010d. A tu su i mnogobrojni pozitivni u\u010dinci jahanja: fizi\u010dki, mentalni, emocionalni i socijalni.<\/p>\n<p><b>\u00a0<\/b><\/p>\n<p><b>Fizi\u010dki razvoj<\/b><\/p>\n<p><b>1. Jahanje razvija ravnote\u017eu i koordinaicju. <\/b>Pokreti potrebni za usmjeravanje konja zahtjevaju <b>svijest o tijelu i skladno otkrivanje dijelova tijela. <\/b>U jahanje su uklju\u010deni brojni mi\u0161i\u0107i; najva\u017enije mi\u0161i\u0107i nogu, abdomena, ramenog obru\u010da i le\u0111a, vrata, glave. Dakle, mi\u0161i\u0107i gotovo cijelog\u00a0 tijela. Intenzitet treniranja je visok. Jahanje <b>razvija kontrolu tijela i pokreta te razvija detekciju pokreta. <\/b>Jahanje ne ovisi samo o snazi mi\u0161i\u0107a. Ipak sna\u017eni fleksibilni mi\u0161i\u0107i doprinose stabilnosti i koordinaciji. Dakle, jahanje<b> razvija izdr\u017eljivost i kondiciju.<\/b><\/p>\n<p><b>2. <\/b>Jahanje <b>razvija osje\u0107aj za ritam,<\/b> tako da doprinosi \u00a0i razvoju vje\u0161tine plesa.<\/p>\n<p>3. \u00a0Jahanje stimulira unutarnje organe, \u0161to doprinosi zdravlju. Poma\u017ee jetrenim funkcijama i probavi, \u0161to jahanje \u010dini jo\u0161 jednom velikom terapijskom opcijom.<\/p>\n<p>4.\u00a0 Jahanje razvija shemu o tijelu. Tako\u0111er, sagorijeva mnogo kalorija.<\/p>\n<p>5.\u00a0 Tijekom aktivnosti oko konja (timarenje, \u010di\u0161\u0107enje staje, no\u0161enje sedla, opreme ili bale sjena, \u010di\u0161\u0107enje boksova) jaha\u010d tako\u0111er radi vje\u017ebe za smanjivanje tjelesne te\u017eine, \u0161to doprinosi odr\u017eavanju ko\u0161tane mase. Sve to pozitivno utje\u010de na zdravstveno stanje jaha\u010da.<\/p>\n<p><b>Mentalni razvoj<\/b><\/p>\n<p>1.\u00a0 Jahanje razvija koncentraciju i mi\u0161ljenje. Isprva, jaha\u010d mo\u017ee osjetiti da je samo u\u010denje kako ostati na konju i kako usmjeriti konja veliki izazov. Kada se to savlada, mnogo je vi\u0161e prilika za u\u010denje. Kako napreduje u jahanju, jaha\u010d se susre\u010de s brojnim pitanjima i problemima koji razvijaju logiku i sposobnost rje\u0161avanja problema. \u010cak \u0107e i najiskusniji jaha\u010di priznati da uvijek imaju ne\u0161to novo za nau\u010diti o jahanju.<\/p>\n<p>2.\u00a0 Jahanje omogu\u0107uje razli\u010dita iskustva i situacije kroz koje jaha\u010di razvijaju zanja koja se mogu primijeniti i u svakodnevnom \u017eivotu. Tako\u0111er, kroz jahanje se u\u010di logika, matematika, umjetnost, biologija, fizika te se razvijaju govorno-jezi\u010dne vje\u0161tine. Tko je uop\u0107e mislio o tome? \u00a0Komuniciraju\u0107i s instruktorom i drugim jaha\u010dima u\u010dimo razli\u010dite rije\u010di, rije\u010di koje imaju vi\u0161e zna\u010denja i na taj na\u010din\u00a0 pro\u0161irujemo vokabular i na\u010din na koji se izra\u017eavamo. Jaha\u010di u\u010de koristiti ste\u010dena znanja na logi\u010dan i sistemati\u010dan na\u010din.<\/p>\n<p>3. \u00a0\u010citanje knjiga o jahanju razvija vje\u0161tine \u010ditanja i razumijevanja pro\u010ditanog. Kad \u010dita\u0161 o jahanju, zna\u010denja se razlikuju kada \u010ditate iste stavke povremeno i \u010ditatelj dobiva na razli\u010ditim to\u010dkama razumijevanja i razli\u010dite razine stjecanja znanja su beskrajne.<\/p>\n<p>4. Jahanje razvija glazbene vje\u0161tine. Razvija osje\u0107aj za ritam, kao i \u00a0opa\u017eanje skladne glazbe. Jaha\u010d stvara okolnosti kao \u0161to glazbenik stvara glazbenu harmoniju. U tom smislu, jahanjem se stje\u0107u i \u00a0umjetni\u010dka znanja.<\/p>\n<p>5. \u0160tovi\u0161e, jahanje razvija\u00a0 opa\u017eanje skladnog rada u prirodi pod promijenjivim okolnostima, \u0161to doprinosi razvoju osje\u0107aja za prostor i sposobnosti uskla\u0111ivanja s vremenskim uvjetima.<\/p>\n<p>6. Jahanje dobrinosi u\u010denju stranih jezika i poti\u010de motivaciju za razumijevanjem stranog jezika. Tijekom jahanja\/radnje, \u017eelite razumijeti druge, jaha\u010d tako\u0111er slu\u0161a \u0161to instruktor govori i na taj na\u010din u\u010di strane rije\u010di te je izra\u017eavanje kroz iskustvo lak\u0161e.<\/p>\n<p>7. Jahanje je dobar na\u010din vje\u017ebanja mozga;\u00a0 doprinosi vitalnosti i elasti\u010dnosti mozga. Cijelo\u017eivotno u\u010denje mo\u017ee prevenirati gubitak pam\u0107enja. Jahanje je izazov \u201ebez kraja\u201d, \u0161to nas neprekidno motivira u u\u010denju.<\/p>\n<p><b>\u00a0<\/b><\/p>\n<p><b>Emocionalni\/duhovni razvoj<\/b><\/p>\n<p>1.<b> <\/b>Za mnoge, konji su veza s prirodom. Rad s konjima stvara situacije u kojima se lako sklapaju nova prijateljstva. \u00a0Sve to doprinosi emocionalnom i duhovnom razvoju te daje osje\u0107aj sklada, osje\u0107aj za postignu\u0107e, utjehu, omogu\u0107uje dru\u017eenje, razvija povjerenje, samopouzdanje, vjeru, hrabrost, samosvjesnost te svjesnost vlastitih sposobnosti. Tako\u0111er poma\u017ee da se prevladaju psihi\u010dke te\u0161ko\u0107e i razo\u010daranja, nadi\u0111u depresivna razdoblja u \u017eivotu te poma\u017ee u oporavku od osobne boli. Tako\u0111er omogu\u0107uje opu\u0161tanje i meditaciju te osobni razvoj a u korist dru\u0161tva i zajednice u kojoj se \u017eivi.<\/p>\n<p>Jahanje op\u0107enito ima terapijski u\u010dinak na psihu.<\/p>\n<p>1. Dru\u017eenje s drugim jaha\u010dima i\/ili konjima stvara pozitivan duh, \u0161to se pozitivno odra\u017eava na samu osobu, druge ljude, okolinu i \u017eivot op\u0107enito.<\/p>\n<p>2. Iako jahanje mo\u017ee biti izvor frustracija (npr. kad ne\u0161to ne mo\u017eemo savladati iz prvog puta) i brojnih izazova, u\u010di jaha\u010de da ne odustaju, da prihvate pote\u0161ko\u0107e, kao i \u010dinjenicu da u\u010denje mo\u017ee biti dugotrajan proces i da najbolje u\u010dimo kroz pote\u0161ko\u0107e s kojima se susre\u0107emo.\u00a0 Tako\u0111er u\u010di jaha\u010de da kroz pote\u0161ko\u0107e s kojima se susre\u0107u mogu dobiti vi\u0161e znanja i iskustva, nego bez pote\u0161ko\u0107a.<br \/>\nJahanje nas u\u010di da se borimo i da ne odustajemo od na\u0161ih ciljeva.<\/p>\n<p>1. Mnogi ljudi tvrde da su kona\u010dno ostvarili svoje snove kad su nau\u010dili jahati. Kroz jahanje se razvijaju konativne funkcije i emocionalna inteligencija.<\/p>\n<p>2. Jahanje mo\u017ee pru\u017eiti brojne mogu\u0107nosti za uspjeh. Bilo da jaha\u010d nau\u010di jahati u kasu ili da postigne visoke ocjene na ispitu iz dresure, osje\u0107at \u0107e se dobro zbog onoga \u0161to radi.<\/p>\n<p>3. Jahanje razvija samopouzdanje, neovisnost i samoizra\u017eavanje.<\/p>\n<p>4. Jahanje doprinosi razvoju glazbenih i umjetni\u010dkih vje\u0161tina u skladu s emocionalnim i duhovnim razvojem.<\/p>\n<p>5. Jahanjem stje\u010demo znanja koja nam omogu\u0107avaju bolju procjenu vlastitih sposobnosti u razli\u010ditim situacijama, kao i bolju procjenu\u00a0 stanja na terenu. Poma\u017ee nam u brzom dono\u0161enju odluka, samokriti\u010dnosti i odabiru najboljeg rje\u0161enja.<br \/>\n6 .Ukoliko jaha\u010d \u017eudi za samo\u0107om, jahanje mu mo\u017ee i to omogu\u0107iti. Mnogi jaha\u010di konje do\u017eivljavaju srodnom du\u0161om s kojom su emocionalno uskla\u0111eni, vi\u0161e nego s bilo kojim prijateljem. U stresnim periodima \u017eivota konji mogu biti dobri prijatelji koji na osu\u0111uju, \u0161to pove\u0107ava \u0161anse za opu\u0161tanjem i pronala\u017eenjem mira u stresnim trenucima.<\/p>\n<p><b>\u00a0<\/b><\/p>\n<p><b>Razvoj socijalnih vje\u0161tina<\/b><\/p>\n<p>1. Jahanje razvija komunikativne i interpersonalne vje\u0161tine.<\/p>\n<p>2. Kroz dru\u0161tvene zadatke, razmjenjivanje mi\u0161ljenja, vje\u017ebanje s konjima i analiziranje povezanosti s konjima, jaha\u010di stje\u010du vje\u0161tine dru\u0161tvenog pona\u0161anja i pozitivan dru\u0161tveni stav, kao i pozitivno reagiranje na razli\u010dite situacije op\u0107enito u \u017eivotu.<\/p>\n<p>3. Zabavno je s prijateljima oti\u0107i na sat jahanja, sudjelovati u timskim aktivnostima kao \u0161to su igre i aktivnosti s opremom ili drill jahanja, ili terensko jahajne, \u0161to razvija sposobnost timskog rada, tolaranciju i\u00a0\u00a0\u00a0\u00a0\u00a0\u00a0\u00a0\u00a0\u00a0\u00a0\u00a0\u00a0\u00a0\u00a0 uslu\u017enost te razvijanje vlastitih vje\u0161tina, kao i prepoznavanje vje\u0161tina kod drugih. Vlastitim dru\u0161tvenim razvijanjem te pomaganjem drugima razvijamo sve svoje potencijale. Tako\u0111er kroz timske aktivnosti razvijamo motivaciju za zajedni\u010dkim uspjehom. U\u017eitak zbog dru\u017eenja i stjecanja novih vje\u0161tina pove\u0107ava samozadovoljstvo, \u0161to doprinosi razvoju pozitivnih stavova prema drugima.<\/p>\n<p>4. Jahanjem razvijamo sposobnost obra\u0107anja pa\u017enje na druge i skrbi za druge, uklju\u010duju\u0107i i djecu. Razvijamo\u00a0 empatiju i vje\u0161tine pronala\u017eenja razli\u010ditih rje\u0161enja.<\/p>\n<p>5. Jaha\u010di i konji, neovisno o vlastitoj uspje\u0161nosti, imaju povjerenje, po\u0161tovanje i poniznost prema instruktoru.<\/p>\n<p>6. Jahanje doprinosi otkrivanju sklada u zajedni\u010dkom radu kada ovisimo o drugima ili o konju. Jaha\u010d ravija usredoto\u010denost na druge, davanje svog maksimuma u odre\u0111enim situacijama, osje\u0107aj za suradnju i dobru volju op\u0107enito nadaju\u0107i se postizanju boljih zajedni\u010dkih rezultata.<\/p>\n<p><b>\u00a0<\/b><\/p>\n<p><b>Jahanje u na\u0161oj organizaciji kao\u00a0 priznavanje i vrednovanje neformalnog u\u010denja:<\/b><\/p>\n<p>Postoje brojne definicije u\u010denja. U narednom tekstu poku\u0161at\u00a0 \u0107emo objasniti na\u0161 na\u010din pou\u010davanja.<\/p>\n<p>Kao prvo, mi djelujemo unutar neformalne obrazovne institucije. Na\u0161a organizacija razvija program koji uklju\u010duje neformalnu edukaciju za mlade kroz sportsko jahanje i neprofesionalne aktivnosti s nekom vrstom profesionalnog razvoja. Tako\u0111er smatramo va\u017enim da su u\u010denici intrinzi\u010dno motivirani razviti vlastite vje\u0161tine i zanja kako bi se pove\u0107ao do\u017eivljaj emocionalne nagrade povezane s porastom ljubavi prema na\u0161im temama te\u00a0 kako bi do\u0161lo do porasta strasti za u\u010denjem. \u00a0Formalno u\u010denje je namjerno iz u\u010denikovog perspektive.<\/p>\n<p>Tako\u0111er predstavljamo elemente neformalnog u\u010denja kao iskustva na radnom mjestu i tvrdimo da je mnogo efikasnije u\u010diti kroz iskustvo i djelovanje, ljubav, kreativnost i slobodu nego u okviru slu\u017ebenog kurikuluma. U\u010denje se doga\u0111a u svakodnevnom \u017eivotu. Neki ljudi u potpunosti\u00a0 razumiju i cijene na\u0161 pristup, nekolicina ipak ne.<\/p>\n<p>Nastojimo provjeriti valjanost razli\u010ditih oblika u\u010denja uklju\u010duju\u0107i i formalno i neformalno u\u010denje, kao i razjasniti procese u\u010denja i podru\u010dja razvoja vje\u0161tina u na\u0161im neformalnim edukacijskim programima jahanja i aktivnostima vezanim uz jahanje.\u00a0 \u017delimo pojasniti na\u0161u politiku i metode kako bi se uvjerili u cjelo\u017eivotno u\u010denje koje je sna\u017eno usredoto\u010deno na potrebu da se prepozna, ocijeni i certificira neformalno u\u010denje, posebice na radnom mjestu, ali i na podru\u010dju razonode, sporta i kontakata.<\/p>\n<p>Na\u0161e obrazovanje je blago strukturirano, \u0161to zna\u010di da nije vidljivo onima koji u\u010de, no jest planirano i ciljano u\u010diteljima. Vrijeme u\u010denja uklju\u010duje aktivnosti koje su naizgled slobodne, no planirani obrazovni program ostaje u pozadini svega. Podr\u0161ka u u\u010denju je neformalna, instinktivna i neeksplicitna, no kroz u\u010denje \u010desto se obra\u0107amo ka stru\u010dnimjim elementima.<\/p>\n<p>U\u010denje ne vodi u certifikaciju, no u\u010denici mogu nositi ste\u010deno znanje kroz cijeli svoj \u017eivot. Izazov u ovome jest prepoznati formalno i neformalno u\u010denje, te razumijeti njihove implikacije. Iz tog razloga, zapisali smo jasne definicije kako bi \u010ditatelji i u\u010denici\u00a0 mogli jasnije razumijeti osobine na\u0161eg obrazovanja.\u00a0 Mi dr\u017eimo da su fizi\u010dki, umni, emocionalni, duhovni i dru\u0161tveni razvoj u\u010denje. Naju\u010dinkovitije u\u010denje dolazi iz djelovanja, neformalnih obrazovnih programa izvan u\u010dili\u0161nih ustanova, iz naizgled slobodnog vremena, ali onog stvorenog u uvjetima \u017eivotne strasti i motivacije.<\/p>\n<p>Voljan i voljen u\u010ditelj ili trener je tako\u0111er nu\u017ean sa svojim stru\u010dnim znanjem i iskustvom. Nagrade i zasluge u ovom procesu u\u010denja nisu potrebne iako je neko neformalno uva\u017eavanje procesa u\u010denja ili vanjska specifikacija ishoda veoma motiviraju\u0107a. Neformalno sjedenje (dogovoreno unaprijed) je tako\u0111er dio na\u0161eg obrazovnog programa. Imamo vremenski raspored i organizirane doga\u0111aje, no sam proces u\u010denja je uglavnom neeksplicitan i bez kvalifikacije. U\u010ditelj vodi u\u010denike bez referenci ka strukturiranim ishodima u\u010denja. Reference se ponekad doga\u0111aju, no naj\u010de\u0161\u0107e kada u proces u\u010denja uska\u010de jedan relativno velik iskorak. Ovakvo neformalno obrazovanje jest stjecanje znanja bez nametnutih okvira, poput u\u010denja novih radnih vje\u0161tina.<\/p>\n<p>Unutar dru\u0161tvene organizacije, u\u010denje se zbiva izme\u0111u u\u010ditelja, jaha\u010da i konja ili u\u010deni\u010dke skupine i konja.<\/p>\n<p><b>Metode u\u010denja koje su korisne na\u0161oj organizaciji:<\/b> Mi koristimo individualne metode pou\u010davanja, prilago\u0111ene osobnosti, ciljevima i iskustvu svakog polaznika. Te\u0161ko je, no ne i nemogu\u0107e\u00a0 prepoznati ne\u010diju motivaciju otvorenim razgovorom.\u00a0 Mi upitamo mlade \u0161to bi \u017eeljeli nau\u010diti, no oni \u010desto ne znaju dovoljno o tematici kako bi formirali svoje mi\u0161ljenje. Kasnije se oni uklju\u010duju u odabir svojih ciljeva a mi ih ohrabrujemo u stjecanju ve\u0107e samosvjesti, dok se u\u010ditelj trudi biti i prijatelj kroz u\u010denje, partner koji poma\u017ee u\u010deniku bez da ga stavlja u podre\u0111en polo\u017eaj. U\u010denici s vremenom dobivaju vi\u0161e slobode za razvijanje i postizanje svojih ciljeva u aktivnostima. Osobni razvoj je ne\u0161to \u010demu te\u017eimo. Najbolje u\u010denje je u toploj atmosferi gdje je svatko prihva\u0107en, stoga mi volimo raditi s pozitivnim ohrabrenjem. U\u010denike se pita o njihovim ciljevima i \u017eeljama koje su uvijek uzete u obzir.<\/p>\n<p><b>Mi imamo razli\u010dite metode pou\u010davanja:<\/b> Mi pou\u010davamo pokazivanje, jer vizualno u\u010denje poma\u017ee u to\u010dnijem u\u010denju kretanja. Pou\u010davamo stalnim komuniciranjem, obja\u0161njavanjem i izri\u010ditim komuniciranjem vje\u017ebi pri jahanju. Pri jahanju, priop\u0107avaju se informacije, te su sve vje\u0161tine i iskustveno u\u010denje implicitni. Zadaci se ponavljaju. Dodirivanje je tako\u0111er esencijalan koncept tokom u\u010denja kako bi se koncept usvojio. Dijeljenje iskustava i dru\u0161tvena interakcija su po\u017eeljni tokom procesa u\u010denja. Sve ovo poja\u010dava samo iskustvo u\u010denja.<\/p>\n<p><b>Koristimo slijede\u0107e tehnike u\u010denja<\/b><\/p>\n<p><b>Predavanja- <\/b>na\u0161 u\u010ditelj daje veliku koli\u010dinu informacija u malom vremenskom periodu. Tokom informiranja postoji aktivnosti kao i ne\u0161to slobodnog vremena kako bi se dobivene informacije realizirale kroz djelovanje. Uvijek se \u010deka na reakcije u\u010denika te su itekako po\u017eeljne. Informacije se rutinski ponavljaju za svaku novu skupinu polaznika, no ujedno su i prilago\u0111ene stupnju znanja polaznika. Pazimo da na\u0161im u\u010denicima ne postane dosadno i nemotiviraju\u0107e tako da mijenjamo tipove zadataka.<\/p>\n<p><b>Demonstriranje- <\/b>na\u0161 iskusan predava\u010d ka\u017ee i pokazuje koje korake trebamo poduzeti u obrazovnom procesu. Vidjev\u0161i kako se pojedini zadatak radi, u\u010denici su svjesniji toga \u0161to im je \u010diniti, te tako lak\u0161e pamte korake u procesu. U\u010denike se pamti kod njihovih pozitivnih ishoda.<\/p>\n<p><b>Rasprava- <\/b>izmjena ideja i osje\u0107aja. Na\u0161 u\u010ditelj govori direktno u\u010denicima, postavlja pitanja i \u010deka na odgovor. Poslije predavanja, u\u010denike se motivira da raspravljaju i iznose svoja mi\u0161ljenja s drugim polaznicima.\u00a0 Oni nastavljaju otvorenu konverzaciju koja je zapo\u010dela tokom predavanja te ovo omogu\u0107uje u\u010denicima da se izraze i pru\u017eaju uvid u nova podru\u010dja u\u010denja.<\/p>\n<p><b>Igranje uloga- <\/b>\u00a0u\u010ditelj stavlja u\u010denike u\u00a0 uloge ( \u010desto u ulogu konja) gdje onda odigravaju ideje i razne reakcije. Ova metoda je u\u010dinkovita jer se doti\u010de i uloga u dru\u0161tvu, te pridonosi \u00a0efikasnijem obrazovanju. Prijem i interpretacija poruke je individualna svakom pojedincu i grupi polaznika.<\/p>\n<p><b>Iskustveno u\u010denje- <\/b>\u00a0U\u010denici poku\u0161avaju dok ne dobiju iskustvo. Ova se tehnika mo\u017ee opisati kao drugo zna\u010denje u na\u0161em slu\u010daju. Iskustveno u\u010denje je stvarno iskustvo, no nije nu\u017eno uvjetovano fizi\u010dkim kontaktom, ve\u0107 iskustvom u djelovanju.<\/p>\n<p><b>Procesiranje- <\/b>u\u010ditelj koristi ovu tehniku nakon gotovo svakog procesa u\u010denja. Daje se ispit nakon \u0161to je skupina polaznika nau\u010dila ne\u0161to. U\u010denici \u010desto predaju ste\u010deno znanje drugim \u010dlanovima.<\/p>\n<p><b>Pohvala<\/b>&#8211; na\u0161a najbolja nagrada tokom procesa u\u010denja.\u00a0 Slavimo svaki malen korak naprijed i to je samo po sebi sna\u017ena motivacija. \u010cesto izmjenjujemo metode pou\u010davanja tokom obrazovanja polaznika.<!--:--><!--:en--><\/p>\n<p><!--:--><\/p>\n<!-- Facebook Members Plugin by Crunchify: http:\/\/Crunchify.com\/facebook-members\/ -->\n\t\t<div class=\"fb-recommendations-bar\" data-href=\"https:\/\/horseridingforyou.eu\/hr\/therapeutic-effect\" data-read-time=\"5\" data-side=\"\" data-action=\"like\"><\/div>","protected":false},"excerpt":{"rendered":"<p>Pogledaj slike u Galeriji! Vrednovanje i priznavanje cjelo\u017eivotnog u\u010denja u na\u0161oj organizaciji i procjena iskustva u\u010denja i razvoj konjani\u0161tva i svih aktivnosti vezanih uz konje Na prvi pogled, jahanje mo\u017ee izgledati samo kao sjedenje na konju i da je sve &hellip; <a href=\"https:\/\/horseridingforyou.eu\/hr\/therapeutic-effect\">Continue reading <span class=\"meta-nav\">&rarr;<\/span><\/a><\/p>\n","protected":false},"author":1,"featured_media":0,"parent":0,"menu_order":0,"comment_status":"closed","ping_status":"closed","template":"","meta":{"footnotes":""},"class_list":["post-1298","page","type-page","status-publish","hentry"],"_links":{"self":[{"href":"https:\/\/horseridingforyou.eu\/hr\/wp-json\/wp\/v2\/pages\/1298","targetHints":{"allow":["GET"]}}],"collection":[{"href":"https:\/\/horseridingforyou.eu\/hr\/wp-json\/wp\/v2\/pages"}],"about":[{"href":"https:\/\/horseridingforyou.eu\/hr\/wp-json\/wp\/v2\/types\/page"}],"author":[{"embeddable":true,"href":"https:\/\/horseridingforyou.eu\/hr\/wp-json\/wp\/v2\/users\/1"}],"replies":[{"embeddable":true,"href":"https:\/\/horseridingforyou.eu\/hr\/wp-json\/wp\/v2\/comments?post=1298"}],"version-history":[{"count":19,"href":"https:\/\/horseridingforyou.eu\/hr\/wp-json\/wp\/v2\/pages\/1298\/revisions"}],"predecessor-version":[{"id":4510,"href":"https:\/\/horseridingforyou.eu\/hr\/wp-json\/wp\/v2\/pages\/1298\/revisions\/4510"}],"wp:attachment":[{"href":"https:\/\/horseridingforyou.eu\/hr\/wp-json\/wp\/v2\/media?parent=1298"}],"curies":[{"name":"wp","href":"https:\/\/api.w.org\/{rel}","templated":true}]}}