{"id":1577,"date":"2015-05-04T19:18:23","date_gmt":"2015-05-04T17:18:23","guid":{"rendered":"https:\/\/horseridingforyou.eu\/?page_id=1577"},"modified":"2026-04-08T12:26:15","modified_gmt":"2026-04-08T10:26:15","slug":"news","status":"publish","type":"page","link":"https:\/\/horseridingforyou.eu\/hr\/news","title":{"rendered":"Novosti"},"content":{"rendered":"<p><!--:hr--><\/p>\n<h1 style=\"text-align: center;\"><a href=\"https:\/\/horseridingforyou.eu\/rezultate jesen 2017.docx\"><span style=\"color: #ff0000;\"><strong>Rezultate Jesen 2017<\/strong><\/span><\/a><\/h1>\n<p align=\"CENTER\"><strong><a href=\"https:\/\/www.facebook.com\/renata.baresictabori\/videos\/10156593258524112\/\" target=\"_blank\" rel=\"noopener\">Venci Zagreb<\/a><\/strong><\/p>\n\r\n\t\t\n\t\t<div id='gallery-1' class='gallery galleryid-1577 gallery-columns-1 gallery-size-medium'><dl class='gallery-item'>\r\n\t\t\t<dt class='gallery-icon landscape'>\r\n\t\t\t\t<a href='https:\/\/horseridingforyou.eu\/wp-content\/uploads\/2026\/04\/2017-ujsag-1.jpg' title=\"\" data-rl_title=\"\" class=\"rl-gallery-link\" data-rl_caption=\"\" data-rel=\"lightbox-gallery-0\"><img loading=\"lazy\" decoding=\"async\" width=\"300\" height=\"174\" src=\"https:\/\/horseridingforyou.eu\/wp-content\/uploads\/2026\/04\/2017-ujsag-1-300x174.jpg\" class=\"attachment-medium size-medium\" alt=\"\" srcset=\"https:\/\/horseridingforyou.eu\/wp-content\/uploads\/2026\/04\/2017-ujsag-1-300x174.jpg 300w, https:\/\/horseridingforyou.eu\/wp-content\/uploads\/2026\/04\/2017-ujsag-1-768x446.jpg 768w, https:\/\/horseridingforyou.eu\/wp-content\/uploads\/2026\/04\/2017-ujsag-1-800x464.jpg 800w, https:\/\/horseridingforyou.eu\/wp-content\/uploads\/2026\/04\/2017-ujsag-1.jpg 960w\" sizes=\"auto, (max-width: 300px) 100vw, 300px\" \/><\/a>\r\n\t\t\t<\/dt><\/dl><br style=\"clear: both\" \/><dl class='gallery-item'>\r\n\t\t\t<dt class='gallery-icon portrait'>\r\n\t\t\t\t<a href='https:\/\/horseridingforyou.eu\/wp-content\/uploads\/2026\/04\/2017-ujsag2-scaled.jpg' title=\"\" data-rl_title=\"\" class=\"rl-gallery-link\" data-rl_caption=\"\" data-rel=\"lightbox-gallery-0\"><img loading=\"lazy\" decoding=\"async\" width=\"225\" height=\"300\" src=\"https:\/\/horseridingforyou.eu\/wp-content\/uploads\/2026\/04\/2017-ujsag2-225x300.jpg\" class=\"attachment-medium size-medium\" alt=\"\" srcset=\"https:\/\/horseridingforyou.eu\/wp-content\/uploads\/2026\/04\/2017-ujsag2-225x300.jpg 225w, https:\/\/horseridingforyou.eu\/wp-content\/uploads\/2026\/04\/2017-ujsag2-768x1024.jpg 768w, https:\/\/horseridingforyou.eu\/wp-content\/uploads\/2026\/04\/2017-ujsag2-1152x1536.jpg 1152w, https:\/\/horseridingforyou.eu\/wp-content\/uploads\/2026\/04\/2017-ujsag2-1536x2048.jpg 1536w, https:\/\/horseridingforyou.eu\/wp-content\/uploads\/2026\/04\/2017-ujsag2-600x800.jpg 600w, https:\/\/horseridingforyou.eu\/wp-content\/uploads\/2026\/04\/2017-ujsag2-scaled.jpg 1920w\" sizes=\"auto, (max-width: 225px) 100vw, 225px\" \/><\/a>\r\n\t\t\t<\/dt><\/dl><br style=\"clear: both\" \/><dl class='gallery-item'>\r\n\t\t\t<dt class='gallery-icon portrait'>\r\n\t\t\t\t<a href='https:\/\/horseridingforyou.eu\/wp-content\/uploads\/2026\/04\/Renata-EVENTING-ZAGREB-1.jpg' title=\"\" data-rl_title=\"\" class=\"rl-gallery-link\" data-rl_caption=\"\" data-rel=\"lightbox-gallery-0\"><img loading=\"lazy\" decoding=\"async\" width=\"225\" height=\"300\" src=\"https:\/\/horseridingforyou.eu\/wp-content\/uploads\/2026\/04\/Renata-EVENTING-ZAGREB-1-225x300.jpg\" class=\"attachment-medium size-medium\" alt=\"\" srcset=\"https:\/\/horseridingforyou.eu\/wp-content\/uploads\/2026\/04\/Renata-EVENTING-ZAGREB-1-225x300.jpg 225w, https:\/\/horseridingforyou.eu\/wp-content\/uploads\/2026\/04\/Renata-EVENTING-ZAGREB-1-768x1024.jpg 768w, https:\/\/horseridingforyou.eu\/wp-content\/uploads\/2026\/04\/Renata-EVENTING-ZAGREB-1-1152x1536.jpg 1152w, https:\/\/horseridingforyou.eu\/wp-content\/uploads\/2026\/04\/Renata-EVENTING-ZAGREB-1-600x800.jpg 600w, https:\/\/horseridingforyou.eu\/wp-content\/uploads\/2026\/04\/Renata-EVENTING-ZAGREB-1.jpg 1536w\" sizes=\"auto, (max-width: 225px) 100vw, 225px\" \/><\/a>\r\n\t\t\t<\/dt><\/dl><br style=\"clear: both\" \/><dl class='gallery-item'>\r\n\t\t\t<dt class='gallery-icon landscape'>\r\n\t\t\t\t<a href='https:\/\/horseridingforyou.eu\/wp-content\/uploads\/2026\/04\/Tibi.jpg' title=\"\" data-rl_title=\"\" class=\"rl-gallery-link\" data-rl_caption=\"\" data-rel=\"lightbox-gallery-0\"><img loading=\"lazy\" decoding=\"async\" width=\"300\" height=\"225\" src=\"https:\/\/horseridingforyou.eu\/wp-content\/uploads\/2026\/04\/Tibi-300x225.jpg\" class=\"attachment-medium size-medium\" alt=\"\" srcset=\"https:\/\/horseridingforyou.eu\/wp-content\/uploads\/2026\/04\/Tibi-300x225.jpg 300w, https:\/\/horseridingforyou.eu\/wp-content\/uploads\/2026\/04\/Tibi-1024x768.jpg 1024w, https:\/\/horseridingforyou.eu\/wp-content\/uploads\/2026\/04\/Tibi-768x576.jpg 768w, https:\/\/horseridingforyou.eu\/wp-content\/uploads\/2026\/04\/Tibi-1536x1152.jpg 1536w, https:\/\/horseridingforyou.eu\/wp-content\/uploads\/2026\/04\/Tibi-800x600.jpg 800w, https:\/\/horseridingforyou.eu\/wp-content\/uploads\/2026\/04\/Tibi.jpg 2048w\" sizes=\"auto, (max-width: 300px) 100vw, 300px\" \/><\/a>\r\n\t\t\t<\/dt><\/dl><br style=\"clear: both\" \/><dl class='gallery-item'>\r\n\t\t\t<dt class='gallery-icon portrait'>\r\n\t\t\t\t<a href='https:\/\/horseridingforyou.eu\/wp-content\/uploads\/2026\/04\/Tibor-prvo-mjesto.jpg' title=\"\" data-rl_title=\"\" class=\"rl-gallery-link\" data-rl_caption=\"\" data-rel=\"lightbox-gallery-0\"><img loading=\"lazy\" decoding=\"async\" width=\"225\" height=\"300\" src=\"https:\/\/horseridingforyou.eu\/wp-content\/uploads\/2026\/04\/Tibor-prvo-mjesto-225x300.jpg\" class=\"attachment-medium size-medium\" alt=\"\" srcset=\"https:\/\/horseridingforyou.eu\/wp-content\/uploads\/2026\/04\/Tibor-prvo-mjesto-225x300.jpg 225w, https:\/\/horseridingforyou.eu\/wp-content\/uploads\/2026\/04\/Tibor-prvo-mjesto-600x800.jpg 600w, https:\/\/horseridingforyou.eu\/wp-content\/uploads\/2026\/04\/Tibor-prvo-mjesto.jpg 720w\" sizes=\"auto, (max-width: 225px) 100vw, 225px\" \/><\/a>\r\n\t\t\t<\/dt><\/dl><br style=\"clear: both\" \/><dl class='gallery-item'>\r\n\t\t\t<dt class='gallery-icon landscape'>\r\n\t\t\t\t<a href='https:\/\/horseridingforyou.eu\/wp-content\/uploads\/2026\/04\/Venci-Samobor.jpg' title=\"\" data-rl_title=\"\" class=\"rl-gallery-link\" data-rl_caption=\"\" data-rel=\"lightbox-gallery-0\"><img loading=\"lazy\" decoding=\"async\" width=\"300\" height=\"225\" src=\"https:\/\/horseridingforyou.eu\/wp-content\/uploads\/2026\/04\/Venci-Samobor-300x225.jpg\" class=\"attachment-medium size-medium\" alt=\"\" srcset=\"https:\/\/horseridingforyou.eu\/wp-content\/uploads\/2026\/04\/Venci-Samobor-300x225.jpg 300w, https:\/\/horseridingforyou.eu\/wp-content\/uploads\/2026\/04\/Venci-Samobor-768x576.jpg 768w, https:\/\/horseridingforyou.eu\/wp-content\/uploads\/2026\/04\/Venci-Samobor-800x600.jpg 800w, https:\/\/horseridingforyou.eu\/wp-content\/uploads\/2026\/04\/Venci-Samobor.jpg 960w\" sizes=\"auto, (max-width: 300px) 100vw, 300px\" \/><\/a>\r\n\t\t\t<\/dt><\/dl><br style=\"clear: both\" \/><\/div>\n\n<p>\u00a0<\/p>\n<p><span style=\"color: #ff0000;\"><b>VOLONTIRANJE PREMA DOGOVORU! Kontaktirajte nas!<\/b><\/span><\/p>\n<p><b>&#8212;&#8212;&#8212;&#8212;&#8212;&#8212;&#8212;&#8212;&#8212;&#8212;&#8212;&#8212;&#8212;&#8212;&#8212;&#8212;&#8212;&#8212;&#8212;&#8212;&#8212;&#8212;&#8212;&#8212;&#8212;&#8212;&#8212;&#8212;&#8212;&#8212;&#8212;&#8212;&#8212;&#8212;&#8212;&#8212;&#8212;&#8211;<\/b><\/p>\n<p>Debrecen, Ma\u0111arska, 14.09.2014 <span style=\"color: #ff0000;\"><b>jaha\u0107ko natjecanje za mlade<\/b><\/span><\/p>\n<p>Na turnire smo putovali za 2200 km na 9 dana.<\/p>\n<p>Tibor Bare\u0161i\u0107, najmla\u0111i jaha\u010d (4 god.) natjecao se po prvi put u \u017eivotu. Na vje\u017ebi vo\u0111enje gdje se trebao pokazati sjede\u0107i, u lakom kasu i polusjede\u0107em kasu, dobio je 85 stilskih bodova. Osvojio je prvo mjesto sa Shyenn u kategoriji za jaha\u0107e od 4-6 godine. Tibor se tako\u0111er natjecao u Lon\u017ea 1.<\/p>\n<p>Vencel Bare\u0161i\u0107 se natjecao na Lon\u017ea 2. (te\u017ea vje\u017eba od pro\u0161le godine), gdje je osvojio 3. mjesto. U dresurnom 1. programu, osvojio je 7. mjesto. On i Shyenne su lijepo rije\u0161ili vje\u017ebu samo su se jednom zabunili oko smjera pa s umjesto desno skrenuli lijevo.<\/p>\n<p>Ovo je natjecanje tako\u0111er do\u0161lo kao dobra vje\u017eba za prvenstvo tjedan dana kasnije. Tjedan dana smo jahali u Piliscsabi gdje smo trenirali stilsko jahanje svaki dan.<\/p>\n<p><b>\u00a0<span style=\"color: #ff0000;\">2014. Prvenstvo za mlade<\/span><\/b>, 19-21.09.2014, Ma\u0111arska, Budapest<\/p>\n<p>Vencel Bare\u0161i\u0107 7. mjesto (68,33%), lon\u017ea 1. stilsko natjecanje<\/p>\n<p>Moricz Emma 13.mjesto (77%), lon\u017ea 2.\u00a0 stilsko natjecanje<\/p>\n<p>Na prevenstvu su bili kvalificirani jo\u0161 na\u0161ih jaha\u010da: Vedrana Br\u010di\u0107-Igi\u0107, Jelena Boromisa, Ivana Boromisa. Na\u017ealost nisu mogli sudjelovati zbog \u0161kole, obaveza i druge te\u0161ko\u010da oko organiziranja puta.<\/p>\n<p>Naravnoi\u0107i \u0107emo se natjecati 2015 godine i trenirat \u0107emo i dalje.<\/p>\n<p>Jahanje u na\u0161em klubu mogu\u0107e je cijele godine, imamo 16 konja.Veselimo se novim \u010dlanovima.<\/p>\n<p><a href=\"https:\/\/horseridingforyou.eu\/wp-content\/uploads\/2026\/04\/venci-prvenstvo.jpg\" data-rel=\"lightbox-image-6\" data-rl_title=\"\" data-rl_caption=\"\" title=\"\"><img loading=\"lazy\" decoding=\"async\" class=\"aligncenter size-medium wp-image-4272\" src=\"https:\/\/horseridingforyou.eu\/wp-content\/uploads\/2026\/04\/venci-prvenstvo-300x169.jpg\" alt=\"\" width=\"300\" height=\"169\" srcset=\"https:\/\/horseridingforyou.eu\/wp-content\/uploads\/2026\/04\/venci-prvenstvo-300x169.jpg 300w, https:\/\/horseridingforyou.eu\/wp-content\/uploads\/2026\/04\/venci-prvenstvo-768x432.jpg 768w, https:\/\/horseridingforyou.eu\/wp-content\/uploads\/2026\/04\/venci-prvenstvo-800x450.jpg 800w, https:\/\/horseridingforyou.eu\/wp-content\/uploads\/2026\/04\/venci-prvenstvo.jpg 960w\" sizes=\"auto, (max-width: 300px) 100vw, 300px\" \/><\/a><\/p>\n<p>&#8212;&#8212;&#8212;&#8212;&#8212;&#8212;&#8212;&#8212;&#8212;&#8212;&#8212;&#8212;&#8212;&#8212;&#8212;&#8212;&#8212;&#8212;&#8212;&#8212;&#8212;&#8212;&#8212;&#8212;&#8212;&#8212;&#8212;&#8212;&#8212;&#8212;&#8212;&#8212;&#8212;&#8212;&#8212;&#8212;&#8212;&#8212;&#8212;&#8212;&#8212;&#8212;&#8212;&#8212;&#8211;<\/p>\n<p><span style=\"color: #ff0000;\"><b>Ljetni programi <\/b><b>tako\u0111er za djecu.<\/b><\/span><\/p>\n<p><a href=\"https:\/\/horseridingforyou.eu\/wp-content\/uploads\/2026\/04\/kupanje-sa-konjima.jpg\" data-rel=\"lightbox-image-7\" data-rl_title=\"\" data-rl_caption=\"\" title=\"\"><img loading=\"lazy\" decoding=\"async\" class=\"aligncenter size-medium wp-image-4285\" src=\"https:\/\/horseridingforyou.eu\/wp-content\/uploads\/2026\/04\/kupanje-sa-konjima-300x169.jpg\" alt=\"\" width=\"300\" height=\"169\" srcset=\"https:\/\/horseridingforyou.eu\/wp-content\/uploads\/2026\/04\/kupanje-sa-konjima-300x169.jpg 300w, https:\/\/horseridingforyou.eu\/wp-content\/uploads\/2026\/04\/kupanje-sa-konjima-768x432.jpg 768w, https:\/\/horseridingforyou.eu\/wp-content\/uploads\/2026\/04\/kupanje-sa-konjima-800x450.jpg 800w, https:\/\/horseridingforyou.eu\/wp-content\/uploads\/2026\/04\/kupanje-sa-konjima.jpg 960w\" sizes=\"auto, (max-width: 300px) 100vw, 300px\" \/><\/a><\/p>\n<p>&#8212;&#8212;&#8212;&#8212;&#8212;&#8212;&#8212;&#8212;&#8212;&#8212;&#8212;&#8212;&#8212;&#8212;&#8212;&#8212;&#8212;&#8212;&#8212;&#8212;&#8212;&#8212;&#8212;&#8212;&#8212;&#8212;&#8212;&#8212;&#8212;&#8212;&#8212;&#8212;&#8212;&#8212;&#8212;&#8212;&#8212;&#8212;&#8212;&#8212;&#8212;&#8212;&#8212;&#8212;-<\/p>\n<p><span style=\"color: #ff0000;\"><b>Natjecali smo se s mladim jaha\u010dima Poni klub Vencela u Ma\u0111arskoj<\/b><\/span> 23. lipnja, 2014. godine u Pilisjaszfalu Diahorse kup 2., trenirali smo 5 dana u Piliscsabi blizu Budimpe\u0161te. <span style=\"color: #ff0000;\"><b>Turnir za mlade jaha\u010de s velikim konjem i ponijem<\/b><\/span> organiziran je od strane Ma\u0111arske Poni Udruge.<\/p>\n<p>Ivana Boromisa je osvoila prvo mjesto (68,6%), Jelena Boromisa drugo mjesto (66,5%) i Vedrana Br\u010di\u0107 Igi\u0107 tre\u0107e mjesto (64% djelila je mjesto s jednom jaha\u010dicom iz Ma\u0111arske) na stilskom natjecanju lon\u017ea 2. <span style=\"color: #ff0000;\"><b>Natjecatelji vratili su se s kupom<\/b><\/span> kojeg su dobili za nagradu.<\/p>\n<p>Vencel Bare\u0161i\u0107 (7 godina) osvoijo je na turniru sedmo mjesto 66 % na stislkom natjecanju lon\u017ea2.<\/p>\n<p>U dresurnom jahanju bez galopa, Ivana Boromisa s Lijenom je osvojila <b>drugo mjesto<\/b> (64%), Vedrana Br\u010di\u0107-Igi\u0107 s Lijenom jedanaesto mjesto (64%) Vencel Bare\u0161i\u0107 sa 7 godina je bilo najmla\u0111i jaha\u010d u kategoriji, jahao je Shayennne i osvojio je sedamnaesto mjesto (58%).<\/p>\n<p>U dresurnom jahanju C2, Jelena Boromisa je jahala Shayenne, osvojila je trinaesto mjesto sa 60,63%, u B2 programu 4.mjesto.<\/p>\n<p>Na\u0161i jaha\u010di su jahali kvalitetno, bolje nego pro\u0161le godine, nau\u010dili su puno stilskog jahanja i dobili su bolje bodove. Ma\u0111arski natjecatelji ovaj su put bili bolji, najbolji iz zemlje. Zadovoljna sam rezultatima, to \u0161to su na\u0161i jahali od 58-68% zna\u010di visoke bodove. Natjecanje je bilo veliki korak za shva\u0107anje europskih mjerila.<\/p>\n<p>\u017delimo se natjecati dalje da nau\u010dimo vi\u0161e i da idemo naprijed.<\/p>\n\r\n\t\t\n\t\t<div id='gallery-2' class='gallery galleryid-1577 gallery-columns-1 gallery-size-medium'><dl class='gallery-item'>\r\n\t\t\t<dt class='gallery-icon landscape'>\r\n\t\t\t\t<a href='https:\/\/horseridingforyou.eu\/wp-content\/uploads\/2026\/04\/natj1-scaled.jpg' title=\"\" data-rl_title=\"\" class=\"rl-gallery-link\" data-rl_caption=\"\" data-rel=\"lightbox-gallery-1\"><img loading=\"lazy\" decoding=\"async\" width=\"300\" height=\"225\" src=\"https:\/\/horseridingforyou.eu\/wp-content\/uploads\/2026\/04\/natj1-300x225.jpg\" class=\"attachment-medium size-medium\" alt=\"\" srcset=\"https:\/\/horseridingforyou.eu\/wp-content\/uploads\/2026\/04\/natj1-300x225.jpg 300w, https:\/\/horseridingforyou.eu\/wp-content\/uploads\/2026\/04\/natj1-1024x768.jpg 1024w, https:\/\/horseridingforyou.eu\/wp-content\/uploads\/2026\/04\/natj1-768x576.jpg 768w, https:\/\/horseridingforyou.eu\/wp-content\/uploads\/2026\/04\/natj1-1536x1152.jpg 1536w, https:\/\/horseridingforyou.eu\/wp-content\/uploads\/2026\/04\/natj1-2048x1536.jpg 2048w, https:\/\/horseridingforyou.eu\/wp-content\/uploads\/2026\/04\/natj1-800x600.jpg 800w\" sizes=\"auto, (max-width: 300px) 100vw, 300px\" \/><\/a>\r\n\t\t\t<\/dt><\/dl><br style=\"clear: both\" \/><dl class='gallery-item'>\r\n\t\t\t<dt class='gallery-icon portrait'>\r\n\t\t\t\t<a href='https:\/\/horseridingforyou.eu\/wp-content\/uploads\/2026\/04\/natj2.jpg' title=\"\" data-rl_title=\"\" class=\"rl-gallery-link\" data-rl_caption=\"\" data-rel=\"lightbox-gallery-1\"><img loading=\"lazy\" decoding=\"async\" width=\"200\" height=\"300\" src=\"https:\/\/horseridingforyou.eu\/wp-content\/uploads\/2026\/04\/natj2-200x300.jpg\" class=\"attachment-medium size-medium\" alt=\"\" srcset=\"https:\/\/horseridingforyou.eu\/wp-content\/uploads\/2026\/04\/natj2-200x300.jpg 200w, https:\/\/horseridingforyou.eu\/wp-content\/uploads\/2026\/04\/natj2-683x1024.jpg 683w, https:\/\/horseridingforyou.eu\/wp-content\/uploads\/2026\/04\/natj2-768x1152.jpg 768w, https:\/\/horseridingforyou.eu\/wp-content\/uploads\/2026\/04\/natj2-1024x1536.jpg 1024w, https:\/\/horseridingforyou.eu\/wp-content\/uploads\/2026\/04\/natj2-533x800.jpg 533w, https:\/\/horseridingforyou.eu\/wp-content\/uploads\/2026\/04\/natj2.jpg 1200w\" sizes=\"auto, (max-width: 200px) 100vw, 200px\" \/><\/a>\r\n\t\t\t<\/dt><\/dl><br style=\"clear: both\" \/><dl class='gallery-item'>\r\n\t\t\t<dt class='gallery-icon portrait'>\r\n\t\t\t\t<a href='https:\/\/horseridingforyou.eu\/wp-content\/uploads\/2026\/04\/natj3.jpg' title=\"\" data-rl_title=\"\" class=\"rl-gallery-link\" data-rl_caption=\"\" data-rel=\"lightbox-gallery-1\"><img loading=\"lazy\" decoding=\"async\" width=\"200\" height=\"300\" src=\"https:\/\/horseridingforyou.eu\/wp-content\/uploads\/2026\/04\/natj3-200x300.jpg\" class=\"attachment-medium size-medium\" alt=\"\" srcset=\"https:\/\/horseridingforyou.eu\/wp-content\/uploads\/2026\/04\/natj3-200x300.jpg 200w, https:\/\/horseridingforyou.eu\/wp-content\/uploads\/2026\/04\/natj3-683x1024.jpg 683w, https:\/\/horseridingforyou.eu\/wp-content\/uploads\/2026\/04\/natj3-768x1152.jpg 768w, https:\/\/horseridingforyou.eu\/wp-content\/uploads\/2026\/04\/natj3-1024x1536.jpg 1024w, https:\/\/horseridingforyou.eu\/wp-content\/uploads\/2026\/04\/natj3-533x800.jpg 533w, https:\/\/horseridingforyou.eu\/wp-content\/uploads\/2026\/04\/natj3.jpg 1200w\" sizes=\"auto, (max-width: 200px) 100vw, 200px\" \/><\/a>\r\n\t\t\t<\/dt><\/dl><br style=\"clear: both\" \/><dl class='gallery-item'>\r\n\t\t\t<dt class='gallery-icon landscape'>\r\n\t\t\t\t<a href='https:\/\/horseridingforyou.eu\/wp-content\/uploads\/2026\/04\/natj4.jpg' title=\"\" data-rl_title=\"\" class=\"rl-gallery-link\" data-rl_caption=\"\" data-rel=\"lightbox-gallery-1\"><img loading=\"lazy\" decoding=\"async\" width=\"300\" height=\"183\" src=\"https:\/\/horseridingforyou.eu\/wp-content\/uploads\/2026\/04\/natj4-300x183.jpg\" class=\"attachment-medium size-medium\" alt=\"\" srcset=\"https:\/\/horseridingforyou.eu\/wp-content\/uploads\/2026\/04\/natj4-300x183.jpg 300w, https:\/\/horseridingforyou.eu\/wp-content\/uploads\/2026\/04\/natj4-1024x623.jpg 1024w, https:\/\/horseridingforyou.eu\/wp-content\/uploads\/2026\/04\/natj4-768x467.jpg 768w, https:\/\/horseridingforyou.eu\/wp-content\/uploads\/2026\/04\/natj4-1536x934.jpg 1536w, https:\/\/horseridingforyou.eu\/wp-content\/uploads\/2026\/04\/natj4-800x487.jpg 800w, https:\/\/horseridingforyou.eu\/wp-content\/uploads\/2026\/04\/natj4.jpg 1800w\" sizes=\"auto, (max-width: 300px) 100vw, 300px\" \/><\/a>\r\n\t\t\t<\/dt><\/dl><br style=\"clear: both\" \/><\/div>\n\n<p>\u00a0<\/p>\n\n\n<p><\/p>\n<!-- Facebook Members Plugin by Crunchify: http:\/\/Crunchify.com\/facebook-members\/ -->\n\t\t<div class=\"fb-recommendations-bar\" data-href=\"https:\/\/horseridingforyou.eu\/hr\/news\" data-read-time=\"5\" data-side=\"\" data-action=\"like\"><\/div>","protected":false},"excerpt":{"rendered":"<p>Rezultate Jesen 2017 Venci Zagreb \u00a0 VOLONTIRANJE PREMA DOGOVORU! Kontaktirajte nas! &#8212;&#8212;&#8212;&#8212;&#8212;&#8212;&#8212;&#8212;&#8212;&#8212;&#8212;&#8212;&#8212;&#8212;&#8212;&#8212;&#8212;&#8212;&#8212;&#8212;&#8212;&#8212;&#8212;&#8212;&#8212;&#8212;&#8212;&#8212;&#8212;&#8212;&#8212;&#8212;&#8212;&#8212;&#8212;&#8212;&#8212;&#8211; Debrecen, Ma\u0111arska, 14.09.2014 jaha\u0107ko natjecanje za mlade Na turnire smo putovali za 2200 km na 9 dana. Tibor Bare\u0161i\u0107, najmla\u0111i jaha\u010d (4 god.) natjecao se po prvi put &hellip; <a href=\"https:\/\/horseridingforyou.eu\/hr\/news\">Continue reading <span class=\"meta-nav\">&rarr;<\/span><\/a><\/p>\n","protected":false},"author":1,"featured_media":0,"parent":0,"menu_order":0,"comment_status":"closed","ping_status":"closed","template":"","meta":{"footnotes":""},"class_list":["post-1577","page","type-page","status-publish","hentry"],"_links":{"self":[{"href":"https:\/\/horseridingforyou.eu\/hr\/wp-json\/wp\/v2\/pages\/1577","targetHints":{"allow":["GET"]}}],"collection":[{"href":"https:\/\/horseridingforyou.eu\/hr\/wp-json\/wp\/v2\/pages"}],"about":[{"href":"https:\/\/horseridingforyou.eu\/hr\/wp-json\/wp\/v2\/types\/page"}],"author":[{"embeddable":true,"href":"https:\/\/horseridingforyou.eu\/hr\/wp-json\/wp\/v2\/users\/1"}],"replies":[{"embeddable":true,"href":"https:\/\/horseridingforyou.eu\/hr\/wp-json\/wp\/v2\/comments?post=1577"}],"version-history":[{"count":38,"href":"https:\/\/horseridingforyou.eu\/hr\/wp-json\/wp\/v2\/pages\/1577\/revisions"}],"predecessor-version":[{"id":4587,"href":"https:\/\/horseridingforyou.eu\/hr\/wp-json\/wp\/v2\/pages\/1577\/revisions\/4587"}],"wp:attachment":[{"href":"https:\/\/horseridingforyou.eu\/hr\/wp-json\/wp\/v2\/media?parent=1577"}],"curies":[{"name":"wp","href":"https:\/\/api.w.org\/{rel}","templated":true}]}}