{"id":1602,"date":"2015-05-08T10:42:45","date_gmt":"2015-05-08T08:42:45","guid":{"rendered":"https:\/\/horseridingforyou.eu\/?page_id=1602"},"modified":"2026-04-06T22:07:43","modified_gmt":"2026-04-06T20:07:43","slug":"booking","status":"publish","type":"page","link":"https:\/\/horseridingforyou.eu\/hr\/booking","title":{"rendered":"Rezervacija"},"content":{"rendered":"<p><!--:hr--><\/p>\n<h1><span style=\"color: #ff0000;\">Dobro do\u0161li na stranice KKV rezervacije.<\/span><\/h1>\n<p>VA\u017dNO! Nakon podno\u0161enja obrasca, po\u0161aljite rezervaciju. Rezervacija se aktivira tek nakon potvrde e-po\u0161tom ili WhatsApp porukom.<\/p>\n<p><span style=\"color: #ff0000;\"><strong>Samo potvr\u0111ena rezervacija vrijedi!<\/strong><\/span><\/p>\n<p>Molimo pogledajte VA\u017dNE to\u010dke izvan rezervacije i pro\u010ditajte ku\u0107ni red i druge dijelove informacija u vezi pla\u0107anja!<\/p>\n<p>Za br\u017ei unos podataka, preuzmite i popunite izjave odgovornosti i donesite ispunjen i potpisan kod nas!<\/p>\n<p><strong><span style=\"color: #ff0000;\">Ako ho\u0107ete rezervaciju za datum u roku od tri dana, narud\u017eba je telefonom, molimo Vas da nas kontaktirate!<\/span><\/strong><\/p>\n<h4><span style=\"color: #ff0000;\"><a style=\"color: #ff0000;\" href=\"https:\/\/horseridingforyou.eu\/Odricanje.pdf\" target=\"_blank\" rel=\"noopener\">Odricanje<\/a><\/span><\/h4>\n<h4><span style=\"color: #ff0000;\"><a style=\"color: #ff0000;\" href=\"https:\/\/horseridingforyou.eu\/Ku\u0107ni red.pdf\" target=\"_blank\" rel=\"noopener\">Ku\u0107ni red<\/a><\/span><\/h4>\n<p style=\"text-align: center;\"><span style=\"color: initial;\"><div class=\"forminator-ui forminator-custom-form forminator-custom-form-4246 forminator-design--bold forminator-enclosed forminator_ajax\" data-forminator-render=\"0\" data-form=\"forminator-module-4246\" data-uid=\"69e4d492e0885\"><br\/><\/div><form\n\t\t\t\tid=\"forminator-module-4246\"\n\t\t\t\tclass=\"forminator-ui forminator-custom-form forminator-custom-form-4246 forminator-design--bold forminator-enclosed forminator_ajax\"\n\t\t\t\tmethod=\"post\"\n\t\t\t\tdata-forminator-render=\"0\"\n\t\t\t\tdata-form-id=\"4246\"\n\t\t\t\t data-color-option=\"default\" data-design=\"bold\" data-grid=\"enclosed\" style=\"display: none;\"\n\t\t\t\tdata-uid=\"69e4d492e0885\"\n\t\t\t><div role=\"alert\" aria-live=\"polite\" class=\"forminator-response-message forminator-error\" aria-hidden=\"true\"><\/div><div class=\"forminator-row\"><div id=\"name-1\" class=\"forminator-field-name forminator-col forminator-col-12 \"><div class=\"forminator-field\"><label for=\"forminator-field-name-1_69e4d492e0885\" id=\"forminator-field-name-1_69e4d492e0885-label\" class=\"forminator-label\">Ime <span class=\"forminator-required\">*<\/span><\/label><input type=\"text\" name=\"name-1\" value=\"\" placeholder=\"\" id=\"forminator-field-name-1_69e4d492e0885\" class=\"forminator-input forminator-name--field\" aria-required=\"true\" autocomplete=\"name\" \/><\/div><\/div><\/div><div class=\"forminator-row\"><div id=\"name-2\" class=\"forminator-field-name forminator-col forminator-col-12 \"><div class=\"forminator-field\"><label for=\"forminator-field-name-2_69e4d492e0885\" id=\"forminator-field-name-2_69e4d492e0885-label\" class=\"forminator-label\">Mjesto ro\u0111enja <span class=\"forminator-required\">*<\/span><\/label><input type=\"text\" name=\"name-2\" value=\"\" placeholder=\"\" id=\"forminator-field-name-2_69e4d492e0885\" class=\"forminator-input forminator-name--field\" aria-required=\"true\" autocomplete=\"name\" \/><\/div><\/div><\/div><div class=\"forminator-row\"><div id=\"date-1\" class=\"forminator-field-date forminator-col forminator-col-12 \"><div class=\"forminator-field\"><label for=\"forminator-field-date-1-picker_69e4d492e0885\" id=\"forminator-field-date-1-picker_69e4d492e0885-label\" class=\"forminator-label\">Datum ro\u0111enja <span class=\"forminator-required\">*<\/span><\/label><div class=\"forminator-input-with-icon\"><span class=\"forminator-icon-calendar\" aria-hidden=\"true\"><\/span><input autocomplete=\"off\" type=\"text\" size=\"1\" name=\"date-1\" value=\"\" placeholder=\"Molimo odaberite datum.\" id=\"forminator-field-date-1-picker_69e4d492e0885\" class=\"forminator-input forminator-datepicker\" data-required=\"1\" data-format=\"yy\/mm\/dd\" data-restrict-type=\"\" data-restrict=\"\" data-start-year=\"1926\" data-end-year=\"2126\" data-past-dates=\"enable\" data-start-of-week=\"1\" data-start-date=\"\" data-end-date=\"\" data-start-field=\"\" data-end-field=\"\" data-start-offset=\"\" data-end-offset=\"\" data-disable-date=\"\" data-disable-range=\"\" \/><\/div><\/div><\/div><\/div><div class=\"forminator-row\"><div id=\"name-3\" class=\"forminator-field-name forminator-col forminator-col-12 \"><div class=\"forminator-field\"><label for=\"forminator-field-name-3_69e4d492e0885\" id=\"forminator-field-name-3_69e4d492e0885-label\" class=\"forminator-label\">OIB <span class=\"forminator-required\">*<\/span><\/label><input type=\"text\" name=\"name-3\" value=\"\" placeholder=\"\" id=\"forminator-field-name-3_69e4d492e0885\" class=\"forminator-input forminator-name--field\" aria-required=\"true\" autocomplete=\"name\" \/><\/div><\/div><\/div><div class=\"forminator-row\"><div id=\"email-1\" class=\"forminator-field-email forminator-col forminator-col-12 \"><div class=\"forminator-field\"><label for=\"forminator-field-email-1_69e4d492e0885\" id=\"forminator-field-email-1_69e4d492e0885-label\" class=\"forminator-label\">E-mail adresa <span class=\"forminator-required\">*<\/span><\/label><input type=\"email\" name=\"email-1\" value=\"\" placeholder=\"\" id=\"forminator-field-email-1_69e4d492e0885\" class=\"forminator-input forminator-email--field\" data-required=\"1\" aria-required=\"true\" autocomplete=\"email\" \/><\/div><\/div><\/div><div class=\"forminator-row\"><div id=\"phone-1\" class=\"forminator-field-phone forminator-col forminator-col-12 \"><div class=\"forminator-field\"><label for=\"forminator-field-phone-1_69e4d492e0885\" id=\"forminator-field-phone-1_69e4d492e0885-label\" class=\"forminator-label\">Broj telefona <span class=\"forminator-required\">*<\/span><\/label><input type=\"text\" name=\"phone-1\" value=\"\" placeholder=\"\" id=\"forminator-field-phone-1_69e4d492e0885\" class=\"forminator-input forminator-field--phone\" data-required=\"1\" aria-required=\"true\" autocomplete=\"off\" data-national_mode=\"disabled\" data-country=\"hr\" data-validation=\"international\" \/><\/div><\/div><\/div><div class=\"forminator-row\"><div id=\"date-2\" class=\"forminator-field-date forminator-col forminator-col-12 \"><div class=\"forminator-field\"><label for=\"forminator-field-date-2-picker_69e4d492e0885\" id=\"forminator-field-date-2-picker_69e4d492e0885-label\" class=\"forminator-label\">Datum <span class=\"forminator-required\">*<\/span><\/label><div class=\"forminator-input-with-icon\"><span class=\"forminator-icon-calendar\" aria-hidden=\"true\"><\/span><input autocomplete=\"off\" type=\"text\" size=\"1\" name=\"date-2\" value=\"\" placeholder=\"Molimo odaberite datum.\" id=\"forminator-field-date-2-picker_69e4d492e0885\" class=\"forminator-input forminator-datepicker\" data-required=\"1\" data-format=\"yy-mm-dd\" data-restrict-type=\"\" data-restrict=\"\" data-start-year=\"1926\" data-end-year=\"2126\" data-past-dates=\"enable\" data-start-of-week=\"1\" data-start-date=\"\" data-end-date=\"\" data-start-field=\"\" data-end-field=\"\" data-start-offset=\"\" data-end-offset=\"\" data-disable-date=\"\" data-disable-range=\"\" \/><\/div><\/div><\/div><\/div><div class=\"forminator-row\"><div id=\"time-1\" class=\"forminator-field-time forminator-col forminator-col-12 \"><label for=\"forminator-field-time-1\" id=\"forminator-field-time-1-label\" class=\"forminator-label\">Termin <span class=\"forminator-required\">*<\/span><\/label><div class=\"forminator-timepicker\" ><div class=\"forminator-row\" data-multiple=\"true\"><div id=\"time-1-hours\" class=\"forminator-col forminator-col-6\"><div class=\"forminator-field\"><label for=\"forminator-field-time-1-hours_69e4d492e0885\" id=\"forminator-field-time-1-hours_69e4d492e0885-label\" class=\"forminator-label\">Sat<\/label><input type=\"number\" name=\"time-1-hours\" min=\"0\" max=\"23\" placeholder=\"\" id=\"forminator-field-time-1-hours_69e4d492e0885\" class=\"forminator-input time-hours \" data-field=\"hours\" value=\"\" \/><\/div><\/div><div id=\"time-1-minutes\" class=\"forminator-col forminator-col-6\"><div class=\"forminator-field\"><label for=\"forminator-field-time-1-minutes_69e4d492e0885\" id=\"forminator-field-time-1-minutes_69e4d492e0885-label\" class=\"forminator-label\">Minuta<\/label><input type=\"number\" min=\"0\" max=\"59\" name=\"time-1-minutes\" placeholder=\"\" id=\"forminator-field-time-1-minutes_69e4d492e0885\" class=\"forminator-input time-minutes \" data-field=\"minutes\" value=\"\" \/><\/div><\/div><\/div><\/div><\/div><\/div><div class=\"forminator-row\"><div id=\"phone-2\" class=\"forminator-field-phone forminator-col forminator-col-12 \"><div class=\"forminator-field\"><label for=\"forminator-field-phone-2_69e4d492e0885\" id=\"forminator-field-phone-2_69e4d492e0885-label\" class=\"forminator-label\">Broj telefona roditelja, odnosno staratelja ili bliskog srodnika<\/label><input type=\"text\" name=\"phone-2\" value=\"\" placeholder=\"\" id=\"forminator-field-phone-2_69e4d492e0885\" class=\"forminator-input forminator-field--phone\" data-required=\"\" aria-required=\"false\" autocomplete=\"off\" data-national_mode=\"disabled\" data-country=\"hr\" data-validation=\"international\" \/><\/div><\/div><\/div><div class=\"forminator-row\"><div id=\"number-1\" class=\"forminator-field-number forminator-col forminator-col-12 \"><div class=\"forminator-field\"><label for=\"forminator-field-number-1_69e4d492e0885\" id=\"forminator-field-number-1_69e4d492e0885-label\" class=\"forminator-label\">Koliko dugo (sati) program \u017eelite? <span class=\"forminator-required\">*<\/span><\/label><input name=\"number-1\" value=\"\" placeholder=\"\" id=\"forminator-field-number-1_69e4d492e0885\" class=\"forminator-input forminator-number--field\" inputmode=\"decimal\" data-required=\"1\" data-decimals=\"0\" aria-required=\"true\" data-inputmask=\"&#039;groupSeparator&#039;: &#039;&#039;, &#039;radixPoint&#039;: &#039;&#039;, &#039;digits&#039;: &#039;0&#039;\" data-hidden-behavior=\"zero\" type=\"number\" step=\"any\" min=\"1\" max=\"24\" \/><\/div><\/div><\/div><div class=\"forminator-row\"><div id=\"date-3\" class=\"forminator-field-date forminator-col forminator-col-12 \"><div class=\"forminator-field\"><label for=\"forminator-field-date-3-picker_69e4d492e0885\" id=\"forminator-field-date-3-picker_69e4d492e0885-label\" class=\"forminator-label\">Ako je ki\u0161a, koji drugi termin odgovara?<\/label><div class=\"forminator-input-with-icon\"><span class=\"forminator-icon-calendar\" aria-hidden=\"true\"><\/span><input autocomplete=\"off\" type=\"text\" size=\"1\" name=\"date-3\" value=\"\" placeholder=\"\" id=\"forminator-field-date-3-picker_69e4d492e0885\" class=\"forminator-input forminator-datepicker\" data-required=\"\" data-format=\"yy-mm-dd\" data-restrict-type=\"\" data-restrict=\"\" data-start-year=\"1926\" data-end-year=\"2126\" data-past-dates=\"enable\" data-start-of-week=\"1\" data-start-date=\"\" data-end-date=\"\" data-start-field=\"\" data-end-field=\"\" data-start-offset=\"\" data-end-offset=\"\" data-disable-date=\"\" data-disable-range=\"\" \/><\/div><\/div><\/div><\/div><div class=\"forminator-row\"><div id=\"select-1\" class=\"forminator-field-select forminator-col forminator-col-12 \"><div class=\"forminator-field\"><label for=\"forminator-form-4246__field--select-1_69e4d492e0885\" id=\"forminator-form-4246__field--select-1_69e4d492e0885-label\" class=\"forminator-label\">\u017delite li obitelski popust?<\/label><select  id=\"forminator-form-4246__field--select-1_69e4d492e0885\" class=\"forminator-select--field forminator-select2 forminator-select2-multiple\" data-required=\"\" name=\"select-1\" data-default-value=\"\" data-hidden-behavior=\"zero\" data-placeholder=\"\" data-search=\"false\" data-search-placeholder=\"\" data-checkbox=\"false\" data-allow-clear=\"false\" aria-labelledby=\"forminator-form-4246__field--select-1_69e4d492e0885-label\"><option value=\"one\"  data-calculation=\"0\">Da<\/option><option value=\"two\"  data-calculation=\"0\">Ne<\/option><\/select><\/div><\/div><\/div><div class=\"forminator-row\"><div id=\"select-2\" class=\"forminator-field-select forminator-col forminator-col-12 \"><div class=\"forminator-field\"><label for=\"forminator-form-4246__field--select-2_69e4d492e0885\" id=\"forminator-form-4246__field--select-2_69e4d492e0885-label\" class=\"forminator-label\">\u017delite li grupni popust?<\/label><select  id=\"forminator-form-4246__field--select-2_69e4d492e0885\" class=\"forminator-select--field forminator-select2 forminator-select2-multiple\" data-required=\"\" name=\"select-2\" data-default-value=\"\" data-hidden-behavior=\"zero\" data-placeholder=\"\" data-search=\"false\" data-search-placeholder=\"\" data-checkbox=\"false\" data-allow-clear=\"false\" aria-labelledby=\"forminator-form-4246__field--select-2_69e4d492e0885-label\"><option value=\"one\"  data-calculation=\"0\">Da<\/option><option value=\"two\"  data-calculation=\"0\">Ne<\/option><\/select><\/div><\/div><\/div><div class=\"forminator-row\"><div id=\"number-2\" class=\"forminator-field-number forminator-col forminator-col-12 \"><div class=\"forminator-field\"><label for=\"forminator-field-number-2_69e4d492e0885\" id=\"forminator-field-number-2_69e4d492e0885-label\" class=\"forminator-label\">Za koliko jaha\u010da \u017eelite rezervirati? <span class=\"forminator-required\">*<\/span><\/label><input name=\"number-2\" value=\"\" placeholder=\"\" id=\"forminator-field-number-2_69e4d492e0885\" class=\"forminator-input forminator-number--field\" inputmode=\"decimal\" data-required=\"1\" data-decimals=\"0\" aria-required=\"true\" data-inputmask=\"&#039;groupSeparator&#039;: &#039;&#039;, &#039;radixPoint&#039;: &#039;&#039;, &#039;digits&#039;: &#039;0&#039;\" data-hidden-behavior=\"zero\" type=\"number\" step=\"any\" min=\"1\" max=\"150\" \/><\/div><\/div><\/div><div class=\"forminator-row\"><div id=\"textarea-1\" class=\"forminator-field-textarea forminator-col forminator-col-12 \"><div class=\"forminator-field\"><label for=\"forminator-field-textarea-1_69e4d492e0885\" id=\"forminator-field-textarea-1_69e4d492e0885-label\" class=\"forminator-label\">Potrebno nam je dati te\u017einu svakog jaha\u010da. <span class=\"forminator-required\">*<\/span><\/label><textarea name=\"textarea-1\" placeholder=\"(kg)\" id=\"forminator-field-textarea-1_69e4d492e0885\" class=\"forminator-textarea\" rows=\"6\" style=\"min-height:140px;\" ><\/textarea><\/div><\/div><\/div><div class=\"forminator-row\"><div id=\"textarea-2\" class=\"forminator-field-textarea forminator-col forminator-col-12 \"><div class=\"forminator-field\"><label for=\"forminator-field-textarea-2_69e4d492e0885\" id=\"forminator-field-textarea-2_69e4d492e0885-label\" class=\"forminator-label\">Molimo vas da nam ka\u017eete vje\u0161tine svakog jaha\u0107a! (Po\u010detnici\/Napredan jaha\u010d\/Vrlo napredan jaha\u010d) <span class=\"forminator-required\">*<\/span><\/label><textarea name=\"textarea-2\" placeholder=\"Po\u010detnici: koliko puta je sjedio na konju?\nNapredan jaha\u010d: koliko puta je sjedio na konju i jel je galopirao?\" id=\"forminator-field-textarea-2_69e4d492e0885\" class=\"forminator-textarea\" rows=\"6\" style=\"min-height:140px;\" ><\/textarea><\/div><\/div><\/div><div class=\"forminator-row\"><div id=\"textarea-3\" class=\"forminator-field-textarea forminator-col forminator-col-12 \"><div class=\"forminator-field\"><label for=\"forminator-field-textarea-3_69e4d492e0885\" id=\"forminator-field-textarea-3_69e4d492e0885-label\" class=\"forminator-label\">Ostali komentari<\/label><textarea name=\"textarea-3\" placeholder=\"\" id=\"forminator-field-textarea-3_69e4d492e0885\" class=\"forminator-textarea\" rows=\"6\" style=\"min-height:140px;\" ><\/textarea><\/div><\/div><\/div><div class=\"forminator-row\"><div id=\"checkbox-1\" class=\"forminator-field-checkbox forminator-col forminator-col-12 \"><div role=\"group\" class=\"forminator-field required\" aria-labelledby=\"forminator-checkbox-group-forminator-field-checkbox-1-69e4d492e0885-label\"><span id=\"forminator-checkbox-group-forminator-field-checkbox-1-69e4d492e0885-label\" class=\"forminator-label\">Prihva\u0107am KKV Odricanje od odgovornosti svakog jaha\u010da slanjem registraciju. <span class=\"forminator-required\">*<\/span><\/span><label id=\"forminator-field-checkbox-1-1-69e4d492e0885-label\" for=\"forminator-field-checkbox-1-1-69e4d492e0885\" class=\"forminator-checkbox\" title=\"Prihva\u0107am\"><input type=\"checkbox\" name=\"checkbox-1[]\" value=\"one\" id=\"forminator-field-checkbox-1-1-69e4d492e0885\" aria-labelledby=\"forminator-field-checkbox-1-1-69e4d492e0885-label\" data-calculation=\"0\"   data-hidden-behavior=\"zero\"\/><span class=\"forminator-checkbox-box\" aria-hidden=\"true\"><\/span><span class=\"forminator-checkbox-label\">Prihva\u0107am<\/span><\/label><\/div><\/div><\/div><div class=\"forminator-row\"><div id=\"checkbox-2\" class=\"forminator-field-checkbox forminator-col forminator-col-12 \"><div role=\"group\" class=\"forminator-field required\" aria-labelledby=\"forminator-checkbox-group-forminator-field-checkbox-2-69e4d492e0885-label\"><span id=\"forminator-checkbox-group-forminator-field-checkbox-2-69e4d492e0885-label\" class=\"forminator-label\">Slanjem registraciju prihva\u0107am pravila ku\u0107nog reda KKV. <span class=\"forminator-required\">*<\/span><\/span><label id=\"forminator-field-checkbox-2-1-69e4d492e0885-label\" for=\"forminator-field-checkbox-2-1-69e4d492e0885\" class=\"forminator-checkbox\" title=\"Prihva\u0107am\"><input type=\"checkbox\" name=\"checkbox-2[]\" value=\"one\" id=\"forminator-field-checkbox-2-1-69e4d492e0885\" aria-labelledby=\"forminator-field-checkbox-2-1-69e4d492e0885-label\" data-calculation=\"0\"   data-hidden-behavior=\"zero\"\/><span class=\"forminator-checkbox-box\" aria-hidden=\"true\"><\/span><span class=\"forminator-checkbox-label\">Prihva\u0107am<\/span><\/label><\/div><\/div><\/div><input type=\"hidden\" name=\"referer_url\" value=\"\" \/><div class=\"forminator-row forminator-row-last\"><div class=\"forminator-col\"><div class=\"forminator-field\"><button class=\"forminator-button forminator-button-submit\">Po&scaron;alji<\/button><\/div><\/div><\/div><input type=\"hidden\" id=\"forminator_nonce\" name=\"forminator_nonce\" value=\"fdbcba57fb\" \/><input type=\"hidden\" name=\"_wp_http_referer\" value=\"\/hr\/wp-json\/wp\/v2\/pages\/1602\" \/><input type=\"hidden\" name=\"form_id\" value=\"4246\"><input type=\"hidden\" name=\"page_id\" value=\"1602\"><input type=\"hidden\" name=\"form_type\" value=\"default\"><input type=\"hidden\" name=\"current_url\" value=\"https:\/\/horseridingforyou.eu\/hr\/booking\"><input type=\"hidden\" name=\"render_id\" value=\"0\"><input type=\"hidden\" name=\"action\" value=\"forminator_submit_form_custom-forms\"><\/form><\/span><\/p>\n<ul>\n<li style=\"list-style-type: none;\">\n<ul><!--:--><!--:hu--><\/ul>\n<\/li>\n<\/ul>\n<ul>\n<li style=\"list-style-type: none;\">\n<ul>\n<li style=\"list-style-type: none;\">\n<ul>\n<li style=\"list-style-type: none;\"><\/li>\n<\/ul>\n<\/li>\n<\/ul>\n<\/li>\n<\/ul>\n<!-- Facebook Members Plugin by Crunchify: http:\/\/Crunchify.com\/facebook-members\/ -->\n\t\t<div class=\"fb-recommendations-bar\" data-href=\"https:\/\/horseridingforyou.eu\/hr\/booking\" data-read-time=\"5\" data-side=\"\" data-action=\"like\"><\/div>","protected":false},"excerpt":{"rendered":"<p>Dobro do\u0161li na stranice KKV rezervacije. VA\u017dNO! Nakon podno\u0161enja obrasca, po\u0161aljite rezervaciju. Rezervacija se aktivira tek nakon potvrde e-po\u0161tom ili WhatsApp porukom. Samo potvr\u0111ena rezervacija vrijedi! Molimo pogledajte VA\u017dNE to\u010dke izvan rezervacije i pro\u010ditajte ku\u0107ni red i druge dijelove informacija &hellip; <a href=\"https:\/\/horseridingforyou.eu\/hr\/booking\">Continue reading <span class=\"meta-nav\">&rarr;<\/span><\/a><\/p>\n","protected":false},"author":1,"featured_media":0,"parent":0,"menu_order":0,"comment_status":"closed","ping_status":"closed","template":"","meta":{"footnotes":""},"class_list":["post-1602","page","type-page","status-publish","hentry"],"_links":{"self":[{"href":"https:\/\/horseridingforyou.eu\/hr\/wp-json\/wp\/v2\/pages\/1602","targetHints":{"allow":["GET"]}}],"collection":[{"href":"https:\/\/horseridingforyou.eu\/hr\/wp-json\/wp\/v2\/pages"}],"about":[{"href":"https:\/\/horseridingforyou.eu\/hr\/wp-json\/wp\/v2\/types\/page"}],"author":[{"embeddable":true,"href":"https:\/\/horseridingforyou.eu\/hr\/wp-json\/wp\/v2\/users\/1"}],"replies":[{"embeddable":true,"href":"https:\/\/horseridingforyou.eu\/hr\/wp-json\/wp\/v2\/comments?post=1602"}],"version-history":[{"count":49,"href":"https:\/\/horseridingforyou.eu\/hr\/wp-json\/wp\/v2\/pages\/1602\/revisions"}],"predecessor-version":[{"id":4260,"href":"https:\/\/horseridingforyou.eu\/hr\/wp-json\/wp\/v2\/pages\/1602\/revisions\/4260"}],"wp:attachment":[{"href":"https:\/\/horseridingforyou.eu\/hr\/wp-json\/wp\/v2\/media?parent=1602"}],"curies":[{"name":"wp","href":"https:\/\/api.w.org\/{rel}","templated":true}]}}