{"id":173,"date":"2012-04-01T13:52:26","date_gmt":"2012-04-01T11:52:26","guid":{"rendered":"http:\/\/localhost\/wordpress\/?page_id=173"},"modified":"2026-04-07T10:03:33","modified_gmt":"2026-04-07T08:03:33","slug":"military","status":"publish","type":"page","link":"https:\/\/horseridingforyou.eu\/hr\/military","title":{"rendered":"Military i natjecanje"},"content":{"rendered":"<p><iframe loading=\"lazy\" title=\"KISS ME presentation film\" width=\"500\" height=\"281\" src=\"https:\/\/www.youtube.com\/embed\/1TWnow__dNc?feature=oembed\" frameborder=\"0\" allow=\"accelerometer; autoplay; clipboard-write; encrypted-media; gyroscope; picture-in-picture; web-share\" referrerpolicy=\"strict-origin-when-cross-origin\" allowfullscreen><\/iframe><\/p>\n<p><iframe loading=\"lazy\" title=\"FORRAS presentation film\" width=\"500\" height=\"281\" src=\"https:\/\/www.youtube.com\/embed\/e0UdPV5mZI0?feature=oembed\" frameborder=\"0\" allow=\"accelerometer; autoplay; clipboard-write; encrypted-media; gyroscope; picture-in-picture; web-share\" referrerpolicy=\"strict-origin-when-cross-origin\" allowfullscreen><\/iframe><\/p>\n<p><iframe loading=\"lazy\" title=\"MORE film presentation\" width=\"500\" height=\"281\" src=\"https:\/\/www.youtube.com\/embed\/IHlO05_3yp8?feature=oembed\" frameborder=\"0\" allow=\"accelerometer; autoplay; clipboard-write; encrypted-media; gyroscope; picture-in-picture; web-share\" referrerpolicy=\"strict-origin-when-cross-origin\" allowfullscreen><\/iframe><\/p>\n<p style=\"text-align: center;\"><span style=\"color: #ff0000;\"><strong>Trodnevno natjecanje (military)<\/strong><\/span><\/p>\n<p style=\"text-align: justify;\">je jedno od <span style=\"color: #ff0000;\">najve\u0107ih isku \u0161enja za konja i jaha\u010da.<\/span> Uklju\u010duje dresuru, cross i prepone te pokazuje razinu priprmljenosti i uvje\u017ebanosti jaha\u010da i konja kao para. Manja natjecanja traju samo jedan dan, ali na zahtjevnijim natjecanjima program uvijek traje tri dana. Podrijetlo ova natjecanja vuku od starih vremena kada su ljudi trenirali konje za sudjelovanje u bitkama. Dobar konj za bitku je odli\u010dno istreniran, brz, hrabar i spreman prije\u0107i preko razli\u010ditih prepreka. Jaha\u010d je morao obratiti pozornost na brzinu kretanja konja tako da mu \u0161tedi energiju za nadolaze\u0107e napore. Kao olimpijska disciplina military se pojavio prvi puta na OI u Stockholmu 1912. godine. Dresurni program u militaryju se sastoji od kombinacije dvadesetak srednje zahtjevnih dresurnih elemenata koji se izvode u dresurnom manje\u017eu 60m x 20m ili 40m x 20m. Bodove dodijeljuje tro\u010dlano suda\u010dko tijelo,a boduje se to\u010dnost izvedbe, balans, fleksibilnost, ritmi\u010dnost, uvje\u017ebanost jaha\u010dkog para i djelovanje jaha\u010da. Test brzine i izdr\u017eljivosti je cross, koji se na natjecanjima vi\u0161ih kategorija sastoji od 4 dijela: A i C dionice duge su izme\u0111u 10 i 20 kilometara i ja\u0161u se u kenteru ili kasu, dionica B je duga izme\u0111u dva i \u010detiri kilometra i na njoj se nalazi od osam do 12 prepona, dok je dionica D duga od pet do osam kilometara i na njioj je smje\u0161teno izme\u0111u 20 i 32 prepona. Kazneni bodovi dobivaju se za pad, odbijanje ili prekora\u010denje vremena. Preponski parkur je veli\u010dine izme\u0111u 700-900m2 i na njemu se nalazi 10-12 prepona. Razine natjecanja jesu slijede\u0107e: Potpuni po\u010detnici (za konje koji se nikada prije nisu natjecali), Po\u010detnici, Srednje napredni i Napredni. Svaki konj mora pro\u0107i veterinarsku kontrolu prije starta, tijekom crossa i prije prepona. Pobjednik je jaha\u010d koji je dobio najmanje kaznenih bodova. Neke od tipi\u010dnih prepreka na crossu jesu: jezero ili vodeni rov, jaruga, skok preko stola ili stepenice. U militaryju se doga\u0111aju nesre\u0107e i neki ljudi zbog toga napadaju ovaj sport. Bilo bi mnogo bolje da umjesto na napadanje energiju tro\u0161imo na pronala\u017eenje pravog puta za obuku konja i napredovanje od najni\u017ee do najvi\u0161e kategorije. Konji vole cross tijekom kojega pokazuju visok stupanj suradnje s konjem i sre\u0107u.<\/p>\n<p><!--:--><\/p>\n<!-- Facebook Members Plugin by Crunchify: http:\/\/Crunchify.com\/facebook-members\/ -->\n\t\t<div class=\"fb-recommendations-bar\" data-href=\"https:\/\/horseridingforyou.eu\/hr\/military\" data-read-time=\"5\" data-side=\"\" data-action=\"like\"><\/div>","protected":false},"excerpt":{"rendered":"<p>Trodnevno natjecanje (military) je jedno od najve\u0107ih isku \u0161enja za konja i jaha\u010da. Uklju\u010duje dresuru, cross i prepone te pokazuje razinu priprmljenosti i uvje\u017ebanosti jaha\u010da i konja kao para. Manja natjecanja traju samo jedan dan, ali na zahtjevnijim natjecanjima program &hellip; <a href=\"https:\/\/horseridingforyou.eu\/hr\/military\">Continue reading <span class=\"meta-nav\">&rarr;<\/span><\/a><\/p>\n","protected":false},"author":1,"featured_media":0,"parent":0,"menu_order":0,"comment_status":"closed","ping_status":"closed","template":"","meta":{"footnotes":""},"class_list":["post-173","page","type-page","status-publish","hentry"],"_links":{"self":[{"href":"https:\/\/horseridingforyou.eu\/hr\/wp-json\/wp\/v2\/pages\/173","targetHints":{"allow":["GET"]}}],"collection":[{"href":"https:\/\/horseridingforyou.eu\/hr\/wp-json\/wp\/v2\/pages"}],"about":[{"href":"https:\/\/horseridingforyou.eu\/hr\/wp-json\/wp\/v2\/types\/page"}],"author":[{"embeddable":true,"href":"https:\/\/horseridingforyou.eu\/hr\/wp-json\/wp\/v2\/users\/1"}],"replies":[{"embeddable":true,"href":"https:\/\/horseridingforyou.eu\/hr\/wp-json\/wp\/v2\/comments?post=173"}],"version-history":[{"count":16,"href":"https:\/\/horseridingforyou.eu\/hr\/wp-json\/wp\/v2\/pages\/173\/revisions"}],"predecessor-version":[{"id":4458,"href":"https:\/\/horseridingforyou.eu\/hr\/wp-json\/wp\/v2\/pages\/173\/revisions\/4458"}],"wp:attachment":[{"href":"https:\/\/horseridingforyou.eu\/hr\/wp-json\/wp\/v2\/media?parent=173"}],"curies":[{"name":"wp","href":"https:\/\/api.w.org\/{rel}","templated":true}]}}