{"id":1743,"date":"2015-07-04T10:56:47","date_gmt":"2015-07-04T08:56:47","guid":{"rendered":"https:\/\/horseridingforyou.eu\/?page_id=1743"},"modified":"2026-04-09T11:25:29","modified_gmt":"2026-04-09T09:25:29","slug":"biggest-advanture","status":"publish","type":"page","link":"https:\/\/horseridingforyou.eu\/hr\/biggest-advanture","title":{"rendered":"Velika jaha\u0107a avantura s kupanjem"},"content":{"rendered":"<p><!--:hr--><\/p>\n<p style=\"text-align: center;\"><span style=\"color: #ff0000;\"><strong>VELIKA JAHA\u0106KA AVANTURA S KUPANJEM<\/strong><\/span><\/p>\n<p align=\"justify\">Prekrasni jaha\u0107i izleti (3 \u2013 4 sata) do Vranskog jezera! Jaha\u0107a avantura uz kupanje na konjima! Tako\u0111er i po\u010detnici mogu sudjelovati. Poklanjamo marendu (dalmatinski pr\u0161ut, sir, vo\u0107e) i digitalne fotke.<\/p>\n<p style=\"text-align: center;\"><span style=\"color: #ff0000;\"><strong>145 Euro\/Pers.<\/strong><\/span><\/p>\n<p><a href=\"https:\/\/horseridingforyou.eu\/wp-content\/uploads\/2026\/04\/lake_hr-scaled.jpg\" data-rel=\"lightbox-image-0\" data-rl_title=\"\" data-rl_caption=\"\" title=\"\"><img loading=\"lazy\" decoding=\"async\" class=\"aligncenter size-medium wp-image-4341\" src=\"https:\/\/horseridingforyou.eu\/wp-content\/uploads\/2026\/04\/lake_hr-300x154.jpg\" alt=\"\" width=\"300\" height=\"154\" srcset=\"https:\/\/horseridingforyou.eu\/wp-content\/uploads\/2026\/04\/lake_hr-300x154.jpg 300w, https:\/\/horseridingforyou.eu\/wp-content\/uploads\/2026\/04\/lake_hr-1024x524.jpg 1024w, https:\/\/horseridingforyou.eu\/wp-content\/uploads\/2026\/04\/lake_hr-768x393.jpg 768w, https:\/\/horseridingforyou.eu\/wp-content\/uploads\/2026\/04\/lake_hr-1536x786.jpg 1536w, https:\/\/horseridingforyou.eu\/wp-content\/uploads\/2026\/04\/lake_hr-2048x1049.jpg 2048w, https:\/\/horseridingforyou.eu\/wp-content\/uploads\/2026\/04\/lake_hr-800x410.jpg 800w\" sizes=\"auto, (max-width: 300px) 100vw, 300px\" \/><\/a><\/p>\n\r\n\t\t\n\t\t<div id='gallery-1' class='gallery galleryid-1743 gallery-columns-2 gallery-size-medium'><dl class='gallery-item'>\r\n\t\t\t<dt class='gallery-icon landscape'>\r\n\t\t\t\t<a href='https:\/\/horseridingforyou.eu\/wp-content\/uploads\/2026\/04\/lake-bemenetel-csop.jpg' title=\"\" data-rl_title=\"\" class=\"rl-gallery-link\" data-rl_caption=\"\" data-rel=\"lightbox-gallery-0\"><img loading=\"lazy\" decoding=\"async\" width=\"300\" height=\"169\" src=\"https:\/\/horseridingforyou.eu\/wp-content\/uploads\/2026\/04\/lake-bemenetel-csop-300x169.jpg\" class=\"attachment-medium size-medium\" alt=\"\" srcset=\"https:\/\/horseridingforyou.eu\/wp-content\/uploads\/2026\/04\/lake-bemenetel-csop-300x169.jpg 300w, https:\/\/horseridingforyou.eu\/wp-content\/uploads\/2026\/04\/lake-bemenetel-csop-768x432.jpg 768w, https:\/\/horseridingforyou.eu\/wp-content\/uploads\/2026\/04\/lake-bemenetel-csop-800x450.jpg 800w, https:\/\/horseridingforyou.eu\/wp-content\/uploads\/2026\/04\/lake-bemenetel-csop.jpg 960w\" sizes=\"auto, (max-width: 300px) 100vw, 300px\" \/><\/a>\r\n\t\t\t<\/dt><\/dl><dl class='gallery-item'>\r\n\t\t\t<dt class='gallery-icon landscape'>\r\n\t\t\t\t<a href='https:\/\/horseridingforyou.eu\/wp-content\/uploads\/2026\/04\/lake-csoportos.jpg' title=\"\" data-rl_title=\"\" class=\"rl-gallery-link\" data-rl_caption=\"\" data-rel=\"lightbox-gallery-0\"><img loading=\"lazy\" decoding=\"async\" width=\"300\" height=\"169\" src=\"https:\/\/horseridingforyou.eu\/wp-content\/uploads\/2026\/04\/lake-csoportos-300x169.jpg\" class=\"attachment-medium size-medium\" alt=\"\" srcset=\"https:\/\/horseridingforyou.eu\/wp-content\/uploads\/2026\/04\/lake-csoportos-300x169.jpg 300w, https:\/\/horseridingforyou.eu\/wp-content\/uploads\/2026\/04\/lake-csoportos-768x432.jpg 768w, https:\/\/horseridingforyou.eu\/wp-content\/uploads\/2026\/04\/lake-csoportos-800x450.jpg 800w, https:\/\/horseridingforyou.eu\/wp-content\/uploads\/2026\/04\/lake-csoportos.jpg 960w\" sizes=\"auto, (max-width: 300px) 100vw, 300px\" \/><\/a>\r\n\t\t\t<\/dt><\/dl><br style=\"clear: both\" \/><dl class='gallery-item'>\r\n\t\t\t<dt class='gallery-icon landscape'>\r\n\t\t\t\t<a href='https:\/\/horseridingforyou.eu\/wp-content\/uploads\/2026\/04\/terensko-j-3.jpg' title=\"\" data-rl_title=\"\" class=\"rl-gallery-link\" data-rl_caption=\"\" data-rel=\"lightbox-gallery-0\"><img loading=\"lazy\" decoding=\"async\" width=\"300\" height=\"169\" src=\"https:\/\/horseridingforyou.eu\/wp-content\/uploads\/2026\/04\/terensko-j-3-300x169.jpg\" class=\"attachment-medium size-medium\" alt=\"\" srcset=\"https:\/\/horseridingforyou.eu\/wp-content\/uploads\/2026\/04\/terensko-j-3-300x169.jpg 300w, https:\/\/horseridingforyou.eu\/wp-content\/uploads\/2026\/04\/terensko-j-3-768x432.jpg 768w, https:\/\/horseridingforyou.eu\/wp-content\/uploads\/2026\/04\/terensko-j-3-800x450.jpg 800w, https:\/\/horseridingforyou.eu\/wp-content\/uploads\/2026\/04\/terensko-j-3.jpg 960w\" sizes=\"auto, (max-width: 300px) 100vw, 300px\" \/><\/a>\r\n\t\t\t<\/dt><\/dl><dl class='gallery-item'>\r\n\t\t\t<dt class='gallery-icon landscape'>\r\n\t\t\t\t<a href='https:\/\/horseridingforyou.eu\/wp-content\/uploads\/2026\/04\/velika-aventura.jpg' title=\"\" data-rl_title=\"\" class=\"rl-gallery-link\" data-rl_caption=\"\" data-rel=\"lightbox-gallery-0\"><img loading=\"lazy\" decoding=\"async\" width=\"300\" height=\"169\" src=\"https:\/\/horseridingforyou.eu\/wp-content\/uploads\/2026\/04\/velika-aventura-300x169.jpg\" class=\"attachment-medium size-medium\" alt=\"\" srcset=\"https:\/\/horseridingforyou.eu\/wp-content\/uploads\/2026\/04\/velika-aventura-300x169.jpg 300w, https:\/\/horseridingforyou.eu\/wp-content\/uploads\/2026\/04\/velika-aventura-1024x576.jpg 1024w, https:\/\/horseridingforyou.eu\/wp-content\/uploads\/2026\/04\/velika-aventura-768x432.jpg 768w, https:\/\/horseridingforyou.eu\/wp-content\/uploads\/2026\/04\/velika-aventura-1536x864.jpg 1536w, https:\/\/horseridingforyou.eu\/wp-content\/uploads\/2026\/04\/velika-aventura-800x450.jpg 800w, https:\/\/horseridingforyou.eu\/wp-content\/uploads\/2026\/04\/velika-aventura.jpg 1696w\" sizes=\"auto, (max-width: 300px) 100vw, 300px\" \/><\/a>\r\n\t\t\t<\/dt><\/dl><br style=\"clear: both\" \/><\/div>\n\n<p><strong><span style=\"text-decoration: underline;\"><span style=\"color: #ff0000; text-decoration: underline;\">POPUST:<\/span><\/span><\/strong><\/p>\n<p>Prema pravilima cijena.<\/p>\n<p style=\"text-align: justify;\">Jaha\u010dka ruta izabrana je od strane voditelja jahanja prema znanju jaha\u0107a.<br \/>\nDigitalne fotke mo\u017eete tra\u017eiti preko maila: <a href=\"mailto:horseridingbiograd@gmail.com\">horseridingbiograd@gmail.com<\/a><br \/>\nU mailu potrebno je pisati ime jaha\u0107a i datum jahanja, pa mo\u017eete i pisati kako se zove konj koga ste jahali.<br \/>\nSlike mo\u017eete tra\u017eiti unutra mjesec dana nakon jahanja. Ne dr\u017eimo slike vi\u0161e od mjesec dana.<br \/>\nNakon \u0161to ste poslali mail tra\u017eenje za slike, molim Vas, \u010dekajte 3-4 dana, ako niste dobili slike, molim Vas kontaktirajte nas ponovno.<\/p>\n<p><!--:--><!--:hu--><\/p>\n<!-- Facebook Members Plugin by Crunchify: http:\/\/Crunchify.com\/facebook-members\/ -->\n\t\t<div class=\"fb-recommendations-bar\" data-href=\"https:\/\/horseridingforyou.eu\/hr\/biggest-advanture\" data-read-time=\"5\" data-side=\"\" data-action=\"like\"><\/div>","protected":false},"excerpt":{"rendered":"<p>VELIKA JAHA\u0106KA AVANTURA S KUPANJEM Prekrasni jaha\u0107i izleti (3 \u2013 4 sata) do Vranskog jezera! Jaha\u0107a avantura uz kupanje na konjima! Tako\u0111er i po\u010detnici mogu sudjelovati. Poklanjamo marendu (dalmatinski pr\u0161ut, sir, vo\u0107e) i digitalne fotke. 145 Euro\/Pers. POPUST: Prema pravilima &hellip; <a href=\"https:\/\/horseridingforyou.eu\/hr\/biggest-advanture\">Continue reading <span class=\"meta-nav\">&rarr;<\/span><\/a><\/p>\n","protected":false},"author":1,"featured_media":0,"parent":0,"menu_order":0,"comment_status":"closed","ping_status":"closed","template":"","meta":{"footnotes":""},"class_list":["post-1743","page","type-page","status-publish","hentry"],"_links":{"self":[{"href":"https:\/\/horseridingforyou.eu\/hr\/wp-json\/wp\/v2\/pages\/1743","targetHints":{"allow":["GET"]}}],"collection":[{"href":"https:\/\/horseridingforyou.eu\/hr\/wp-json\/wp\/v2\/pages"}],"about":[{"href":"https:\/\/horseridingforyou.eu\/hr\/wp-json\/wp\/v2\/types\/page"}],"author":[{"embeddable":true,"href":"https:\/\/horseridingforyou.eu\/hr\/wp-json\/wp\/v2\/users\/1"}],"replies":[{"embeddable":true,"href":"https:\/\/horseridingforyou.eu\/hr\/wp-json\/wp\/v2\/comments?post=1743"}],"version-history":[{"count":59,"href":"https:\/\/horseridingforyou.eu\/hr\/wp-json\/wp\/v2\/pages\/1743\/revisions"}],"predecessor-version":[{"id":4710,"href":"https:\/\/horseridingforyou.eu\/hr\/wp-json\/wp\/v2\/pages\/1743\/revisions\/4710"}],"wp:attachment":[{"href":"https:\/\/horseridingforyou.eu\/hr\/wp-json\/wp\/v2\/media?parent=1743"}],"curies":[{"name":"wp","href":"https:\/\/api.w.org\/{rel}","templated":true}]}}