{"id":1804,"date":"2015-07-06T13:06:09","date_gmt":"2015-07-06T11:06:09","guid":{"rendered":"https:\/\/horseridingforyou.eu\/?page_id=1804"},"modified":"2026-04-09T11:22:42","modified_gmt":"2026-04-09T09:22:42","slug":"opening-hours","status":"publish","type":"page","link":"https:\/\/horseridingforyou.eu\/hr\/opening-hours","title":{"rendered":"Radno vrijeme"},"content":{"rendered":"<p><!--:hr-->Od 2022. godine radimo samo ljeti (15,05\u201315,09) U SLU\u010cAJU VRIJEME DOPU\u0160TA izme\u0111u 8 i 20 sati.<\/p>\n<p>Uvijek mo\u017eete zatra\u017eiti vi\u0161e informacija o trenutnoj situaciji putem telefona ili e-po\u0161te ili na WhatsApp-u.<\/p>\n<p>ZA DOLAZAK I POSJETE NAS OBAVEZNA REZERVACIJA!<\/p>\n<p>POSJETI I OSOBNI RAZGOVORI tako\u0111er su TEK NAKON DOGOVORA!<\/p>\n<p>Hvala na razumijevanju.<br \/>\n<!--:--><\/p>\n<!-- Facebook Members Plugin by Crunchify: http:\/\/Crunchify.com\/facebook-members\/ -->\n\t\t<div class=\"fb-recommendations-bar\" data-href=\"https:\/\/horseridingforyou.eu\/hr\/opening-hours\" data-read-time=\"5\" data-side=\"\" data-action=\"like\"><\/div>","protected":false},"excerpt":{"rendered":"<p>Od 2022. godine radimo samo ljeti (15,05\u201315,09) U SLU\u010cAJU VRIJEME DOPU\u0160TA izme\u0111u 8 i 20 sati. Uvijek mo\u017eete zatra\u017eiti vi\u0161e informacija o trenutnoj situaciji putem telefona ili e-po\u0161te ili na WhatsApp-u. ZA DOLAZAK I POSJETE NAS OBAVEZNA REZERVACIJA! POSJETI I &hellip; <a href=\"https:\/\/horseridingforyou.eu\/hr\/opening-hours\">Continue reading <span class=\"meta-nav\">&rarr;<\/span><\/a><\/p>\n","protected":false},"author":1,"featured_media":0,"parent":0,"menu_order":0,"comment_status":"closed","ping_status":"closed","template":"","meta":{"footnotes":""},"class_list":["post-1804","page","type-page","status-publish","hentry"],"_links":{"self":[{"href":"https:\/\/horseridingforyou.eu\/hr\/wp-json\/wp\/v2\/pages\/1804","targetHints":{"allow":["GET"]}}],"collection":[{"href":"https:\/\/horseridingforyou.eu\/hr\/wp-json\/wp\/v2\/pages"}],"about":[{"href":"https:\/\/horseridingforyou.eu\/hr\/wp-json\/wp\/v2\/types\/page"}],"author":[{"embeddable":true,"href":"https:\/\/horseridingforyou.eu\/hr\/wp-json\/wp\/v2\/users\/1"}],"replies":[{"embeddable":true,"href":"https:\/\/horseridingforyou.eu\/hr\/wp-json\/wp\/v2\/comments?post=1804"}],"version-history":[{"count":36,"href":"https:\/\/horseridingforyou.eu\/hr\/wp-json\/wp\/v2\/pages\/1804\/revisions"}],"predecessor-version":[{"id":4707,"href":"https:\/\/horseridingforyou.eu\/hr\/wp-json\/wp\/v2\/pages\/1804\/revisions\/4707"}],"wp:attachment":[{"href":"https:\/\/horseridingforyou.eu\/hr\/wp-json\/wp\/v2\/media?parent=1804"}],"curies":[{"name":"wp","href":"https:\/\/api.w.org\/{rel}","templated":true}]}}