{"id":184,"date":"2012-04-01T14:02:25","date_gmt":"2012-04-01T12:02:25","guid":{"rendered":"http:\/\/localhost\/wordpress\/?page_id=184"},"modified":"2026-04-08T12:01:56","modified_gmt":"2026-04-08T10:01:56","slug":"natural-horsemanship","status":"publish","type":"page","link":"https:\/\/horseridingforyou.eu\/hr\/natural-horsemanship","title":{"rendered":"Te\u010daj Natural Horsemanship i kommuniciranje s konjima"},"content":{"rendered":"<p><!--:hr--><\/p>\n<p align=\"center\"><a href=\"https:\/\/horseridingforyou.eu\/wp-content\/uploads\/2026\/04\/robi-tecaj.jpg\" data-rel=\"lightbox-image-0\" data-rl_title=\"\" data-rl_caption=\"\" title=\"\"><img loading=\"lazy\" decoding=\"async\" class=\"aligncenter size-medium wp-image-4554\" src=\"https:\/\/horseridingforyou.eu\/wp-content\/uploads\/2026\/04\/robi-tecaj-300x169.jpg\" alt=\"\" width=\"300\" height=\"169\" srcset=\"https:\/\/horseridingforyou.eu\/wp-content\/uploads\/2026\/04\/robi-tecaj-300x169.jpg 300w, https:\/\/horseridingforyou.eu\/wp-content\/uploads\/2026\/04\/robi-tecaj-768x432.jpg 768w, https:\/\/horseridingforyou.eu\/wp-content\/uploads\/2026\/04\/robi-tecaj-800x450.jpg 800w, https:\/\/horseridingforyou.eu\/wp-content\/uploads\/2026\/04\/robi-tecaj.jpg 960w\" sizes=\"auto, (max-width: 300px) 100vw, 300px\" \/><\/a><\/p>\n<p align=\"center\"><span style=\"color: #ff0000;\"><b>Te\u010daj Kommuniciranje s konjima<\/b><\/span><\/p>\n<p align=\"center\"><span style=\"color: #ff0000;\"><b>Te\u010daj je odr\u017ean\u00a0 11. i 12. sije\u010dnja, 2014. godine<\/b><\/span><\/p>\n<p align=\"center\"><span style=\"color: #ff0000;\"><b>svaki dan\u00a0 9 \u2013 12 i 13:30 \u2013 15:30 sati.<\/b><\/span><\/p>\n<p align=\"center\"><b>\u00a0<\/b><\/p>\n<p>Rije\u010d je \u00a0o te\u010daju u trajanju od dva dana, a \u010diji je primarni cilj stvaranje me\u0111usobnog povjerenja i razumijevanja izme\u0111u konja i \u010dovjeka. Glavne teme su bile; <i>ostvarivanje pravilne komunikacije izme\u0111u konja<\/i> <i>i \u010dovjeka<\/i> te, na temelju pravilne komunikacije, <i>ostvarivanje me\u0111usobnog povjerenja i razumijevanja<\/i>. Tako\u0111er smo analizirali i ljudsko pona\u0161anje, a s ciljem da potaknemo eventualne promjene u ve\u0107 postoje\u0107im stavovima o konjima. Pravilna komunikacija izme\u0111u \u010dovjeka i konja \u00a0mo\u017ee se posti\u0107i jedino ako \u010dovjek usvoji osnove pona\u0161anja me\u0111u konjima, a koje se baziraju upravo na komunikaciji koju i konji sami me\u0111usobno koriste. Dakle, da bi razumjeli konja i da bi konj razumio nas, potrebno je savladati \u00a0osnove konjskog \u201djezika\u201d. U\u010dimo kako prepoznati stanje konja i kako se u datom momentu postaviti i reagirati te kako komunicirati s konjem na njemu \u0161to razumljiviji na\u010din. Nesumnjivo je da su konji divne, plemenite i vrlo inteligentne \u017eivotinje, ali isto tako moramo biti svjesni da u blizini konja moramo uvijek misliti i na svoju sigurnost jer i samo nehoti\u010dna konjska reakcija mo\u017ee izazvati nezgodu. Upravo je to jo\u0161 jedan razlog za\u0161to moramo znati \u201dpro\u010ditati\u201d konjske signale i na taj na\u010din izbje\u0107i mogu\u0107e opasne situacije.<\/p>\n<p><span style=\"text-decoration: underline;\">Komu je te\u010daj namijenjen?<\/span><\/p>\n<p>Te\u010daj je za sve one koji \u017eele nau\u010diti ne\u0161to vi\u0161e o konjima i kako s njima pravilno komunicirati te uspostaviti kvalitetan odnos baziran na povjerenju, a ne na prisili. Jednako je koristan iskusnim konju\u0161arima i jaha\u010dima za usavr\u0161avanje svoga znanja i rada s konjima, kao i potpunim po\u010detnicima.<\/p>\n<p><span style=\"text-decoration: underline;\">\u0160to nam te\u010daj nudi<\/span>?<\/p>\n<p>Dva dana intenzivnih prakti\u010dnih vje\u017ebi s konjima. Vje\u017ebe se odvijaju na na\u010din da svaki polaznik radi s jednim konjem u ogra\u0111enom prostoru (manje\u017eu). Na po\u010detku se radi na usvajanju osnova kretnji u opho\u0111enju s konjem i ostvarivanju me\u0111usobnog povjerenja. Te\u010daj je usmjeren na promoviranje odnosa \u010dovjeka i konja na nenasilan na\u010din temeljen na me\u0111usobnom povjerenju. Polaznik te\u010daja stje\u010de prakti\u010dno primjenjivo znanje koje gotovo univerzalno funkcionira sa svim konjima.<\/p>\n<p><span style=\"text-decoration: underline;\">Na\u0161e iskustvo:<\/span><\/p>\n<p>Te\u010daj je odslu\u0161alo sedam polaznika (cijeli teaj: Nikolina Aramba\u0161i\u0107, Tajana Zub\u010di\u0107, Marijana Oliveri\u0107, Anamaria Longin, jedan dan: An\u0111ela Filipov\u0107i, Diana Krapi\u0107, Robert Krapi\u0107).\u00a0 Svi polaznici imali su isti motiv &#8211;\u00a0 nau\u010diti ne\u0161to vi\u0161e o konjima, odnosno kako pravilno komunicirati i uspostaviti kvalitetan odnos s konjimna baziran na povjerenju, a ne na prisili.<\/p>\n<p>Te\u010daj je zapo\u010deo teorijom, koju smo kasnije trebali primijeniti u kontaktu s konjima: kako ispravno uhvatiti konja, kako ga o\u010distiti (timarenje, \u010di\u0161\u0107enje kopita) i pravilno izmasirati. Nakon \u0161to smo uspje\u0161no uhvatili, o\u010distitli i izmasirali na\u0161e konje imali smo ukusan ru\u010dak. Nakon ru\u010dka uslijedili su jo\u0161 ve\u0107i izazovi za nas po\u010detnike; usvajali smo vje\u0161tinu pravilnog vo\u0111enja konja te kako komunicirati s konjima \u201es poda\u201d , \u0161to zna\u010di da smo trebali nau\u010diti kako natjerati konja da krene (radni hod, kas), stane, da se okrene oko prednjih i stra\u017enjih nogu, da hoda unatragn i u stranu, a da ga pritom ne ja\u0161emo, ve\u0107 stojimo pokraj njega i dajemo mu zapovijedi dodirom. Upravo ove vje\u017ebe olak\u0161avaju u\u010denje davanja tih istih zapovijedi prilikom jahanja. Svi jaha\u010di prvo bi trebali nau\u010diti upravljati konjem \u201es poda\u201d i tek nakon toga po\u010deti u\u010diti jahati.<\/p>\n<p>Drugi dan u\u010dili smo kako pravilno komunicirati s konjima dok ih hranimo i kako uo\u010diti i pravilno protuma\u010diti konjske signale. Nakon toga smo u manje\u017eu radili vrlo zahtjevnu vje\u017ebu &#8211; FREE MOVING. Ova vje\u017eba je bila iznimno zanimljiva i izazovna i mnogi su sumnjali\u00a0 da \u0107e je mo\u0107i samostalno izvesti, npr. join up. Naposljetku, ipak smo je svi uspje\u0161no izveli i iskusili. I bio je to predivan osje\u0107aj!\u00a0 Nakon ru\u010dka \u010dekao nas je novi zadatak \u2013 sve\u00a0 \u0161to smo do tada nau\u010dili trebali smo izvesti bez konopa. Drugim rije\u010dima, trebali smo voditi konja, ali ovaj put bez konopa. I ovaj put smo\u00a0 uspje\u0161no obavili zadatak. I za kraj,\u00a0 ste\u010deno znanje trebali smo primijenili na \u017edrijebadi koja jo\u0161 nikad nije izvodila ove vje\u017ebe, \u0161to je tko\u0111er zavr\u0161ilo vrlo uspje\u0161no.<\/p>\n<p>Te\u010daj je bio fantasti\u010dan! Omogu\u0107io nam je da bolje razumijemo prirodno pona\u0161anje konja i njihov na\u010din komuniciranja, \u0161to nam je dalo ve\u0107u sigurnost u uopho\u0111enju s konjima. Zahvaljuju\u0107i ste\u010denom znanju i vje\u0161tinama sada mo\u017eemo puno opu\u0161tenije i sigurnije u\u017eivati u dru\u0161tvu tih plemenitih \u017eivotinja.<\/p>\n<p style=\"text-align: left;\" align=\"center\"><a href=\"https:\/\/horseridingforyou.eu\/wp-content\/uploads\/2026\/04\/kep1-1.jpg\" data-rel=\"lightbox-image-1\" data-rl_title=\"\" data-rl_caption=\"\" title=\"\"><img loading=\"lazy\" decoding=\"async\" class=\"aligncenter size-medium wp-image-4555\" src=\"https:\/\/horseridingforyou.eu\/wp-content\/uploads\/2026\/04\/kep1-1-300x225.jpg\" alt=\"\" width=\"300\" height=\"225\" srcset=\"https:\/\/horseridingforyou.eu\/wp-content\/uploads\/2026\/04\/kep1-1-300x225.jpg 300w, https:\/\/horseridingforyou.eu\/wp-content\/uploads\/2026\/04\/kep1-1.jpg 720w\" sizes=\"auto, (max-width: 300px) 100vw, 300px\" \/><\/a><\/p>\n<p><span style=\"color: #ff0000;\"><strong>Te\u010daj kommuniciranje s konjima\u00a0\u00a0 9-10, sije\u010danj, 2014<\/strong><\/span><\/p>\n<p>svaki da od 9-12 sati, i od 13.30 do 15.30 sati.<\/p>\n<p>Za ru\u010dak je gula\u0161.<\/p>\n<p>Cijena: 470Kn.<\/p>\n<p>Prijave do 29.12.2013.<\/p>\n<p>Te\u010daj u trajanju od dva dana odnosno stvaranju me\u0111usobnog povjerenja i razumijevanja izme\u0111u konja i \u010dovjeka. Glavne teme su; ostvarivanje pravilne komunikacije izme\u0111u konja i \u010dovjeka te na temelju te komunikacije ostvarivanje me\u0111usobnog povjerenja i razumijevanja. Razmi\u0161ljamo na ljudska pona\u0161anja, a planiramo razvoj u stavovima. Pravilna komunikacija izme\u0111u \u010dovjeka i konja se mo\u017ee desiti jedino ako \u010dovjek usvoji osnove pona\u0161anja me\u0111u konjima koje se baziraju upravo na komunikaciji koju i konji sami me\u0111usobno koriste. Dakle, da bi razumjeli konja i da bi konj razumio nas, najbolje je savladati barem osnove konjskog \u201djezika\u201d. U\u010dimo kako prepoznati stanje konja i kako se u datom momentu postaviti i reagirati te kako komunicirati s konjem na njemu \u0161to razumljiviji na\u010din. Nesumnjivo je da su konji divne, plemenite i vrlo inteligentne \u017eivotinje, ali isto tako moramo biti svjesni da u blizini konja moramo uvijek misliti i na svoju sigurnost jer i samo nehoti\u010dna konjska reakcija mo\u017ee izazvati nesredu. Upravo je to jo\u0161 jedan razlog za\u0161to moramo znati \u201dpro\u010ditati\u201d konjske signale i na taj na\u010din izbjedi mogude opasne situacije.<\/p>\n<p><span style=\"text-decoration: underline;\">Za koga je te\u010daj<\/span>; Te\u010daj je za sve one koji \u017eele nau\u010diti ne\u0161to vi\u0161e o konjima i kako s njima pravilno komunicirati te uspostaviti kvalitetan odnos baziran na povjerenju, a ne na prisili. Jednako je koristan iskusnim konjarima i jaha\u010dima za usavr\u0161avanje svoga znanja i rada s konjima kao i potpunim po\u010detnicima.<\/p>\n<p><span style=\"text-decoration: underline;\">\u0160to nam te\u010daj nudi<\/span>; Dva dana intenzivnih prakti\u010dnih vje\u017ebi sa konjima. Vje\u017ebe se odvijaju na na\u010din da svaki polaznik radi sa jednim konjem u ome\u0111enom prostoru (manje\u017eu). Na po\u010detku se radi na usvajanju osnova kretnji u opho\u0111enju s konjem i ostvarivanju me\u0111usobnog povjerenja. Promoviranje odnosa \u010dovjeka i konja na nenasilan na\u010din temeljen na me\u0111usobnom povjerenju. Polaznik te\u010daja stje\u010de prakti\u010dno primjenjivo znanje koje gotovo univerzalno funkcionira sa svim konjima.<\/p>\n<p><strong><span style=\"color: #ff0000;\">Te\u010daj god. 2011: \u00a0\u00a0<\/span><\/strong>Predava\u010d; Kinga Tabori, iz Ma\u0111arske, Datum; 04-05.06.2011. <span style=\"text-decoration: underline;\">Jezik te\u010daja<\/span>; engleski\/hrvatski <span style=\"text-decoration: underline;\">Cijena<\/span>; 900 kn. U cijenu je uklju\u010den te\u010daj, prevoditelj, najam konja i opreme potrebne za izvo\u0111enje vje\u017ebi te certifikat o zavr\u0161enom te\u010daju.<\/p>\n<p><strong><span style=\"color: #ff0000;\">Termini 2013-2014,<\/span> <\/strong>prijavite se na e-mail adresu Konji\u010dki klub Vencel <strong><span style=\"color: #ff0000;\">Te\u010daj po\u010dinje samo ako ima 6 kandidata!<\/span> <\/strong><\/p>\n<p>Te\u010daj u trajanju od dva dana <span style=\"text-decoration: underline;\">temelji se na principima Natural Horsemanship-a <\/span>(prirodnog konjarstva) odnosno stvaranju me\u0111usobnog povjerenja i razumijevanja izme\u0111u konja i \u010dovjeka. Glavne teme prvog stupnja NH su; ostvarivanje pravilne komunikacije izme\u0111u konja i \u010dovjeka te na temelju te komunikacije ostvarivanje me\u0111usobnog povjerenja i razumijevanja. Pravilna komunikacija izme\u0111u \u010dovjeka i konja se mo\u017ee desiti jedino ako \u010dovjek usvoji osnove pona\u0161anja me\u0111u konjima koje se baziraju upravo na komunikaciji koju i konji sami me\u0111usobno koriste. Dakle, da bi razumjeli konja i da bi konj razumio nas, najbolje je savladati barem osnove konjskog \u201djezika\u201d. NH nas u\u010di kako prepoznati stanje konja i kako se u datom momentu postaviti i reagirati te kako komunicirati s konjem na njemu \u0161to razumljiviji na\u010din. Nesumnjivo je da su konji divne, plemenite i vrlo inteligentne \u017eivotinje, ali isto tako moramo biti svjesni da u blizini konja moramo uvijek misliti i na svoju sigurnost jer i samo nehoti\u010dna konjska reakcija mo\u017ee izazvati nesredu. Upravo je to jo\u0161 jedan razlog za\u0161to moramo znati \u201dpro\u010ditati\u201d konjske signale i na taj na\u010din izbjedi mogude opasne situacije.<\/p>\n<p><span style=\"text-decoration: underline;\">Za koga je te\u010daj<\/span>; Te\u010daj je za sve one koji \u017eele nau\u010diti ne\u0161to vi\u0161e o konjima i kako s njima pravilno komunicirati te uspostaviti kvalitetan odnos baziran na povjerenju, a ne na prisili. Jednako je koristan iskusnim konjarima i jaha\u010dima za usavr\u0161avanje svoga znanja i rada s konjima kao i potpunim po\u010detnicima. NH principi se jednako mogu koristiti u radu sa mladim kao i sa starijim konjima.<\/p>\n<p><span style=\"text-decoration: underline;\">\u0160to nam te\u010daj nudi<\/span>; Dva dana intenzivnih prakti\u010dnih vje\u017ebi sa konjima. Vje\u017ebe se odvijaju na na\u010din da svaki polaznik radi sa jednim konjem u ome\u0111enom prostoru (manje\u017eu). Na po\u010detku se radi na usvajanju osnova kretnji u opho\u0111enju s konjem i ostvarivanju me\u0111usobnog povjerenja. Rad se bazira na \u201digranju\u201d 7 Parellijevih igara. Na prvom stupnju te\u010daja sve vje\u017ebe se odvijaju s poda. Cilj te\u010daja je; Promoviranje odnosa \u010dovjeka i konja na nenasilan na\u010din temeljen na me\u0111usobnom povjerenju. Kroz faze igrica dolazi do povedanja samopouzdanja kod konja jednako kao i kod \u010dovjeka koji sudjeluje u toj interakciji. Polaznik te\u010daja stje\u010de prakti\u010dno primjenjivo znanje koje gotovo univerzalno funkcionira sa svim konjima. Minimalni broj sudionika je 6 osoba, dok je maksimalini broj sudionika 7. Na taj na\u010din osigurava se individualizirani pristup polaznicima. Bududi da je broj mjesta ograni\u010den sudionik se smatra prijavljenim tek nakon izvr\u0161ene uplate i predo\u010denog dokaza o istoj.<\/p>\n<p>Na te\u010daj je <span style=\"text-decoration: underline;\">mogu\u0107e dovesti vlastitog konja<\/span>, ali u tom slu\u010daju tro\u0161ak seminara se povedava za cijenu pansiona za konja.<\/p>\n<p>Za detaljnije <span style=\"text-decoration: underline;\">informacije<\/span> i dogovor obratiti se organizatoru. <span style=\"text-decoration: underline;\">Lokacija i organizator:<\/span><\/p>\n<p>Te\u010daj de se odvijati u konji\u010dkom klubu Vencel, u Biogradu n\/m(Zadarska \u017eupanija) , a organizira se u suradnji sa konji\u010dkim klubom Barangolo Volgy iz Piliscsaba iz Ma\u0111arske.<!--:--><\/p>\n<!-- Facebook Members Plugin by Crunchify: http:\/\/Crunchify.com\/facebook-members\/ -->\n\t\t<div class=\"fb-recommendations-bar\" data-href=\"https:\/\/horseridingforyou.eu\/hr\/natural-horsemanship\" data-read-time=\"5\" data-side=\"\" data-action=\"like\"><\/div>","protected":false},"excerpt":{"rendered":"<p>Te\u010daj Kommuniciranje s konjima Te\u010daj je odr\u017ean\u00a0 11. i 12. sije\u010dnja, 2014. godine svaki dan\u00a0 9 \u2013 12 i 13:30 \u2013 15:30 sati. \u00a0 Rije\u010d je \u00a0o te\u010daju u trajanju od dva dana, a \u010diji je primarni cilj stvaranje me\u0111usobnog &hellip; <a href=\"https:\/\/horseridingforyou.eu\/hr\/natural-horsemanship\">Continue reading <span class=\"meta-nav\">&rarr;<\/span><\/a><\/p>\n","protected":false},"author":1,"featured_media":0,"parent":0,"menu_order":0,"comment_status":"closed","ping_status":"closed","template":"","meta":{"footnotes":""},"class_list":["post-184","page","type-page","status-publish","hentry"],"_links":{"self":[{"href":"https:\/\/horseridingforyou.eu\/hr\/wp-json\/wp\/v2\/pages\/184","targetHints":{"allow":["GET"]}}],"collection":[{"href":"https:\/\/horseridingforyou.eu\/hr\/wp-json\/wp\/v2\/pages"}],"about":[{"href":"https:\/\/horseridingforyou.eu\/hr\/wp-json\/wp\/v2\/types\/page"}],"author":[{"embeddable":true,"href":"https:\/\/horseridingforyou.eu\/hr\/wp-json\/wp\/v2\/users\/1"}],"replies":[{"embeddable":true,"href":"https:\/\/horseridingforyou.eu\/hr\/wp-json\/wp\/v2\/comments?post=184"}],"version-history":[{"count":24,"href":"https:\/\/horseridingforyou.eu\/hr\/wp-json\/wp\/v2\/pages\/184\/revisions"}],"predecessor-version":[{"id":4570,"href":"https:\/\/horseridingforyou.eu\/hr\/wp-json\/wp\/v2\/pages\/184\/revisions\/4570"}],"wp:attachment":[{"href":"https:\/\/horseridingforyou.eu\/hr\/wp-json\/wp\/v2\/media?parent=184"}],"curies":[{"name":"wp","href":"https:\/\/api.w.org\/{rel}","templated":true}]}}