{"id":198,"date":"2012-04-01T14:17:10","date_gmt":"2012-04-01T12:17:10","guid":{"rendered":"http:\/\/localhost\/wordpress\/?page_id=198"},"modified":"2026-04-08T11:35:46","modified_gmt":"2026-04-08T09:35:46","slug":"order-programs","status":"publish","type":"page","link":"https:\/\/horseridingforyou.eu\/hr\/order-programs","title":{"rendered":"Programi po naru\u0111bi"},"content":{"rendered":"<p><a href=\"http:\/\/horseridingforyou.eu\/wp-content\/uploads\/2026\/03\/kep12.jpg\" data-rel=\"lightbox-image-0\" data-rl_title=\"\" data-rl_caption=\"\" title=\"\"><img loading=\"lazy\" decoding=\"async\" class=\"aligncenter size-medium wp-image-4149\" src=\"http:\/\/horseridingforyou.eu\/wp-content\/uploads\/2026\/03\/kep12-300x225.jpg\" alt=\"Reni\" width=\"300\" height=\"225\" srcset=\"https:\/\/horseridingforyou.eu\/wp-content\/uploads\/2026\/03\/kep12-300x225.jpg 300w, https:\/\/horseridingforyou.eu\/wp-content\/uploads\/2026\/03\/kep12.jpg 720w\" sizes=\"auto, (max-width: 300px) 100vw, 300px\" \/><\/a><\/p>\n<p style=\"text-align: center;\"><span style=\"color: #ffff00;\"><strong>ANGA\u017dIRAJTE NAS DA OBOGATIMO VA\u0160U RO\u0110ENDANSKU PROSLAVU, VJEN\u010cANJE ILI NEKU DRUGU PROSLAVU<\/strong><\/span><\/p>\n<p><strong>POSTOJI MOGU\u0106NOST ORGANIZIRANJA VA\u0160E PROSLAVE U KLUBU<\/strong><\/p>\n<p style=\"text-align: justify;\"><strong>ANGA\u017dIRAJTE NAS DA DO\u0110EMO NA VA\u0160U PROSLAVU<\/strong> <strong>(npr. vjen\u010danje, turisti\u010dki programi)<\/strong><\/p>\n<ul>\n<li>fotografiranje<\/li>\n<li>jahanje<\/li>\n<\/ul>\n<p style=\"text-align: justify;\">Pozovite nas na lokaciju na kojoj se \u017eelite slikati s konjima. (npr. Na pla\u017eu, pokraj Vranskog jezera ili bilo koja druga atraktivna lokacija) Primjeri: Uvijek osiguravamo pomo\u0107nika koji vodi konja i uvijek je uz njega.<\/p>\n<p><strong>ANGA\u017dIRAJTE NAS ZA VA\u0160E PROGRAME JAHANJA ZA DJECU<\/strong><\/p>\n<p><!--:--><\/p>\n<!-- Facebook Members Plugin by Crunchify: http:\/\/Crunchify.com\/facebook-members\/ -->\n\t\t<div class=\"fb-recommendations-bar\" data-href=\"https:\/\/horseridingforyou.eu\/hr\/order-programs\" data-read-time=\"5\" data-side=\"\" data-action=\"like\"><\/div>","protected":false},"excerpt":{"rendered":"<p>ANGA\u017dIRAJTE NAS DA OBOGATIMO VA\u0160U RO\u0110ENDANSKU PROSLAVU, VJEN\u010cANJE ILI NEKU DRUGU PROSLAVU POSTOJI MOGU\u0106NOST ORGANIZIRANJA VA\u0160E PROSLAVE U KLUBU ANGA\u017dIRAJTE NAS DA DO\u0110EMO NA VA\u0160U PROSLAVU (npr. vjen\u010danje, turisti\u010dki programi) fotografiranje jahanje Pozovite nas na lokaciju na kojoj se \u017eelite &hellip; <a href=\"https:\/\/horseridingforyou.eu\/hr\/order-programs\">Continue reading <span class=\"meta-nav\">&rarr;<\/span><\/a><\/p>\n","protected":false},"author":1,"featured_media":0,"parent":0,"menu_order":0,"comment_status":"closed","ping_status":"closed","template":"","meta":{"footnotes":""},"class_list":["post-198","page","type-page","status-publish","hentry"],"_links":{"self":[{"href":"https:\/\/horseridingforyou.eu\/hr\/wp-json\/wp\/v2\/pages\/198","targetHints":{"allow":["GET"]}}],"collection":[{"href":"https:\/\/horseridingforyou.eu\/hr\/wp-json\/wp\/v2\/pages"}],"about":[{"href":"https:\/\/horseridingforyou.eu\/hr\/wp-json\/wp\/v2\/types\/page"}],"author":[{"embeddable":true,"href":"https:\/\/horseridingforyou.eu\/hr\/wp-json\/wp\/v2\/users\/1"}],"replies":[{"embeddable":true,"href":"https:\/\/horseridingforyou.eu\/hr\/wp-json\/wp\/v2\/comments?post=198"}],"version-history":[{"count":30,"href":"https:\/\/horseridingforyou.eu\/hr\/wp-json\/wp\/v2\/pages\/198\/revisions"}],"predecessor-version":[{"id":4540,"href":"https:\/\/horseridingforyou.eu\/hr\/wp-json\/wp\/v2\/pages\/198\/revisions\/4540"}],"wp:attachment":[{"href":"https:\/\/horseridingforyou.eu\/hr\/wp-json\/wp\/v2\/media?parent=198"}],"curies":[{"name":"wp","href":"https:\/\/api.w.org\/{rel}","templated":true}]}}