{"id":2103,"date":"2025-07-20T20:44:08","date_gmt":"2025-07-20T18:44:08","guid":{"rendered":"https:\/\/horseridingforyou.eu\/?page_id=2103"},"modified":"2026-04-06T22:04:55","modified_gmt":"2026-04-06T20:04:55","slug":"contact","status":"publish","type":"page","link":"https:\/\/horseridingforyou.eu\/hr\/contact","title":{"rendered":"Kontakt"},"content":{"rendered":"\n<p><\/p>\n\n\n\n<p><strong>E-mail: <\/strong><a href=\"mailto:info@horseridingforyou.eu\" target=\"_blank\" rel=\"noreferrer noopener\">info@horseridingforyou.eu<\/a><\/p>\n\n\n\n<p><strong>Facebook: <\/strong><a href=\"https:\/\/www.facebook.com\/konjickiklub.vencel\" target=\"_blank\" rel=\"noreferrer noopener\">Konjicki klub Vencel<\/a><\/p>\n\n\n\n<p><strong>Tel:&nbsp;<\/strong>099-5188347 Ren\u00e1ta T\u00e1bori<\/p>\n\n\n\n<p>Mo\u017eete nam pisati na WhatsApp ili e-mail.<\/p>\n\n\n\n<p><strong>Lokacija jahanja:<\/strong>&nbsp;blizu&nbsp;&nbsp;Biograda&nbsp;na&nbsp;Moru&nbsp;izme\u0111u&nbsp;Jankolovice&nbsp;i&nbsp;Kakme.<\/p>\n\n\n\n<p><strong>Najlak\u0161i na\u010din da nas prona\u0111ete:<\/strong><\/p>\n\n\n\n<p><strong>GPS:<\/strong>&nbsp;N43.9622\u00b0 E15.4962\u00b0<\/p>\n\n\n<style type=\"text\/css\" id=\"gmpMapStyles_1_23650\">\r\n\t#google_map_easy_1_23650 {\r\n        width: 100%;\r\n        height: 400px;\r\n\t\t\t\t\t\t    }\r\n\t#gmapControlsNum_1_23650 {\r\n\t\twidth:100%\t}\r\n\t.gmpMapDetailsContainer#gmpMapDetailsContainer_1_23650 {\r\n\t\theight:400px;\r\n\t}\r\n\t.gmp_MapPreview#google_map_easy_1_23650 {\r\n\t\t\/*position:absolute;*\/\r\n\t\twidth: 100%;\r\n\t}\r\n\t#mapConElem_1_23650{\r\n\t\twidth: 100%\t}\r\n    .gm-style .gm-style-iw-c{\r\n        padding: 12px!important;\r\n    }\r\n\t    <\/style>\r\n <div class=\"gmp_map_opts\" id=\"mapConElem_1_23650\" data-id=\"1\" data-view-id=\"1_23650\" > <div class=\"gmpMapDetailsContainer\" id=\"gmpMapDetailsContainer_1_23650\"> <i class=\"gmpKMLLayersPreloader fa fa-spinner fa-spin\" aria-hidden=\"true\" style=\"display: none;\"><\/i> <div class=\"gmp_MapPreview \" id=\"google_map_easy_1_23650\"><\/div> <\/div> <div class=\"gmpMapMarkerFilters\" id=\"gmpMapMarkerFilters_1_23650\"> <\/div> <div class=\"gmpMapProControlsCon\" id=\"gmpMapProControlsCon_1_23650\"> <a title=\"WP Google Maps\" style=\"display:none;\" href=\"https:\/\/supsystic.com\/plugins\/google-maps-plugin\/?utm_medium=love_link_hide\" target=\"_blank\">WP Google Maps<\/a><div style=\"clear: both;\"><\/div> <\/div> <div class=\"gmpMapProDirectionsCon\" id=\"gmpMapProDirectionsCon_1_23650\" > <\/div> <div class=\"gmpMapProKmlFilterCon\" id=\"gmpMapProKmlFilterCon_1_23650\" > <\/div> <div class=\"gmpSocialSharingShell gmpSocialSharingShell_1_23650\"> <\/div> <div style=\"clear: both;\"><\/div> <\/div> \n\n\n\n<p><strong>Iz Kakme:<\/strong>&nbsp;nakon&nbsp;drugog&nbsp;mosta&nbsp;skrenuti&nbsp;lijevo&nbsp;na&nbsp;makadam, 500&nbsp;metara&nbsp;dalje&nbsp;je&nbsp;klub.<\/p>\n\n\n\n<p><strong>Iz Biograda<\/strong>:&nbsp;nakon&nbsp;prvog mosta skrenuti skroz&nbsp;desno&nbsp;na&nbsp;makadam, 500 metara&nbsp;dalje&nbsp;je&nbsp;klub.<\/p>\n<!-- Facebook Members Plugin by Crunchify: http:\/\/Crunchify.com\/facebook-members\/ -->\n\t\t<div class=\"fb-recommendations-bar\" data-href=\"https:\/\/horseridingforyou.eu\/hr\/contact\" data-read-time=\"5\" data-side=\"\" data-action=\"like\"><\/div>","protected":false},"excerpt":{"rendered":"<p>E-mail: info@horseridingforyou.eu Facebook: Konjicki klub Vencel Tel:&nbsp;099-5188347 Ren\u00e1ta T\u00e1bori Mo\u017eete nam pisati na WhatsApp ili e-mail. Lokacija jahanja:&nbsp;blizu&nbsp;&nbsp;Biograda&nbsp;na&nbsp;Moru&nbsp;izme\u0111u&nbsp;Jankolovice&nbsp;i&nbsp;Kakme. Najlak\u0161i na\u010din da nas prona\u0111ete: GPS:&nbsp;N43.9622\u00b0 E15.4962\u00b0 Iz Kakme:&nbsp;nakon&nbsp;drugog&nbsp;mosta&nbsp;skrenuti&nbsp;lijevo&nbsp;na&nbsp;makadam, 500&nbsp;metara&nbsp;dalje&nbsp;je&nbsp;klub. Iz Biograda:&nbsp;nakon&nbsp;prvog mosta skrenuti skroz&nbsp;desno&nbsp;na&nbsp;makadam, 500 metara&nbsp;dalje&nbsp;je&nbsp;klub.<\/p>\n","protected":false},"author":1,"featured_media":0,"parent":0,"menu_order":0,"comment_status":"closed","ping_status":"closed","template":"","meta":{"footnotes":""},"class_list":["post-2103","page","type-page","status-publish","hentry"],"_links":{"self":[{"href":"https:\/\/horseridingforyou.eu\/hr\/wp-json\/wp\/v2\/pages\/2103","targetHints":{"allow":["GET"]}}],"collection":[{"href":"https:\/\/horseridingforyou.eu\/hr\/wp-json\/wp\/v2\/pages"}],"about":[{"href":"https:\/\/horseridingforyou.eu\/hr\/wp-json\/wp\/v2\/types\/page"}],"author":[{"embeddable":true,"href":"https:\/\/horseridingforyou.eu\/hr\/wp-json\/wp\/v2\/users\/1"}],"replies":[{"embeddable":true,"href":"https:\/\/horseridingforyou.eu\/hr\/wp-json\/wp\/v2\/comments?post=2103"}],"version-history":[{"count":31,"href":"https:\/\/horseridingforyou.eu\/hr\/wp-json\/wp\/v2\/pages\/2103\/revisions"}],"predecessor-version":[{"id":4182,"href":"https:\/\/horseridingforyou.eu\/hr\/wp-json\/wp\/v2\/pages\/2103\/revisions\/4182"}],"wp:attachment":[{"href":"https:\/\/horseridingforyou.eu\/hr\/wp-json\/wp\/v2\/media?parent=2103"}],"curies":[{"name":"wp","href":"https:\/\/api.w.org\/{rel}","templated":true}]}}