{"id":91,"date":"2012-03-27T12:07:51","date_gmt":"2012-03-27T10:07:51","guid":{"rendered":"http:\/\/localhost\/wordpress\/?page_id=91"},"modified":"2026-04-08T12:50:09","modified_gmt":"2026-04-08T10:50:09","slug":"eu-programs","status":"publish","type":"page","link":"https:\/\/horseridingforyou.eu\/hr\/eu-programs","title":{"rendered":"EU programi"},"content":{"rendered":"<p><!--:hr--><\/p>\n<h3 style=\"text-align: center;\"><span style=\"color: #ff0000;\">Leonardo da Vinci Mobilnost Program 2013:<\/span><\/h3>\n<p style=\"text-align: center;\"><span style=\"color: #ff0000;\">Edukacija i Kultura DG, Program za cijelo\u017eivotno u\u010denje\u00a0<\/span><\/p>\n<p><iframe loading=\"lazy\" title=\"FILM LDV at KKV\" width=\"500\" height=\"375\" src=\"https:\/\/www.youtube.com\/embed\/C3khAnEW0SQ?feature=oembed\" frameborder=\"0\" allow=\"accelerometer; autoplay; clipboard-write; encrypted-media; gyroscope; picture-in-picture; web-share\" referrerpolicy=\"strict-origin-when-cross-origin\" allowfullscreen><\/iframe><\/p>\n<p style=\"text-align: justify;\"><a href=\"https:\/\/horseridingforyou.eu\/wp-content\/uploads\/2026\/04\/eu_flag_llp_en-01-scaled.jpg\" data-rel=\"lightbox-image-0\" data-rl_title=\"\" data-rl_caption=\"\" title=\"\"><img loading=\"lazy\" decoding=\"async\" class=\"aligncenter size-medium wp-image-4404\" src=\"https:\/\/horseridingforyou.eu\/wp-content\/uploads\/2026\/04\/eu_flag_llp_en-01-300x117.jpg\" alt=\"\" width=\"300\" height=\"117\" srcset=\"https:\/\/horseridingforyou.eu\/wp-content\/uploads\/2026\/04\/eu_flag_llp_en-01-300x117.jpg 300w, https:\/\/horseridingforyou.eu\/wp-content\/uploads\/2026\/04\/eu_flag_llp_en-01-1024x398.jpg 1024w, https:\/\/horseridingforyou.eu\/wp-content\/uploads\/2026\/04\/eu_flag_llp_en-01-768x298.jpg 768w, https:\/\/horseridingforyou.eu\/wp-content\/uploads\/2026\/04\/eu_flag_llp_en-01-1536x597.jpg 1536w, https:\/\/horseridingforyou.eu\/wp-content\/uploads\/2026\/04\/eu_flag_llp_en-01-2048x796.jpg 2048w, https:\/\/horseridingforyou.eu\/wp-content\/uploads\/2026\/04\/eu_flag_llp_en-01-800x311.jpg 800w\" sizes=\"auto, (max-width: 300px) 100vw, 300px\" \/><\/a><\/p>\n<p style=\"text-align: justify;\">U projekt su bile uklju\u010dene dvije organizacije: Konji\u010dki klub Vencel (Hrvatska) kao koordinator i organizator i Pferdezucht- und Reitverein Luhmuhlen (Njema\u010dka) kao partner doma\u0107in. Jedan sudionik (u\u010ditelj\/trener) iz Konji\u010dkog klubaVencel razmjenio je iskustva s partnerom iz druge zemlje.<\/p>\n<p style=\"text-align: justify;\">Mobilnost je organizirana u Njema\u010dkoj\u00a0 u razdoblju od 04.03.2013. do 31.03.2013.<\/p>\n<p style=\"text-align: justify;\">Projekt podupire sudionike i uklju\u010dene organizacije u treniranju milittary jahanja, u stjecanju obuke te u kori\u0161tenju znanja, vje\u0161tina i kvalifikacija kako bi se steklo teoretsko i prakti\u010dno znanje koje se ne mo\u017ee na\u0107i u knjigama, ve\u0107 se mo\u017ee ste\u0107i samo kroz\u00a0 iskustvo. Projekt je tako\u0111er velika podr\u0161ka osobnom rastu i razvoju.<\/p>\n<p style=\"text-align: justify;\">Osim toga, projekt podupire sudjelovanje na europskom tr\u017ei\u0161tu rada. U Hrvatskoj, umjetnost millitary jahanja je inovacija, uop\u0107e nije praksa.<\/p>\n<p style=\"text-align: justify;\">Na\u0161i budu\u0107i ciljevi, kao nastavak projekta, su ohrabriti jaha\u010de u millitary jahanju, ohrabriti ih da nau\u010de umije\u0107e tog jahanja te ponuditi ljudima dobro uspostavljen sustav iskustvenog treninga na europskoj razini, a s ciljrm da i na\u0161a zemlja mo\u017ee sudjelovati u nekim europskim aktivnostima iz tog podru\u010dja. Na\u0161 projekt podr\u017eava pobolj\u0161anja u kvaliteti i inovacijama, u strukovnom obrazovanju, osposobljavanju i praksi. Nadalje, projekt podr\u017eava prijenos, pobolj\u0161anje i nadogradnju kompetencija te inovativne metode i prakse u podru\u010dju strukovnog obrazovanja i osposobljavanja. Tako\u0111er podr\u017eava u\u010denje stranih jezika, kao\u00a0 i uzajamno u\u010denje kroz razmjenu iskustava.<\/p>\n<p style=\"text-align: justify;\">Uklju\u010dena organizacija raste u znanju, vje\u0161tinama, treninzima, kvalifikacijama i praksi. Tako\u0111er \u0107e omogu\u0107iti osobni razvoj. Kandidata \u0107e se bli\u017eiti military jahanje i trening na me\u0111unarodnoj razini u kvaliteti.<\/p>\n<p style=\"text-align: justify;\"><span style=\"color: #ff0000;\">Europska Volonterska Slu\u017eba\u00a0<\/span><span style=\"color: #ff0000;\">Mladi na Djelu Program 2012<br \/>\n<\/span><span style=\"text-decoration: underline;\"><a href=\"https:\/\/horseridingforyou.eu\/wp-content\/uploads\/2012\/03\/IZGRADNJA-PROSTORA-ZA-AKTIVNOSTI-MLADIH-LJUDI-TE-AKTIVNOSTI-VEZANE-UZ-KONJE-MLADE-I-%C5%BDIVOT-NA-RANCHU.pdf\">IZGRADNJA PROSTORA ZA AKTIVNOSTI MLADIH LJUDI, TE AKTIVNOSTI VEZANE UZ KONJE , MLADE I \u017dIVOT NA RANCHU<\/a><span style=\"color: #000000; text-decoration: underline;\">.<\/span><\/span> 7.02.2012-6.09.2012<\/p>\n<p style=\"text-align: justify;\">Mi smo imali samo jednu volonterku koja je podr\u017eavala program i organizaciju i koja je zaista puno pridonijela.\u00a0\u00a0 MAIKE NIIDUVIIR, hvala!\u00a0\u00a0Ovaj film je za tebe i za na\u0161a lijepa iskustva s tobom.<\/p>\n<p style=\"text-align: justify;\"><a href=\"https:\/\/vimeo.com\/54906779\" target=\"_blank\" rel=\"noopener\">https:\/\/vimeo.com\/<wbr \/>54906779<\/a><\/p>\n<p style=\"text-align: justify;\"><span style=\"color: #ff0000;\">Razmjene mladih Mladi na djelu 2012<br \/>\n<\/span><a href=\"https:\/\/horseridingforyou.eu\/wp-content\/uploads\/2012\/03\/Razvijanje-osobnosti-i-sposobnosti-kroz-programme-vezane-za-konje-i-jahanje.pdf\">Razvijanje osobnosti i sposobnosti kroz programme vezane za konje i jahanje<\/a>, DATUMI:\u00a0 od 17. do 29. srpnja 2012.<\/p>\n<p style=\"text-align: justify;\">Program je bio fantasti\u010dan i to zahvaljuju\u0107i sudionicima i organizatorima\u00a0\ud83d\ude42<\/p>\n<p style=\"text-align: justify;\"><a href=\"https:\/\/horseridingforyou.eu\/wp-content\/uploads\/2026\/04\/razmjene-mladih.jpg\" data-rel=\"lightbox-image-1\" data-rl_title=\"\" data-rl_caption=\"\" title=\"\"><img loading=\"lazy\" decoding=\"async\" class=\"aligncenter size-medium wp-image-4403\" src=\"https:\/\/horseridingforyou.eu\/wp-content\/uploads\/2026\/04\/razmjene-mladih-300x225.jpg\" alt=\"\" width=\"300\" height=\"225\" srcset=\"https:\/\/horseridingforyou.eu\/wp-content\/uploads\/2026\/04\/razmjene-mladih-300x225.jpg 300w, https:\/\/horseridingforyou.eu\/wp-content\/uploads\/2026\/04\/razmjene-mladih-768x576.jpg 768w, https:\/\/horseridingforyou.eu\/wp-content\/uploads\/2026\/04\/razmjene-mladih.jpg 800w\" sizes=\"auto, (max-width: 300px) 100vw, 300px\" \/><\/a><\/p>\n<p><a href=\"https:\/\/horseridingforyou.eu\/wp-content\/uploads\/2026\/04\/mladi-na-djelu.jpg\" data-rel=\"lightbox-image-2\" data-rl_title=\"\" data-rl_caption=\"\" title=\"\"><img loading=\"lazy\" decoding=\"async\" class=\"aligncenter size-medium wp-image-4406\" src=\"https:\/\/horseridingforyou.eu\/wp-content\/uploads\/2026\/04\/mladi-na-djelu-300x119.jpg\" alt=\"\" width=\"300\" height=\"119\" srcset=\"https:\/\/horseridingforyou.eu\/wp-content\/uploads\/2026\/04\/mladi-na-djelu-300x119.jpg 300w, https:\/\/horseridingforyou.eu\/wp-content\/uploads\/2026\/04\/mladi-na-djelu-768x304.jpg 768w, https:\/\/horseridingforyou.eu\/wp-content\/uploads\/2026\/04\/mladi-na-djelu.jpg 800w\" sizes=\"auto, (max-width: 300px) 100vw, 300px\" \/><\/a><\/p>\n<p><a href=\"https:\/\/horseridingforyou.eu\/wp-content\/uploads\/2026\/04\/mladi.jpg\" data-rel=\"lightbox-image-3\" data-rl_title=\"\" data-rl_caption=\"\" title=\"\"><img loading=\"lazy\" decoding=\"async\" class=\"aligncenter size-medium wp-image-4405\" src=\"https:\/\/horseridingforyou.eu\/wp-content\/uploads\/2026\/04\/mladi-300x190.jpg\" alt=\"\" width=\"300\" height=\"190\" srcset=\"https:\/\/horseridingforyou.eu\/wp-content\/uploads\/2026\/04\/mladi-300x190.jpg 300w, https:\/\/horseridingforyou.eu\/wp-content\/uploads\/2026\/04\/mladi.jpg 763w\" sizes=\"auto, (max-width: 300px) 100vw, 300px\" \/><\/a><\/p>\n<p style=\"text-align: justify;\"><span style=\"color: #ff0000;\"><strong>RAZMJENE MLADIH 2011<br \/>\n<\/strong><\/span><strong><a href=\"https:\/\/horseridingforyou.eu\/wp-content\/uploads\/2012\/03\/Me\u0111ukulturalni-odnos-i-razgovor-o-zdravstvenim-probemima-fokusiran-na-poslijeratnom-sindromu-uz-kori\u0161tenje-obrazovanja-kroz-aktivnosti-na-otvorenom-i-izgradnju-kontakta-s-konjima.pdf\">Me\u0111ukulturalni odnos i razgovor o zdravstvenim probemima (fokusiran na poslijeratnom sindromu), uz kori\u0161tenje obrazovanja kroz aktivnosti na otvorenom i izgradnju kontakta s konjima<\/a>.\u00a0DATUM: 16-29. Kolovoz, 2011., mjesto: Konji\u010dki Klub Vencel<\/strong><\/p>\n<p style=\"text-align: justify;\"><strong><strong><span style=\"color: #ff0000;\">RAZMJENE MLADIH 2012<br \/>\n<\/span><\/strong><\/strong>\u00a0<strong><strong style=\"line-height: 1.7;\"><em><strong><em><a href=\"https:\/\/horseridingforyou.eu\/wp-content\/uploads\/2012\/03\/New-direction-\u2013-participation-in-sports-activities-and-developing-of-social-relationships-through-horses\u2018-help.pdf\">Novi smjer \u00a0\u2013 sudjelovanje u sportskim aktivnostima i razvijanje dru\u0161tvenih odnosa uz pomo\u010d konja<\/a><\/em><\/strong>. DATE: 13-26August, 2012<\/em><\/strong><\/strong> <strong>EUROPSKA VOLUNTERSKA SLU\u017dBA\u00a0<\/strong><\/p>\n<p style=\"text-align: justify;\">Projekt je imao odre\u0111enih organizacijskih te\u0161ko\u0107a. Zahvaljujemo svim \u010dlanovima tko su htjeli na potpori.<\/p>\n<p style=\"text-align: justify;\"><span style=\"color: #ff0000;\">EUROPSKA VOLONTERSKA SLU\u017dBA 2011-2012<br \/>\n<\/span><a href=\"https:\/\/horseridingforyou.eu\/wp-content\/uploads\/2012\/03\/Stvaranje-aktivne-skupine-mladih-kroz-jahanje-i-njegovim-aktivnostima.pdf\">Stvaranje aktivne skupine mladih kroz jahanje i njegovim aktivnostima<\/a>.\u00a011.07.2011-10.05.2012, mjesto: Konji\u010dki klub Vencel Hvala, Philippa Meran volonterka! Uvijek si dobrodo\u0161la kod nas!<\/p>\n<p style=\"text-align: justify;\">Hvala volonterki Philippi Meran! Uvijek si dobrodo\u0161la kod nas!<\/p>\n<p><!--:--><!--:en--><\/p>\n<p><!--:--><\/p>\n<!-- Facebook Members Plugin by Crunchify: http:\/\/Crunchify.com\/facebook-members\/ -->\n\t\t<div class=\"fb-recommendations-bar\" data-href=\"https:\/\/horseridingforyou.eu\/hr\/eu-programs\" data-read-time=\"5\" data-side=\"\" data-action=\"like\"><\/div>","protected":false},"excerpt":{"rendered":"<p>Leonardo da Vinci Mobilnost Program 2013: Edukacija i Kultura DG, Program za cijelo\u017eivotno u\u010denje\u00a0 U projekt su bile uklju\u010dene dvije organizacije: Konji\u010dki klub Vencel (Hrvatska) kao koordinator i organizator i Pferdezucht- und Reitverein Luhmuhlen (Njema\u010dka) kao partner doma\u0107in. Jedan sudionik &hellip; <a href=\"https:\/\/horseridingforyou.eu\/hr\/eu-programs\">Continue reading <span class=\"meta-nav\">&rarr;<\/span><\/a><\/p>\n","protected":false},"author":1,"featured_media":0,"parent":0,"menu_order":0,"comment_status":"closed","ping_status":"closed","template":"","meta":{"footnotes":""},"class_list":["post-91","page","type-page","status-publish","hentry"],"_links":{"self":[{"href":"https:\/\/horseridingforyou.eu\/hr\/wp-json\/wp\/v2\/pages\/91","targetHints":{"allow":["GET"]}}],"collection":[{"href":"https:\/\/horseridingforyou.eu\/hr\/wp-json\/wp\/v2\/pages"}],"about":[{"href":"https:\/\/horseridingforyou.eu\/hr\/wp-json\/wp\/v2\/types\/page"}],"author":[{"embeddable":true,"href":"https:\/\/horseridingforyou.eu\/hr\/wp-json\/wp\/v2\/users\/1"}],"replies":[{"embeddable":true,"href":"https:\/\/horseridingforyou.eu\/hr\/wp-json\/wp\/v2\/comments?post=91"}],"version-history":[{"count":60,"href":"https:\/\/horseridingforyou.eu\/hr\/wp-json\/wp\/v2\/pages\/91\/revisions"}],"predecessor-version":[{"id":4594,"href":"https:\/\/horseridingforyou.eu\/hr\/wp-json\/wp\/v2\/pages\/91\/revisions\/4594"}],"wp:attachment":[{"href":"https:\/\/horseridingforyou.eu\/hr\/wp-json\/wp\/v2\/media?parent=91"}],"curies":[{"name":"wp","href":"https:\/\/api.w.org\/{rel}","templated":true}]}}