{"id":1298,"date":"2013-10-17T21:25:26","date_gmt":"2013-10-17T19:25:26","guid":{"rendered":"https:\/\/horseridingforyou.eu\/?page_id=1298"},"modified":"2026-04-07T18:09:04","modified_gmt":"2026-04-07T16:09:04","slug":"therapeutic-effect","status":"publish","type":"page","link":"https:\/\/horseridingforyou.eu\/hu\/therapeutic-effect","title":{"rendered":"A lovak ter\u00e1pi\u00e1s hat\u00e1sa mindannyiunkra"},"content":{"rendered":"<p><!--:hr--><\/p>\n<p><!--:--><!--:hu--><\/p>\n<p style=\"text-align: center;\"><a href=\"https:\/\/www.facebook.com\/media\/set\/?set=a.1617358628544457&#038;type=3\" target=\"_blank\" rel=\"noopener\">Kattints ide, ha tov\u00e1bbi k\u00e9peket szeretn\u00e9l l\u00e1tni!<\/a><\/p>\n<p style=\"text-align: center;\"><a href=\"https:\/\/horseridingforyou.eu\/wp-content\/uploads\/2026\/04\/kep11.jpg\" data-rel=\"lightbox-image-0\" data-rl_title=\"\" data-rl_caption=\"\" title=\"\"><img loading=\"lazy\" decoding=\"async\" class=\"aligncenter size-medium wp-image-4496\" src=\"https:\/\/horseridingforyou.eu\/wp-content\/uploads\/2026\/04\/kep11-225x300.jpg\" alt=\"\" width=\"225\" height=\"300\" srcset=\"https:\/\/horseridingforyou.eu\/wp-content\/uploads\/2026\/04\/kep11-225x300.jpg 225w, https:\/\/horseridingforyou.eu\/wp-content\/uploads\/2026\/04\/kep11.jpg 540w\" sizes=\"auto, (max-width: 225px) 100vw, 225px\" \/><\/a><\/p>\n<p style=\"text-align: justify;\">\n<p><!--:--><\/p>\n<!-- Facebook Members Plugin by Crunchify: http:\/\/Crunchify.com\/facebook-members\/ -->\n\t\t<div class=\"fb-recommendations-bar\" data-href=\"https:\/\/horseridingforyou.eu\/hu\/therapeutic-effect\" data-read-time=\"5\" data-side=\"\" data-action=\"like\"><\/div>","protected":false},"excerpt":{"rendered":"<p>Kattints ide, ha tov\u00e1bbi k\u00e9peket szeretn\u00e9l l\u00e1tni!<\/p>\n","protected":false},"author":1,"featured_media":0,"parent":0,"menu_order":0,"comment_status":"closed","ping_status":"closed","template":"","meta":{"footnotes":""},"class_list":["post-1298","page","type-page","status-publish","hentry"],"_links":{"self":[{"href":"https:\/\/horseridingforyou.eu\/hu\/wp-json\/wp\/v2\/pages\/1298","targetHints":{"allow":["GET"]}}],"collection":[{"href":"https:\/\/horseridingforyou.eu\/hu\/wp-json\/wp\/v2\/pages"}],"about":[{"href":"https:\/\/horseridingforyou.eu\/hu\/wp-json\/wp\/v2\/types\/page"}],"author":[{"embeddable":true,"href":"https:\/\/horseridingforyou.eu\/hu\/wp-json\/wp\/v2\/users\/1"}],"replies":[{"embeddable":true,"href":"https:\/\/horseridingforyou.eu\/hu\/wp-json\/wp\/v2\/comments?post=1298"}],"version-history":[{"count":19,"href":"https:\/\/horseridingforyou.eu\/hu\/wp-json\/wp\/v2\/pages\/1298\/revisions"}],"predecessor-version":[{"id":4510,"href":"https:\/\/horseridingforyou.eu\/hu\/wp-json\/wp\/v2\/pages\/1298\/revisions\/4510"}],"wp:attachment":[{"href":"https:\/\/horseridingforyou.eu\/hu\/wp-json\/wp\/v2\/media?parent=1298"}],"curies":[{"name":"wp","href":"https:\/\/api.w.org\/{rel}","templated":true}]}}