{"id":1310,"date":"2013-10-18T12:12:11","date_gmt":"2013-10-18T10:12:11","guid":{"rendered":"https:\/\/horseridingforyou.eu\/?page_id=1310"},"modified":"2026-04-09T16:29:34","modified_gmt":"2026-04-09T14:29:34","slug":"more-galleries-on-facebook","status":"publish","type":"page","link":"https:\/\/horseridingforyou.eu\/hu\/more-galleries-on-facebook","title":{"rendered":"Tov\u00e1bbi gal\u00e9ri\u00e1k a Facebookon"},"content":{"rendered":"<p><a href=\"https:\/\/horseridingforyou.eu\/wp-content\/uploads\/2026\/04\/facebook-logo.png\" data-rel=\"lightbox-image-0\" data-rl_title=\"\" data-rl_caption=\"\" title=\"\"><img loading=\"lazy\" decoding=\"async\" class=\"aligncenter size-medium wp-image-4436\" src=\"https:\/\/horseridingforyou.eu\/wp-content\/uploads\/2026\/04\/facebook-logo-300x112.png\" alt=\"\" width=\"300\" height=\"112\" srcset=\"https:\/\/horseridingforyou.eu\/wp-content\/uploads\/2026\/04\/facebook-logo-300x112.png 300w, https:\/\/horseridingforyou.eu\/wp-content\/uploads\/2026\/04\/facebook-logo-1024x384.png 1024w, https:\/\/horseridingforyou.eu\/wp-content\/uploads\/2026\/04\/facebook-logo-768x288.png 768w, https:\/\/horseridingforyou.eu\/wp-content\/uploads\/2026\/04\/facebook-logo-1536x576.png 1536w, https:\/\/horseridingforyou.eu\/wp-content\/uploads\/2026\/04\/facebook-logo-2048x768.png 2048w, https:\/\/horseridingforyou.eu\/wp-content\/uploads\/2026\/04\/facebook-logo-800x300.png 800w\" sizes=\"auto, (max-width: 300px) 100vw, 300px\" \/><\/a><\/p>\n<p><a href=\"https:\/\/www.facebook.com\/media\/set\/?set=a.1617358628544457&#038;type=3\" target=\"_blank\" rel=\"noopener\"><strong>A lovak ter\u00e1pi\u00e1s hat\u00e1sa mindannyiunkra<\/strong><\/a><\/p>\n<p><a href=\"https:\/\/www.facebook.com\/media\/set\/?set=a.1617358721877781&#038;type=3\" target=\"_blank\" rel=\"noopener\"><strong>Rendelhet\u0151 programok<\/strong><\/a><\/p>\n<p><a href=\"https:\/\/www.facebook.com\/media\/set\/?set=a.1617358791877774&#038;type=3\" target=\"_blank\" rel=\"noopener\"><strong>Lovasiskola<\/strong><\/a><\/p>\n<p><strong><a href=\"https:\/\/www.facebook.com\/media\/set\/?set=a.1617358701877783&#038;type=3\" target=\"_blank\" rel=\"noopener\">Natural Horsemanship \u00e9s p\u00e1rbesz\u00e9d a l\u00f3val<\/a><\/strong><\/p>\n<p><a href=\"https:\/\/www.facebook.com\/media\/set\/?set=a.1617358695211117&#038;type=3\" target=\"_blank\" rel=\"noopener\"><strong>Nyitott edz\u00e9s<\/strong><\/a><\/p>\n<p><a href=\"https:\/\/www.facebook.com\/media\/set\/?set=a.1617358698544450&#038;type=3\" target=\"_blank\" rel=\"noopener\"><strong>Lovastusa \u00e9s versenyek<\/strong><\/a><\/p>\n<p><a href=\"https:\/\/www.facebook.com\/media\/set\/?set=a.1617358651877788&#038;type=3\" target=\"_blank\" rel=\"noopener\"><strong>Felk\u00e9sz\u00fcl\u00e9s lovastusa versenyekre<\/strong><\/a><\/p>\n<p><a href=\"https:\/\/www.facebook.com\/media\/set\/?set=a.1617358671877786&#038;type=3\" target=\"_blank\" rel=\"noopener\"><strong>Lovas edz\u00e9sek<\/strong><\/a><\/p>\n<p><a href=\"https:\/\/www.facebook.com\/media\/set\/?set=a.1617358675211119&#038;type=3\" target=\"_blank\" rel=\"noopener\"><strong>Tereplovagl\u00e1s<\/strong><\/a><\/p>\n<p><a href=\"https:\/\/www.facebook.com\/media\/set\/?set=a.1617358571877796&#038;type=3\" target=\"_blank\" rel=\"noopener\"><strong>Lovas t\u00e1borok<\/strong><\/a><!--:--><!--:hu--><!--:--><\/p>\n<!-- Facebook Members Plugin by Crunchify: http:\/\/Crunchify.com\/facebook-members\/ -->\n\t\t<div class=\"fb-recommendations-bar\" data-href=\"https:\/\/horseridingforyou.eu\/hu\/more-galleries-on-facebook\" data-read-time=\"5\" data-side=\"\" data-action=\"like\"><\/div>","protected":false},"excerpt":{"rendered":"<p>A lovak ter\u00e1pi\u00e1s hat\u00e1sa mindannyiunkra Rendelhet\u0151 programok Lovasiskola Natural Horsemanship \u00e9s p\u00e1rbesz\u00e9d a l\u00f3val Nyitott edz\u00e9s Lovastusa \u00e9s versenyek Felk\u00e9sz\u00fcl\u00e9s lovastusa versenyekre Lovas edz\u00e9sek Tereplovagl\u00e1s Lovas t\u00e1borok<\/p>\n","protected":false},"author":1,"featured_media":0,"parent":0,"menu_order":0,"comment_status":"closed","ping_status":"closed","template":"","meta":{"footnotes":""},"class_list":["post-1310","page","type-page","status-publish","hentry"],"_links":{"self":[{"href":"https:\/\/horseridingforyou.eu\/hu\/wp-json\/wp\/v2\/pages\/1310","targetHints":{"allow":["GET"]}}],"collection":[{"href":"https:\/\/horseridingforyou.eu\/hu\/wp-json\/wp\/v2\/pages"}],"about":[{"href":"https:\/\/horseridingforyou.eu\/hu\/wp-json\/wp\/v2\/types\/page"}],"author":[{"embeddable":true,"href":"https:\/\/horseridingforyou.eu\/hu\/wp-json\/wp\/v2\/users\/1"}],"replies":[{"embeddable":true,"href":"https:\/\/horseridingforyou.eu\/hu\/wp-json\/wp\/v2\/comments?post=1310"}],"version-history":[{"count":38,"href":"https:\/\/horseridingforyou.eu\/hu\/wp-json\/wp\/v2\/pages\/1310\/revisions"}],"predecessor-version":[{"id":4797,"href":"https:\/\/horseridingforyou.eu\/hu\/wp-json\/wp\/v2\/pages\/1310\/revisions\/4797"}],"wp:attachment":[{"href":"https:\/\/horseridingforyou.eu\/hu\/wp-json\/wp\/v2\/media?parent=1310"}],"curies":[{"name":"wp","href":"https:\/\/api.w.org\/{rel}","templated":true}]}}