{"id":1602,"date":"2015-05-08T10:42:45","date_gmt":"2015-05-08T08:42:45","guid":{"rendered":"https:\/\/horseridingforyou.eu\/?page_id=1602"},"modified":"2026-04-06T22:07:43","modified_gmt":"2026-04-06T20:07:43","slug":"booking","status":"publish","type":"page","link":"https:\/\/horseridingforyou.eu\/hu\/booking","title":{"rendered":"Foglal\u00e1s"},"content":{"rendered":"<p><!--:hr--><\/p>\n<h1 style=\"text-align: center;\"><strong><span style=\"color: #ff0000;\">\u00dcdv\u00f6z\u00f6lj\u00fck a KKV foglal\u00e1si oldal\u00e1n.<\/span><\/strong><\/h1>\n<p style=\"text-align: justify;\">FONTOS! Az adatlap kit\u00f6lt\u00e9se \u00e9s elk\u00fcld\u00e9se ut\u00e1n visszaigazol\u00e1st k\u00fcld\u00fcnk a foglal\u00e1sr\u00f3l. \u00a0A foglal\u00e1s csak a visszaigazol\u00e1st (email vagy WhatsApp) k\u00f6vet\u0151en aktiv\u00e1l\u00f3dik.<\/p>\n<p style=\"text-align: justify;\"><span style=\"color: #ff0000;\"><strong>Csak az \u00e1ltalunk visszaigazolt foglal\u00e1s \u00e9rv\u00e9nyes!<\/strong><\/span><\/p>\n<p style=\"text-align: justify;\">K\u00e9rj\u00fck, a foglal\u00e1son k\u00edv\u00fcl t\u00e1j\u00e9koz\u00f3djon az &#8222;FONTOS INFORM\u00c1CI\u00d3K&#8221; men\u00fcpontban a KKV h\u00e1zirendj\u00e9r\u0151l \u00e9s egy\u00e9b tudnival\u00f3kr\u00f3l a fizet\u00e9st illet\u0151en!<\/p>\n<p style=\"text-align: justify;\">A gyorsabb bel\u00e9p\u00e9s \u00e9rdek\u00e9ben t\u00f6ltse le a &#8222;FONTOS INFORM\u00c1CI\u00d3K&#8221; men\u00fcpontb\u00f3l a felel\u0151ss\u00e9gv\u00e1llal\u00e1si nyilatkozatot \u00e9s hozza mag\u00e1val kit\u00f6ltve \u00e9s al\u00e1\u00edrva hozz\u00e1nk!<\/p>\n<p style=\"text-align: justify;\"><span style=\"color: #ff0000;\"><strong>Amennyiben foglal\u00e1s\u00e1t 3 napon bel\u00fcli id\u0151pontra szeretn\u00e9 leadni, k\u00e9rj\u00fck telefonon vegye fel vel\u00fcnk a kapcsolatot!<\/strong><\/span><\/p>\n<h4><span style=\"color: #ff0000;\"><a style=\"color: #ff0000;\" href=\"https:\/\/horseridingforyou.eu\/Felel\u0151ss\u00e9gv\u00e1llal\u00e1si nyilatkozat.pdf\" target=\"_blank\" rel=\"noopener\">Felel\u0151ss\u00e9gv\u00e1llal\u00e1si nyilatkozat<\/a><\/span><\/h4>\n<h4><span style=\"color: #ff0000;\"><a style=\"color: #ff0000;\" href=\"https:\/\/horseridingforyou.eu\/H\u00e1zirend.pdf\" target=\"_blank\" rel=\"noopener\">H\u00e1zirend<\/a><\/span><\/h4>\n<p style=\"text-align: center;\"><div class=\"forminator-ui forminator-custom-form forminator-custom-form-4233 forminator-design--bold forminator-enclosed forminator_ajax\" data-forminator-render=\"0\" data-form=\"forminator-module-4233\" data-uid=\"69e4c0d5bcb9d\"><br\/><\/div><form\n\t\t\t\tid=\"forminator-module-4233\"\n\t\t\t\tclass=\"forminator-ui forminator-custom-form forminator-custom-form-4233 forminator-design--bold forminator-enclosed forminator_ajax\"\n\t\t\t\tmethod=\"post\"\n\t\t\t\tdata-forminator-render=\"0\"\n\t\t\t\tdata-form-id=\"4233\"\n\t\t\t\t data-color-option=\"default\" data-design=\"bold\" data-grid=\"enclosed\" style=\"display: none;\"\n\t\t\t\tdata-uid=\"69e4c0d5bcb9d\"\n\t\t\t><div role=\"alert\" aria-live=\"polite\" class=\"forminator-response-message forminator-error\" aria-hidden=\"true\"><\/div><div class=\"forminator-row\"><div id=\"name-1\" class=\"forminator-field-name forminator-col forminator-col-12 \"><div class=\"forminator-field\"><label for=\"forminator-field-name-1_69e4c0d5bcb9d\" id=\"forminator-field-name-1_69e4c0d5bcb9d-label\" class=\"forminator-label\">N\u00e9v <span class=\"forminator-required\">*<\/span><\/label><input type=\"text\" name=\"name-1\" value=\"\" placeholder=\"\" id=\"forminator-field-name-1_69e4c0d5bcb9d\" class=\"forminator-input forminator-name--field\" aria-required=\"true\" autocomplete=\"name\" \/><\/div><\/div><\/div><div class=\"forminator-row\"><div id=\"name-2\" class=\"forminator-field-name forminator-col forminator-col-12 \"><div class=\"forminator-field\"><label for=\"forminator-field-name-2_69e4c0d5bcb9d\" id=\"forminator-field-name-2_69e4c0d5bcb9d-label\" class=\"forminator-label\">Sz\u00fclet\u00e9si hely <span class=\"forminator-required\">*<\/span><\/label><input type=\"text\" name=\"name-2\" value=\"\" placeholder=\"\" id=\"forminator-field-name-2_69e4c0d5bcb9d\" class=\"forminator-input forminator-name--field\" aria-required=\"true\" autocomplete=\"name\" \/><\/div><\/div><\/div><div class=\"forminator-row\"><div id=\"date-1\" class=\"forminator-field-date forminator-col forminator-col-12 \"><div class=\"forminator-field\"><label for=\"forminator-field-date-1-picker_69e4c0d5bcb9d\" id=\"forminator-field-date-1-picker_69e4c0d5bcb9d-label\" class=\"forminator-label\">Sz\u00fclet\u00e9si id\u0151 <span class=\"forminator-required\">*<\/span><\/label><div class=\"forminator-input-with-icon\"><span class=\"forminator-icon-calendar\" aria-hidden=\"true\"><\/span><input autocomplete=\"off\" type=\"text\" size=\"1\" name=\"date-1\" value=\"\" placeholder=\"K\u00e9rem, v\u00e1lasszon d\u00e1tumot.\" id=\"forminator-field-date-1-picker_69e4c0d5bcb9d\" class=\"forminator-input forminator-datepicker\" data-required=\"1\" data-format=\"yy\/mm\/dd\" data-restrict-type=\"\" data-restrict=\"\" data-start-year=\"1926\" data-end-year=\"2126\" data-past-dates=\"enable\" data-start-of-week=\"1\" data-start-date=\"\" data-end-date=\"\" data-start-field=\"\" data-end-field=\"\" data-start-offset=\"\" data-end-offset=\"\" data-disable-date=\"\" data-disable-range=\"\" \/><\/div><\/div><\/div><\/div><div class=\"forminator-row\"><div id=\"name-3\" class=\"forminator-field-name forminator-col forminator-col-12 \"><div class=\"forminator-field\"><label for=\"forminator-field-name-3_69e4c0d5bcb9d\" id=\"forminator-field-name-3_69e4c0d5bcb9d-label\" class=\"forminator-label\">Szem\u00e9lyi igazolv\u00e1ny sz\u00e1ma <span class=\"forminator-required\">*<\/span><\/label><input type=\"text\" name=\"name-3\" value=\"\" placeholder=\"\" id=\"forminator-field-name-3_69e4c0d5bcb9d\" class=\"forminator-input forminator-name--field\" aria-required=\"true\" autocomplete=\"name\" \/><\/div><\/div><\/div><div class=\"forminator-row\"><div id=\"email-1\" class=\"forminator-field-email forminator-col forminator-col-12 \"><div class=\"forminator-field\"><label for=\"forminator-field-email-1_69e4c0d5bcb9d\" id=\"forminator-field-email-1_69e4c0d5bcb9d-label\" class=\"forminator-label\">Email c\u00edm <span class=\"forminator-required\">*<\/span><\/label><input type=\"email\" name=\"email-1\" value=\"\" placeholder=\"\" id=\"forminator-field-email-1_69e4c0d5bcb9d\" class=\"forminator-input forminator-email--field\" data-required=\"1\" aria-required=\"true\" autocomplete=\"email\" \/><\/div><\/div><\/div><div class=\"forminator-row\"><div id=\"phone-1\" class=\"forminator-field-phone forminator-col forminator-col-12 \"><div class=\"forminator-field\"><label for=\"forminator-field-phone-1_69e4c0d5bcb9d\" id=\"forminator-field-phone-1_69e4c0d5bcb9d-label\" class=\"forminator-label\">Telefonsz\u00e1m <span class=\"forminator-required\">*<\/span><\/label><input type=\"text\" name=\"phone-1\" value=\"\" placeholder=\"\" id=\"forminator-field-phone-1_69e4c0d5bcb9d\" class=\"forminator-input forminator-field--phone\" data-required=\"1\" aria-required=\"true\" autocomplete=\"off\" data-national_mode=\"disabled\" data-country=\"hu\" data-validation=\"international\" \/><\/div><\/div><\/div><div class=\"forminator-row\"><div id=\"date-2\" class=\"forminator-field-date forminator-col forminator-col-12 \"><div class=\"forminator-field\"><label for=\"forminator-field-date-2-picker_69e4c0d5bcb9d\" id=\"forminator-field-date-2-picker_69e4c0d5bcb9d-label\" class=\"forminator-label\">D\u00e1tum <span class=\"forminator-required\">*<\/span><\/label><div class=\"forminator-input-with-icon\"><span class=\"forminator-icon-calendar\" aria-hidden=\"true\"><\/span><input autocomplete=\"off\" type=\"text\" size=\"1\" name=\"date-2\" value=\"\" placeholder=\"K\u00e9rem v\u00e1lasszon d\u00e1tumot\" id=\"forminator-field-date-2-picker_69e4c0d5bcb9d\" class=\"forminator-input forminator-datepicker\" data-required=\"1\" data-format=\"yy-mm-dd\" data-restrict-type=\"\" data-restrict=\"\" data-start-year=\"1926\" data-end-year=\"2126\" data-past-dates=\"enable\" data-start-of-week=\"1\" data-start-date=\"\" data-end-date=\"\" data-start-field=\"\" data-end-field=\"\" data-start-offset=\"\" data-end-offset=\"\" data-disable-date=\"\" data-disable-range=\"\" \/><\/div><\/div><\/div><\/div><div class=\"forminator-row\"><div id=\"time-1\" class=\"forminator-field-time forminator-col forminator-col-12 \"><label for=\"forminator-field-time-1\" id=\"forminator-field-time-1-label\" class=\"forminator-label\">Id\u0151 <span class=\"forminator-required\">*<\/span><\/label><div class=\"forminator-timepicker\" ><div class=\"forminator-row\" data-multiple=\"true\"><div id=\"time-1-hours\" class=\"forminator-col forminator-col-6\"><div class=\"forminator-field\"><label for=\"forminator-field-time-1-hours_69e4c0d5bcb9d\" id=\"forminator-field-time-1-hours_69e4c0d5bcb9d-label\" class=\"forminator-label\">\u00d3ra<\/label><input type=\"number\" name=\"time-1-hours\" min=\"0\" max=\"23\" placeholder=\"\" id=\"forminator-field-time-1-hours_69e4c0d5bcb9d\" class=\"forminator-input time-hours \" data-field=\"hours\" value=\"\" \/><\/div><\/div><div id=\"time-1-minutes\" class=\"forminator-col forminator-col-6\"><div class=\"forminator-field\"><label for=\"forminator-field-time-1-minutes_69e4c0d5bcb9d\" id=\"forminator-field-time-1-minutes_69e4c0d5bcb9d-label\" class=\"forminator-label\">Perc<\/label><input type=\"number\" min=\"0\" max=\"59\" name=\"time-1-minutes\" placeholder=\"\" id=\"forminator-field-time-1-minutes_69e4c0d5bcb9d\" class=\"forminator-input time-minutes \" data-field=\"minutes\" value=\"\" \/><\/div><\/div><\/div><\/div><\/div><\/div><div class=\"forminator-row\"><div id=\"phone-2\" class=\"forminator-field-phone forminator-col forminator-col-12 \"><div class=\"forminator-field\"><label for=\"forminator-field-phone-2_69e4c0d5bcb9d\" id=\"forminator-field-phone-2_69e4c0d5bcb9d-label\" class=\"forminator-label\">Sz\u00fcl\u0151, gondvisel\u0151 vagy k\u00f6zeli hozz\u00e1tartoz\u00f3 telefonsz\u00e1ma<\/label><input type=\"text\" name=\"phone-2\" value=\"\" placeholder=\"\" id=\"forminator-field-phone-2_69e4c0d5bcb9d\" class=\"forminator-input forminator-field--phone\" data-required=\"\" aria-required=\"false\" autocomplete=\"off\" data-national_mode=\"disabled\" data-country=\"hu\" data-validation=\"international\" \/><\/div><\/div><\/div><div class=\"forminator-row\"><div id=\"number-1\" class=\"forminator-field-number forminator-col forminator-col-12 \"><div class=\"forminator-field\"><label for=\"forminator-field-number-1_69e4c0d5bcb9d\" id=\"forminator-field-number-1_69e4c0d5bcb9d-label\" class=\"forminator-label\">H\u00e1ny \u00f3r\u00e1s programra jelentkezik? <span class=\"forminator-required\">*<\/span><\/label><input name=\"number-1\" value=\"\" placeholder=\"\" id=\"forminator-field-number-1_69e4c0d5bcb9d\" class=\"forminator-input forminator-number--field\" inputmode=\"decimal\" data-required=\"1\" data-decimals=\"0\" aria-required=\"true\" data-inputmask=\"&#039;groupSeparator&#039;: &#039;&#039;, &#039;radixPoint&#039;: &#039;&#039;, &#039;digits&#039;: &#039;0&#039;\" data-hidden-behavior=\"zero\" type=\"number\" step=\"any\" min=\"1\" max=\"24\" \/><\/div><\/div><\/div><div class=\"forminator-row\"><div id=\"date-3\" class=\"forminator-field-date forminator-col forminator-col-12 \"><div class=\"forminator-field\"><label for=\"forminator-field-date-3-picker_69e4c0d5bcb9d\" id=\"forminator-field-date-3-picker_69e4c0d5bcb9d-label\" class=\"forminator-label\">Es\u0151 eset\u00e9n melyik nap felel m\u00e9g meg?<\/label><div class=\"forminator-input-with-icon\"><span class=\"forminator-icon-calendar\" aria-hidden=\"true\"><\/span><input autocomplete=\"off\" type=\"text\" size=\"1\" name=\"date-3\" value=\"\" placeholder=\"\" id=\"forminator-field-date-3-picker_69e4c0d5bcb9d\" class=\"forminator-input forminator-datepicker\" data-required=\"\" data-format=\"yy-mm-dd\" data-restrict-type=\"\" data-restrict=\"\" data-start-year=\"1926\" data-end-year=\"2126\" data-past-dates=\"enable\" data-start-of-week=\"1\" data-start-date=\"\" data-end-date=\"\" data-start-field=\"\" data-end-field=\"\" data-start-offset=\"\" data-end-offset=\"\" data-disable-date=\"\" data-disable-range=\"\" \/><\/div><\/div><\/div><\/div><div class=\"forminator-row\"><div id=\"select-1\" class=\"forminator-field-select forminator-col forminator-col-12 \"><div class=\"forminator-field\"><label for=\"forminator-form-4233__field--select-1_69e4c0d5bcb9d\" id=\"forminator-form-4233__field--select-1_69e4c0d5bcb9d-label\" class=\"forminator-label\">Ig\u00e9nyt tart csal\u00e1di kedvezm\u00e9nyre?<\/label><select  id=\"forminator-form-4233__field--select-1_69e4c0d5bcb9d\" class=\"forminator-select--field forminator-select2 forminator-select2-multiple\" data-required=\"\" name=\"select-1\" data-default-value=\"\" data-hidden-behavior=\"zero\" data-placeholder=\"\" data-search=\"false\" data-search-placeholder=\"\" data-checkbox=\"false\" data-allow-clear=\"false\" aria-labelledby=\"forminator-form-4233__field--select-1_69e4c0d5bcb9d-label\"><option value=\"one\"  data-calculation=\"0\">Igen<\/option><option value=\"two\"  data-calculation=\"0\">Nem<\/option><\/select><\/div><\/div><\/div><div class=\"forminator-row\"><div id=\"select-2\" class=\"forminator-field-select forminator-col forminator-col-12 \"><div class=\"forminator-field\"><label for=\"forminator-form-4233__field--select-2_69e4c0d5bcb9d\" id=\"forminator-form-4233__field--select-2_69e4c0d5bcb9d-label\" class=\"forminator-label\">Ig\u00e9nyt tart csoportos kedvezm\u00e9nyre?<\/label><select  id=\"forminator-form-4233__field--select-2_69e4c0d5bcb9d\" class=\"forminator-select--field forminator-select2 forminator-select2-multiple\" data-required=\"\" name=\"select-2\" data-default-value=\"\" data-hidden-behavior=\"zero\" data-placeholder=\"\" data-search=\"false\" data-search-placeholder=\"\" data-checkbox=\"false\" data-allow-clear=\"false\" aria-labelledby=\"forminator-form-4233__field--select-2_69e4c0d5bcb9d-label\"><option value=\"one\"  data-calculation=\"0\">Igen<\/option><option value=\"two\"  data-calculation=\"0\">Nem<\/option><\/select><\/div><\/div><\/div><div class=\"forminator-row\"><div id=\"number-2\" class=\"forminator-field-number forminator-col forminator-col-12 \"><div class=\"forminator-field\"><label for=\"forminator-field-number-2_69e4c0d5bcb9d\" id=\"forminator-field-number-2_69e4c0d5bcb9d-label\" class=\"forminator-label\">\u00d6sszesen h\u00e1ny lovas foglal\u00e1s\u00e1t k\u00e9ri? <span class=\"forminator-required\">*<\/span><\/label><input name=\"number-2\" value=\"\" placeholder=\"\" id=\"forminator-field-number-2_69e4c0d5bcb9d\" class=\"forminator-input forminator-number--field\" inputmode=\"decimal\" data-required=\"1\" data-decimals=\"0\" aria-required=\"true\" data-inputmask=\"&#039;groupSeparator&#039;: &#039;&#039;, &#039;radixPoint&#039;: &#039;&#039;, &#039;digits&#039;: &#039;0&#039;\" data-hidden-behavior=\"zero\" type=\"number\" step=\"any\" min=\"1\" max=\"150\" \/><\/div><\/div><\/div><div class=\"forminator-row\"><div id=\"textarea-1\" class=\"forminator-field-textarea forminator-col forminator-col-12 \"><div class=\"forminator-field\"><label for=\"forminator-field-textarea-1_69e4c0d5bcb9d\" id=\"forminator-field-textarea-1_69e4c0d5bcb9d-label\" class=\"forminator-label\">K\u00e9rj\u00fck, sorolja fel a lovasok tests\u00faly\u00e1t! <span class=\"forminator-required\">*<\/span><\/label><textarea name=\"textarea-1\" placeholder=\"(kg)\" id=\"forminator-field-textarea-1_69e4c0d5bcb9d\" class=\"forminator-textarea\" rows=\"6\" style=\"min-height:140px;\" ><\/textarea><\/div><\/div><\/div><div class=\"forminator-row\"><div id=\"textarea-2\" class=\"forminator-field-textarea forminator-col forminator-col-12 \"><div class=\"forminator-field\"><label for=\"forminator-field-textarea-2_69e4c0d5bcb9d\" id=\"forminator-field-textarea-2_69e4c0d5bcb9d-label\" class=\"forminator-label\">K\u00e9rj\u00fck sorolja fel a lovasok tud\u00e1sszintj\u00e9t az al\u00e1bbi szempontok alapj\u00e1n! (Kezd\u0151\/Halad\u00f3\/Er\u0151sen halad\u00f3) <span class=\"forminator-required\">*<\/span><\/label><textarea name=\"textarea-2\" placeholder=\"Kezd\u0151: h\u00e1nyszor \u00fclt lovon?\nHalad\u00f3: kb. h\u00e1nyszor \u00fclt lovon, h\u00e1nyszor v\u00e1gt\u00e1zott?\" id=\"forminator-field-textarea-2_69e4c0d5bcb9d\" class=\"forminator-textarea\" rows=\"6\" style=\"min-height:140px;\" ><\/textarea><\/div><\/div><\/div><div class=\"forminator-row\"><div id=\"textarea-3\" class=\"forminator-field-textarea forminator-col forminator-col-12 \"><div class=\"forminator-field\"><label for=\"forminator-field-textarea-3_69e4c0d5bcb9d\" id=\"forminator-field-textarea-3_69e4c0d5bcb9d-label\" class=\"forminator-label\">Megjegyz\u00e9s<\/label><textarea name=\"textarea-3\" placeholder=\"\" id=\"forminator-field-textarea-3_69e4c0d5bcb9d\" class=\"forminator-textarea\" rows=\"6\" style=\"min-height:140px;\" ><\/textarea><\/div><\/div><\/div><div class=\"forminator-row\"><div id=\"checkbox-1\" class=\"forminator-field-checkbox forminator-col forminator-col-12 \"><div role=\"group\" class=\"forminator-field required\" aria-labelledby=\"forminator-checkbox-group-forminator-field-checkbox-1-69e4c0d5bcb9d-label\"><span id=\"forminator-checkbox-group-forminator-field-checkbox-1-69e4c0d5bcb9d-label\" class=\"forminator-label\">A KKV Felel\u0151ss\u00e9gv\u00e1llal\u00e1si nyilatkozat\u00e1t a foglal\u00e1s elk\u00fcld\u00e9s\u00e9vel elfogadom. <span class=\"forminator-required\">*<\/span><\/span><label id=\"forminator-field-checkbox-1-1-69e4c0d5bcb9d-label\" for=\"forminator-field-checkbox-1-1-69e4c0d5bcb9d\" class=\"forminator-checkbox\" title=\"Elfogadom\"><input type=\"checkbox\" name=\"checkbox-1[]\" value=\"one\" id=\"forminator-field-checkbox-1-1-69e4c0d5bcb9d\" aria-labelledby=\"forminator-field-checkbox-1-1-69e4c0d5bcb9d-label\" data-calculation=\"0\"   data-hidden-behavior=\"zero\"\/><span class=\"forminator-checkbox-box\" aria-hidden=\"true\"><\/span><span class=\"forminator-checkbox-label\">Elfogadom<\/span><\/label><\/div><\/div><\/div><div class=\"forminator-row\"><div id=\"checkbox-2\" class=\"forminator-field-checkbox forminator-col forminator-col-12 \"><div role=\"group\" class=\"forminator-field required\" aria-labelledby=\"forminator-checkbox-group-forminator-field-checkbox-2-69e4c0d5bcb9d-label\"><span id=\"forminator-checkbox-group-forminator-field-checkbox-2-69e4c0d5bcb9d-label\" class=\"forminator-label\">A KKV H\u00e1zirendj\u00e9t a foglal\u00e1s elk\u00fcld\u00e9s\u00e9vel elfogadom. <span class=\"forminator-required\">*<\/span><\/span><label id=\"forminator-field-checkbox-2-1-69e4c0d5bcb9d-label\" for=\"forminator-field-checkbox-2-1-69e4c0d5bcb9d\" class=\"forminator-checkbox\" title=\"Elfogadom\"><input type=\"checkbox\" name=\"checkbox-2[]\" value=\"one\" id=\"forminator-field-checkbox-2-1-69e4c0d5bcb9d\" aria-labelledby=\"forminator-field-checkbox-2-1-69e4c0d5bcb9d-label\" data-calculation=\"0\"   data-hidden-behavior=\"zero\"\/><span class=\"forminator-checkbox-box\" aria-hidden=\"true\"><\/span><span class=\"forminator-checkbox-label\">Elfogadom<\/span><\/label><\/div><\/div><\/div><div class=\"forminator-row\"><\/div><input type=\"hidden\" name=\"referer_url\" value=\"\" \/><div class=\"forminator-row forminator-row-last\"><div class=\"forminator-col\"><div class=\"forminator-field\"><button class=\"forminator-button forminator-button-submit\">Elk&uuml;ld<\/button><\/div><\/div><\/div><input type=\"hidden\" id=\"forminator_nonce\" name=\"forminator_nonce\" value=\"312ce1fd4b\" \/><input type=\"hidden\" name=\"_wp_http_referer\" value=\"\/hu\/wp-json\/wp\/v2\/pages\/1602\" \/><input type=\"hidden\" name=\"form_id\" value=\"4233\"><input type=\"hidden\" name=\"page_id\" value=\"1602\"><input type=\"hidden\" name=\"form_type\" value=\"default\"><input type=\"hidden\" name=\"current_url\" value=\"https:\/\/horseridingforyou.eu\/hu\/booking\"><input type=\"hidden\" name=\"render_id\" value=\"0\"><input type=\"hidden\" name=\"action\" value=\"forminator_submit_form_custom-forms\"><\/form><\/p>\n<ul>\n<li style=\"list-style-type: none;\">\n<ul>\n<li style=\"list-style-type: none;\">\n<ul>\n<li style=\"list-style-type: none;\"><\/li>\n<\/ul>\n<\/li>\n<\/ul>\n<\/li>\n<\/ul>\n<!-- Facebook Members Plugin by Crunchify: http:\/\/Crunchify.com\/facebook-members\/ -->\n\t\t<div class=\"fb-recommendations-bar\" data-href=\"https:\/\/horseridingforyou.eu\/hu\/booking\" data-read-time=\"5\" data-side=\"\" data-action=\"like\"><\/div>","protected":false},"excerpt":{"rendered":"<p>\u00dcdv\u00f6z\u00f6lj\u00fck a KKV foglal\u00e1si oldal\u00e1n. FONTOS! Az adatlap kit\u00f6lt\u00e9se \u00e9s elk\u00fcld\u00e9se ut\u00e1n visszaigazol\u00e1st k\u00fcld\u00fcnk a foglal\u00e1sr\u00f3l. \u00a0A foglal\u00e1s csak a visszaigazol\u00e1st (email vagy WhatsApp) k\u00f6vet\u0151en aktiv\u00e1l\u00f3dik. Csak az \u00e1ltalunk visszaigazolt foglal\u00e1s \u00e9rv\u00e9nyes! K\u00e9rj\u00fck, a foglal\u00e1son k\u00edv\u00fcl t\u00e1j\u00e9koz\u00f3djon az &#8222;FONTOS INFORM\u00c1CI\u00d3K&#8221; &hellip; <a href=\"https:\/\/horseridingforyou.eu\/hu\/booking\">B\u0151vebben&#8230; <span class=\"meta-nav\">&rarr;<\/span><\/a><\/p>\n","protected":false},"author":1,"featured_media":0,"parent":0,"menu_order":0,"comment_status":"closed","ping_status":"closed","template":"","meta":{"footnotes":""},"class_list":["post-1602","page","type-page","status-publish","hentry"],"_links":{"self":[{"href":"https:\/\/horseridingforyou.eu\/hu\/wp-json\/wp\/v2\/pages\/1602","targetHints":{"allow":["GET"]}}],"collection":[{"href":"https:\/\/horseridingforyou.eu\/hu\/wp-json\/wp\/v2\/pages"}],"about":[{"href":"https:\/\/horseridingforyou.eu\/hu\/wp-json\/wp\/v2\/types\/page"}],"author":[{"embeddable":true,"href":"https:\/\/horseridingforyou.eu\/hu\/wp-json\/wp\/v2\/users\/1"}],"replies":[{"embeddable":true,"href":"https:\/\/horseridingforyou.eu\/hu\/wp-json\/wp\/v2\/comments?post=1602"}],"version-history":[{"count":49,"href":"https:\/\/horseridingforyou.eu\/hu\/wp-json\/wp\/v2\/pages\/1602\/revisions"}],"predecessor-version":[{"id":4260,"href":"https:\/\/horseridingforyou.eu\/hu\/wp-json\/wp\/v2\/pages\/1602\/revisions\/4260"}],"wp:attachment":[{"href":"https:\/\/horseridingforyou.eu\/hu\/wp-json\/wp\/v2\/media?parent=1602"}],"curies":[{"name":"wp","href":"https:\/\/api.w.org\/{rel}","templated":true}]}}