{"id":1743,"date":"2015-07-04T10:56:47","date_gmt":"2015-07-04T08:56:47","guid":{"rendered":"https:\/\/horseridingforyou.eu\/?page_id=1743"},"modified":"2026-04-09T11:25:29","modified_gmt":"2026-04-09T09:25:29","slug":"biggest-advanture","status":"publish","type":"page","link":"https:\/\/horseridingforyou.eu\/hu\/biggest-advanture","title":{"rendered":"Kalandt\u00fara f\u00fcrd\u0151z\u00e9ssel"},"content":{"rendered":"<p><!--:hr--><\/p>\n<p><!--:--><!--:hu--><\/p>\n<p style=\"text-align: center;\"><span style=\"color: #ff0000;\"><strong>FANTASZTIKUS LOVAST\u00daRA F\u00dcRD\u00c9SSEL<\/strong><\/span><\/p>\n<p style=\"text-align: justify;\">Gy\u00f6ny\u00f6r\u0171 lovas t\u00fara\u00a0 (3 \u2013 4 \u00f3ra) a Vransko t\u00f3hoz! F\u00fcrd\u0151z\u00e9s a lovakkal! Kezd\u0151 lovas is r\u00e9szt vehet. Megaj\u00e1nd\u00e9kozunk dalm\u00e1t specialit\u00e1sokkal (sonka, sajt, gy\u00fcm\u00f6lcs) \u00e9s digit\u00e1lis k\u00e9pekkel.<\/p>\n<p style=\"text-align: center;\"><span style=\"color: #ff0000;\"><strong>145 eur\u00f3\/f\u0151<\/strong><\/span><\/p>\n<p><a href=\"https:\/\/horseridingforyou.eu\/wp-content\/uploads\/2026\/04\/lake_hu-scaled.jpg\" data-rel=\"lightbox-image-0\" data-rl_title=\"\" data-rl_caption=\"\" title=\"\"><img loading=\"lazy\" decoding=\"async\" class=\"aligncenter size-medium wp-image-4342\" src=\"https:\/\/horseridingforyou.eu\/wp-content\/uploads\/2026\/04\/lake_hu-300x154.jpg\" alt=\"\" width=\"300\" height=\"154\" srcset=\"https:\/\/horseridingforyou.eu\/wp-content\/uploads\/2026\/04\/lake_hu-300x154.jpg 300w, https:\/\/horseridingforyou.eu\/wp-content\/uploads\/2026\/04\/lake_hu-1024x524.jpg 1024w, https:\/\/horseridingforyou.eu\/wp-content\/uploads\/2026\/04\/lake_hu-768x393.jpg 768w, https:\/\/horseridingforyou.eu\/wp-content\/uploads\/2026\/04\/lake_hu-1536x786.jpg 1536w, https:\/\/horseridingforyou.eu\/wp-content\/uploads\/2026\/04\/lake_hu-2048x1049.jpg 2048w, https:\/\/horseridingforyou.eu\/wp-content\/uploads\/2026\/04\/lake_hu-800x410.jpg 800w\" sizes=\"auto, (max-width: 300px) 100vw, 300px\" \/><\/a><\/p>\n\r\n\t\t\n\t\t<div id='gallery-1' class='gallery galleryid-1743 gallery-columns-2 gallery-size-medium'><dl class='gallery-item'>\r\n\t\t\t<dt class='gallery-icon landscape'>\r\n\t\t\t\t<a href='https:\/\/horseridingforyou.eu\/wp-content\/uploads\/2026\/04\/lake-bemenetel-csop.jpg' title=\"\" data-rl_title=\"\" class=\"rl-gallery-link\" data-rl_caption=\"\" data-rel=\"lightbox-gallery-0\"><img loading=\"lazy\" decoding=\"async\" width=\"300\" height=\"169\" src=\"https:\/\/horseridingforyou.eu\/wp-content\/uploads\/2026\/04\/lake-bemenetel-csop-300x169.jpg\" class=\"attachment-medium size-medium\" alt=\"\" srcset=\"https:\/\/horseridingforyou.eu\/wp-content\/uploads\/2026\/04\/lake-bemenetel-csop-300x169.jpg 300w, https:\/\/horseridingforyou.eu\/wp-content\/uploads\/2026\/04\/lake-bemenetel-csop-768x432.jpg 768w, https:\/\/horseridingforyou.eu\/wp-content\/uploads\/2026\/04\/lake-bemenetel-csop-800x450.jpg 800w, https:\/\/horseridingforyou.eu\/wp-content\/uploads\/2026\/04\/lake-bemenetel-csop.jpg 960w\" sizes=\"auto, (max-width: 300px) 100vw, 300px\" \/><\/a>\r\n\t\t\t<\/dt><\/dl><dl class='gallery-item'>\r\n\t\t\t<dt class='gallery-icon landscape'>\r\n\t\t\t\t<a href='https:\/\/horseridingforyou.eu\/wp-content\/uploads\/2026\/04\/lake-csoportos.jpg' title=\"\" data-rl_title=\"\" class=\"rl-gallery-link\" data-rl_caption=\"\" data-rel=\"lightbox-gallery-0\"><img loading=\"lazy\" decoding=\"async\" width=\"300\" height=\"169\" src=\"https:\/\/horseridingforyou.eu\/wp-content\/uploads\/2026\/04\/lake-csoportos-300x169.jpg\" class=\"attachment-medium size-medium\" alt=\"\" srcset=\"https:\/\/horseridingforyou.eu\/wp-content\/uploads\/2026\/04\/lake-csoportos-300x169.jpg 300w, https:\/\/horseridingforyou.eu\/wp-content\/uploads\/2026\/04\/lake-csoportos-768x432.jpg 768w, https:\/\/horseridingforyou.eu\/wp-content\/uploads\/2026\/04\/lake-csoportos-800x450.jpg 800w, https:\/\/horseridingforyou.eu\/wp-content\/uploads\/2026\/04\/lake-csoportos.jpg 960w\" sizes=\"auto, (max-width: 300px) 100vw, 300px\" \/><\/a>\r\n\t\t\t<\/dt><\/dl><br style=\"clear: both\" \/><dl class='gallery-item'>\r\n\t\t\t<dt class='gallery-icon landscape'>\r\n\t\t\t\t<a href='https:\/\/horseridingforyou.eu\/wp-content\/uploads\/2026\/04\/terensko-j-3.jpg' title=\"\" data-rl_title=\"\" class=\"rl-gallery-link\" data-rl_caption=\"\" data-rel=\"lightbox-gallery-0\"><img loading=\"lazy\" decoding=\"async\" width=\"300\" height=\"169\" src=\"https:\/\/horseridingforyou.eu\/wp-content\/uploads\/2026\/04\/terensko-j-3-300x169.jpg\" class=\"attachment-medium size-medium\" alt=\"\" srcset=\"https:\/\/horseridingforyou.eu\/wp-content\/uploads\/2026\/04\/terensko-j-3-300x169.jpg 300w, https:\/\/horseridingforyou.eu\/wp-content\/uploads\/2026\/04\/terensko-j-3-768x432.jpg 768w, https:\/\/horseridingforyou.eu\/wp-content\/uploads\/2026\/04\/terensko-j-3-800x450.jpg 800w, https:\/\/horseridingforyou.eu\/wp-content\/uploads\/2026\/04\/terensko-j-3.jpg 960w\" sizes=\"auto, (max-width: 300px) 100vw, 300px\" \/><\/a>\r\n\t\t\t<\/dt><\/dl><dl class='gallery-item'>\r\n\t\t\t<dt class='gallery-icon landscape'>\r\n\t\t\t\t<a href='https:\/\/horseridingforyou.eu\/wp-content\/uploads\/2026\/04\/velika-aventura.jpg' title=\"\" data-rl_title=\"\" class=\"rl-gallery-link\" data-rl_caption=\"\" data-rel=\"lightbox-gallery-0\"><img loading=\"lazy\" decoding=\"async\" width=\"300\" height=\"169\" src=\"https:\/\/horseridingforyou.eu\/wp-content\/uploads\/2026\/04\/velika-aventura-300x169.jpg\" class=\"attachment-medium size-medium\" alt=\"\" srcset=\"https:\/\/horseridingforyou.eu\/wp-content\/uploads\/2026\/04\/velika-aventura-300x169.jpg 300w, https:\/\/horseridingforyou.eu\/wp-content\/uploads\/2026\/04\/velika-aventura-1024x576.jpg 1024w, https:\/\/horseridingforyou.eu\/wp-content\/uploads\/2026\/04\/velika-aventura-768x432.jpg 768w, https:\/\/horseridingforyou.eu\/wp-content\/uploads\/2026\/04\/velika-aventura-1536x864.jpg 1536w, https:\/\/horseridingforyou.eu\/wp-content\/uploads\/2026\/04\/velika-aventura-800x450.jpg 800w, https:\/\/horseridingforyou.eu\/wp-content\/uploads\/2026\/04\/velika-aventura.jpg 1696w\" sizes=\"auto, (max-width: 300px) 100vw, 300px\" \/><\/a>\r\n\t\t\t<\/dt><\/dl><br style=\"clear: both\" \/><\/div>\n\n<p><strong><span style=\"text-decoration: underline;\"><span style=\"color: #ff0000; text-decoration: underline;\">KEDVEZM\u00c9NYEK:<\/span><\/span><\/strong><\/p>\n<p>Az \u00e1rak szab\u00e1lyai szerint.<\/p>\n<p style=\"text-align: justify;\">A lovagl\u00e1s \u00fatvonal\u00e1t a lovasoktat\u00f3 v\u00e1lasztja a lovasok lovas tud\u00e1sszintje szerint.<br \/>A digit\u00e1lis fot\u00f3kat k\u00e9rj\u00e9k e-mailben: <a href=\"mailto:horseridingbiograd@gmail.com\">horseridingbiograd@gmail.com<\/a><br \/>K\u00e9rj\u00fck, az e-mailben t\u00fcntess\u00e9k fel a lovas nev\u00e9t \u00e9s a lovagl\u00e1s d\u00e1tum\u00e1t \u00e9s hozz\u00e1 a l\u00f3 nev\u00e9t is.<br \/>A fot\u00f3k a lovagl\u00e1s ut\u00e1n egy h\u00f3napon bel\u00fcl k\u00e9rhet\u0151k. Egy h\u00f3napig \u0151rizz\u00fck meg a k\u00e9peket.<br \/>Miut\u00e1n elk\u00fcldte az e-mailt, melyben a k\u00e9peket k\u00e9ri, k\u00e9rj\u00fck v\u00e1rjon 3-4 napot, ha nem kapott v\u00e1laszt, k\u00e9rj\u00fck, ism\u00e9t k\u00fcldj\u00f6n emailt.<\/p>\n<p><!--:--><!--:en--><\/p>\n\n\n<p><\/p>\n<!-- Facebook Members Plugin by Crunchify: http:\/\/Crunchify.com\/facebook-members\/ -->\n\t\t<div class=\"fb-recommendations-bar\" data-href=\"https:\/\/horseridingforyou.eu\/hu\/biggest-advanture\" data-read-time=\"5\" data-side=\"\" data-action=\"like\"><\/div>","protected":false},"excerpt":{"rendered":"<p>FANTASZTIKUS LOVAST\u00daRA F\u00dcRD\u00c9SSEL Gy\u00f6ny\u00f6r\u0171 lovas t\u00fara\u00a0 (3 \u2013 4 \u00f3ra) a Vransko t\u00f3hoz! F\u00fcrd\u0151z\u00e9s a lovakkal! Kezd\u0151 lovas is r\u00e9szt vehet. Megaj\u00e1nd\u00e9kozunk dalm\u00e1t specialit\u00e1sokkal (sonka, sajt, gy\u00fcm\u00f6lcs) \u00e9s digit\u00e1lis k\u00e9pekkel. 145 eur\u00f3\/f\u0151 KEDVEZM\u00c9NYEK: Az \u00e1rak szab\u00e1lyai szerint. A lovagl\u00e1s \u00fatvonal\u00e1t &hellip; <a href=\"https:\/\/horseridingforyou.eu\/hu\/biggest-advanture\">B\u0151vebben&#8230; <span class=\"meta-nav\">&rarr;<\/span><\/a><\/p>\n","protected":false},"author":1,"featured_media":0,"parent":0,"menu_order":0,"comment_status":"closed","ping_status":"closed","template":"","meta":{"footnotes":""},"class_list":["post-1743","page","type-page","status-publish","hentry"],"_links":{"self":[{"href":"https:\/\/horseridingforyou.eu\/hu\/wp-json\/wp\/v2\/pages\/1743","targetHints":{"allow":["GET"]}}],"collection":[{"href":"https:\/\/horseridingforyou.eu\/hu\/wp-json\/wp\/v2\/pages"}],"about":[{"href":"https:\/\/horseridingforyou.eu\/hu\/wp-json\/wp\/v2\/types\/page"}],"author":[{"embeddable":true,"href":"https:\/\/horseridingforyou.eu\/hu\/wp-json\/wp\/v2\/users\/1"}],"replies":[{"embeddable":true,"href":"https:\/\/horseridingforyou.eu\/hu\/wp-json\/wp\/v2\/comments?post=1743"}],"version-history":[{"count":59,"href":"https:\/\/horseridingforyou.eu\/hu\/wp-json\/wp\/v2\/pages\/1743\/revisions"}],"predecessor-version":[{"id":4710,"href":"https:\/\/horseridingforyou.eu\/hu\/wp-json\/wp\/v2\/pages\/1743\/revisions\/4710"}],"wp:attachment":[{"href":"https:\/\/horseridingforyou.eu\/hu\/wp-json\/wp\/v2\/media?parent=1743"}],"curies":[{"name":"wp","href":"https:\/\/api.w.org\/{rel}","templated":true}]}}