{"id":1804,"date":"2015-07-06T13:06:09","date_gmt":"2015-07-06T11:06:09","guid":{"rendered":"https:\/\/horseridingforyou.eu\/?page_id=1804"},"modified":"2026-04-09T11:22:42","modified_gmt":"2026-04-09T09:22:42","slug":"opening-hours","status":"publish","type":"page","link":"https:\/\/horseridingforyou.eu\/hu\/opening-hours","title":{"rendered":"Nyitva tart\u00e1s"},"content":{"rendered":"<p>2022-t\u0151l csak ny\u00e1ron (m\u00e1jus 15. \u2013 szeptember 15.) tartunk nyitva,<br \/>\nHA AZ ID\u0150J\u00c1R\u00c1S megengedi, akkor 8 \u00e9s 20 \u00f3ra k\u00f6z\u00f6tt.<br \/>\nAz aktu\u00e1lis helyzetr\u0151l b\u00e1rmikor k\u00e9rhet tov\u00e1bbi inform\u00e1ci\u00f3t telefonon, e-mailben vagy a WhatsApp-on.<br \/>\nA LOVAGL\u00c1SHOZ, L\u00c1TOGAT\u00c1SHOZ, FOGLAL\u00c1S SZ\u00dcKS\u00c9GES!<br \/>\nL\u00c1TOGAT\u00c1S \u00c9S SZEM\u00c9LYES MEGBESZ\u00c9L\u00c9S is CSAK ID\u0150PONT EGYEZTET\u00c9S UT\u00c1N!<br \/>\nK\u00f6sz\u00f6n\u00f6m a meg\u00e9rt\u00e9sed.<!--:--><\/p>\n<!-- Facebook Members Plugin by Crunchify: http:\/\/Crunchify.com\/facebook-members\/ -->\n\t\t<div class=\"fb-recommendations-bar\" data-href=\"https:\/\/horseridingforyou.eu\/hu\/opening-hours\" data-read-time=\"5\" data-side=\"\" data-action=\"like\"><\/div>","protected":false},"excerpt":{"rendered":"<p>2022-t\u0151l csak ny\u00e1ron (m\u00e1jus 15. \u2013 szeptember 15.) tartunk nyitva, HA AZ ID\u0150J\u00c1R\u00c1S megengedi, akkor 8 \u00e9s 20 \u00f3ra k\u00f6z\u00f6tt. Az aktu\u00e1lis helyzetr\u0151l b\u00e1rmikor k\u00e9rhet tov\u00e1bbi inform\u00e1ci\u00f3t telefonon, e-mailben vagy a WhatsApp-on. A LOVAGL\u00c1SHOZ, L\u00c1TOGAT\u00c1SHOZ, FOGLAL\u00c1S SZ\u00dcKS\u00c9GES! L\u00c1TOGAT\u00c1S \u00c9S SZEM\u00c9LYES &hellip; <a href=\"https:\/\/horseridingforyou.eu\/hu\/opening-hours\">B\u0151vebben&#8230; <span class=\"meta-nav\">&rarr;<\/span><\/a><\/p>\n","protected":false},"author":1,"featured_media":0,"parent":0,"menu_order":0,"comment_status":"closed","ping_status":"closed","template":"","meta":{"footnotes":""},"class_list":["post-1804","page","type-page","status-publish","hentry"],"_links":{"self":[{"href":"https:\/\/horseridingforyou.eu\/hu\/wp-json\/wp\/v2\/pages\/1804","targetHints":{"allow":["GET"]}}],"collection":[{"href":"https:\/\/horseridingforyou.eu\/hu\/wp-json\/wp\/v2\/pages"}],"about":[{"href":"https:\/\/horseridingforyou.eu\/hu\/wp-json\/wp\/v2\/types\/page"}],"author":[{"embeddable":true,"href":"https:\/\/horseridingforyou.eu\/hu\/wp-json\/wp\/v2\/users\/1"}],"replies":[{"embeddable":true,"href":"https:\/\/horseridingforyou.eu\/hu\/wp-json\/wp\/v2\/comments?post=1804"}],"version-history":[{"count":36,"href":"https:\/\/horseridingforyou.eu\/hu\/wp-json\/wp\/v2\/pages\/1804\/revisions"}],"predecessor-version":[{"id":4707,"href":"https:\/\/horseridingforyou.eu\/hu\/wp-json\/wp\/v2\/pages\/1804\/revisions\/4707"}],"wp:attachment":[{"href":"https:\/\/horseridingforyou.eu\/hu\/wp-json\/wp\/v2\/media?parent=1804"}],"curies":[{"name":"wp","href":"https:\/\/api.w.org\/{rel}","templated":true}]}}