{"id":184,"date":"2012-04-01T14:02:25","date_gmt":"2012-04-01T12:02:25","guid":{"rendered":"http:\/\/localhost\/wordpress\/?page_id=184"},"modified":"2026-04-08T12:01:56","modified_gmt":"2026-04-08T10:01:56","slug":"natural-horsemanship","status":"publish","type":"page","link":"https:\/\/horseridingforyou.eu\/hu\/natural-horsemanship","title":{"rendered":"Natural Horsemanship \u00e9s P\u00e1rbesz\u00e9d a l\u00f3val tanfolyamok"},"content":{"rendered":"\n<p>Ennek az oldalnak csak <a href=\"https:\/\/horseridingforyou.eu\/hr\/natural-horsemanship\">horv\u00e1t<\/a> nyelv\u0171 v\u00e1ltozata van.<\/p>\n\n\n\n<p><\/p>\n<!-- Facebook Members Plugin by Crunchify: http:\/\/Crunchify.com\/facebook-members\/ -->\n\t\t<div class=\"fb-recommendations-bar\" data-href=\"https:\/\/horseridingforyou.eu\/hu\/natural-horsemanship\" data-read-time=\"5\" data-side=\"\" data-action=\"like\"><\/div>","protected":false},"excerpt":{"rendered":"<p>Ennek az oldalnak csak horv\u00e1t nyelv\u0171 v\u00e1ltozata van.<\/p>\n","protected":false},"author":1,"featured_media":0,"parent":0,"menu_order":0,"comment_status":"closed","ping_status":"closed","template":"","meta":{"footnotes":""},"class_list":["post-184","page","type-page","status-publish","hentry"],"_links":{"self":[{"href":"https:\/\/horseridingforyou.eu\/hu\/wp-json\/wp\/v2\/pages\/184","targetHints":{"allow":["GET"]}}],"collection":[{"href":"https:\/\/horseridingforyou.eu\/hu\/wp-json\/wp\/v2\/pages"}],"about":[{"href":"https:\/\/horseridingforyou.eu\/hu\/wp-json\/wp\/v2\/types\/page"}],"author":[{"embeddable":true,"href":"https:\/\/horseridingforyou.eu\/hu\/wp-json\/wp\/v2\/users\/1"}],"replies":[{"embeddable":true,"href":"https:\/\/horseridingforyou.eu\/hu\/wp-json\/wp\/v2\/comments?post=184"}],"version-history":[{"count":24,"href":"https:\/\/horseridingforyou.eu\/hu\/wp-json\/wp\/v2\/pages\/184\/revisions"}],"predecessor-version":[{"id":4570,"href":"https:\/\/horseridingforyou.eu\/hu\/wp-json\/wp\/v2\/pages\/184\/revisions\/4570"}],"wp:attachment":[{"href":"https:\/\/horseridingforyou.eu\/hu\/wp-json\/wp\/v2\/media?parent=184"}],"curies":[{"name":"wp","href":"https:\/\/api.w.org\/{rel}","templated":true}]}}