{"id":194,"date":"2012-04-01T14:12:04","date_gmt":"2012-04-01T12:12:04","guid":{"rendered":"http:\/\/localhost\/wordpress\/?page_id=194"},"modified":"2026-04-06T22:01:24","modified_gmt":"2026-04-06T20:01:24","slug":"riding-club","status":"publish","type":"page","link":"https:\/\/horseridingforyou.eu\/hu\/riding-club","title":{"rendered":"Lovarda"},"content":{"rendered":"<p><!--:hr--><\/p>\n<p style=\"text-align: center;\">\n<p><!--:--><!--:hu--><\/p>\n<p style=\"text-align: center;\"><strong>L\u00d3BAR\u00c1T LOVARDA A TERM\u00c9SZETBEN<\/strong><\/p>\n<p style=\"text-align: center;\">Semmi luxus, csup\u00e1n a tiszta term\u00e9szet mind az embereknek \u00e9s \u00e1llatnak. B\u00e9ke.<\/p>\n<p><a href=\"https:\/\/horseridingforyou.eu\/wp-content\/uploads\/2026\/04\/kep13.jpg\" data-rel=\"lightbox-image-0\" data-rl_title=\"\" data-rl_caption=\"\" title=\"\"><img loading=\"lazy\" decoding=\"async\" class=\"aligncenter size-medium wp-image-4382\" src=\"https:\/\/horseridingforyou.eu\/wp-content\/uploads\/2026\/04\/kep13-300x169.jpg\" alt=\"\" width=\"300\" height=\"169\" srcset=\"https:\/\/horseridingforyou.eu\/wp-content\/uploads\/2026\/04\/kep13-300x169.jpg 300w, https:\/\/horseridingforyou.eu\/wp-content\/uploads\/2026\/04\/kep13-1024x576.jpg 1024w, https:\/\/horseridingforyou.eu\/wp-content\/uploads\/2026\/04\/kep13-768x432.jpg 768w, https:\/\/horseridingforyou.eu\/wp-content\/uploads\/2026\/04\/kep13-1536x864.jpg 1536w, https:\/\/horseridingforyou.eu\/wp-content\/uploads\/2026\/04\/kep13-800x450.jpg 800w, https:\/\/horseridingforyou.eu\/wp-content\/uploads\/2026\/04\/kep13.jpg 1696w\" sizes=\"auto, (max-width: 300px) 100vw, 300px\" \/><\/a><\/p>\n<p class=\"rtecenter\" style=\"margin-left: 35.4pt;\"><strong>L\u00f3tart\u00e1s<\/strong>: nyitott ist\u00e1ll\u00f3k, amely mened\u00e9ket ny\u00fajt a lovaknak \u00e9s lehet\u0151v\u00e9 teszi a mozg\u00e1s szabads\u00e1g\u00e1t. A legel\u0151k elektromos p\u00e1sztorral vannak k\u00f6r\u00fclv\u00e9ve.<\/p>\n<p><iframe loading=\"lazy\" title=\"FILM KKV\" width=\"500\" height=\"375\" src=\"https:\/\/www.youtube.com\/embed\/5QL7eF8AkF8?feature=oembed\" frameborder=\"0\" allow=\"accelerometer; autoplay; clipboard-write; encrypted-media; gyroscope; picture-in-picture; web-share\" referrerpolicy=\"strict-origin-when-cross-origin\" allowfullscreen><\/iframe><\/p>\n<p class=\"rtecenter\" style=\"margin-left: 35.4pt;\">\n<p><!--:--><\/p>\n<!-- Facebook Members Plugin by Crunchify: http:\/\/Crunchify.com\/facebook-members\/ -->\n\t\t<div class=\"fb-recommendations-bar\" data-href=\"https:\/\/horseridingforyou.eu\/hu\/riding-club\" data-read-time=\"5\" data-side=\"\" data-action=\"like\"><\/div>","protected":false},"excerpt":{"rendered":"<p>L\u00d3BAR\u00c1T LOVARDA A TERM\u00c9SZETBEN Semmi luxus, csup\u00e1n a tiszta term\u00e9szet mind az embereknek \u00e9s \u00e1llatnak. B\u00e9ke. L\u00f3tart\u00e1s: nyitott ist\u00e1ll\u00f3k, amely mened\u00e9ket ny\u00fajt a lovaknak \u00e9s lehet\u0151v\u00e9 teszi a mozg\u00e1s szabads\u00e1g\u00e1t. A legel\u0151k elektromos p\u00e1sztorral vannak k\u00f6r\u00fclv\u00e9ve.<\/p>\n","protected":false},"author":1,"featured_media":0,"parent":0,"menu_order":0,"comment_status":"closed","ping_status":"closed","template":"","meta":{"footnotes":""},"class_list":["post-194","page","type-page","status-publish","hentry"],"_links":{"self":[{"href":"https:\/\/horseridingforyou.eu\/hu\/wp-json\/wp\/v2\/pages\/194","targetHints":{"allow":["GET"]}}],"collection":[{"href":"https:\/\/horseridingforyou.eu\/hu\/wp-json\/wp\/v2\/pages"}],"about":[{"href":"https:\/\/horseridingforyou.eu\/hu\/wp-json\/wp\/v2\/types\/page"}],"author":[{"embeddable":true,"href":"https:\/\/horseridingforyou.eu\/hu\/wp-json\/wp\/v2\/users\/1"}],"replies":[{"embeddable":true,"href":"https:\/\/horseridingforyou.eu\/hu\/wp-json\/wp\/v2\/comments?post=194"}],"version-history":[{"count":20,"href":"https:\/\/horseridingforyou.eu\/hu\/wp-json\/wp\/v2\/pages\/194\/revisions"}],"predecessor-version":[{"id":4389,"href":"https:\/\/horseridingforyou.eu\/hu\/wp-json\/wp\/v2\/pages\/194\/revisions\/4389"}],"wp:attachment":[{"href":"https:\/\/horseridingforyou.eu\/hu\/wp-json\/wp\/v2\/media?parent=194"}],"curies":[{"name":"wp","href":"https:\/\/api.w.org\/{rel}","templated":true}]}}