{"id":198,"date":"2012-04-01T14:17:10","date_gmt":"2012-04-01T12:17:10","guid":{"rendered":"http:\/\/localhost\/wordpress\/?page_id=198"},"modified":"2026-04-08T11:35:46","modified_gmt":"2026-04-08T09:35:46","slug":"order-programs","status":"publish","type":"page","link":"https:\/\/horseridingforyou.eu\/hu\/order-programs","title":{"rendered":"Rendelhet\u0151 programok"},"content":{"rendered":"<p><a href=\"http:\/\/horseridingforyou.eu\/wp-content\/uploads\/2026\/03\/kep12.jpg\" data-rel=\"lightbox-image-0\" data-rl_title=\"\" data-rl_caption=\"\" title=\"\"><img loading=\"lazy\" decoding=\"async\" class=\"aligncenter size-medium wp-image-4149\" src=\"http:\/\/horseridingforyou.eu\/wp-content\/uploads\/2026\/03\/kep12-300x225.jpg\" alt=\"Reni\" width=\"300\" height=\"225\" srcset=\"https:\/\/horseridingforyou.eu\/wp-content\/uploads\/2026\/03\/kep12-300x225.jpg 300w, https:\/\/horseridingforyou.eu\/wp-content\/uploads\/2026\/03\/kep12.jpg 720w\" sizes=\"auto, (max-width: 300px) 100vw, 300px\" \/><\/a><\/p>\n<p style=\"text-align: center;\" align=\"center\"><span style=\"color: #ffff00;\"><b>MEGREDELHET\u0150K VAGYUNK SZ\u00dcLET\u00c9SNAPRA, ESK\u00dcV\u0150RE VAGY EGY\u00c9B RENDEZV\u00c9NYEKRE, BEMUTAT\u00d3RA<\/b><\/span><\/p>\n<p style=\"text-align: justify;\"><b>MEGRENDELET\u0150EK VAGYUNK RENDEZV\u00c9NYEKRE<\/b> <b>(Pl. esk\u00fcv\u0151, turisztikai rendezv\u00e9nyek)<\/b><\/p>\n<ul style=\"text-align: justify;\">\n<li>fot\u00f3z\u00e1s<\/li>\n<li>lovagl\u00e1s<\/li>\n<\/ul>\n<p style=\"text-align: justify;\">Fot\u00f3z\u00e1s lovakkal gy\u00f6ny\u00f6r\u0171 helyeken. (pl. tengerpart, t\u00f3part \u00e9s egy\u00e9b leny\u0171g\u00f6z\u0151 helysz\u00ednek) El\u0151zetes foglal\u00e1s sz\u00fcks\u00e9ges, kisz\u00e1ll\u00edtjuk a lovat \u00e9s felszerel\u00e9st is biztos\u00edtunk. Tov\u00e1bb\u00e1 vezet\u0151 seg\u00edt a program lebonyol\u00edt\u00e1sakor.<\/p>\n<p style=\"text-align: justify;\"><b>MEGRENDELHET\u0150EK VAGYUNK LOVAGOLTAT\u00c1SRA<\/b><\/p>\n<p><!--:--><\/p>\n<!-- Facebook Members Plugin by Crunchify: http:\/\/Crunchify.com\/facebook-members\/ -->\n\t\t<div class=\"fb-recommendations-bar\" data-href=\"https:\/\/horseridingforyou.eu\/hu\/order-programs\" data-read-time=\"5\" data-side=\"\" data-action=\"like\"><\/div>","protected":false},"excerpt":{"rendered":"<p>MEGREDELHET\u0150K VAGYUNK SZ\u00dcLET\u00c9SNAPRA, ESK\u00dcV\u0150RE VAGY EGY\u00c9B RENDEZV\u00c9NYEKRE, BEMUTAT\u00d3RA MEGRENDELET\u0150EK VAGYUNK RENDEZV\u00c9NYEKRE (Pl. esk\u00fcv\u0151, turisztikai rendezv\u00e9nyek) fot\u00f3z\u00e1s lovagl\u00e1s Fot\u00f3z\u00e1s lovakkal gy\u00f6ny\u00f6r\u0171 helyeken. (pl. tengerpart, t\u00f3part \u00e9s egy\u00e9b leny\u0171g\u00f6z\u0151 helysz\u00ednek) El\u0151zetes foglal\u00e1s sz\u00fcks\u00e9ges, kisz\u00e1ll\u00edtjuk a lovat \u00e9s felszerel\u00e9st is biztos\u00edtunk. Tov\u00e1bb\u00e1 vezet\u0151 &hellip; <a href=\"https:\/\/horseridingforyou.eu\/hu\/order-programs\">B\u0151vebben&#8230; <span class=\"meta-nav\">&rarr;<\/span><\/a><\/p>\n","protected":false},"author":1,"featured_media":0,"parent":0,"menu_order":0,"comment_status":"closed","ping_status":"closed","template":"","meta":{"footnotes":""},"class_list":["post-198","page","type-page","status-publish","hentry"],"_links":{"self":[{"href":"https:\/\/horseridingforyou.eu\/hu\/wp-json\/wp\/v2\/pages\/198","targetHints":{"allow":["GET"]}}],"collection":[{"href":"https:\/\/horseridingforyou.eu\/hu\/wp-json\/wp\/v2\/pages"}],"about":[{"href":"https:\/\/horseridingforyou.eu\/hu\/wp-json\/wp\/v2\/types\/page"}],"author":[{"embeddable":true,"href":"https:\/\/horseridingforyou.eu\/hu\/wp-json\/wp\/v2\/users\/1"}],"replies":[{"embeddable":true,"href":"https:\/\/horseridingforyou.eu\/hu\/wp-json\/wp\/v2\/comments?post=198"}],"version-history":[{"count":30,"href":"https:\/\/horseridingforyou.eu\/hu\/wp-json\/wp\/v2\/pages\/198\/revisions"}],"predecessor-version":[{"id":4540,"href":"https:\/\/horseridingforyou.eu\/hu\/wp-json\/wp\/v2\/pages\/198\/revisions\/4540"}],"wp:attachment":[{"href":"https:\/\/horseridingforyou.eu\/hu\/wp-json\/wp\/v2\/media?parent=198"}],"curies":[{"name":"wp","href":"https:\/\/api.w.org\/{rel}","templated":true}]}}