{"id":2103,"date":"2025-07-20T20:44:08","date_gmt":"2025-07-20T18:44:08","guid":{"rendered":"https:\/\/horseridingforyou.eu\/?page_id=2103"},"modified":"2026-04-06T22:04:55","modified_gmt":"2026-04-06T20:04:55","slug":"contact","status":"publish","type":"page","link":"https:\/\/horseridingforyou.eu\/hu\/contact","title":{"rendered":"Kapcsolat"},"content":{"rendered":"\n<p><\/p>\n\n\n\n<p><strong>L\u00e1togat\u00e1s el\u0151tt bejelentkez\u00e9sedet k\u00e9rj\u00fck: <\/strong><\/p>\n\n\n\n<p><strong>E-mail: <\/strong><a href=\"mailto:info@horseridingforyou.eu\" target=\"_blank\" rel=\"noreferrer noopener\">info@horseridingforyou.eu<\/a><\/p>\n\n\n\n<p><strong>Facebook: <\/strong><a href=\"https:\/\/www.facebook.com\/konjickiklub.vencel\" target=\"_blank\" rel=\"noreferrer noopener\">Konjicki klub Vencel<\/a><\/p>\n\n\n\n<p><strong>Tel: <\/strong>+385-99-518-8347 T\u00e1bori Ren\u00e1ta<\/p>\n\n\n\n<p>\u00cdrhat nek\u00fcnk WhatsApp-on vagy e-mailben.<\/p>\n\n\n\n<p><strong>Hogy tal\u00e1lnak meg a legk\u00f6nnyebben:<\/strong><\/p>\n\n\n\n<p><strong>GPS:<\/strong> \u00c943.9622\u00b0 K15.4962\u00b0<\/p>\n\n\n<style type=\"text\/css\" id=\"gmpMapStyles_1_65922\">\r\n\t#google_map_easy_1_65922 {\r\n        width: 100%;\r\n        height: 400px;\r\n\t\t\t\t\t\t    }\r\n\t#gmapControlsNum_1_65922 {\r\n\t\twidth:100%\t}\r\n\t.gmpMapDetailsContainer#gmpMapDetailsContainer_1_65922 {\r\n\t\theight:400px;\r\n\t}\r\n\t.gmp_MapPreview#google_map_easy_1_65922 {\r\n\t\t\/*position:absolute;*\/\r\n\t\twidth: 100%;\r\n\t}\r\n\t#mapConElem_1_65922{\r\n\t\twidth: 100%\t}\r\n    .gm-style .gm-style-iw-c{\r\n        padding: 12px!important;\r\n    }\r\n\t    <\/style>\r\n <div class=\"gmp_map_opts\" id=\"mapConElem_1_65922\" data-id=\"1\" data-view-id=\"1_65922\" > <div class=\"gmpMapDetailsContainer\" id=\"gmpMapDetailsContainer_1_65922\"> <i class=\"gmpKMLLayersPreloader fa fa-spinner fa-spin\" aria-hidden=\"true\" style=\"display: none;\"><\/i> <div class=\"gmp_MapPreview \" id=\"google_map_easy_1_65922\"><\/div> <\/div> <div class=\"gmpMapMarkerFilters\" id=\"gmpMapMarkerFilters_1_65922\"> <\/div> <div class=\"gmpMapProControlsCon\" id=\"gmpMapProControlsCon_1_65922\"> <a title=\"WP Google Maps\" style=\"display:none;\" href=\"https:\/\/supsystic.com\/plugins\/google-maps-plugin\/?utm_medium=love_link_hide\" target=\"_blank\">WP Google Maps<\/a><div style=\"clear: both;\"><\/div> <\/div> <div class=\"gmpMapProDirectionsCon\" id=\"gmpMapProDirectionsCon_1_65922\" > <\/div> <div class=\"gmpMapProKmlFilterCon\" id=\"gmpMapProKmlFilterCon_1_65922\" > <\/div> <div class=\"gmpSocialSharingShell gmpSocialSharingShell_1_65922\"> <\/div> <div style=\"clear: both;\"><\/div> <\/div> \n\n\n\n<p><strong>Kakma ir\u00e1ny\u00e1b\u00f3l:<\/strong> Biograd fel\u00e9 menet, Kakma falu ut\u00e1n egy kis k\u00e9k h\u00edd el\u0151tt forduljanak balra, a k\u00f6ves \u00fatra. A lovarda kb. 500 m-re tal\u00e1lhat\u00f3.<\/p>\n\n\n\n<p><strong>Biograd ir\u00e1ny\u00e1b\u00f3l: <\/strong>Benkovac fel\u00e9 menet, Jankolovica falu ut\u00e1n egy kis k\u00e9k h\u00eddn\u00e1l forduljanak jobbra, a k\u00f6ves \u00fatra. A lovarda kb. 500 m-re tal\u00e1lhat\u00f3.<\/p>\n\n\n\n<p><\/p>\n<!-- Facebook Members Plugin by Crunchify: http:\/\/Crunchify.com\/facebook-members\/ -->\n\t\t<div class=\"fb-recommendations-bar\" data-href=\"https:\/\/horseridingforyou.eu\/hu\/contact\" data-read-time=\"5\" data-side=\"\" data-action=\"like\"><\/div>","protected":false},"excerpt":{"rendered":"<p>L\u00e1togat\u00e1s el\u0151tt bejelentkez\u00e9sedet k\u00e9rj\u00fck: E-mail: info@horseridingforyou.eu Facebook: Konjicki klub Vencel Tel: +385-99-518-8347 T\u00e1bori Ren\u00e1ta \u00cdrhat nek\u00fcnk WhatsApp-on vagy e-mailben. Hogy tal\u00e1lnak meg a legk\u00f6nnyebben: GPS: \u00c943.9622\u00b0 K15.4962\u00b0 Kakma ir\u00e1ny\u00e1b\u00f3l: Biograd fel\u00e9 menet, Kakma falu ut\u00e1n egy kis k\u00e9k h\u00edd el\u0151tt &hellip; <a href=\"https:\/\/horseridingforyou.eu\/hu\/contact\">B\u0151vebben&#8230; <span class=\"meta-nav\">&rarr;<\/span><\/a><\/p>\n","protected":false},"author":1,"featured_media":0,"parent":0,"menu_order":0,"comment_status":"closed","ping_status":"closed","template":"","meta":{"footnotes":""},"class_list":["post-2103","page","type-page","status-publish","hentry"],"_links":{"self":[{"href":"https:\/\/horseridingforyou.eu\/hu\/wp-json\/wp\/v2\/pages\/2103","targetHints":{"allow":["GET"]}}],"collection":[{"href":"https:\/\/horseridingforyou.eu\/hu\/wp-json\/wp\/v2\/pages"}],"about":[{"href":"https:\/\/horseridingforyou.eu\/hu\/wp-json\/wp\/v2\/types\/page"}],"author":[{"embeddable":true,"href":"https:\/\/horseridingforyou.eu\/hu\/wp-json\/wp\/v2\/users\/1"}],"replies":[{"embeddable":true,"href":"https:\/\/horseridingforyou.eu\/hu\/wp-json\/wp\/v2\/comments?post=2103"}],"version-history":[{"count":31,"href":"https:\/\/horseridingforyou.eu\/hu\/wp-json\/wp\/v2\/pages\/2103\/revisions"}],"predecessor-version":[{"id":4182,"href":"https:\/\/horseridingforyou.eu\/hu\/wp-json\/wp\/v2\/pages\/2103\/revisions\/4182"}],"wp:attachment":[{"href":"https:\/\/horseridingforyou.eu\/hu\/wp-json\/wp\/v2\/media?parent=2103"}],"curies":[{"name":"wp","href":"https:\/\/api.w.org\/{rel}","templated":true}]}}