{"id":425,"date":"2012-04-23T13:47:43","date_gmt":"2012-04-23T11:47:43","guid":{"rendered":"http:\/\/kkv.site90.com\/wordpress\/?page_id=425"},"modified":"2026-04-17T16:42:37","modified_gmt":"2026-04-17T14:42:37","slug":"home","status":"publish","type":"page","link":"https:\/\/horseridingforyou.eu\/hu\/","title":{"rendered":"F\u0151oldal"},"content":{"rendered":"<p><!--:hr--><\/p>\n<h1 style=\"text-align: center;\">L\u00d3BAR\u00c1T LOVARDA A TERM\u00c9SZETBEN<\/h1>\n<p>F\u00fcrd\u00e9s a lovakkal<!--:--><!--:en--><\/p>\n<p><iframe loading=\"lazy\" title=\"Riding in the lake Biograd n\/m\" width=\"500\" height=\"375\" src=\"https:\/\/www.youtube.com\/embed\/oBpX3EfiXog?feature=oembed\" frameborder=\"0\" allow=\"accelerometer; autoplay; clipboard-write; encrypted-media; gyroscope; picture-in-picture; web-share\" referrerpolicy=\"strict-origin-when-cross-origin\" allowfullscreen><\/iframe><\/p>\n<!-- Facebook Members Plugin by Crunchify: http:\/\/Crunchify.com\/facebook-members\/ -->\n\t\t<div class=\"fb-recommendations-bar\" data-href=\"https:\/\/horseridingforyou.eu\/hu\/\" data-read-time=\"5\" data-side=\"\" data-action=\"like\"><\/div>","protected":false},"excerpt":{"rendered":"<p>L\u00d3BAR\u00c1T LOVARDA A TERM\u00c9SZETBEN F\u00fcrd\u00e9s a lovakkal<\/p>\n","protected":false},"author":1,"featured_media":0,"parent":0,"menu_order":0,"comment_status":"closed","ping_status":"closed","template":"","meta":{"footnotes":""},"class_list":["post-425","page","type-page","status-publish","hentry"],"_links":{"self":[{"href":"https:\/\/horseridingforyou.eu\/hu\/wp-json\/wp\/v2\/pages\/425","targetHints":{"allow":["GET"]}}],"collection":[{"href":"https:\/\/horseridingforyou.eu\/hu\/wp-json\/wp\/v2\/pages"}],"about":[{"href":"https:\/\/horseridingforyou.eu\/hu\/wp-json\/wp\/v2\/types\/page"}],"author":[{"embeddable":true,"href":"https:\/\/horseridingforyou.eu\/hu\/wp-json\/wp\/v2\/users\/1"}],"replies":[{"embeddable":true,"href":"https:\/\/horseridingforyou.eu\/hu\/wp-json\/wp\/v2\/comments?post=425"}],"version-history":[{"count":44,"href":"https:\/\/horseridingforyou.eu\/hu\/wp-json\/wp\/v2\/pages\/425\/revisions"}],"predecessor-version":[{"id":4937,"href":"https:\/\/horseridingforyou.eu\/hu\/wp-json\/wp\/v2\/pages\/425\/revisions\/4937"}],"wp:attachment":[{"href":"https:\/\/horseridingforyou.eu\/hu\/wp-json\/wp\/v2\/media?parent=425"}],"curies":[{"name":"wp","href":"https:\/\/api.w.org\/{rel}","templated":true}]}}