{"id":4785,"date":"2026-04-09T16:07:55","date_gmt":"2026-04-09T14:07:55","guid":{"rendered":"https:\/\/horseridingforyou.eu\/hu\/?page_id=4785"},"modified":"2026-04-10T14:30:41","modified_gmt":"2026-04-10T12:30:41","slug":"horse-riding-hungary","status":"publish","type":"page","link":"https:\/\/horseridingforyou.eu\/hu\/horse-riding-hungary","title":{"rendered":"Magyarorsz\u00e1gi lovagl\u00e1s"},"content":{"rendered":"\r\n<figure class=\"wp-block-table\">\r\n<table class=\"has-fixed-layout\">\r\n<tbody>\r\n<tr>\r\n<td class=\"has-text-align-center\" data-align=\"center\"><a href=\"https:\/\/horseridingforyou.eu\/hu\/egyesulet\" data-type=\"page\" data-id=\"2103\">EGYES\u00dcLET<\/a><\/td>\r\n<td class=\"has-text-align-center\" data-align=\"center\"><a href=\"https:\/\/horseridingforyou.eu\/hu\/kapcsolat\" data-type=\"page\" data-id=\"2103\">KAPCSOLAT<\/a><\/td>\r\n<td class=\"has-text-align-center\" data-align=\"center\"><a href=\"https:\/\/horseridingforyou.eu\/hu\/lovarda\" data-type=\"page\" data-id=\"4785\">LOVARDA<\/a><\/td>\r\n<td class=\"has-text-align-center\" data-align=\"center\"><a href=\"https:\/\/horseridingforyou.eu\/hu\/lovak\" data-type=\"page\" data-id=\"2103\">LOVAK<\/a><\/td>\r\n<\/tr>\r\n<tr>\r\n<td class=\"has-text-align-center\" data-align=\"center\"><a href=\"https:\/\/horseridingforyou.eu\/hu\/tereplovaglas\">TEREPLOVAGL\u00c1SI LEHET\u0150S\u00c9G<\/a><\/td>\r\n<td class=\"has-text-align-center\" data-align=\"center\"><a href=\"https:\/\/horseridingforyou.eu\/hu\/versenyzes\">VERSENYZ\u00c9SI LEHET\u0150S\u00c9G<\/a><\/td>\r\n<td class=\"has-text-align-center\" data-align=\"center\"><a href=\"https:\/\/horseridingforyou.eu\/hu\/lovas-edzes\">LOVAS EDZ\u00c9S<\/a><\/td>\r\n<td class=\"has-text-align-center\" data-align=\"center\"><a href=\"https:\/\/horseridingforyou.eu\/hu\/eredmenyek\">VERSENYEREDM\u00c9NYEK<\/a><\/td>\r\n<\/tr>\r\n<\/tbody>\r\n<\/table>\r\n<\/figure>\r\n\r\n\r\n\r\n<p><a href=\"https:\/\/horseridingforyou.eu\/wp-content\/uploads\/2026\/04\/fooldal.jpg\" data-rel=\"lightbox-image-0\" data-rl_title=\"\" data-rl_caption=\"\" title=\"\"><img loading=\"lazy\" decoding=\"async\" class=\"aligncenter wp-image-4882 size-large\" src=\"https:\/\/horseridingforyou.eu\/wp-content\/uploads\/2026\/04\/fooldal-1024x819.jpg\" alt=\"\" width=\"500\" height=\"400\" srcset=\"https:\/\/horseridingforyou.eu\/wp-content\/uploads\/2026\/04\/fooldal-1024x819.jpg 1024w, https:\/\/horseridingforyou.eu\/wp-content\/uploads\/2026\/04\/fooldal-300x240.jpg 300w, https:\/\/horseridingforyou.eu\/wp-content\/uploads\/2026\/04\/fooldal-768x614.jpg 768w, https:\/\/horseridingforyou.eu\/wp-content\/uploads\/2026\/04\/fooldal-800x640.jpg 800w, https:\/\/horseridingforyou.eu\/wp-content\/uploads\/2026\/04\/fooldal.jpg 1500w\" sizes=\"auto, (max-width: 500px) 100vw, 500px\" \/><\/a><\/p>\r\n<!-- Facebook Members Plugin by Crunchify: http:\/\/Crunchify.com\/facebook-members\/ -->\n\t\t<div class=\"fb-recommendations-bar\" data-href=\"https:\/\/horseridingforyou.eu\/hu\/horse-riding-hungary\" data-read-time=\"5\" data-side=\"\" data-action=\"like\"><\/div>","protected":false},"excerpt":{"rendered":"<p>EGYES\u00dcLET KAPCSOLAT LOVARDA LOVAK TEREPLOVAGL\u00c1SI LEHET\u0150S\u00c9G VERSENYZ\u00c9SI LEHET\u0150S\u00c9G LOVAS EDZ\u00c9S VERSENYEREDM\u00c9NYEK<\/p>\n","protected":false},"author":1,"featured_media":0,"parent":0,"menu_order":0,"comment_status":"closed","ping_status":"closed","template":"full-width-page.php","meta":{"footnotes":""},"class_list":["post-4785","page","type-page","status-publish","hentry"],"_links":{"self":[{"href":"https:\/\/horseridingforyou.eu\/hu\/wp-json\/wp\/v2\/pages\/4785","targetHints":{"allow":["GET"]}}],"collection":[{"href":"https:\/\/horseridingforyou.eu\/hu\/wp-json\/wp\/v2\/pages"}],"about":[{"href":"https:\/\/horseridingforyou.eu\/hu\/wp-json\/wp\/v2\/types\/page"}],"author":[{"embeddable":true,"href":"https:\/\/horseridingforyou.eu\/hu\/wp-json\/wp\/v2\/users\/1"}],"replies":[{"embeddable":true,"href":"https:\/\/horseridingforyou.eu\/hu\/wp-json\/wp\/v2\/comments?post=4785"}],"version-history":[{"count":12,"href":"https:\/\/horseridingforyou.eu\/hu\/wp-json\/wp\/v2\/pages\/4785\/revisions"}],"predecessor-version":[{"id":4879,"href":"https:\/\/horseridingforyou.eu\/hu\/wp-json\/wp\/v2\/pages\/4785\/revisions\/4879"}],"wp:attachment":[{"href":"https:\/\/horseridingforyou.eu\/hu\/wp-json\/wp\/v2\/media?parent=4785"}],"curies":[{"name":"wp","href":"https:\/\/api.w.org\/{rel}","templated":true}]}}