{"id":4820,"date":"2026-04-10T12:36:48","date_gmt":"2026-04-10T10:36:48","guid":{"rendered":"https:\/\/horseridingforyou.eu\/hu\/?page_id=4820"},"modified":"2026-04-10T12:36:48","modified_gmt":"2026-04-10T10:36:48","slug":"egyesulet","status":"publish","type":"page","link":"https:\/\/horseridingforyou.eu\/hu\/horse-riding-hungary\/egyesulet","title":{"rendered":"Szent Endre Tid\u00f3l\u00e1 Lovas Sportegyes\u00fclet"},"content":{"rendered":"\r\n<p class=\"has-medium-font-size\"><br \/>Eln\u00f6k \u00e9s edz\u0151: T\u00e1bori Ren\u00e1ta<br \/>Egyes\u00fclet aleln\u00f6k \u00e9s titk\u00e1r: Szotl\u00e1r Gy\u00f6rgy \u00e9s Kap\u00f3cs Dorottya<br \/>Seg\u00e9dedz\u0151: Edel\u00e9nyi Emma<\/p>\r\n\r\n\r\n\r\n<p><a href=\"https:\/\/horseridingforyou.eu\/hu\/horse-riding-hungary\" data-type=\"page\" data-id=\"4785\">Vissza a f\u0151oldalra<\/a><\/p>\r\n\r\n\r\n\r\n<p>&nbsp;<\/p>\r\n<!-- Facebook Members Plugin by Crunchify: http:\/\/Crunchify.com\/facebook-members\/ -->\n\t\t<div class=\"fb-recommendations-bar\" data-href=\"https:\/\/horseridingforyou.eu\/hu\/horse-riding-hungary\/egyesulet\" data-read-time=\"5\" data-side=\"\" data-action=\"like\"><\/div>","protected":false},"excerpt":{"rendered":"<p>Eln\u00f6k \u00e9s edz\u0151: T\u00e1bori Ren\u00e1taEgyes\u00fclet aleln\u00f6k \u00e9s titk\u00e1r: Szotl\u00e1r Gy\u00f6rgy \u00e9s Kap\u00f3cs DorottyaSeg\u00e9dedz\u0151: Edel\u00e9nyi Emma Vissza a f\u0151oldalra &nbsp;<\/p>\n","protected":false},"author":1,"featured_media":0,"parent":4785,"menu_order":0,"comment_status":"closed","ping_status":"closed","template":"full-width-page.php","meta":{"footnotes":""},"class_list":["post-4820","page","type-page","status-publish","hentry"],"_links":{"self":[{"href":"https:\/\/horseridingforyou.eu\/hu\/wp-json\/wp\/v2\/pages\/4820","targetHints":{"allow":["GET"]}}],"collection":[{"href":"https:\/\/horseridingforyou.eu\/hu\/wp-json\/wp\/v2\/pages"}],"about":[{"href":"https:\/\/horseridingforyou.eu\/hu\/wp-json\/wp\/v2\/types\/page"}],"author":[{"embeddable":true,"href":"https:\/\/horseridingforyou.eu\/hu\/wp-json\/wp\/v2\/users\/1"}],"replies":[{"embeddable":true,"href":"https:\/\/horseridingforyou.eu\/hu\/wp-json\/wp\/v2\/comments?post=4820"}],"version-history":[{"count":6,"href":"https:\/\/horseridingforyou.eu\/hu\/wp-json\/wp\/v2\/pages\/4820\/revisions"}],"predecessor-version":[{"id":4881,"href":"https:\/\/horseridingforyou.eu\/hu\/wp-json\/wp\/v2\/pages\/4820\/revisions\/4881"}],"up":[{"embeddable":true,"href":"https:\/\/horseridingforyou.eu\/hu\/wp-json\/wp\/v2\/pages\/4785"}],"wp:attachment":[{"href":"https:\/\/horseridingforyou.eu\/hu\/wp-json\/wp\/v2\/media?parent=4820"}],"curies":[{"name":"wp","href":"https:\/\/api.w.org\/{rel}","templated":true}]}}