{"id":4827,"date":"2026-04-10T12:32:25","date_gmt":"2026-04-10T10:32:25","guid":{"rendered":"https:\/\/horseridingforyou.eu\/hu\/?page_id=4827"},"modified":"2026-04-10T16:49:58","modified_gmt":"2026-04-10T14:49:58","slug":"kapcsolat","status":"publish","type":"page","link":"https:\/\/horseridingforyou.eu\/hu\/horse-riding-hungary\/kapcsolat","title":{"rendered":"Kapcsolat"},"content":{"rendered":"\r\n<p>&nbsp;<\/p>\r\n<p>SZENTENDRE Budapest fel\u0151li oldal\u00e1n.<\/p>\r\n\r\n\r\n\r\n<p>A lovasok tov\u00e1bbi inf\u00f3t WhatsApp-on kapnak az els\u0151 tal\u00e1lkoz\u00e1s el\u0151tt.<br \/><br \/>Csak el\u0151zetes egyeztet\u00e9s alapj\u00e1n l\u00e1togathat\u00f3 a lovarda. Nincs \u00e1lland\u00f3an nyitva!<br \/><br \/>Whatsapp: T\u00e1bori Ren\u00e1ta +36207197607<\/p>\r\n\r\n\r\n\r\n<p><a href=\"mailto:szentendre.tidola@gmail.com\">szentendre.tidola@gmail.com<\/a><\/p>\r\n\r\n\r\n\r\n<p>&nbsp;<\/p>\r\n\r\n\r\n\r\n<p><a href=\"https:\/\/horseridingforyou.eu\/hu\/horse-riding-hungary\" data-type=\"page\" data-id=\"4785\">Vissza a f\u0151oldalra<\/a><\/p>\r\n\r\n\r\n\r\n<p>&nbsp;<\/p>\r\n<!-- Facebook Members Plugin by Crunchify: http:\/\/Crunchify.com\/facebook-members\/ -->\n\t\t<div class=\"fb-recommendations-bar\" data-href=\"https:\/\/horseridingforyou.eu\/hu\/horse-riding-hungary\/kapcsolat\" data-read-time=\"5\" data-side=\"\" data-action=\"like\"><\/div>","protected":false},"excerpt":{"rendered":"<p>&nbsp; SZENTENDRE Budapest fel\u0151li oldal\u00e1n. A lovasok tov\u00e1bbi inf\u00f3t WhatsApp-on kapnak az els\u0151 tal\u00e1lkoz\u00e1s el\u0151tt. Csak el\u0151zetes egyeztet\u00e9s alapj\u00e1n l\u00e1togathat\u00f3 a lovarda. Nincs \u00e1lland\u00f3an nyitva! Whatsapp: T\u00e1bori Ren\u00e1ta +36207197607 szentendre.tidola@gmail.com &nbsp; Vissza a f\u0151oldalra &nbsp;<\/p>\n","protected":false},"author":1,"featured_media":0,"parent":4785,"menu_order":0,"comment_status":"closed","ping_status":"closed","template":"full-width-page.php","meta":{"footnotes":""},"class_list":["post-4827","page","type-page","status-publish","hentry"],"_links":{"self":[{"href":"https:\/\/horseridingforyou.eu\/hu\/wp-json\/wp\/v2\/pages\/4827","targetHints":{"allow":["GET"]}}],"collection":[{"href":"https:\/\/horseridingforyou.eu\/hu\/wp-json\/wp\/v2\/pages"}],"about":[{"href":"https:\/\/horseridingforyou.eu\/hu\/wp-json\/wp\/v2\/types\/page"}],"author":[{"embeddable":true,"href":"https:\/\/horseridingforyou.eu\/hu\/wp-json\/wp\/v2\/users\/1"}],"replies":[{"embeddable":true,"href":"https:\/\/horseridingforyou.eu\/hu\/wp-json\/wp\/v2\/comments?post=4827"}],"version-history":[{"count":7,"href":"https:\/\/horseridingforyou.eu\/hu\/wp-json\/wp\/v2\/pages\/4827\/revisions"}],"predecessor-version":[{"id":4906,"href":"https:\/\/horseridingforyou.eu\/hu\/wp-json\/wp\/v2\/pages\/4827\/revisions\/4906"}],"up":[{"embeddable":true,"href":"https:\/\/horseridingforyou.eu\/hu\/wp-json\/wp\/v2\/pages\/4785"}],"wp:attachment":[{"href":"https:\/\/horseridingforyou.eu\/hu\/wp-json\/wp\/v2\/media?parent=4827"}],"curies":[{"name":"wp","href":"https:\/\/api.w.org\/{rel}","templated":true}]}}