{"id":4833,"date":"2026-04-10T12:36:56","date_gmt":"2026-04-10T10:36:56","guid":{"rendered":"https:\/\/horseridingforyou.eu\/hu\/?page_id=4833"},"modified":"2026-04-10T12:36:56","modified_gmt":"2026-04-10T10:36:56","slug":"lovarda","status":"publish","type":"page","link":"https:\/\/horseridingforyou.eu\/hu\/horse-riding-hungary\/lovarda","title":{"rendered":"Lovarda"},"content":{"rendered":"\r\n<p>A term\u00e9szetben vagyunk. Nincs luxus, csendes hely.<br \/>2 p\u00e1lya van ugr\u00e1sokkal, p\u00e1ly\u00e1n \u00e9s kint terepen, mez\u0151n edz\u00fcnk.<br \/>Egyszer\u0171 k\u00f6r\u00fclm\u00e9nyek k\u00f6z\u00f6tt, nem ki\u00e9p\u00edtett lovard\u00e1ban \u00e9s k\u00f6rnyezetben.<\/p>\r\n\r\n\t\t\n\t\t<div id='gallery-1' class='gallery galleryid-4833 gallery-columns-5 gallery-size-thumbnail'><dl class='gallery-item'>\r\n\t\t\t<dt class='gallery-icon landscape'>\r\n\t\t\t\t<a href='https:\/\/horseridingforyou.eu\/wp-content\/uploads\/2026\/04\/Lovarda1.jpeg' title=\"\" data-rl_title=\"\" class=\"rl-gallery-link\" data-rl_caption=\"\" data-rel=\"lightbox-gallery-0\"><img loading=\"lazy\" decoding=\"async\" width=\"150\" height=\"150\" src=\"https:\/\/horseridingforyou.eu\/wp-content\/uploads\/2026\/04\/Lovarda1-150x150.jpeg\" class=\"attachment-thumbnail size-thumbnail\" alt=\"\" \/><\/a>\r\n\t\t\t<\/dt><\/dl><dl class='gallery-item'>\r\n\t\t\t<dt class='gallery-icon landscape'>\r\n\t\t\t\t<a href='https:\/\/horseridingforyou.eu\/wp-content\/uploads\/2026\/04\/Lovarda2.jpeg' title=\"\" data-rl_title=\"\" class=\"rl-gallery-link\" data-rl_caption=\"\" data-rel=\"lightbox-gallery-0\"><img loading=\"lazy\" decoding=\"async\" width=\"150\" height=\"150\" src=\"https:\/\/horseridingforyou.eu\/wp-content\/uploads\/2026\/04\/Lovarda2-150x150.jpeg\" class=\"attachment-thumbnail size-thumbnail\" alt=\"\" \/><\/a>\r\n\t\t\t<\/dt><\/dl><dl class='gallery-item'>\r\n\t\t\t<dt class='gallery-icon landscape'>\r\n\t\t\t\t<a href='https:\/\/horseridingforyou.eu\/wp-content\/uploads\/2026\/04\/Lovarda3.jpeg' title=\"\" data-rl_title=\"\" class=\"rl-gallery-link\" data-rl_caption=\"\" data-rel=\"lightbox-gallery-0\"><img loading=\"lazy\" decoding=\"async\" width=\"150\" height=\"150\" src=\"https:\/\/horseridingforyou.eu\/wp-content\/uploads\/2026\/04\/Lovarda3-150x150.jpeg\" class=\"attachment-thumbnail size-thumbnail\" alt=\"\" \/><\/a>\r\n\t\t\t<\/dt><\/dl><dl class='gallery-item'>\r\n\t\t\t<dt class='gallery-icon landscape'>\r\n\t\t\t\t<a href='https:\/\/horseridingforyou.eu\/wp-content\/uploads\/2026\/04\/Lovarda4.jpeg' title=\"\" data-rl_title=\"\" class=\"rl-gallery-link\" data-rl_caption=\"\" data-rel=\"lightbox-gallery-0\"><img loading=\"lazy\" decoding=\"async\" width=\"150\" height=\"150\" src=\"https:\/\/horseridingforyou.eu\/wp-content\/uploads\/2026\/04\/Lovarda4-150x150.jpeg\" class=\"attachment-thumbnail size-thumbnail\" alt=\"\" \/><\/a>\r\n\t\t\t<\/dt><\/dl><dl class='gallery-item'>\r\n\t\t\t<dt class='gallery-icon landscape'>\r\n\t\t\t\t<a href='https:\/\/horseridingforyou.eu\/wp-content\/uploads\/2026\/04\/Lovarda5.jpeg' title=\"\" data-rl_title=\"\" class=\"rl-gallery-link\" data-rl_caption=\"\" data-rel=\"lightbox-gallery-0\"><img loading=\"lazy\" decoding=\"async\" width=\"150\" height=\"150\" src=\"https:\/\/horseridingforyou.eu\/wp-content\/uploads\/2026\/04\/Lovarda5-150x150.jpeg\" class=\"attachment-thumbnail size-thumbnail\" alt=\"\" \/><\/a>\r\n\t\t\t<\/dt><\/dl><br style=\"clear: both\" \/><\/div>\n\r\n<p><a href=\"https:\/\/horseridingforyou.eu\/hu\/horse-riding-hungary\" data-type=\"page\" data-id=\"4785\">Vissza a f\u0151oldalra<\/a><\/p>\r\n\r\n\r\n\r\n<p>&nbsp;<\/p>\r\n<!-- Facebook Members Plugin by Crunchify: http:\/\/Crunchify.com\/facebook-members\/ -->\n\t\t<div class=\"fb-recommendations-bar\" data-href=\"https:\/\/horseridingforyou.eu\/hu\/horse-riding-hungary\/lovarda\" data-read-time=\"5\" data-side=\"\" data-action=\"like\"><\/div>","protected":false},"excerpt":{"rendered":"<p>A term\u00e9szetben vagyunk. Nincs luxus, csendes hely.2 p\u00e1lya van ugr\u00e1sokkal, p\u00e1ly\u00e1n \u00e9s kint terepen, mez\u0151n edz\u00fcnk.Egyszer\u0171 k\u00f6r\u00fclm\u00e9nyek k\u00f6z\u00f6tt, nem ki\u00e9p\u00edtett lovard\u00e1ban \u00e9s k\u00f6rnyezetben. Vissza a f\u0151oldalra &nbsp;<\/p>\n","protected":false},"author":1,"featured_media":0,"parent":4785,"menu_order":0,"comment_status":"closed","ping_status":"closed","template":"full-width-page.php","meta":{"footnotes":""},"class_list":["post-4833","page","type-page","status-publish","hentry"],"_links":{"self":[{"href":"https:\/\/horseridingforyou.eu\/hu\/wp-json\/wp\/v2\/pages\/4833","targetHints":{"allow":["GET"]}}],"collection":[{"href":"https:\/\/horseridingforyou.eu\/hu\/wp-json\/wp\/v2\/pages"}],"about":[{"href":"https:\/\/horseridingforyou.eu\/hu\/wp-json\/wp\/v2\/types\/page"}],"author":[{"embeddable":true,"href":"https:\/\/horseridingforyou.eu\/hu\/wp-json\/wp\/v2\/users\/1"}],"replies":[{"embeddable":true,"href":"https:\/\/horseridingforyou.eu\/hu\/wp-json\/wp\/v2\/comments?post=4833"}],"version-history":[{"count":4,"href":"https:\/\/horseridingforyou.eu\/hu\/wp-json\/wp\/v2\/pages\/4833\/revisions"}],"predecessor-version":[{"id":4845,"href":"https:\/\/horseridingforyou.eu\/hu\/wp-json\/wp\/v2\/pages\/4833\/revisions\/4845"}],"up":[{"embeddable":true,"href":"https:\/\/horseridingforyou.eu\/hu\/wp-json\/wp\/v2\/pages\/4785"}],"wp:attachment":[{"href":"https:\/\/horseridingforyou.eu\/hu\/wp-json\/wp\/v2\/media?parent=4833"}],"curies":[{"name":"wp","href":"https:\/\/api.w.org\/{rel}","templated":true}]}}