{"id":4847,"date":"2026-04-10T12:33:53","date_gmt":"2026-04-10T10:33:53","guid":{"rendered":"https:\/\/horseridingforyou.eu\/hu\/?page_id=4847"},"modified":"2026-04-10T16:48:25","modified_gmt":"2026-04-10T14:48:25","slug":"tereplovaglas","status":"publish","type":"page","link":"https:\/\/horseridingforyou.eu\/hu\/horse-riding-hungary\/tereplovaglas","title":{"rendered":"Tereplovagl\u00e1si lehet\u0151s\u00e9g"},"content":{"rendered":"<p>1 \u00f3ra \u00e9s 2 \u00f3ra, tavasszal \u00e9s \u0151sszel 4-5 \u00f3r\u00e1s t\u00fara a Pilisi- \u00e9s Visegr\u00e1di-hegys\u00e9gben<\/p>\n\r\n\t\t\n\t\t<div id='gallery-1' class='gallery galleryid-4847 gallery-columns-5 gallery-size-thumbnail'><dl class='gallery-item'>\r\n\t\t\t<dt class='gallery-icon landscape'>\r\n\t\t\t\t<a href='https:\/\/horseridingforyou.eu\/wp-content\/uploads\/2026\/04\/terep1.jpg' title=\"\" data-rl_title=\"\" class=\"rl-gallery-link\" data-rl_caption=\"\" data-rel=\"lightbox-gallery-0\"><img loading=\"lazy\" decoding=\"async\" width=\"150\" height=\"150\" src=\"https:\/\/horseridingforyou.eu\/wp-content\/uploads\/2026\/04\/terep1-150x150.jpg\" class=\"attachment-thumbnail size-thumbnail\" alt=\"\" srcset=\"https:\/\/horseridingforyou.eu\/wp-content\/uploads\/2026\/04\/terep1-150x150.jpg 150w, https:\/\/horseridingforyou.eu\/wp-content\/uploads\/2026\/04\/terep1-300x300.jpg 300w, https:\/\/horseridingforyou.eu\/wp-content\/uploads\/2026\/04\/terep1-1024x1024.jpg 1024w, https:\/\/horseridingforyou.eu\/wp-content\/uploads\/2026\/04\/terep1-768x768.jpg 768w, https:\/\/horseridingforyou.eu\/wp-content\/uploads\/2026\/04\/terep1-800x800.jpg 800w, https:\/\/horseridingforyou.eu\/wp-content\/uploads\/2026\/04\/terep1.jpg 1528w\" sizes=\"auto, (max-width: 150px) 100vw, 150px\" \/><\/a>\r\n\t\t\t<\/dt><\/dl><dl class='gallery-item'>\r\n\t\t\t<dt class='gallery-icon landscape'>\r\n\t\t\t\t<a href='https:\/\/horseridingforyou.eu\/wp-content\/uploads\/2026\/04\/terep2.jpg' title=\"\" data-rl_title=\"\" class=\"rl-gallery-link\" data-rl_caption=\"\" data-rel=\"lightbox-gallery-0\"><img loading=\"lazy\" decoding=\"async\" width=\"150\" height=\"150\" src=\"https:\/\/horseridingforyou.eu\/wp-content\/uploads\/2026\/04\/terep2-150x150.jpg\" class=\"attachment-thumbnail size-thumbnail\" alt=\"\" srcset=\"https:\/\/horseridingforyou.eu\/wp-content\/uploads\/2026\/04\/terep2-150x150.jpg 150w, https:\/\/horseridingforyou.eu\/wp-content\/uploads\/2026\/04\/terep2-300x300.jpg 300w, https:\/\/horseridingforyou.eu\/wp-content\/uploads\/2026\/04\/terep2-1024x1024.jpg 1024w, https:\/\/horseridingforyou.eu\/wp-content\/uploads\/2026\/04\/terep2-768x768.jpg 768w, https:\/\/horseridingforyou.eu\/wp-content\/uploads\/2026\/04\/terep2-1536x1536.jpg 1536w, https:\/\/horseridingforyou.eu\/wp-content\/uploads\/2026\/04\/terep2-800x800.jpg 800w, https:\/\/horseridingforyou.eu\/wp-content\/uploads\/2026\/04\/terep2.jpg 2048w\" sizes=\"auto, (max-width: 150px) 100vw, 150px\" \/><\/a>\r\n\t\t\t<\/dt><\/dl><dl class='gallery-item'>\r\n\t\t\t<dt class='gallery-icon landscape'>\r\n\t\t\t\t<a href='https:\/\/horseridingforyou.eu\/wp-content\/uploads\/2026\/04\/terep3.jpg' title=\"\" data-rl_title=\"\" class=\"rl-gallery-link\" data-rl_caption=\"\" data-rel=\"lightbox-gallery-0\"><img loading=\"lazy\" decoding=\"async\" width=\"150\" height=\"150\" src=\"https:\/\/horseridingforyou.eu\/wp-content\/uploads\/2026\/04\/terep3-150x150.jpg\" class=\"attachment-thumbnail size-thumbnail\" alt=\"\" srcset=\"https:\/\/horseridingforyou.eu\/wp-content\/uploads\/2026\/04\/terep3-150x150.jpg 150w, https:\/\/horseridingforyou.eu\/wp-content\/uploads\/2026\/04\/terep3-300x300.jpg 300w, https:\/\/horseridingforyou.eu\/wp-content\/uploads\/2026\/04\/terep3-1024x1024.jpg 1024w, https:\/\/horseridingforyou.eu\/wp-content\/uploads\/2026\/04\/terep3-768x768.jpg 768w, https:\/\/horseridingforyou.eu\/wp-content\/uploads\/2026\/04\/terep3-1536x1536.jpg 1536w, https:\/\/horseridingforyou.eu\/wp-content\/uploads\/2026\/04\/terep3-800x800.jpg 800w, https:\/\/horseridingforyou.eu\/wp-content\/uploads\/2026\/04\/terep3.jpg 2048w\" sizes=\"auto, (max-width: 150px) 100vw, 150px\" \/><\/a>\r\n\t\t\t<\/dt><\/dl><dl class='gallery-item'>\r\n\t\t\t<dt class='gallery-icon landscape'>\r\n\t\t\t\t<a href='https:\/\/horseridingforyou.eu\/wp-content\/uploads\/2026\/04\/terep4.jpg' title=\"\" data-rl_title=\"\" class=\"rl-gallery-link\" data-rl_caption=\"\" data-rel=\"lightbox-gallery-0\"><img loading=\"lazy\" decoding=\"async\" width=\"150\" height=\"150\" src=\"https:\/\/horseridingforyou.eu\/wp-content\/uploads\/2026\/04\/terep4-150x150.jpg\" class=\"attachment-thumbnail size-thumbnail\" alt=\"\" srcset=\"https:\/\/horseridingforyou.eu\/wp-content\/uploads\/2026\/04\/terep4-150x150.jpg 150w, https:\/\/horseridingforyou.eu\/wp-content\/uploads\/2026\/04\/terep4-300x300.jpg 300w, https:\/\/horseridingforyou.eu\/wp-content\/uploads\/2026\/04\/terep4-1024x1024.jpg 1024w, https:\/\/horseridingforyou.eu\/wp-content\/uploads\/2026\/04\/terep4-768x768.jpg 768w, https:\/\/horseridingforyou.eu\/wp-content\/uploads\/2026\/04\/terep4-1536x1536.jpg 1536w, https:\/\/horseridingforyou.eu\/wp-content\/uploads\/2026\/04\/terep4-800x800.jpg 800w, https:\/\/horseridingforyou.eu\/wp-content\/uploads\/2026\/04\/terep4.jpg 2048w\" sizes=\"auto, (max-width: 150px) 100vw, 150px\" \/><\/a>\r\n\t\t\t<\/dt><\/dl><dl class='gallery-item'>\r\n\t\t\t<dt class='gallery-icon landscape'>\r\n\t\t\t\t<a href='https:\/\/horseridingforyou.eu\/wp-content\/uploads\/2026\/04\/terep5.jpg' title=\"\" data-rl_title=\"\" class=\"rl-gallery-link\" data-rl_caption=\"\" data-rel=\"lightbox-gallery-0\"><img loading=\"lazy\" decoding=\"async\" width=\"150\" height=\"150\" src=\"https:\/\/horseridingforyou.eu\/wp-content\/uploads\/2026\/04\/terep5-150x150.jpg\" class=\"attachment-thumbnail size-thumbnail\" alt=\"\" srcset=\"https:\/\/horseridingforyou.eu\/wp-content\/uploads\/2026\/04\/terep5-150x150.jpg 150w, https:\/\/horseridingforyou.eu\/wp-content\/uploads\/2026\/04\/terep5-300x300.jpg 300w, https:\/\/horseridingforyou.eu\/wp-content\/uploads\/2026\/04\/terep5-1024x1024.jpg 1024w, https:\/\/horseridingforyou.eu\/wp-content\/uploads\/2026\/04\/terep5-768x768.jpg 768w, https:\/\/horseridingforyou.eu\/wp-content\/uploads\/2026\/04\/terep5-1536x1536.jpg 1536w, https:\/\/horseridingforyou.eu\/wp-content\/uploads\/2026\/04\/terep5-800x800.jpg 800w, https:\/\/horseridingforyou.eu\/wp-content\/uploads\/2026\/04\/terep5.jpg 2048w\" sizes=\"auto, (max-width: 150px) 100vw, 150px\" \/><\/a>\r\n\t\t\t<\/dt><\/dl><br style=\"clear: both\" \/><\/div>\n\n<p><a href=\"https:\/\/horseridingforyou.eu\/hu\/horse-riding-hungary\" data-type=\"page\" data-id=\"4785\">Vissza a f\u0151oldalra<\/a><\/p>\n<!-- Facebook Members Plugin by Crunchify: http:\/\/Crunchify.com\/facebook-members\/ -->\n\t\t<div class=\"fb-recommendations-bar\" data-href=\"https:\/\/horseridingforyou.eu\/hu\/horse-riding-hungary\/tereplovaglas\" data-read-time=\"5\" data-side=\"\" data-action=\"like\"><\/div>","protected":false},"excerpt":{"rendered":"<p>1 \u00f3ra \u00e9s 2 \u00f3ra, tavasszal \u00e9s \u0151sszel 4-5 \u00f3r\u00e1s t\u00fara a Pilisi- \u00e9s Visegr\u00e1di-hegys\u00e9gben Vissza a f\u0151oldalra<\/p>\n","protected":false},"author":1,"featured_media":0,"parent":4785,"menu_order":0,"comment_status":"closed","ping_status":"closed","template":"full-width-page.php","meta":{"footnotes":""},"class_list":["post-4847","page","type-page","status-publish","hentry"],"_links":{"self":[{"href":"https:\/\/horseridingforyou.eu\/hu\/wp-json\/wp\/v2\/pages\/4847","targetHints":{"allow":["GET"]}}],"collection":[{"href":"https:\/\/horseridingforyou.eu\/hu\/wp-json\/wp\/v2\/pages"}],"about":[{"href":"https:\/\/horseridingforyou.eu\/hu\/wp-json\/wp\/v2\/types\/page"}],"author":[{"embeddable":true,"href":"https:\/\/horseridingforyou.eu\/hu\/wp-json\/wp\/v2\/users\/1"}],"replies":[{"embeddable":true,"href":"https:\/\/horseridingforyou.eu\/hu\/wp-json\/wp\/v2\/comments?post=4847"}],"version-history":[{"count":4,"href":"https:\/\/horseridingforyou.eu\/hu\/wp-json\/wp\/v2\/pages\/4847\/revisions"}],"predecessor-version":[{"id":4904,"href":"https:\/\/horseridingforyou.eu\/hu\/wp-json\/wp\/v2\/pages\/4847\/revisions\/4904"}],"up":[{"embeddable":true,"href":"https:\/\/horseridingforyou.eu\/hu\/wp-json\/wp\/v2\/pages\/4785"}],"wp:attachment":[{"href":"https:\/\/horseridingforyou.eu\/hu\/wp-json\/wp\/v2\/media?parent=4847"}],"curies":[{"name":"wp","href":"https:\/\/api.w.org\/{rel}","templated":true}]}}