{"id":4849,"date":"2026-04-10T12:36:24","date_gmt":"2026-04-10T10:36:24","guid":{"rendered":"https:\/\/horseridingforyou.eu\/hu\/?page_id=4849"},"modified":"2026-04-10T12:36:24","modified_gmt":"2026-04-10T10:36:24","slug":"versenyzes","status":"publish","type":"page","link":"https:\/\/horseridingforyou.eu\/hu\/horse-riding-hungary\/versenyzes","title":{"rendered":"Versenyz\u00e9si lehet\u0151s\u00e9g"},"content":{"rendered":"<p>Olyanoknak, akiknek nincs saj\u00e1t lovuk.<\/p>\n<p>D\u00edjlovas \u00e9s ugr\u00f3 versenyekre felk\u00e9sz\u00edt\u00e9s \u00e9s versenyeztet\u00e9s.<br \/>\nLAUSZ Ut\u00e1np\u00f3tl\u00e1s versenyekre \u00e9s P\u00f3ni Klub versenyekre.<\/p>\n<p><a href=\"https:\/\/horseridingforyou.eu\/hu\/horse-riding-hungary\" data-type=\"page\" data-id=\"4785\">Vissza a f\u0151oldalra<\/a><\/p>\n<!-- Facebook Members Plugin by Crunchify: http:\/\/Crunchify.com\/facebook-members\/ -->\n\t\t<div class=\"fb-recommendations-bar\" data-href=\"https:\/\/horseridingforyou.eu\/hu\/horse-riding-hungary\/versenyzes\" data-read-time=\"5\" data-side=\"\" data-action=\"like\"><\/div>","protected":false},"excerpt":{"rendered":"<p>Olyanoknak, akiknek nincs saj\u00e1t lovuk. D\u00edjlovas \u00e9s ugr\u00f3 versenyekre felk\u00e9sz\u00edt\u00e9s \u00e9s versenyeztet\u00e9s. LAUSZ Ut\u00e1np\u00f3tl\u00e1s versenyekre \u00e9s P\u00f3ni Klub versenyekre. Vissza a f\u0151oldalra<\/p>\n","protected":false},"author":1,"featured_media":0,"parent":4785,"menu_order":0,"comment_status":"closed","ping_status":"closed","template":"full-width-page.php","meta":{"footnotes":""},"class_list":["post-4849","page","type-page","status-publish","hentry"],"_links":{"self":[{"href":"https:\/\/horseridingforyou.eu\/hu\/wp-json\/wp\/v2\/pages\/4849","targetHints":{"allow":["GET"]}}],"collection":[{"href":"https:\/\/horseridingforyou.eu\/hu\/wp-json\/wp\/v2\/pages"}],"about":[{"href":"https:\/\/horseridingforyou.eu\/hu\/wp-json\/wp\/v2\/types\/page"}],"author":[{"embeddable":true,"href":"https:\/\/horseridingforyou.eu\/hu\/wp-json\/wp\/v2\/users\/1"}],"replies":[{"embeddable":true,"href":"https:\/\/horseridingforyou.eu\/hu\/wp-json\/wp\/v2\/comments?post=4849"}],"version-history":[{"count":3,"href":"https:\/\/horseridingforyou.eu\/hu\/wp-json\/wp\/v2\/pages\/4849\/revisions"}],"predecessor-version":[{"id":4877,"href":"https:\/\/horseridingforyou.eu\/hu\/wp-json\/wp\/v2\/pages\/4849\/revisions\/4877"}],"up":[{"embeddable":true,"href":"https:\/\/horseridingforyou.eu\/hu\/wp-json\/wp\/v2\/pages\/4785"}],"wp:attachment":[{"href":"https:\/\/horseridingforyou.eu\/hu\/wp-json\/wp\/v2\/media?parent=4849"}],"curies":[{"name":"wp","href":"https:\/\/api.w.org\/{rel}","templated":true}]}}