{"id":4851,"date":"2026-04-10T12:37:06","date_gmt":"2026-04-10T10:37:06","guid":{"rendered":"https:\/\/horseridingforyou.eu\/hu\/?page_id=4851"},"modified":"2026-04-10T16:23:50","modified_gmt":"2026-04-10T14:23:50","slug":"lovas-edzes","status":"publish","type":"page","link":"https:\/\/horseridingforyou.eu\/hu\/horse-riding-hungary\/lovas-edzes","title":{"rendered":"Lovas edz\u00e9s"},"content":{"rendered":"<p>Kezd\u0151knek \u00e9s halad\u00f3knak.<\/p>\n<p>Fut\u00f3sz\u00e1ras lovagl\u00e1s, oszt\u00e1lylovagl\u00e1s, egy\u00e9ni edz\u00e9s<\/p>\n\r\n\t\t\n\t\t<div id='gallery-1' class='gallery galleryid-4851 gallery-columns-5 gallery-size-thumbnail'><dl class='gallery-item'>\r\n\t\t\t<dt class='gallery-icon landscape'>\r\n\t\t\t\t<a href='https:\/\/horseridingforyou.eu\/wp-content\/uploads\/2026\/04\/edzes1.jpg' title=\"\" data-rl_title=\"\" class=\"rl-gallery-link\" data-rl_caption=\"\" data-rel=\"lightbox-gallery-0\"><img loading=\"lazy\" decoding=\"async\" width=\"150\" height=\"150\" src=\"https:\/\/horseridingforyou.eu\/wp-content\/uploads\/2026\/04\/edzes1-150x150.jpg\" class=\"attachment-thumbnail size-thumbnail\" alt=\"\" \/><\/a>\r\n\t\t\t<\/dt><\/dl><dl class='gallery-item'>\r\n\t\t\t<dt class='gallery-icon landscape'>\r\n\t\t\t\t<a href='https:\/\/horseridingforyou.eu\/wp-content\/uploads\/2026\/04\/edzes2.jpg' title=\"\" data-rl_title=\"\" class=\"rl-gallery-link\" data-rl_caption=\"\" data-rel=\"lightbox-gallery-0\"><img loading=\"lazy\" decoding=\"async\" width=\"150\" height=\"150\" src=\"https:\/\/horseridingforyou.eu\/wp-content\/uploads\/2026\/04\/edzes2-150x150.jpg\" class=\"attachment-thumbnail size-thumbnail\" alt=\"\" \/><\/a>\r\n\t\t\t<\/dt><\/dl><dl class='gallery-item'>\r\n\t\t\t<dt class='gallery-icon landscape'>\r\n\t\t\t\t<a href='https:\/\/horseridingforyou.eu\/wp-content\/uploads\/2026\/04\/edzes3.jpg' title=\"\" data-rl_title=\"\" class=\"rl-gallery-link\" data-rl_caption=\"\" data-rel=\"lightbox-gallery-0\"><img loading=\"lazy\" decoding=\"async\" width=\"150\" height=\"150\" src=\"https:\/\/horseridingforyou.eu\/wp-content\/uploads\/2026\/04\/edzes3-150x150.jpg\" class=\"attachment-thumbnail size-thumbnail\" alt=\"\" \/><\/a>\r\n\t\t\t<\/dt><\/dl><dl class='gallery-item'>\r\n\t\t\t<dt class='gallery-icon landscape'>\r\n\t\t\t\t<a href='https:\/\/horseridingforyou.eu\/wp-content\/uploads\/2026\/04\/edzes4.jpg' title=\"\" data-rl_title=\"\" class=\"rl-gallery-link\" data-rl_caption=\"\" data-rel=\"lightbox-gallery-0\"><img loading=\"lazy\" decoding=\"async\" width=\"150\" height=\"150\" src=\"https:\/\/horseridingforyou.eu\/wp-content\/uploads\/2026\/04\/edzes4-150x150.jpg\" class=\"attachment-thumbnail size-thumbnail\" alt=\"\" \/><\/a>\r\n\t\t\t<\/dt><\/dl><dl class='gallery-item'>\r\n\t\t\t<dt class='gallery-icon landscape'>\r\n\t\t\t\t<a href='https:\/\/horseridingforyou.eu\/wp-content\/uploads\/2026\/04\/edzes5.jpg' title=\"\" data-rl_title=\"\" class=\"rl-gallery-link\" data-rl_caption=\"\" data-rel=\"lightbox-gallery-0\"><img loading=\"lazy\" decoding=\"async\" width=\"150\" height=\"150\" src=\"https:\/\/horseridingforyou.eu\/wp-content\/uploads\/2026\/04\/edzes5-150x150.jpg\" class=\"attachment-thumbnail size-thumbnail\" alt=\"\" \/><\/a>\r\n\t\t\t<\/dt><\/dl><br style=\"clear: both\" \/><\/div>\n\n<p><a href=\"https:\/\/horseridingforyou.eu\/hu\/horse-riding-hungary\" data-type=\"page\" data-id=\"4785\">Vissza a f\u0151oldalra<\/a><\/p>\n<!-- Facebook Members Plugin by Crunchify: http:\/\/Crunchify.com\/facebook-members\/ -->\n\t\t<div class=\"fb-recommendations-bar\" data-href=\"https:\/\/horseridingforyou.eu\/hu\/horse-riding-hungary\/lovas-edzes\" data-read-time=\"5\" data-side=\"\" data-action=\"like\"><\/div>","protected":false},"excerpt":{"rendered":"<p>Kezd\u0151knek \u00e9s halad\u00f3knak. Fut\u00f3sz\u00e1ras lovagl\u00e1s, oszt\u00e1lylovagl\u00e1s, egy\u00e9ni edz\u00e9s Vissza a f\u0151oldalra<\/p>\n","protected":false},"author":1,"featured_media":0,"parent":4785,"menu_order":0,"comment_status":"closed","ping_status":"closed","template":"full-width-page.php","meta":{"footnotes":""},"class_list":["post-4851","page","type-page","status-publish","hentry"],"_links":{"self":[{"href":"https:\/\/horseridingforyou.eu\/hu\/wp-json\/wp\/v2\/pages\/4851","targetHints":{"allow":["GET"]}}],"collection":[{"href":"https:\/\/horseridingforyou.eu\/hu\/wp-json\/wp\/v2\/pages"}],"about":[{"href":"https:\/\/horseridingforyou.eu\/hu\/wp-json\/wp\/v2\/types\/page"}],"author":[{"embeddable":true,"href":"https:\/\/horseridingforyou.eu\/hu\/wp-json\/wp\/v2\/users\/1"}],"replies":[{"embeddable":true,"href":"https:\/\/horseridingforyou.eu\/hu\/wp-json\/wp\/v2\/comments?post=4851"}],"version-history":[{"count":5,"href":"https:\/\/horseridingforyou.eu\/hu\/wp-json\/wp\/v2\/pages\/4851\/revisions"}],"predecessor-version":[{"id":4891,"href":"https:\/\/horseridingforyou.eu\/hu\/wp-json\/wp\/v2\/pages\/4851\/revisions\/4891"}],"up":[{"embeddable":true,"href":"https:\/\/horseridingforyou.eu\/hu\/wp-json\/wp\/v2\/pages\/4785"}],"wp:attachment":[{"href":"https:\/\/horseridingforyou.eu\/hu\/wp-json\/wp\/v2\/media?parent=4851"}],"curies":[{"name":"wp","href":"https:\/\/api.w.org\/{rel}","templated":true}]}}