{"id":4853,"date":"2026-04-10T12:37:39","date_gmt":"2026-04-10T10:37:39","guid":{"rendered":"https:\/\/horseridingforyou.eu\/hu\/?page_id=4853"},"modified":"2026-04-10T12:37:39","modified_gmt":"2026-04-10T10:37:39","slug":"eredmenyek","status":"publish","type":"page","link":"https:\/\/horseridingforyou.eu\/hu\/horse-riding-hungary\/eredmenyek","title":{"rendered":"Versenyeredm\u00e9nyek"},"content":{"rendered":"\r\n\t\t\n\t\t<div id='gallery-1' class='gallery galleryid-4853 gallery-columns-4 gallery-size-thumbnail'><dl class='gallery-item'>\r\n\t\t\t<dt class='gallery-icon portrait'>\r\n\t\t\t\t<a href='https:\/\/horseridingforyou.eu\/wp-content\/uploads\/2026\/04\/Verseny01.jpeg' title=\"\" data-rl_title=\"\" class=\"rl-gallery-link\" data-rl_caption=\"\" data-rel=\"lightbox-gallery-0\"><img loading=\"lazy\" decoding=\"async\" width=\"150\" height=\"150\" src=\"https:\/\/horseridingforyou.eu\/wp-content\/uploads\/2026\/04\/Verseny01-150x150.jpeg\" class=\"attachment-thumbnail size-thumbnail\" alt=\"\" \/><\/a>\r\n\t\t\t<\/dt><\/dl><dl class='gallery-item'>\r\n\t\t\t<dt class='gallery-icon portrait'>\r\n\t\t\t\t<a href='https:\/\/horseridingforyou.eu\/wp-content\/uploads\/2026\/04\/Verseny02.jpeg' title=\"\" data-rl_title=\"\" class=\"rl-gallery-link\" data-rl_caption=\"\" data-rel=\"lightbox-gallery-0\"><img loading=\"lazy\" decoding=\"async\" width=\"150\" height=\"150\" src=\"https:\/\/horseridingforyou.eu\/wp-content\/uploads\/2026\/04\/Verseny02-150x150.jpeg\" class=\"attachment-thumbnail size-thumbnail\" alt=\"\" \/><\/a>\r\n\t\t\t<\/dt><\/dl><dl class='gallery-item'>\r\n\t\t\t<dt class='gallery-icon portrait'>\r\n\t\t\t\t<a href='https:\/\/horseridingforyou.eu\/wp-content\/uploads\/2026\/04\/Verseny03.jpeg' title=\"\" data-rl_title=\"\" class=\"rl-gallery-link\" data-rl_caption=\"\" data-rel=\"lightbox-gallery-0\"><img loading=\"lazy\" decoding=\"async\" width=\"150\" height=\"150\" src=\"https:\/\/horseridingforyou.eu\/wp-content\/uploads\/2026\/04\/Verseny03-150x150.jpeg\" class=\"attachment-thumbnail size-thumbnail\" alt=\"\" \/><\/a>\r\n\t\t\t<\/dt><\/dl><dl class='gallery-item'>\r\n\t\t\t<dt class='gallery-icon landscape'>\r\n\t\t\t\t<a href='https:\/\/horseridingforyou.eu\/wp-content\/uploads\/2026\/04\/Verseny04.jpeg' title=\"\" data-rl_title=\"\" class=\"rl-gallery-link\" data-rl_caption=\"\" data-rel=\"lightbox-gallery-0\"><img loading=\"lazy\" decoding=\"async\" width=\"150\" height=\"150\" src=\"https:\/\/horseridingforyou.eu\/wp-content\/uploads\/2026\/04\/Verseny04-150x150.jpeg\" class=\"attachment-thumbnail size-thumbnail\" alt=\"\" \/><\/a>\r\n\t\t\t<\/dt><\/dl><br style=\"clear: both\" \/><dl class='gallery-item'>\r\n\t\t\t<dt class='gallery-icon landscape'>\r\n\t\t\t\t<a href='https:\/\/horseridingforyou.eu\/wp-content\/uploads\/2026\/04\/Verseny05.jpeg' title=\"\" data-rl_title=\"\" class=\"rl-gallery-link\" data-rl_caption=\"\" data-rel=\"lightbox-gallery-0\"><img loading=\"lazy\" decoding=\"async\" width=\"150\" height=\"150\" src=\"https:\/\/horseridingforyou.eu\/wp-content\/uploads\/2026\/04\/Verseny05-150x150.jpeg\" class=\"attachment-thumbnail size-thumbnail\" alt=\"\" \/><\/a>\r\n\t\t\t<\/dt><\/dl><dl class='gallery-item'>\r\n\t\t\t<dt class='gallery-icon portrait'>\r\n\t\t\t\t<a href='https:\/\/horseridingforyou.eu\/wp-content\/uploads\/2026\/04\/Verseny06.jpeg' title=\"\" data-rl_title=\"\" class=\"rl-gallery-link\" data-rl_caption=\"\" data-rel=\"lightbox-gallery-0\"><img loading=\"lazy\" decoding=\"async\" width=\"150\" height=\"150\" src=\"https:\/\/horseridingforyou.eu\/wp-content\/uploads\/2026\/04\/Verseny06-150x150.jpeg\" class=\"attachment-thumbnail size-thumbnail\" alt=\"\" \/><\/a>\r\n\t\t\t<\/dt><\/dl><dl class='gallery-item'>\r\n\t\t\t<dt class='gallery-icon landscape'>\r\n\t\t\t\t<a href='https:\/\/horseridingforyou.eu\/wp-content\/uploads\/2026\/04\/Verseny07.jpeg' title=\"\" data-rl_title=\"\" class=\"rl-gallery-link\" data-rl_caption=\"\" data-rel=\"lightbox-gallery-0\"><img loading=\"lazy\" decoding=\"async\" width=\"150\" height=\"150\" src=\"https:\/\/horseridingforyou.eu\/wp-content\/uploads\/2026\/04\/Verseny07-150x150.jpeg\" class=\"attachment-thumbnail size-thumbnail\" alt=\"\" \/><\/a>\r\n\t\t\t<\/dt><\/dl><dl class='gallery-item'>\r\n\t\t\t<dt class='gallery-icon landscape'>\r\n\t\t\t\t<a href='https:\/\/horseridingforyou.eu\/wp-content\/uploads\/2026\/04\/Verseny08.jpeg' title=\"\" data-rl_title=\"\" class=\"rl-gallery-link\" data-rl_caption=\"\" data-rel=\"lightbox-gallery-0\"><img loading=\"lazy\" decoding=\"async\" width=\"150\" height=\"150\" src=\"https:\/\/horseridingforyou.eu\/wp-content\/uploads\/2026\/04\/Verseny08-150x150.jpeg\" class=\"attachment-thumbnail size-thumbnail\" alt=\"\" \/><\/a>\r\n\t\t\t<\/dt><\/dl><br style=\"clear: both\" \/><dl class='gallery-item'>\r\n\t\t\t<dt class='gallery-icon landscape'>\r\n\t\t\t\t<a href='https:\/\/horseridingforyou.eu\/wp-content\/uploads\/2026\/04\/Verseny09.jpeg' title=\"\" data-rl_title=\"\" class=\"rl-gallery-link\" data-rl_caption=\"\" data-rel=\"lightbox-gallery-0\"><img loading=\"lazy\" decoding=\"async\" width=\"150\" height=\"150\" src=\"https:\/\/horseridingforyou.eu\/wp-content\/uploads\/2026\/04\/Verseny09-150x150.jpeg\" class=\"attachment-thumbnail size-thumbnail\" alt=\"\" \/><\/a>\r\n\t\t\t<\/dt><\/dl><dl class='gallery-item'>\r\n\t\t\t<dt class='gallery-icon landscape'>\r\n\t\t\t\t<a href='https:\/\/horseridingforyou.eu\/wp-content\/uploads\/2026\/04\/Verseny10.jpeg' title=\"\" data-rl_title=\"\" class=\"rl-gallery-link\" data-rl_caption=\"\" data-rel=\"lightbox-gallery-0\"><img loading=\"lazy\" decoding=\"async\" width=\"150\" height=\"150\" src=\"https:\/\/horseridingforyou.eu\/wp-content\/uploads\/2026\/04\/Verseny10-150x150.jpeg\" class=\"attachment-thumbnail size-thumbnail\" alt=\"\" \/><\/a>\r\n\t\t\t<\/dt><\/dl><dl class='gallery-item'>\r\n\t\t\t<dt class='gallery-icon portrait'>\r\n\t\t\t\t<a href='https:\/\/horseridingforyou.eu\/wp-content\/uploads\/2026\/04\/Verseny11.jpeg' title=\"\" data-rl_title=\"\" class=\"rl-gallery-link\" data-rl_caption=\"\" data-rel=\"lightbox-gallery-0\"><img loading=\"lazy\" decoding=\"async\" width=\"150\" height=\"150\" src=\"https:\/\/horseridingforyou.eu\/wp-content\/uploads\/2026\/04\/Verseny11-150x150.jpeg\" class=\"attachment-thumbnail size-thumbnail\" alt=\"\" \/><\/a>\r\n\t\t\t<\/dt><\/dl><br style=\"clear: both\" \/><\/div>\n\n<h1><span style=\"color: #ff0000;\">2025<\/span><\/h1>\n<p>Az \u00e9vben 10versenyen vett\u00fcnk r\u00e9szt. A lovasaimnak 30-40 darab startja volt az \u00e9vben.<\/p>\n<p><u>B. Dobr\u00edl\u00e1 n\u00e9h\u00e1ny kiv\u00e1l\u00f3 eredm\u00e9nye:<\/u><\/p>\n<p>LAUSZ D\u00f6nt\u0151 okt.18, Smokvic\u00e1val 60-70 cm 6. hely, 50-60 cm sz\u00e1m\u00e9rt Mimoza 1. hely,<\/p>\n<p>\u00d3csa \u00e1pr 5. 50-60 cm 1. hely, Mim\u00f3za 3. hely<\/p>\n<p>Simonpuszta szept.28. Smokvics 60-70 cm 3. hely,<\/p>\n<p>Liolen Kupa Monor, szept 21. 50-60 cm Smokvica 2. hely<\/p>\n<p>Cs\u00f6m\u00f6r kupa, \u00e1pr.19 , 50-60cm Smokvica 2. hely<\/p>\n<p><u>E. Emma n\u00e9h\u00e1ny kiv\u00e1l\u00f3 eredm\u00e9nye:<\/u><\/p>\n<p>LAUSZ D\u00f6nt\u0151 okt.18 Moreval 2. hely 70-80 cm Mimozaval 60-70 cm 2. hely, 50-60 cm sz\u00e1m\u00e9rt Mimoza 1. hely, 70-80 cm nyitott Moreval 2. hely<\/p>\n<p>\u00d3csa \u00e1pr 5. X ugr\u00f3, L\u00e9na 1. hely, 70-80 cm More 1. hely<\/p>\n<p>Simonpuszta szept.28. Moreval 60-70 cm 6. hely,<\/p>\n<p>Liolen Kupa Monor, szept 21. 60-70 cm More 2. hely<\/p>\n<p>Cs\u00f6m\u00f6r kupa, \u00e1pr.19 , X ugr\u00f3 L\u00e9na 2. hely, C2 d\u00edjlovagl\u00e1s Mimoza 3. hely<\/p>\n<p><u>D. Hanna n\u00e9h\u00e1ny kiv\u00e1l\u00f3 eredm\u00e9nye:<\/u><\/p>\n<p>LAUSZ D\u00f6nt\u0151 okt.18, Tango\u00a0 60-70 cm 4. hely, 50-60 cm sz\u00e1m\u00e9rt 3. hely,<\/p>\n<p>\u00d3csa \u00e1pr 5. Xugr\u00f3 1. hely, Tango<\/p>\n<p>Simonpuszta szept. 28. Tango 50-60 cm 5. hely,<\/p>\n<p>Liolen Kupa Monor, szept 21. 60-70 cm st\u00edlus Tango 6. hely, 60-70 idel.id\u0151 Tangto 1. hely<\/p>\n<p><u>V. Luca Anna n\u00e9h\u00e1ny kiv\u00e1l\u00f3 eredm\u00e9nye:<\/u><\/p>\n<p>Cs\u00f6m\u00f6r kupa, \u00e1pr.19 , \u00dcgyess\u00e9gi halad\u00f3 Tango 1. hely, \u00dcgyess\u00e9gi neh\u00e9z Smokvica 2. hely<\/p>\n<p>&nbsp;<\/p>\n<h1><span style=\"color: #ff0000;\">2024<\/span><\/h1>\n<p>Az \u00e9vben 10 versenyen vett\u00fcnk r\u00e9szt.<\/p>\n<p><u>B. Dobr\u00edl\u00e1 n\u00e9h\u00e1ny kiv\u00e1l\u00f3 eredm\u00e9nye:<\/u><\/p>\n<p>Halloween kupa \u00d3csa, nov. 2. Forr\u00e1s, X-ugr\u00f3 1. hely<\/p>\n<p>Nemzeti Lovarda D\u00f6nt\u0151 okt. 10-13, D\u00edjlovas kezd\u0151 10 \u00e9ves korig, Forr\u00e1s, 3. hely, Fut\u00f3sz\u00e1r 3. 3. hely<\/p>\n<p>Simonpuszta szept. 21. Fut\u00f3sz\u00e1r 3. 5. hely<\/p>\n<p>Simonpuszta m\u00e1j. 12. Forr\u00e1s X-ugr\u00f3 1. hely<\/p>\n<p>Horze SZLV Pilis, m\u00e1j 5. Forr\u00e1s C2 d\u00edjlovagl\u00e1s Forr\u00e1s 4. hely<\/p>\n<p>Szilaj Lovaspark Csom\u00e1d \u00e1pr 27., Forr\u00e1s \u00dcgyess\u00e9gi k\u00f6nny\u0171 st\u00edlus 2. hely<\/p>\n<p>Gy\u00f6mr\u0151 Fedeles D\u00f6nt\u0151, m\u00e1rc. 30. 50-60 cm Forr\u00e1s, 3. hely, C2 d\u00edjlovagl\u00e1s 5. hely<\/p>\n<p>Szilaj Lovaspark, m\u00e1rc. 23. 50-60 cm 5. hely, \u00fcgyess\u00e9gi halad\u00f3: 2. hely<\/p>\n<p><u>E. Emma n\u00e9h\u00e1ny kiv\u00e1l\u00f3 eredm\u00e9nye:<\/u><\/p>\n<p>Halloween kupa \u00d3csa, nov. 2. C2 d\u00edjlovagl\u00e1s 6. hely<\/p>\n<p>Monor Liolen Kupa, okt.27. 50-60 cm Smokvica 6. hely, 60-70 cm Smokvica 4. hely<\/p>\n<p>Nemzeti Lovarda D\u00f6nt\u0151 okt.10-13, D\u00edjlovas 50-60 cm Mimoza 5. hely, C2 d\u00edjlovagl\u00e1s 6. hely 50-60 cm Smokivica 5. hely, C2 Mimoza 5. hely, 50-60 cm Mimoza 2. hely<\/p>\n<p>Simonpuszta szept 21.Smokvica \u00fcgyess\u00e9gi neh\u00e9z 3. hely, 50-60 cm 5. hely<\/p>\n<p>\u00d3csa, \u00e1pr 7. Smokivica X ugr\u00f3 1. hely, 50-60 cm 2. hely<\/p>\n<p><u>D. Hanna n\u00e9h\u00e1ny kiv\u00e1l\u00f3 eredm\u00e9nye:<\/u><\/p>\n<p>Nemzeti Lovarda D\u00f6nt\u0151 okt. 10-13, Fut\u00f3sz\u00e1r 3. Tango 4. hely<\/p>\n<p>Simonpuszta szept. 21. Smokvica \u00fcgyess\u00e9gi neh\u00e9z 3. hely, 50-60 cm 5. hely<\/p>\n<p>Simonpuszta szept 21. Tango 60 cm 6. hely<\/p>\n<p>Simonpuszta m\u00e1j. 12. C2 Tango 5. hely, 50-60 cm 5. hely<\/p>\n<p>\u00d3csa, \u00e1pr 7. Smokivica X ugr\u00f3 1. hely, 50-60 cm 2. hely<\/p>\n<p>Pilis Xugr\u00f3, m\u00e1j.5 Tango 1. hely, \u00dcgyess\u00e9gi neh\u00e9z 6. hely<\/p>\n<p>Gy\u00f6mr\u0151 Fedeles D\u00f6nt\u0151, m\u00e1rc. 30. 50-60 cm Tango 2. hely, C2 d\u00edjlovagl\u00e1s 2. hely<\/p>\n<p><u>V. Luca Anna n\u00e9h\u00e1ny kiv\u00e1l\u00f3 eredm\u00e9nye:<\/u><\/p>\n<p>Monor okt. 27. \u00dcgyess\u00e9gi halad\u00f3 Smokvica 3. hely<\/p>\n<p>\u00d3csa, \u00e1pr. 7. Smokvica \u00dcgyess\u00e9gi halad\u00f3 2. hely, C2 Mimoza 4. hely, A3 d\u00edjlovagl\u00e1s 4. hely<\/p>\n<p>Nemzeti Lovarda D\u00f6nt\u0151 okt. 10-13, \u00dcgyess\u00e9gi halad\u00f3 Tango 3. hely<\/p>\n<p>Simonpuszta szept. 21. E8 Tango 4. hely, \u00dcgyess\u00e9gi halad\u00f3 6. hely Smokvica, A3 d\u00edjlovagl\u00e1s Mimoza 6. hely, \u00dcgyess\u00e9gi halad\u00f3 Mimoza 1. hely<\/p>\n<p>Simonpuszta m\u00e1j. 12. Forr\u00e1s X-ugr\u00f3 1. hely<\/p>\n<p>Horze SZLV Pilis, m\u00e1j 5. A3 d\u00edjlovagl\u00e1s, Tango 5. hely<\/p>\n<p>Szilaj Lovaspark Csom\u00e1d \u00e1pr 27., \u00dcgyess\u00e9gi halad\u00f3 3. hely, \u00dcgyess\u00e9gi k\u00f6nny\u0171 st\u00edlus 1. hely, C2 Tango 2. hely, A3 nyitott Tango 1. hely<\/p>\n<p>Gy\u00f6mr\u0151 Fedeles D\u00f6nt\u0151, m\u00e1rc. 30. 50-60 cm Forr\u00e1s, 3. hely, C2 d\u00edjlovagl\u00e1s 5. hely<\/p>\n<p>Szilaj Lovaspark, m\u00e1rc.23. Mimoza \u00fcgyess\u00e9gi halad\u00f3: 1. hely, E8 3. hely, C2 3. hely, A3 2. hely<\/p>\n<p><u>B. Tamara Krisztina n\u00e9h\u00e1ny kiv\u00e1l\u00f3 eredm\u00e9nye:<\/u><\/p>\n<p>Nemzeti Lovarda D\u00f6nt\u0151 okt. 10-13. Amel, 60-70 cm 7. hely<\/p>\n<p>Simonpuszta szept. 21. 60-70 cm Amel 5. hely<\/p>\n<p>Cs\u00f6m\u00f6r \u00e1pr. 19. 50-60 cm Amel, 1. hely, 60-70 cm Amel 1. hely, 60-70 cm st\u00edlus 2. hely, L\u00e9na E8 d\u00edjlovagl\u00e1s L\u00e9na 3. hely<\/p>\n<p>\u00d3csa, \u00e1pr. 7. L\u00e9na 50-60 cm 1. hely, 50-60 cm Amel 4. hely, REV alapvizsga L\u00e9na 2. hely<\/p>\n<h1><span style=\"color: #ff0000;\">2023<\/span><\/h1>\n<p>Az \u00e9vben 10 versenyen vett\u00fcnk r\u00e9szt.<\/p>\n<p>Gratul\u00e1lok tan\u00edtv\u00e1nyaimnak, akik a Magyar Lovassport Sz\u00f6vets\u00e9g Szabadid\u0151lovas Szak\u00e1g\u00e1nak Pest v\u00e1rmegyei Region\u00e1lis Bajnoks\u00e1g\u00e1n \u00e9s az Orsz\u00e1gos D\u00f6nt\u0151n a Nemzeti Lovard\u00e1ban lovagoltak!<br \/>\nMegeml\u00edtek n\u00e9h\u00e1ny fantasztikus eredm\u00e9nyt:<\/p>\n<p>B. Tibor Forr\u00e1ssal fut\u00f3sz\u00e1r 3. Bajnoks\u00e1g: 1. hely<\/p>\n<p>E. Emma<br \/>\nMimoz\u00e1val 50-60 cm ugr\u00f3 orsz\u00e1gos bajnoks\u00e1g: 2. hely,<br \/>\nD1 versenysz\u00e1m 1. hely, 60-70 cm ugr\u00f3 nyitott versenysz\u00e1m: 3.hely (32 indul\u00f3b\u00f3l)<\/p>\n<p>B. Dobr\u00edl\u00e1 Forr\u00e1ssal<br \/>\nfut\u00f3sz\u00e1r 3. Bajnoks\u00e1g Orsz\u00e1gos D\u00f6nt\u0151n 4. hely (mint legfiatalabb indul\u00f3) ,<br \/>\nkezd\u0151 d\u00edjlovas versenysz\u00e1m 2. hely,<br \/>\nkezd\u0151 d\u00edjlovas bajnoks\u00e1g 3. hely\u00a0 .<br \/>\nMegyei Bajnoks\u00e1g fut\u00f3sz\u00e1r 2.: 1. hely, fut\u00f3sz\u00e1r 3.: 1. hely<\/p>\n<p>V. Luca Anna<br \/>\nTangoval Orsz\u00e1gos D\u00f6nt\u0151n, \u00dcgyess\u00e9gi versenysz\u00e1m 17. hely (54 indul\u00f3b\u00f3l)<br \/>\nMegyei Bajnoks\u00e1g, \u00dcgyess\u00e9gi kezd\u0151 5. hely<\/p>\n<p>D. Hanna<br \/>\nTangoval, Megyei Bajnoks\u00e1g X ugr\u00f3 1. hely (23 indul\u00f3b\u00f3l)<br \/>\n\u00dcgyess\u00e9gi k\u00f6nny\u0171 bajnoks\u00e1g 2. hely<\/p>\n<p>Sz. Luca<br \/>\nForr\u00e1ssal Megyei Bajnoks\u00e1g \u00dcgyess\u00e9gi kezd\u0151 8. hely<br \/>\nFut\u00f3sz\u00e1r 2. 6. hely<\/p>\n<p>Nagyon sok versenyen vett\u00fcnk r\u00e9szt az elm\u00falt 3 \u00e9vben Magyarorsz\u00e1gon, rengeteg kiemelked\u0151 eredm\u00e9nnyel.<\/p>\n<h1><span style=\"color: #ff0000;\">2022<\/span><\/h1>\n<p>A 2022-es \u00e9vet \u00fagy z\u00e1rtuk, hogy B.Tibor \u00e9s B. Dobr\u00edl\u00e1 ism\u00e9t bajnok lett a koroszt\u00e1lyukban \u00e9s kateg\u00f3ri\u00e1jukban. Meg szeretn\u00e9m eml\u00edteni tan\u00edtv\u00e1nyaimat E. Emm\u00e1t Piliscsab\u00e1r\u00f3l, aki orsz\u00e1gos d\u00f6nt\u0151n D1 kateg\u00f3ri\u00e1ban 7. helyezett lett, Sz. Luc\u00e1t, aki 2021-ben az orsz\u00e1gos d\u00f6nt\u0151n 2. helyezett 2022-ben a nagyobbak k\u00f6z\u00f6tt 5. helyezett lett. Tov\u00e1bb\u00e1 megeml\u00edtem V. Luca Anna tan\u00edtv\u00e1nyomat Pilisszentkeresztr\u0151l, aki t\u00f6bbsz\u00f6r\u00f6s \u00fcgyess\u00e9gi els\u0151 helyet \u00e9rt el megyei versenyeken, D. Hann\u00e1t Pilisszentkeresztr\u0151l, aki kisugr\u00f3ban az els\u0151 startjakor els\u0151 lett, M. N\u00f3r\u00e1t Piliscsab\u00e1r\u00f3l, aki a fut\u00f3sz\u00e1ras \u00fcl\u00e9sversenyen orsz\u00e1gos 3. helyezett volt. Sz\u00e1mos (10darab) versenyen sz\u00e9p eredm\u00e9nyeket produk\u00e1ltak. Gratul\u00e1lok! \u0150sszel nagy hajr\u00e1 a tov\u00e1bbiakban!<\/p>\n<h1><span style=\"color: #ff0000;\">2021<\/span><\/h1>\n<p>A 2021-es \u00e9vet \u00fagy z\u00e1rtuk, hogy B. Vencel, B. Tibor \u00e9s B. Dobr\u00edl\u00e1 a saj\u00e1t koroszt\u00e1ly\u00e1ban \u00e9s kateg\u00f3ri\u00e1j\u00e1ban bajnokok lettek. Megtisztel\u0151 volt, nekem is! K\u00f6szi mindenkinek, akik seg\u00edtett\u00e9tek munk\u00e1nkat \u00e9s feladatainkat \u00e9s akik lelkileg is t\u00e1mogattak minket!<\/p>\n<p>&nbsp;<\/p>\n<p><a href=\"https:\/\/horseridingforyou.eu\/hu\/horse-riding-hungary\" data-type=\"page\" data-id=\"4785\">Vissza a f\u0151oldalra<\/a><\/p>\n<!-- Facebook Members Plugin by Crunchify: http:\/\/Crunchify.com\/facebook-members\/ -->\n\t\t<div class=\"fb-recommendations-bar\" data-href=\"https:\/\/horseridingforyou.eu\/hu\/horse-riding-hungary\/eredmenyek\" data-read-time=\"5\" data-side=\"\" data-action=\"like\"><\/div>","protected":false},"excerpt":{"rendered":"<p>2025 Az \u00e9vben 10versenyen vett\u00fcnk r\u00e9szt. A lovasaimnak 30-40 darab startja volt az \u00e9vben. B. Dobr\u00edl\u00e1 n\u00e9h\u00e1ny kiv\u00e1l\u00f3 eredm\u00e9nye: LAUSZ D\u00f6nt\u0151 okt.18, Smokvic\u00e1val 60-70 cm 6. hely, 50-60 cm sz\u00e1m\u00e9rt Mimoza 1. hely, \u00d3csa \u00e1pr 5. 50-60 cm 1. hely, &hellip; <a href=\"https:\/\/horseridingforyou.eu\/hu\/horse-riding-hungary\/eredmenyek\">B\u0151vebben&#8230; <span class=\"meta-nav\">&rarr;<\/span><\/a><\/p>\n","protected":false},"author":1,"featured_media":0,"parent":4785,"menu_order":0,"comment_status":"closed","ping_status":"closed","template":"full-width-page.php","meta":{"footnotes":""},"class_list":["post-4853","page","type-page","status-publish","hentry"],"_links":{"self":[{"href":"https:\/\/horseridingforyou.eu\/hu\/wp-json\/wp\/v2\/pages\/4853","targetHints":{"allow":["GET"]}}],"collection":[{"href":"https:\/\/horseridingforyou.eu\/hu\/wp-json\/wp\/v2\/pages"}],"about":[{"href":"https:\/\/horseridingforyou.eu\/hu\/wp-json\/wp\/v2\/types\/page"}],"author":[{"embeddable":true,"href":"https:\/\/horseridingforyou.eu\/hu\/wp-json\/wp\/v2\/users\/1"}],"replies":[{"embeddable":true,"href":"https:\/\/horseridingforyou.eu\/hu\/wp-json\/wp\/v2\/comments?post=4853"}],"version-history":[{"count":4,"href":"https:\/\/horseridingforyou.eu\/hu\/wp-json\/wp\/v2\/pages\/4853\/revisions"}],"predecessor-version":[{"id":4876,"href":"https:\/\/horseridingforyou.eu\/hu\/wp-json\/wp\/v2\/pages\/4853\/revisions\/4876"}],"up":[{"embeddable":true,"href":"https:\/\/horseridingforyou.eu\/hu\/wp-json\/wp\/v2\/pages\/4785"}],"wp:attachment":[{"href":"https:\/\/horseridingforyou.eu\/hu\/wp-json\/wp\/v2\/media?parent=4853"}],"curies":[{"name":"wp","href":"https:\/\/api.w.org\/{rel}","templated":true}]}}