{"id":49,"date":"2012-03-27T11:02:57","date_gmt":"2012-03-27T09:02:57","guid":{"rendered":"http:\/\/localhost\/wordpress\/?page_id=49"},"modified":"2026-04-06T22:00:35","modified_gmt":"2026-04-06T20:00:35","slug":"riding-trips","status":"publish","type":"page","link":"https:\/\/horseridingforyou.eu\/hu\/riding-trips","title":{"rendered":"Tereplovagl\u00e1s"},"content":{"rendered":"<p><!--:hr--><\/p>\n<p><a href=\"https:\/\/horseridingforyou.eu\/wp-content\/uploads\/2026\/04\/kep9.jpg\" data-rel=\"lightbox-image-0\" data-rl_title=\"\" data-rl_caption=\"\" title=\"\"><img loading=\"lazy\" decoding=\"async\" class=\"aligncenter size-medium wp-image-4295\" src=\"https:\/\/horseridingforyou.eu\/wp-content\/uploads\/2026\/04\/kep9-300x169.jpg\" alt=\"\" width=\"300\" height=\"169\" srcset=\"https:\/\/horseridingforyou.eu\/wp-content\/uploads\/2026\/04\/kep9-300x169.jpg 300w, https:\/\/horseridingforyou.eu\/wp-content\/uploads\/2026\/04\/kep9-1024x576.jpg 1024w, https:\/\/horseridingforyou.eu\/wp-content\/uploads\/2026\/04\/kep9-768x432.jpg 768w, https:\/\/horseridingforyou.eu\/wp-content\/uploads\/2026\/04\/kep9-1536x864.jpg 1536w, https:\/\/horseridingforyou.eu\/wp-content\/uploads\/2026\/04\/kep9-800x450.jpg 800w, https:\/\/horseridingforyou.eu\/wp-content\/uploads\/2026\/04\/kep9.jpg 1696w\" sizes=\"auto, (max-width: 300px) 100vw, 300px\" \/><\/a><\/p>\n\r\n\t\t\n\t\t<div id='gallery-1' class='gallery galleryid-49 gallery-columns-2 gallery-size-medium'><dl class='gallery-item'>\r\n\t\t\t<dt class='gallery-icon landscape'>\r\n\t\t\t\t<a href='https:\/\/horseridingforyou.eu\/wp-content\/uploads\/2026\/04\/terensko-jahanje3.jpg' title=\"\" data-rl_title=\"\" class=\"rl-gallery-link\" data-rl_caption=\"\" data-rel=\"lightbox-gallery-0\"><img loading=\"lazy\" decoding=\"async\" width=\"300\" height=\"169\" src=\"https:\/\/horseridingforyou.eu\/wp-content\/uploads\/2026\/04\/terensko-jahanje3-300x169.jpg\" class=\"attachment-medium size-medium\" alt=\"\" srcset=\"https:\/\/horseridingforyou.eu\/wp-content\/uploads\/2026\/04\/terensko-jahanje3-300x169.jpg 300w, https:\/\/horseridingforyou.eu\/wp-content\/uploads\/2026\/04\/terensko-jahanje3-768x432.jpg 768w, https:\/\/horseridingforyou.eu\/wp-content\/uploads\/2026\/04\/terensko-jahanje3-800x450.jpg 800w, https:\/\/horseridingforyou.eu\/wp-content\/uploads\/2026\/04\/terensko-jahanje3.jpg 960w\" sizes=\"auto, (max-width: 300px) 100vw, 300px\" \/><\/a>\r\n\t\t\t<\/dt><\/dl><dl class='gallery-item'>\r\n\t\t\t<dt class='gallery-icon landscape'>\r\n\t\t\t\t<a href='https:\/\/horseridingforyou.eu\/wp-content\/uploads\/2026\/04\/terensko4.jpg' title=\"\" data-rl_title=\"\" class=\"rl-gallery-link\" data-rl_caption=\"\" data-rel=\"lightbox-gallery-0\"><img loading=\"lazy\" decoding=\"async\" width=\"300\" height=\"169\" src=\"https:\/\/horseridingforyou.eu\/wp-content\/uploads\/2026\/04\/terensko4-300x169.jpg\" class=\"attachment-medium size-medium\" alt=\"\" srcset=\"https:\/\/horseridingforyou.eu\/wp-content\/uploads\/2026\/04\/terensko4-300x169.jpg 300w, https:\/\/horseridingforyou.eu\/wp-content\/uploads\/2026\/04\/terensko4-768x432.jpg 768w, https:\/\/horseridingforyou.eu\/wp-content\/uploads\/2026\/04\/terensko4-800x450.jpg 800w, https:\/\/horseridingforyou.eu\/wp-content\/uploads\/2026\/04\/terensko4.jpg 960w\" sizes=\"auto, (max-width: 300px) 100vw, 300px\" \/><\/a>\r\n\t\t\t<\/dt><\/dl><br style=\"clear: both\" \/><\/div>\n\n<p style=\"text-align: center;\"><strong><span style=\"color: #ff0000;\">Tereplovagl\u00e1s<\/span><\/strong><\/p>\n<p style=\"text-align: center;\">Kezd\u0151knek is. Ig\u00e9ny eset\u00e9n lehet\u0151s\u00e9g van l\u00f3vezet\u00e9sre.<\/p>\n<p style=\"text-align: center;\"><strong>1,5 \u00f3ra 60 eur\u00f3\/f\u0151<\/strong><\/p>\n<p style=\"text-align: center;\"><strong>Kedvezm\u00e9ny csal\u00e1doknak \u00e9s csoportoknak.<\/strong><\/p>\n<p><!--:--><!--:en--><\/p>\n<p><!--:--><\/p>\n<!-- Facebook Members Plugin by Crunchify: http:\/\/Crunchify.com\/facebook-members\/ -->\n\t\t<div class=\"fb-recommendations-bar\" data-href=\"https:\/\/horseridingforyou.eu\/hu\/riding-trips\" data-read-time=\"5\" data-side=\"\" data-action=\"like\"><\/div>","protected":false},"excerpt":{"rendered":"<p>Tereplovagl\u00e1s Kezd\u0151knek is. Ig\u00e9ny eset\u00e9n lehet\u0151s\u00e9g van l\u00f3vezet\u00e9sre. 1,5 \u00f3ra 60 eur\u00f3\/f\u0151 Kedvezm\u00e9ny csal\u00e1doknak \u00e9s csoportoknak.<\/p>\n","protected":false},"author":1,"featured_media":0,"parent":0,"menu_order":0,"comment_status":"closed","ping_status":"closed","template":"","meta":{"footnotes":""},"class_list":["post-49","page","type-page","status-publish","hentry"],"_links":{"self":[{"href":"https:\/\/horseridingforyou.eu\/hu\/wp-json\/wp\/v2\/pages\/49","targetHints":{"allow":["GET"]}}],"collection":[{"href":"https:\/\/horseridingforyou.eu\/hu\/wp-json\/wp\/v2\/pages"}],"about":[{"href":"https:\/\/horseridingforyou.eu\/hu\/wp-json\/wp\/v2\/types\/page"}],"author":[{"embeddable":true,"href":"https:\/\/horseridingforyou.eu\/hu\/wp-json\/wp\/v2\/users\/1"}],"replies":[{"embeddable":true,"href":"https:\/\/horseridingforyou.eu\/hu\/wp-json\/wp\/v2\/comments?post=49"}],"version-history":[{"count":28,"href":"https:\/\/horseridingforyou.eu\/hu\/wp-json\/wp\/v2\/pages\/49\/revisions"}],"predecessor-version":[{"id":4317,"href":"https:\/\/horseridingforyou.eu\/hu\/wp-json\/wp\/v2\/pages\/49\/revisions\/4317"}],"wp:attachment":[{"href":"https:\/\/horseridingforyou.eu\/hu\/wp-json\/wp\/v2\/media?parent=49"}],"curies":[{"name":"wp","href":"https:\/\/api.w.org\/{rel}","templated":true}]}}